{"id":3664,"date":"2020-05-11T17:12:55","date_gmt":"2020-05-11T15:12:55","guid":{"rendered":"https:\/\/serena.promoservicebeta.com\/?page_id=3664"},"modified":"2020-05-11T17:12:57","modified_gmt":"2020-05-11T15:12:57","slug":"basen-i-spa","status":"publish","type":"page","link":"https:\/\/www.hotelserenacaorle.com\/pl\/basen-i-spa\/","title":{"rendered":"Basen i spa"},"content":{"rendered":"\n<div class=\"wp-block-group promo-int-1\"><div class=\"wp-block-group__inner-container is-layout-flow wp-block-group-is-layout-flow\">\n<h3 class=\"wp-block-heading\">\u015awi\u0119to czystego relaksu<\/h3>\n\n\n\n<h2 class=\"wp-block-heading\">Centrum odnowy biologicznej i basen<\/h2>\n\n\n\n<p>Hotel Serena dysponuje prywatnym basenem z le\u017cakami i p\u0142ytk\u0105 wod\u0105 dla dzieci.<\/p>\n\n\n\n<p>Nasze centrum odnowy biologicznej obejmuje saun\u0119, \u0142a\u017ani\u0119 tureck\u0105, jacuzzi i stref\u0119 relaksacyjn\u0105.<\/p>\n<\/div><\/div>\n\n\n\n<div class=\"wp-block-group promo-int-2\"><div class=\"wp-block-group__inner-container is-layout-flow wp-block-group-is-layout-flow\">\n<figure class=\"wp-block-image size-large\"><img loading=\"lazy\" decoding=\"async\" width=\"1024\" height=\"683\" src=\"https:\/\/hotelserenacaorle.com\/wp-content\/uploads\/2020\/04\/0013-hotel-serena-spa-1024x683-2.jpg\" alt=\"\" class=\"wp-image-2324\" srcset=\"https:\/\/www.hotelserenacaorle.com\/wp-content\/uploads\/2020\/04\/0013-hotel-serena-spa-1024x683-2.jpg 1024w, https:\/\/www.hotelserenacaorle.com\/wp-content\/uploads\/2020\/04\/0013-hotel-serena-spa-1024x683-2-300x200.jpg 300w, https:\/\/www.hotelserenacaorle.com\/wp-content\/uploads\/2020\/04\/0013-hotel-serena-spa-1024x683-2-768x512.jpg 768w\" sizes=\"auto, (max-width: 1024px) 100vw, 1024px\" \/><\/figure>\n<\/div><\/div>\n\n\n\n<div class=\"wp-block-group promo-item-gallery\"><div class=\"wp-block-group__inner-container is-layout-flow wp-block-group-is-layout-flow\">\n<figure class=\"wp-block-gallery columns-3 is-cropped wp-block-gallery-2\"><ul class=\"blocks-gallery-grid\"><li class=\"blocks-gallery-item\"><figure><img loading=\"lazy\" decoding=\"async\" width=\"1024\" height=\"683\" src=\"https:\/\/hotelserenacaorle.com\/wp-content\/uploads\/2020\/04\/0016-hotel-serena-spa-1024x683-2.jpg\" alt=\"\" data-id=\"2330\" data-full-url=\"https:\/\/hotelserenacaorle.com\/wp-content\/uploads\/2020\/04\/0016-hotel-serena-spa-1024x683-2.jpg\" data-link=\"https:\/\/hotelserenacaorle.com\/it\/spa-e-wellness\/0016-hotel-serena-spa-1024x683-2\/\" class=\"wp-image-2330\" srcset=\"https:\/\/www.hotelserenacaorle.com\/wp-content\/uploads\/2020\/04\/0016-hotel-serena-spa-1024x683-2.jpg 1024w, https:\/\/www.hotelserenacaorle.com\/wp-content\/uploads\/2020\/04\/0016-hotel-serena-spa-1024x683-2-300x200.jpg 300w, https:\/\/www.hotelserenacaorle.com\/wp-content\/uploads\/2020\/04\/0016-hotel-serena-spa-1024x683-2-768x512.jpg 768w\" sizes=\"auto, (max-width: 1024px) 100vw, 1024px\" \/><\/figure><\/li><li class=\"blocks-gallery-item\"><figure><img loading=\"lazy\" decoding=\"async\" width=\"1024\" height=\"682\" src=\"https:\/\/hotelserenacaorle.com\/wp-content\/uploads\/2020\/04\/205432052-1024x682.jpg\" alt=\"\" data-id=\"2346\" data-full-url=\"https:\/\/hotelserenacaorle.com\/wp-content\/uploads\/2020\/04\/205432052.jpg\" data-link=\"https:\/\/hotelserenacaorle.com\/it\/spa-e-wellness\/attachment\/205432052\/\" class=\"wp-image-2346\" srcset=\"https:\/\/www.hotelserenacaorle.com\/wp-content\/uploads\/2020\/04\/205432052-1024x682.jpg 1024w, https:\/\/www.hotelserenacaorle.com\/wp-content\/uploads\/2020\/04\/205432052-300x200.jpg 300w, https:\/\/www.hotelserenacaorle.com\/wp-content\/uploads\/2020\/04\/205432052-768x512.jpg 768w, https:\/\/www.hotelserenacaorle.com\/wp-content\/uploads\/2020\/04\/205432052-1200x800.jpg 1200w, https:\/\/www.hotelserenacaorle.com\/wp-content\/uploads\/2020\/04\/205432052.jpg 1280w\" sizes=\"auto, (max-width: 1024px) 100vw, 1024px\" \/><\/figure><\/li><li class=\"blocks-gallery-item\"><figure><img loading=\"lazy\" decoding=\"async\" width=\"1024\" height=\"683\" src=\"https:\/\/hotelserenacaorle.com\/wp-content\/uploads\/2020\/04\/0013-hotel-serena-spa-1024x683-2.jpg\" alt=\"\" data-id=\"2324\" data-full-url=\"https:\/\/hotelserenacaorle.com\/wp-content\/uploads\/2020\/04\/0013-hotel-serena-spa-1024x683-2.jpg\" data-link=\"https:\/\/hotelserenacaorle.com\/it\/spa-e-wellness\/0013-hotel-serena-spa-1024x683-2\/\" class=\"wp-image-2324\" srcset=\"https:\/\/www.hotelserenacaorle.com\/wp-content\/uploads\/2020\/04\/0013-hotel-serena-spa-1024x683-2.jpg 1024w, https:\/\/www.hotelserenacaorle.com\/wp-content\/uploads\/2020\/04\/0013-hotel-serena-spa-1024x683-2-300x200.jpg 300w, https:\/\/www.hotelserenacaorle.com\/wp-content\/uploads\/2020\/04\/0013-hotel-serena-spa-1024x683-2-768x512.jpg 768w\" sizes=\"auto, (max-width: 1024px) 100vw, 1024px\" \/><\/figure><\/li><li class=\"blocks-gallery-item\"><figure><img loading=\"lazy\" decoding=\"async\" width=\"1024\" height=\"683\" src=\"https:\/\/hotelserenacaorle.com\/wp-content\/uploads\/2020\/04\/0014-hotel-serena-spa-1024x683-1.jpg\" alt=\"\" data-id=\"2318\" data-full-url=\"https:\/\/hotelserenacaorle.com\/wp-content\/uploads\/2020\/04\/0014-hotel-serena-spa-1024x683-1.jpg\" data-link=\"https:\/\/hotelserenacaorle.com\/it\/spa-e-wellness\/0014-hotel-serena-spa-1024x683\/\" class=\"wp-image-2318\" srcset=\"https:\/\/www.hotelserenacaorle.com\/wp-content\/uploads\/2020\/04\/0014-hotel-serena-spa-1024x683-1.jpg 1024w, https:\/\/www.hotelserenacaorle.com\/wp-content\/uploads\/2020\/04\/0014-hotel-serena-spa-1024x683-1-300x200.jpg 300w, https:\/\/www.hotelserenacaorle.com\/wp-content\/uploads\/2020\/04\/0014-hotel-serena-spa-1024x683-1-768x512.jpg 768w\" sizes=\"auto, (max-width: 1024px) 100vw, 1024px\" \/><\/figure><\/li><li class=\"blocks-gallery-item\"><figure><img loading=\"lazy\" decoding=\"async\" width=\"1024\" height=\"682\" src=\"https:\/\/hotelserenacaorle.com\/wp-content\/uploads\/2020\/04\/205432070-1024x682.jpg\" alt=\"\" data-id=\"2352\" data-full-url=\"https:\/\/hotelserenacaorle.com\/wp-content\/uploads\/2020\/04\/205432070.jpg\" data-link=\"https:\/\/hotelserenacaorle.com\/it\/spa-e-wellness\/attachment\/205432070\/\" class=\"wp-image-2352\" srcset=\"https:\/\/www.hotelserenacaorle.com\/wp-content\/uploads\/2020\/04\/205432070-1024x682.jpg 1024w, https:\/\/www.hotelserenacaorle.com\/wp-content\/uploads\/2020\/04\/205432070-300x200.jpg 300w, https:\/\/www.hotelserenacaorle.com\/wp-content\/uploads\/2020\/04\/205432070-768x512.jpg 768w, https:\/\/www.hotelserenacaorle.com\/wp-content\/uploads\/2020\/04\/205432070-1200x800.jpg 1200w, https:\/\/www.hotelserenacaorle.com\/wp-content\/uploads\/2020\/04\/205432070.jpg 1280w\" sizes=\"auto, (max-width: 1024px) 100vw, 1024px\" \/><\/figure><\/li><li class=\"blocks-gallery-item\"><figure><img loading=\"lazy\" decoding=\"async\" width=\"1024\" height=\"683\" src=\"https:\/\/hotelserenacaorle.com\/wp-content\/uploads\/2020\/04\/0015-hotel-serena-spa-1024x683-1.jpg\" alt=\"\" data-id=\"2312\" data-full-url=\"https:\/\/hotelserenacaorle.com\/wp-content\/uploads\/2020\/04\/0015-hotel-serena-spa-1024x683-1.jpg\" data-link=\"https:\/\/hotelserenacaorle.com\/it\/spa-e-wellness\/0015-hotel-serena-spa-1024x683\/\" class=\"wp-image-2312 is-layout-flex wp-block-gallery-is-layout-flex\" srcset=\"https:\/\/www.hotelserenacaorle.com\/wp-content\/uploads\/2020\/04\/0015-hotel-serena-spa-1024x683-1.jpg 1024w, https:\/\/www.hotelserenacaorle.com\/wp-content\/uploads\/2020\/04\/0015-hotel-serena-spa-1024x683-1-300x200.jpg 300w, https:\/\/www.hotelserenacaorle.com\/wp-content\/uploads\/2020\/04\/0015-hotel-serena-spa-1024x683-1-768x512.jpg 768w\" sizes=\"auto, (max-width: 1024px) 100vw, 1024px\" \/><\/figure><\/li><\/ul><\/figure>\n<\/div><\/div>\n","protected":false},"excerpt":{"rendered":"<p>\u015awi\u0119to czystego relaksu Centrum odnowy biologicznej i basen Hotel Serena dysponuje prywatnym basenem z le\u017cakami i p\u0142ytk\u0105 wod\u0105 dla dzieci. Nasze centrum odnowy biologicznej obejmuje saun\u0119, \u0142a\u017ani\u0119 tureck\u0105, jacuzzi i stref\u0119 relaksacyjn\u0105.<\/p>\n","protected":false},"author":1,"featured_media":2310,"parent":0,"menu_order":0,"comment_status":"closed","ping_status":"closed","template":"","meta":{"_acf_changed":false,"_uag_custom_page_level_css":"","advgb_blocks_editor_width":"","advgb_blocks_columns_visual_guide":"","footnotes":""},"class_list":["post-3664","page","type-page","status-publish","has-post-thumbnail","hentry"],"acf":[],"yoast_head":"<!-- This site is optimized with the Yoast SEO plugin v25.7 - https:\/\/yoast.com\/wordpress\/plugins\/seo\/ -->\n<title>Basen i spa - Hotel Serena<\/title>\n<meta name=\"description\" content=\"Hotel Serena dysponuje prywatnym basenem z le\u017cakami i p\u0142ytk\u0105 wod\u0105 dla dzieci. Nasze centrum odnowy biologicznej obejmuje saun\u0119, \u0142a\u017ani\u0119 tureck\u0105, jacuzzi i stref\u0119 relaksacyjn\u0105.\" \/>\n<meta name=\"robots\" content=\"index, follow, max-snippet:-1, max-image-preview:large, max-video-preview:-1\" \/>\n<link rel=\"canonical\" href=\"https:\/\/www.hotelserenacaorle.com\/pl\/basen-i-spa\/\" \/>\n<meta property=\"og:locale\" content=\"pl_PL\" \/>\n<meta property=\"og:type\" content=\"article\" \/>\n<meta property=\"og:title\" content=\"Basen i spa - Hotel Serena\" \/>\n<meta property=\"og:description\" content=\"Hotel Serena dysponuje prywatnym basenem z le\u017cakami i p\u0142ytk\u0105 wod\u0105 dla dzieci. Nasze centrum odnowy biologicznej obejmuje saun\u0119, \u0142a\u017ani\u0119 tureck\u0105, jacuzzi i stref\u0119 relaksacyjn\u0105.\" \/>\n<meta property=\"og:url\" content=\"https:\/\/www.hotelserenacaorle.com\/pl\/basen-i-spa\/\" \/>\n<meta property=\"og:site_name\" content=\"Hotel Serena\" \/>\n<meta property=\"article:modified_time\" content=\"2020-05-11T15:12:57+00:00\" \/>\n<meta property=\"og:image\" content=\"https:\/\/www.hotelserenacaorle.com\/wp-content\/uploads\/2020\/04\/Banner_centro_benessere.jpg\" \/>\n\t<meta property=\"og:image:width\" content=\"2000\" \/>\n\t<meta property=\"og:image:height\" content=\"400\" \/>\n\t<meta property=\"og:image:type\" content=\"image\/jpeg\" \/>\n<meta name=\"twitter:card\" content=\"summary_large_image\" \/>\n<script type=\"application\/ld+json\" class=\"yoast-schema-graph\">{\"@context\":\"https:\/\/schema.org\",\"@graph\":[{\"@type\":\"WebPage\",\"@id\":\"https:\/\/www.hotelserenacaorle.com\/pl\/basen-i-spa\/\",\"url\":\"https:\/\/www.hotelserenacaorle.com\/pl\/basen-i-spa\/\",\"name\":\"Basen i spa - Hotel Serena\",\"isPartOf\":{\"@id\":\"https:\/\/www.hotelserenacaorle.com\/pl\/#website\"},\"primaryImageOfPage\":{\"@id\":\"https:\/\/www.hotelserenacaorle.com\/pl\/basen-i-spa\/#primaryimage\"},\"image\":{\"@id\":\"https:\/\/www.hotelserenacaorle.com\/pl\/basen-i-spa\/#primaryimage\"},\"thumbnailUrl\":\"https:\/\/www.hotelserenacaorle.com\/wp-content\/uploads\/2020\/04\/Banner_centro_benessere.jpg\",\"datePublished\":\"2020-05-11T15:12:55+00:00\",\"dateModified\":\"2020-05-11T15:12:57+00:00\",\"description\":\"Hotel Serena dysponuje prywatnym basenem z le\u017cakami i p\u0142ytk\u0105 wod\u0105 dla dzieci. Nasze centrum odnowy biologicznej obejmuje saun\u0119, \u0142a\u017ani\u0119 tureck\u0105, jacuzzi i stref\u0119 relaksacyjn\u0105.\",\"breadcrumb\":{\"@id\":\"https:\/\/www.hotelserenacaorle.com\/pl\/basen-i-spa\/#breadcrumb\"},\"inLanguage\":\"pl-PL\",\"potentialAction\":[{\"@type\":\"ReadAction\",\"target\":[\"https:\/\/www.hotelserenacaorle.com\/pl\/basen-i-spa\/\"]}]},{\"@type\":\"ImageObject\",\"inLanguage\":\"pl-PL\",\"@id\":\"https:\/\/www.hotelserenacaorle.com\/pl\/basen-i-spa\/#primaryimage\",\"url\":\"https:\/\/www.hotelserenacaorle.com\/wp-content\/uploads\/2020\/04\/Banner_centro_benessere.jpg\",\"contentUrl\":\"https:\/\/www.hotelserenacaorle.com\/wp-content\/uploads\/2020\/04\/Banner_centro_benessere.jpg\",\"width\":2000,\"height\":400},{\"@type\":\"BreadcrumbList\",\"@id\":\"https:\/\/www.hotelserenacaorle.com\/pl\/basen-i-spa\/#breadcrumb\",\"itemListElement\":[{\"@type\":\"ListItem\",\"position\":1,\"name\":\"Home\",\"item\":\"https:\/\/www.hotelserenacaorle.com\/pl\/\"},{\"@type\":\"ListItem\",\"position\":2,\"name\":\"Basen i spa\"}]},{\"@type\":\"WebSite\",\"@id\":\"https:\/\/www.hotelserenacaorle.com\/pl\/#website\",\"url\":\"https:\/\/www.hotelserenacaorle.com\/pl\/\",\"name\":\"Hotel Serena\",\"description\":\"Morze Frontowe w Caorle\",\"publisher\":{\"@id\":\"https:\/\/www.hotelserenacaorle.com\/pl\/#organization\"},\"potentialAction\":[{\"@type\":\"SearchAction\",\"target\":{\"@type\":\"EntryPoint\",\"urlTemplate\":\"https:\/\/www.hotelserenacaorle.com\/pl\/?s={search_term_string}\"},\"query-input\":{\"@type\":\"PropertyValueSpecification\",\"valueRequired\":true,\"valueName\":\"search_term_string\"}}],\"inLanguage\":\"pl-PL\"},{\"@type\":\"Organization\",\"@id\":\"https:\/\/www.hotelserenacaorle.com\/pl\/#organization\",\"name\":\"Hotel Serena\",\"url\":\"https:\/\/www.hotelserenacaorle.com\/pl\/\",\"logo\":{\"@type\":\"ImageObject\",\"inLanguage\":\"pl-PL\",\"@id\":\"https:\/\/www.hotelserenacaorle.com\/pl\/#\/schema\/logo\/image\/\",\"url\":\"https:\/\/www.hotelserenacaorle.com\/wp-content\/uploads\/2020\/04\/Logo-orizz-original-white-1-1.png\",\"contentUrl\":\"https:\/\/www.hotelserenacaorle.com\/wp-content\/uploads\/2020\/04\/Logo-orizz-original-white-1-1.png\",\"width\":800,\"height\":150,\"caption\":\"Hotel Serena\"},\"image\":{\"@id\":\"https:\/\/www.hotelserenacaorle.com\/pl\/#\/schema\/logo\/image\/\"}}]}<\/script>\n<!-- \/ Yoast SEO plugin. -->","yoast_head_json":{"title":"Basen i spa - Hotel Serena","description":"Hotel Serena dysponuje prywatnym basenem z le\u017cakami i p\u0142ytk\u0105 wod\u0105 dla dzieci. Nasze centrum odnowy biologicznej obejmuje saun\u0119, \u0142a\u017ani\u0119 tureck\u0105, jacuzzi i stref\u0119 relaksacyjn\u0105.","robots":{"index":"index","follow":"follow","max-snippet":"max-snippet:-1","max-image-preview":"max-image-preview:large","max-video-preview":"max-video-preview:-1"},"canonical":"https:\/\/www.hotelserenacaorle.com\/pl\/basen-i-spa\/","og_locale":"pl_PL","og_type":"article","og_title":"Basen i spa - Hotel Serena","og_description":"Hotel Serena dysponuje prywatnym basenem z le\u017cakami i p\u0142ytk\u0105 wod\u0105 dla dzieci. Nasze centrum odnowy biologicznej obejmuje saun\u0119, \u0142a\u017ani\u0119 tureck\u0105, jacuzzi i stref\u0119 relaksacyjn\u0105.","og_url":"https:\/\/www.hotelserenacaorle.com\/pl\/basen-i-spa\/","og_site_name":"Hotel Serena","article_modified_time":"2020-05-11T15:12:57+00:00","og_image":[{"width":2000,"height":400,"url":"https:\/\/www.hotelserenacaorle.com\/wp-content\/uploads\/2020\/04\/Banner_centro_benessere.jpg","type":"image\/jpeg"}],"twitter_card":"summary_large_image","schema":{"@context":"https:\/\/schema.org","@graph":[{"@type":"WebPage","@id":"https:\/\/www.hotelserenacaorle.com\/pl\/basen-i-spa\/","url":"https:\/\/www.hotelserenacaorle.com\/pl\/basen-i-spa\/","name":"Basen i spa - Hotel Serena","isPartOf":{"@id":"https:\/\/www.hotelserenacaorle.com\/pl\/#website"},"primaryImageOfPage":{"@id":"https:\/\/www.hotelserenacaorle.com\/pl\/basen-i-spa\/#primaryimage"},"image":{"@id":"https:\/\/www.hotelserenacaorle.com\/pl\/basen-i-spa\/#primaryimage"},"thumbnailUrl":"https:\/\/www.hotelserenacaorle.com\/wp-content\/uploads\/2020\/04\/Banner_centro_benessere.jpg","datePublished":"2020-05-11T15:12:55+00:00","dateModified":"2020-05-11T15:12:57+00:00","description":"Hotel Serena dysponuje prywatnym basenem z le\u017cakami i p\u0142ytk\u0105 wod\u0105 dla dzieci. Nasze centrum odnowy biologicznej obejmuje saun\u0119, \u0142a\u017ani\u0119 tureck\u0105, jacuzzi i stref\u0119 relaksacyjn\u0105.","breadcrumb":{"@id":"https:\/\/www.hotelserenacaorle.com\/pl\/basen-i-spa\/#breadcrumb"},"inLanguage":"pl-PL","potentialAction":[{"@type":"ReadAction","target":["https:\/\/www.hotelserenacaorle.com\/pl\/basen-i-spa\/"]}]},{"@type":"ImageObject","inLanguage":"pl-PL","@id":"https:\/\/www.hotelserenacaorle.com\/pl\/basen-i-spa\/#primaryimage","url":"https:\/\/www.hotelserenacaorle.com\/wp-content\/uploads\/2020\/04\/Banner_centro_benessere.jpg","contentUrl":"https:\/\/www.hotelserenacaorle.com\/wp-content\/uploads\/2020\/04\/Banner_centro_benessere.jpg","width":2000,"height":400},{"@type":"BreadcrumbList","@id":"https:\/\/www.hotelserenacaorle.com\/pl\/basen-i-spa\/#breadcrumb","itemListElement":[{"@type":"ListItem","position":1,"name":"Home","item":"https:\/\/www.hotelserenacaorle.com\/pl\/"},{"@type":"ListItem","position":2,"name":"Basen i spa"}]},{"@type":"WebSite","@id":"https:\/\/www.hotelserenacaorle.com\/pl\/#website","url":"https:\/\/www.hotelserenacaorle.com\/pl\/","name":"Hotel Serena","description":"Morze Frontowe w Caorle","publisher":{"@id":"https:\/\/www.hotelserenacaorle.com\/pl\/#organization"},"potentialAction":[{"@type":"SearchAction","target":{"@type":"EntryPoint","urlTemplate":"https:\/\/www.hotelserenacaorle.com\/pl\/?s={search_term_string}"},"query-input":{"@type":"PropertyValueSpecification","valueRequired":true,"valueName":"search_term_string"}}],"inLanguage":"pl-PL"},{"@type":"Organization","@id":"https:\/\/www.hotelserenacaorle.com\/pl\/#organization","name":"Hotel Serena","url":"https:\/\/www.hotelserenacaorle.com\/pl\/","logo":{"@type":"ImageObject","inLanguage":"pl-PL","@id":"https:\/\/www.hotelserenacaorle.com\/pl\/#\/schema\/logo\/image\/","url":"https:\/\/www.hotelserenacaorle.com\/wp-content\/uploads\/2020\/04\/Logo-orizz-original-white-1-1.png","contentUrl":"https:\/\/www.hotelserenacaorle.com\/wp-content\/uploads\/2020\/04\/Logo-orizz-original-white-1-1.png","width":800,"height":150,"caption":"Hotel Serena"},"image":{"@id":"https:\/\/www.hotelserenacaorle.com\/pl\/#\/schema\/logo\/image\/"}}]}},"uagb_featured_image_src":{"full":["https:\/\/www.hotelserenacaorle.com\/wp-content\/uploads\/2020\/04\/Banner_centro_benessere.jpg",2000,400,false],"thumbnail":["https:\/\/www.hotelserenacaorle.com\/wp-content\/uploads\/2020\/04\/Banner_centro_benessere-150x150.jpg",150,150,true],"medium":["https:\/\/www.hotelserenacaorle.com\/wp-content\/uploads\/2020\/04\/Banner_centro_benessere-300x60.jpg",300,60,true],"medium_large":["https:\/\/www.hotelserenacaorle.com\/wp-content\/uploads\/2020\/04\/Banner_centro_benessere-768x154.jpg",580,116,true],"large":["https:\/\/www.hotelserenacaorle.com\/wp-content\/uploads\/2020\/04\/Banner_centro_benessere-1024x205.jpg",580,116,true],"1536x1536":["https:\/\/www.hotelserenacaorle.com\/wp-content\/uploads\/2020\/04\/Banner_centro_benessere-1536x307.jpg",1536,307,true],"2048x2048":["https:\/\/www.hotelserenacaorle.com\/wp-content\/uploads\/2020\/04\/Banner_centro_benessere.jpg",2000,400,false],"post-thumbnail":["https:\/\/www.hotelserenacaorle.com\/wp-content\/uploads\/2020\/04\/Banner_centro_benessere-1200x240.jpg",1200,240,true],"twentytwenty-fullscreen":["https:\/\/www.hotelserenacaorle.com\/wp-content\/uploads\/2020\/04\/Banner_centro_benessere-1980x396.jpg",1980,396,true]},"uagb_author_info":{"display_name":"3r4cl3-p4l4","author_link":"https:\/\/www.hotelserenacaorle.com\/pl\/author\/3r4cl3-p4l4\/"},"uagb_comment_info":0,"uagb_excerpt":"\u015awi\u0119to czystego relaksu Centrum odnowy biologicznej i basen Hotel Serena dysponuje prywatnym basenem z le\u017cakami i p\u0142ytk\u0105 wod\u0105 dla dzieci. Nasze centrum odnowy biologicznej obejmuje saun\u0119, \u0142a\u017ani\u0119 tureck\u0105, jacuzzi i stref\u0119 relaksacyjn\u0105.","coauthors":[],"author_meta":{"author_link":"https:\/\/www.hotelserenacaorle.com\/pl\/author\/3r4cl3-p4l4\/","display_name":"3r4cl3-p4l4"},"relative_dates":{"created":"Posted 6 lat ago","modified":"Updated 6 lat ago"},"absolute_dates":{"created":"Posted on 11 maja 2020","modified":"Updated on 11 maja 2020"},"absolute_dates_time":{"created":"Posted on 11 maja 2020 17:12","modified":"Updated on 11 maja 2020 17:12"},"featured_img_caption":"","featured_img":"https:\/\/www.hotelserenacaorle.com\/wp-content\/uploads\/2020\/04\/Banner_centro_benessere-1200x240.jpg","series_order":"","_links":{"self":[{"href":"https:\/\/www.hotelserenacaorle.com\/pl\/wp-json\/wp\/v2\/pages\/3664","targetHints":{"allow":["GET"]}}],"collection":[{"href":"https:\/\/www.hotelserenacaorle.com\/pl\/wp-json\/wp\/v2\/pages"}],"about":[{"href":"https:\/\/www.hotelserenacaorle.com\/pl\/wp-json\/wp\/v2\/types\/page"}],"author":[{"embeddable":true,"href":"https:\/\/www.hotelserenacaorle.com\/pl\/wp-json\/wp\/v2\/users\/1"}],"replies":[{"embeddable":true,"href":"https:\/\/www.hotelserenacaorle.com\/pl\/wp-json\/wp\/v2\/comments?post=3664"}],"version-history":[{"count":0,"href":"https:\/\/www.hotelserenacaorle.com\/pl\/wp-json\/wp\/v2\/pages\/3664\/revisions"}],"wp:featuredmedia":[{"embeddable":true,"href":"https:\/\/www.hotelserenacaorle.com\/pl\/wp-json\/wp\/v2\/media\/2310"}],"wp:attachment":[{"href":"https:\/\/www.hotelserenacaorle.com\/pl\/wp-json\/wp\/v2\/media?parent=3664"}],"curies":[{"name":"wp","href":"https:\/\/api.w.org\/{rel}","templated":true}]}}