{"id":3387,"date":"2020-04-30T15:11:55","date_gmt":"2020-04-30T13:11:55","guid":{"rendered":"https:\/\/serena.promoservicebeta.com\/?page_id=3387"},"modified":"2020-04-30T15:11:56","modified_gmt":"2020-04-30T13:11:56","slug":"sala-cubana","status":"publish","type":"page","link":"https:\/\/www.hotelserenacaorle.com\/pl\/sala-cubana\/","title":{"rendered":"Sala cubana"},"content":{"rendered":"\n<div class=\"wp-block-group promo-int-1\"><div class=\"wp-block-group__inner-container is-layout-flow wp-block-group-is-layout-flow\">\n<h3 class=\"wp-block-heading\">Gdzie si\u0119 zrelaksowa\u0107<\/h3>\n\n\n\n<h2 class=\"wp-block-heading\">Hall<\/h2>\n\n\n\n<p>Do dyspozycji naszych go\u015bci jest &#8222;pok\u00f3j kuba\u0144ski&#8221;, w kt\u00f3rym mog\u0105 zrelaksowa\u0107 si\u0119 czytaj\u0105c ksi\u0105\u017ck\u0119 lub ogl\u0105daj\u0105c telewizj\u0119.<\/p>\n\n\n\n<p>MIEJSCE, w kt\u00f3rej mo\u017cna si\u0119 zrelaksowa\u0107, czytaj\u0105c ksi\u0105\u017ck\u0119 lub ogl\u0105daj\u0105c telewizj\u0119.<\/p>\n<\/div><\/div>\n\n\n\n<div class=\"wp-block-group promo-int-2\"><div class=\"wp-block-group__inner-container is-layout-flow wp-block-group-is-layout-flow\">\n<figure class=\"wp-block-image size-large\"><img loading=\"lazy\" decoding=\"async\" width=\"1024\" height=\"683\" src=\"https:\/\/hotelserenacaorle.com\/wp-content\/uploads\/2020\/04\/0012-hotel-serena-reception-1024x683-1.jpg\" alt=\"\" class=\"wp-image-1978\" srcset=\"https:\/\/www.hotelserenacaorle.com\/wp-content\/uploads\/2020\/04\/0012-hotel-serena-reception-1024x683-1.jpg 1024w, https:\/\/www.hotelserenacaorle.com\/wp-content\/uploads\/2020\/04\/0012-hotel-serena-reception-1024x683-1-300x200.jpg 300w, https:\/\/www.hotelserenacaorle.com\/wp-content\/uploads\/2020\/04\/0012-hotel-serena-reception-1024x683-1-768x512.jpg 768w\" sizes=\"auto, (max-width: 1024px) 100vw, 1024px\" \/><\/figure>\n<\/div><\/div>\n\n\n\n<div class=\"wp-block-group promo-item-gallery\"><div class=\"wp-block-group__inner-container is-layout-flow wp-block-group-is-layout-flow\">\n<figure class=\"wp-block-gallery columns-3 is-cropped wp-block-gallery-2\"><ul class=\"blocks-gallery-grid\"><li class=\"blocks-gallery-item\"><figure><img loading=\"lazy\" decoding=\"async\" width=\"1024\" height=\"683\" src=\"https:\/\/hotelserenacaorle.com\/wp-content\/uploads\/2020\/04\/0011-hotel-serena-reception-1024x683.jpg\" alt=\"\" data-id=\"2013\" data-full-url=\"https:\/\/hotelserenacaorle.com\/wp-content\/uploads\/2020\/04\/0011-hotel-serena-reception.jpg\" data-link=\"https:\/\/hotelserenacaorle.com\/it\/gallery\/0011-hotel-serena-reception\/\" class=\"wp-image-2013\" srcset=\"https:\/\/www.hotelserenacaorle.com\/wp-content\/uploads\/2020\/04\/0011-hotel-serena-reception-1024x683.jpg 1024w, https:\/\/www.hotelserenacaorle.com\/wp-content\/uploads\/2020\/04\/0011-hotel-serena-reception-300x200.jpg 300w, https:\/\/www.hotelserenacaorle.com\/wp-content\/uploads\/2020\/04\/0011-hotel-serena-reception-768x512.jpg 768w, https:\/\/www.hotelserenacaorle.com\/wp-content\/uploads\/2020\/04\/0011-hotel-serena-reception.jpg 1200w\" sizes=\"auto, (max-width: 1024px) 100vw, 1024px\" \/><\/figure><\/li><li class=\"blocks-gallery-item\"><figure><img loading=\"lazy\" decoding=\"async\" width=\"1024\" height=\"683\" src=\"https:\/\/hotelserenacaorle.com\/wp-content\/uploads\/2020\/04\/0012-hotel-serena-reception-1024x683-1.jpg\" alt=\"\" data-id=\"1978\" data-full-url=\"https:\/\/hotelserenacaorle.com\/wp-content\/uploads\/2020\/04\/0012-hotel-serena-reception-1024x683-1.jpg\" data-link=\"https:\/\/hotelserenacaorle.com\/it\/hotel\/0012-hotel-serena-reception-1024x683\/\" class=\"wp-image-1978\" srcset=\"https:\/\/www.hotelserenacaorle.com\/wp-content\/uploads\/2020\/04\/0012-hotel-serena-reception-1024x683-1.jpg 1024w, https:\/\/www.hotelserenacaorle.com\/wp-content\/uploads\/2020\/04\/0012-hotel-serena-reception-1024x683-1-300x200.jpg 300w, https:\/\/www.hotelserenacaorle.com\/wp-content\/uploads\/2020\/04\/0012-hotel-serena-reception-1024x683-1-768x512.jpg 768w\" sizes=\"auto, (max-width: 1024px) 100vw, 1024px\" \/><\/figure><\/li><li class=\"blocks-gallery-item\"><figure><img loading=\"lazy\" decoding=\"async\" width=\"1024\" height=\"683\" src=\"https:\/\/hotelserenacaorle.com\/wp-content\/uploads\/2020\/04\/0010-hotel-serena-reception-1024x683-1.jpg\" alt=\"\" data-id=\"2289\" data-full-url=\"https:\/\/hotelserenacaorle.com\/wp-content\/uploads\/2020\/04\/0010-hotel-serena-reception-1024x683-1.jpg\" data-link=\"https:\/\/hotelserenacaorle.com\/it\/?attachment_id=2289\" class=\"wp-image-2289 is-layout-flex wp-block-gallery-is-layout-flex\" srcset=\"https:\/\/www.hotelserenacaorle.com\/wp-content\/uploads\/2020\/04\/0010-hotel-serena-reception-1024x683-1.jpg 1024w, https:\/\/www.hotelserenacaorle.com\/wp-content\/uploads\/2020\/04\/0010-hotel-serena-reception-1024x683-1-300x200.jpg 300w, https:\/\/www.hotelserenacaorle.com\/wp-content\/uploads\/2020\/04\/0010-hotel-serena-reception-1024x683-1-768x512.jpg 768w\" sizes=\"auto, (max-width: 1024px) 100vw, 1024px\" \/><\/figure><\/li><\/ul><\/figure>\n<\/div><\/div>\n","protected":false},"excerpt":{"rendered":"<p>Gdzie si\u0119 zrelaksowa\u0107 Hall Do dyspozycji naszych go\u015bci jest &#8222;pok\u00f3j kuba\u0144ski&#8221;, w kt\u00f3rym mog\u0105 zrelaksowa\u0107 si\u0119 czytaj\u0105c ksi\u0105\u017ck\u0119 lub ogl\u0105daj\u0105c telewizj\u0119. MIEJSCE, w kt\u00f3rej mo\u017cna si\u0119 zrelaksowa\u0107, czytaj\u0105c ksi\u0105\u017ck\u0119 lub ogl\u0105daj\u0105c telewizj\u0119.<\/p>\n","protected":false},"author":1,"featured_media":2299,"parent":0,"menu_order":0,"comment_status":"closed","ping_status":"closed","template":"","meta":{"_acf_changed":false,"_uag_custom_page_level_css":"","advgb_blocks_editor_width":"","advgb_blocks_columns_visual_guide":"","footnotes":""},"class_list":["post-3387","page","type-page","status-publish","has-post-thumbnail","hentry"],"acf":[],"yoast_head":"<!-- This site is optimized with the Yoast SEO plugin v25.7 - https:\/\/yoast.com\/wordpress\/plugins\/seo\/ -->\n<title>Sala cubana - Hotel Serena<\/title>\n<meta name=\"robots\" content=\"index, follow, max-snippet:-1, max-image-preview:large, max-video-preview:-1\" \/>\n<link rel=\"canonical\" href=\"https:\/\/www.hotelserenacaorle.com\/pl\/sala-cubana\/\" \/>\n<meta property=\"og:locale\" content=\"pl_PL\" \/>\n<meta property=\"og:type\" content=\"article\" \/>\n<meta property=\"og:title\" content=\"Sala cubana - Hotel Serena\" \/>\n<meta property=\"og:description\" content=\"Gdzie si\u0119 zrelaksowa\u0107 Hall Do dyspozycji naszych go\u015bci jest &#8222;pok\u00f3j kuba\u0144ski&#8221;, w kt\u00f3rym mog\u0105 zrelaksowa\u0107 si\u0119 czytaj\u0105c ksi\u0105\u017ck\u0119 lub ogl\u0105daj\u0105c telewizj\u0119. MIEJSCE, w kt\u00f3rej mo\u017cna si\u0119 zrelaksowa\u0107, czytaj\u0105c ksi\u0105\u017ck\u0119 lub ogl\u0105daj\u0105c telewizj\u0119.\" \/>\n<meta property=\"og:url\" content=\"https:\/\/www.hotelserenacaorle.com\/pl\/sala-cubana\/\" \/>\n<meta property=\"og:site_name\" content=\"Hotel Serena\" \/>\n<meta property=\"article:modified_time\" content=\"2020-04-30T13:11:56+00:00\" \/>\n<meta property=\"og:image\" content=\"https:\/\/www.hotelserenacaorle.com\/wp-content\/uploads\/2020\/04\/Banner_Hall.jpg\" \/>\n\t<meta property=\"og:image:width\" content=\"2000\" \/>\n\t<meta property=\"og:image:height\" content=\"400\" \/>\n\t<meta property=\"og:image:type\" content=\"image\/jpeg\" \/>\n<meta name=\"twitter:card\" content=\"summary_large_image\" \/>\n<script type=\"application\/ld+json\" class=\"yoast-schema-graph\">{\"@context\":\"https:\/\/schema.org\",\"@graph\":[{\"@type\":\"WebPage\",\"@id\":\"https:\/\/www.hotelserenacaorle.com\/pl\/sala-cubana\/\",\"url\":\"https:\/\/www.hotelserenacaorle.com\/pl\/sala-cubana\/\",\"name\":\"Sala cubana - Hotel Serena\",\"isPartOf\":{\"@id\":\"https:\/\/www.hotelserenacaorle.com\/pl\/#website\"},\"primaryImageOfPage\":{\"@id\":\"https:\/\/www.hotelserenacaorle.com\/pl\/sala-cubana\/#primaryimage\"},\"image\":{\"@id\":\"https:\/\/www.hotelserenacaorle.com\/pl\/sala-cubana\/#primaryimage\"},\"thumbnailUrl\":\"https:\/\/www.hotelserenacaorle.com\/wp-content\/uploads\/2020\/04\/Banner_Hall.jpg\",\"datePublished\":\"2020-04-30T13:11:55+00:00\",\"dateModified\":\"2020-04-30T13:11:56+00:00\",\"breadcrumb\":{\"@id\":\"https:\/\/www.hotelserenacaorle.com\/pl\/sala-cubana\/#breadcrumb\"},\"inLanguage\":\"pl-PL\",\"potentialAction\":[{\"@type\":\"ReadAction\",\"target\":[\"https:\/\/www.hotelserenacaorle.com\/pl\/sala-cubana\/\"]}]},{\"@type\":\"ImageObject\",\"inLanguage\":\"pl-PL\",\"@id\":\"https:\/\/www.hotelserenacaorle.com\/pl\/sala-cubana\/#primaryimage\",\"url\":\"https:\/\/www.hotelserenacaorle.com\/wp-content\/uploads\/2020\/04\/Banner_Hall.jpg\",\"contentUrl\":\"https:\/\/www.hotelserenacaorle.com\/wp-content\/uploads\/2020\/04\/Banner_Hall.jpg\",\"width\":2000,\"height\":400},{\"@type\":\"BreadcrumbList\",\"@id\":\"https:\/\/www.hotelserenacaorle.com\/pl\/sala-cubana\/#breadcrumb\",\"itemListElement\":[{\"@type\":\"ListItem\",\"position\":1,\"name\":\"Home\",\"item\":\"https:\/\/www.hotelserenacaorle.com\/pl\/\"},{\"@type\":\"ListItem\",\"position\":2,\"name\":\"Sala cubana\"}]},{\"@type\":\"WebSite\",\"@id\":\"https:\/\/www.hotelserenacaorle.com\/pl\/#website\",\"url\":\"https:\/\/www.hotelserenacaorle.com\/pl\/\",\"name\":\"Hotel Serena\",\"description\":\"Morze Frontowe w Caorle\",\"publisher\":{\"@id\":\"https:\/\/www.hotelserenacaorle.com\/pl\/#organization\"},\"potentialAction\":[{\"@type\":\"SearchAction\",\"target\":{\"@type\":\"EntryPoint\",\"urlTemplate\":\"https:\/\/www.hotelserenacaorle.com\/pl\/?s={search_term_string}\"},\"query-input\":{\"@type\":\"PropertyValueSpecification\",\"valueRequired\":true,\"valueName\":\"search_term_string\"}}],\"inLanguage\":\"pl-PL\"},{\"@type\":\"Organization\",\"@id\":\"https:\/\/www.hotelserenacaorle.com\/pl\/#organization\",\"name\":\"Hotel Serena\",\"url\":\"https:\/\/www.hotelserenacaorle.com\/pl\/\",\"logo\":{\"@type\":\"ImageObject\",\"inLanguage\":\"pl-PL\",\"@id\":\"https:\/\/www.hotelserenacaorle.com\/pl\/#\/schema\/logo\/image\/\",\"url\":\"https:\/\/www.hotelserenacaorle.com\/wp-content\/uploads\/2020\/04\/Logo-orizz-original-white-1-1.png\",\"contentUrl\":\"https:\/\/www.hotelserenacaorle.com\/wp-content\/uploads\/2020\/04\/Logo-orizz-original-white-1-1.png\",\"width\":800,\"height\":150,\"caption\":\"Hotel Serena\"},\"image\":{\"@id\":\"https:\/\/www.hotelserenacaorle.com\/pl\/#\/schema\/logo\/image\/\"}}]}<\/script>\n<!-- \/ Yoast SEO plugin. -->","yoast_head_json":{"title":"Sala cubana - Hotel Serena","robots":{"index":"index","follow":"follow","max-snippet":"max-snippet:-1","max-image-preview":"max-image-preview:large","max-video-preview":"max-video-preview:-1"},"canonical":"https:\/\/www.hotelserenacaorle.com\/pl\/sala-cubana\/","og_locale":"pl_PL","og_type":"article","og_title":"Sala cubana - Hotel Serena","og_description":"Gdzie si\u0119 zrelaksowa\u0107 Hall Do dyspozycji naszych go\u015bci jest &#8222;pok\u00f3j kuba\u0144ski&#8221;, w kt\u00f3rym mog\u0105 zrelaksowa\u0107 si\u0119 czytaj\u0105c ksi\u0105\u017ck\u0119 lub ogl\u0105daj\u0105c telewizj\u0119. MIEJSCE, w kt\u00f3rej mo\u017cna si\u0119 zrelaksowa\u0107, czytaj\u0105c ksi\u0105\u017ck\u0119 lub ogl\u0105daj\u0105c telewizj\u0119.","og_url":"https:\/\/www.hotelserenacaorle.com\/pl\/sala-cubana\/","og_site_name":"Hotel Serena","article_modified_time":"2020-04-30T13:11:56+00:00","og_image":[{"width":2000,"height":400,"url":"https:\/\/www.hotelserenacaorle.com\/wp-content\/uploads\/2020\/04\/Banner_Hall.jpg","type":"image\/jpeg"}],"twitter_card":"summary_large_image","schema":{"@context":"https:\/\/schema.org","@graph":[{"@type":"WebPage","@id":"https:\/\/www.hotelserenacaorle.com\/pl\/sala-cubana\/","url":"https:\/\/www.hotelserenacaorle.com\/pl\/sala-cubana\/","name":"Sala cubana - Hotel Serena","isPartOf":{"@id":"https:\/\/www.hotelserenacaorle.com\/pl\/#website"},"primaryImageOfPage":{"@id":"https:\/\/www.hotelserenacaorle.com\/pl\/sala-cubana\/#primaryimage"},"image":{"@id":"https:\/\/www.hotelserenacaorle.com\/pl\/sala-cubana\/#primaryimage"},"thumbnailUrl":"https:\/\/www.hotelserenacaorle.com\/wp-content\/uploads\/2020\/04\/Banner_Hall.jpg","datePublished":"2020-04-30T13:11:55+00:00","dateModified":"2020-04-30T13:11:56+00:00","breadcrumb":{"@id":"https:\/\/www.hotelserenacaorle.com\/pl\/sala-cubana\/#breadcrumb"},"inLanguage":"pl-PL","potentialAction":[{"@type":"ReadAction","target":["https:\/\/www.hotelserenacaorle.com\/pl\/sala-cubana\/"]}]},{"@type":"ImageObject","inLanguage":"pl-PL","@id":"https:\/\/www.hotelserenacaorle.com\/pl\/sala-cubana\/#primaryimage","url":"https:\/\/www.hotelserenacaorle.com\/wp-content\/uploads\/2020\/04\/Banner_Hall.jpg","contentUrl":"https:\/\/www.hotelserenacaorle.com\/wp-content\/uploads\/2020\/04\/Banner_Hall.jpg","width":2000,"height":400},{"@type":"BreadcrumbList","@id":"https:\/\/www.hotelserenacaorle.com\/pl\/sala-cubana\/#breadcrumb","itemListElement":[{"@type":"ListItem","position":1,"name":"Home","item":"https:\/\/www.hotelserenacaorle.com\/pl\/"},{"@type":"ListItem","position":2,"name":"Sala cubana"}]},{"@type":"WebSite","@id":"https:\/\/www.hotelserenacaorle.com\/pl\/#website","url":"https:\/\/www.hotelserenacaorle.com\/pl\/","name":"Hotel Serena","description":"Morze Frontowe w Caorle","publisher":{"@id":"https:\/\/www.hotelserenacaorle.com\/pl\/#organization"},"potentialAction":[{"@type":"SearchAction","target":{"@type":"EntryPoint","urlTemplate":"https:\/\/www.hotelserenacaorle.com\/pl\/?s={search_term_string}"},"query-input":{"@type":"PropertyValueSpecification","valueRequired":true,"valueName":"search_term_string"}}],"inLanguage":"pl-PL"},{"@type":"Organization","@id":"https:\/\/www.hotelserenacaorle.com\/pl\/#organization","name":"Hotel Serena","url":"https:\/\/www.hotelserenacaorle.com\/pl\/","logo":{"@type":"ImageObject","inLanguage":"pl-PL","@id":"https:\/\/www.hotelserenacaorle.com\/pl\/#\/schema\/logo\/image\/","url":"https:\/\/www.hotelserenacaorle.com\/wp-content\/uploads\/2020\/04\/Logo-orizz-original-white-1-1.png","contentUrl":"https:\/\/www.hotelserenacaorle.com\/wp-content\/uploads\/2020\/04\/Logo-orizz-original-white-1-1.png","width":800,"height":150,"caption":"Hotel Serena"},"image":{"@id":"https:\/\/www.hotelserenacaorle.com\/pl\/#\/schema\/logo\/image\/"}}]}},"uagb_featured_image_src":{"full":["https:\/\/www.hotelserenacaorle.com\/wp-content\/uploads\/2020\/04\/Banner_Hall.jpg",2000,400,false],"thumbnail":["https:\/\/www.hotelserenacaorle.com\/wp-content\/uploads\/2020\/04\/Banner_Hall-150x150.jpg",150,150,true],"medium":["https:\/\/www.hotelserenacaorle.com\/wp-content\/uploads\/2020\/04\/Banner_Hall-300x60.jpg",300,60,true],"medium_large":["https:\/\/www.hotelserenacaorle.com\/wp-content\/uploads\/2020\/04\/Banner_Hall-768x154.jpg",580,116,true],"large":["https:\/\/www.hotelserenacaorle.com\/wp-content\/uploads\/2020\/04\/Banner_Hall-1024x205.jpg",580,116,true],"1536x1536":["https:\/\/www.hotelserenacaorle.com\/wp-content\/uploads\/2020\/04\/Banner_Hall-1536x307.jpg",1536,307,true],"2048x2048":["https:\/\/www.hotelserenacaorle.com\/wp-content\/uploads\/2020\/04\/Banner_Hall.jpg",2000,400,false],"post-thumbnail":["https:\/\/www.hotelserenacaorle.com\/wp-content\/uploads\/2020\/04\/Banner_Hall-1200x240.jpg",1200,240,true],"twentytwenty-fullscreen":["https:\/\/www.hotelserenacaorle.com\/wp-content\/uploads\/2020\/04\/Banner_Hall-1980x396.jpg",1980,396,true]},"uagb_author_info":{"display_name":"3r4cl3-p4l4","author_link":"https:\/\/www.hotelserenacaorle.com\/pl\/author\/3r4cl3-p4l4\/"},"uagb_comment_info":0,"uagb_excerpt":"Gdzie si\u0119 zrelaksowa\u0107 Hall Do dyspozycji naszych go\u015bci jest &#8222;pok\u00f3j kuba\u0144ski&#8221;, w kt\u00f3rym mog\u0105 zrelaksowa\u0107 si\u0119 czytaj\u0105c ksi\u0105\u017ck\u0119 lub ogl\u0105daj\u0105c telewizj\u0119. MIEJSCE, w kt\u00f3rej mo\u017cna si\u0119 zrelaksowa\u0107, czytaj\u0105c ksi\u0105\u017ck\u0119 lub ogl\u0105daj\u0105c telewizj\u0119.","coauthors":[],"author_meta":{"author_link":"https:\/\/www.hotelserenacaorle.com\/pl\/author\/3r4cl3-p4l4\/","display_name":"3r4cl3-p4l4"},"relative_dates":{"created":"Posted 6 lat ago","modified":"Updated 6 lat ago"},"absolute_dates":{"created":"Posted on 30 kwietnia 2020","modified":"Updated on 30 kwietnia 2020"},"absolute_dates_time":{"created":"Posted on 30 kwietnia 2020 15:11","modified":"Updated on 30 kwietnia 2020 15:11"},"featured_img_caption":"","featured_img":"https:\/\/www.hotelserenacaorle.com\/wp-content\/uploads\/2020\/04\/Banner_Hall-1200x240.jpg","series_order":"","_links":{"self":[{"href":"https:\/\/www.hotelserenacaorle.com\/pl\/wp-json\/wp\/v2\/pages\/3387","targetHints":{"allow":["GET"]}}],"collection":[{"href":"https:\/\/www.hotelserenacaorle.com\/pl\/wp-json\/wp\/v2\/pages"}],"about":[{"href":"https:\/\/www.hotelserenacaorle.com\/pl\/wp-json\/wp\/v2\/types\/page"}],"author":[{"embeddable":true,"href":"https:\/\/www.hotelserenacaorle.com\/pl\/wp-json\/wp\/v2\/users\/1"}],"replies":[{"embeddable":true,"href":"https:\/\/www.hotelserenacaorle.com\/pl\/wp-json\/wp\/v2\/comments?post=3387"}],"version-history":[{"count":0,"href":"https:\/\/www.hotelserenacaorle.com\/pl\/wp-json\/wp\/v2\/pages\/3387\/revisions"}],"wp:featuredmedia":[{"embeddable":true,"href":"https:\/\/www.hotelserenacaorle.com\/pl\/wp-json\/wp\/v2\/media\/2299"}],"wp:attachment":[{"href":"https:\/\/www.hotelserenacaorle.com\/pl\/wp-json\/wp\/v2\/media?parent=3387"}],"curies":[{"name":"wp","href":"https:\/\/api.w.org\/{rel}","templated":true}]}}