{"id":2668,"date":"2020-04-30T12:50:00","date_gmt":"2020-04-30T10:50:00","guid":{"rendered":"https:\/\/serena.promoservicebeta.com\/?page_id=2668"},"modified":"2020-05-11T18:24:47","modified_gmt":"2020-05-11T16:24:47","slug":"gdzie-jestesmy","status":"publish","type":"page","link":"https:\/\/www.hotelserenacaorle.com\/pl\/gdzie-jestesmy\/","title":{"rendered":"Gdzie jeste\u015bmy"},"content":{"rendered":"\n<div class=\"wp-block-group promo-int-1\"><div class=\"wp-block-group__inner-container is-layout-flow wp-block-group-is-layout-flow\">\n<h3 class=\"wp-block-heading\">Doskona\u0142a lokalizacja<\/h3>\n\n\n\n<h2 class=\"wp-block-heading\">Przy pla\u017cy w Caorle<\/h2>\n\n\n\n<p>Hotel Serena po\u0142o\u017cony jest bezpo\u015brednio przy promenadzie Lungomare Trieste, zaledwie <strong>15 minut<\/strong> spacerem od zabytkowego centrum miejscowo\u015bci Caorle.<\/p>\n\n\n\n<p>Nasi go\u015bcie naprawd\u0119 lubi\u0105 spacerowa\u0107 po okolicy, jest w doskona\u0142ej pozycji dogodnej dla wszystkich us\u0142ug, z widokiem na morze i kilka <strong>krok\u00f3w od centrum<\/strong>.<\/p>\n\n\n\n<p>Parom bardzo si\u0119 podoba ta lokalizacja \u2013 za pobyt dla 2 os\u00f3b oceniaj\u0105 j\u0105 na&nbsp;<strong>9,3<\/strong> (Booking.com)<\/p>\n<\/div><\/div>\n\n\n\n<div class=\"wp-block-group promo-int-2\"><div class=\"wp-block-group__inner-container is-layout-flow wp-block-group-is-layout-flow\">\n<figure class=\"wp-block-image size-large\"><img loading=\"lazy\" decoding=\"async\" width=\"1024\" height=\"683\" src=\"https:\/\/hotelserenacaorle.com\/wp-content\/uploads\/2020\/04\/025-2-1024x683-1.jpg\" alt=\"\" class=\"wp-image-2233\" srcset=\"https:\/\/www.hotelserenacaorle.com\/wp-content\/uploads\/2020\/04\/025-2-1024x683-1.jpg 1024w, https:\/\/www.hotelserenacaorle.com\/wp-content\/uploads\/2020\/04\/025-2-1024x683-1-300x200.jpg 300w, https:\/\/www.hotelserenacaorle.com\/wp-content\/uploads\/2020\/04\/025-2-1024x683-1-768x512.jpg 768w\" sizes=\"auto, (max-width: 1024px) 100vw, 1024px\" \/><\/figure>\n<\/div><\/div>\n\n\n\n<div class=\"wp-block-group promo-int-info\"><div class=\"wp-block-group__inner-container is-layout-flow wp-block-group-is-layout-flow\">\n<h2 class=\"wp-block-heading\">Jak do nas dotrze\u0107<\/h2>\n\n\n\n<div class=\"wp-block-columns is-layout-flex wp-container-core-columns-is-layout-9d6595d7 wp-block-columns-is-layout-flex\">\n<div class=\"wp-block-column is-layout-flow wp-block-column-is-layout-flow\">\n<div class=\"wp-block-group\"><div class=\"wp-block-group__inner-container is-layout-flow wp-block-group-is-layout-flow\">\n<h4 class=\"wp-block-heading\">Samochodem<\/h4>\n\n\n\n<p>Autostrad\u0105 \u201cA4\u201d Wenecja-Triest a\u017c do zjazd S. Stino di Livenza. Caorle znajduje si\u0119 w odleg\u0142o\u015bci oko\u0142o 20 km od zjazdu.<\/p>\n<\/div><\/div>\n\n\n\n<div class=\"wp-block-group\"><div class=\"wp-block-group__inner-container is-layout-flow wp-block-group-is-layout-flow\">\n<h4 class=\"wp-block-heading\">Poci\u0105giem<\/h4>\n\n\n\n<p>Na trasie linii kolejowej Wenecja-Triest nale\u017cy wysi\u0105\u015b\u0107 na dworcu w San Don\u00e0 di Piave lub w Portogruaro-Caorle, nast\u0119pnie wsi\u0105\u015b\u0107 do busa linii&nbsp;<strong><a href=\"http:\/\/www.atvo.it\/\">ATVO<\/a>&nbsp;<\/strong>do Caorle.<\/p>\n<\/div><\/div>\n<\/div>\n\n\n\n<div class=\"wp-block-column is-layout-flow wp-block-column-is-layout-flow\">\n<div class=\"wp-block-group\"><div class=\"wp-block-group__inner-container is-layout-flow wp-block-group-is-layout-flow\">\n<h4 class=\"wp-block-heading\">Busem<\/h4>\n\n\n\n<p>Busem linii&nbsp;<strong><a href=\"http:\/\/www.atvo.it\/\">ATVO<\/a><\/strong>&nbsp;bezpo\u015brednio do Caorle lub z przesiadk\u0105 w Mestre-Venice lub w San Don\u00e0 di Piave lub w Portogruaro, w zale\u017cno\u015bci od miejsca wyjazdu.<\/p>\n<\/div><\/div>\n\n\n\n<div class=\"wp-block-group\"><div class=\"wp-block-group__inner-container is-layout-flow wp-block-group-is-layout-flow\">\n<h4 class=\"wp-block-heading\">Samolotem<\/h4>\n\n\n\n<p>Z lotniska Marco Polo w Wenecji lub z lotniska w Treviso odje\u017cd\u017ca autobus&nbsp;<strong><a href=\"http:\/\/www.atvo.it\/\">ATVO<\/a><\/strong>&nbsp;do Caorle (40 minut).<\/p>\n<\/div><\/div>\n<\/div>\n<\/div>\n\n\n\n<p class=\"button-google\"><a href=\"https:\/\/maps.google.com\/maps?gl=it&amp;hl=it&amp;um=1&amp;ie=UTF-8&amp;fb=1&amp;sa=X&amp;geocode=KRckyx2W8XtHMaBAw2-Mzfic&amp;daddr=Hotel+Serena,+Lungomare+Trieste,+39,+30021+Caorle+VE\" target=\"_blank\" rel=\"noopener noreferrer\"><span class=\"material-icons button-google-icon\">directions<\/span>&nbsp;&nbsp;Wskaz\u00f3wki<\/a><\/p>\n\n\n\n<iframe loading=\"lazy\" src=\"https:\/\/www.google.com\/maps\/embed?pb=!1m14!1m8!1m3!1d11164.83277707054!2d12.8933698!3d45.60646!3m2!1i1024!2i768!4f13.1!3m3!1m2!1s0x0%3A0x9cf8cd8c6fc340a0!2sHotel%20Serena!5e0!3m2!1sit!2sit!4v1588082519963!5m2!1sit!2sit\" width=\"100%\" height=\"450\" frameborder=\"0\" style=\"border:0;\" allowfullscreen=\"\" aria-hidden=\"false\" tabindex=\"0\"><\/iframe>\n<\/div><\/div>\n","protected":false},"excerpt":{"rendered":"<p>Doskona\u0142a lokalizacja Przy pla\u017cy w Caorle Hotel Serena po\u0142o\u017cony jest bezpo\u015brednio przy promenadzie Lungomare Trieste, zaledwie 15 minut spacerem od zabytkowego centrum miejscowo\u015bci Caorle. Nasi go\u015bcie naprawd\u0119 lubi\u0105 spacerowa\u0107 po okolicy, jest w doskona\u0142ej pozycji dogodnej dla wszystkich us\u0142ug, z widokiem na morze i kilka krok\u00f3w od centrum. Parom bardzo si\u0119 podoba ta lokalizacja \u2013 [&hellip;]<\/p>\n","protected":false},"author":1,"featured_media":4102,"parent":0,"menu_order":0,"comment_status":"closed","ping_status":"closed","template":"","meta":{"_acf_changed":false,"_uag_custom_page_level_css":"","advgb_blocks_editor_width":"","advgb_blocks_columns_visual_guide":"","footnotes":""},"class_list":["post-2668","page","type-page","status-publish","has-post-thumbnail","hentry"],"acf":[],"yoast_head":"<!-- This site is optimized with the Yoast SEO plugin v25.7 - https:\/\/yoast.com\/wordpress\/plugins\/seo\/ -->\n<title>Gdzie jeste\u015bmy - Hotel Serena - Fronte mare a Caorle<\/title>\n<meta name=\"description\" content=\"Hotel Serena po\u0142o\u017cony jest bezpo\u015brednio przy promenadzie Lungomare Trieste, zaledwie 15 minut spacerem od zabytkowego centrum miejscowo\u015bci Caorle.\" \/>\n<meta name=\"robots\" content=\"index, follow, max-snippet:-1, max-image-preview:large, max-video-preview:-1\" \/>\n<link rel=\"canonical\" href=\"https:\/\/www.hotelserenacaorle.com\/pl\/gdzie-jestesmy\/\" \/>\n<meta property=\"og:locale\" content=\"pl_PL\" \/>\n<meta property=\"og:type\" content=\"article\" \/>\n<meta property=\"og:title\" content=\"Gdzie jeste\u015bmy - Hotel Serena - Fronte mare a Caorle\" \/>\n<meta property=\"og:description\" content=\"Hotel Serena po\u0142o\u017cony jest bezpo\u015brednio przy promenadzie Lungomare Trieste, zaledwie 15 minut spacerem od zabytkowego centrum miejscowo\u015bci Caorle.\" \/>\n<meta property=\"og:url\" content=\"https:\/\/www.hotelserenacaorle.com\/pl\/gdzie-jestesmy\/\" \/>\n<meta property=\"og:site_name\" content=\"Hotel Serena\" \/>\n<meta property=\"article:modified_time\" content=\"2020-05-11T16:24:47+00:00\" \/>\n<meta property=\"og:image\" content=\"https:\/\/www.hotelserenacaorle.com\/wp-content\/uploads\/2020\/05\/Hotel_Serena_Caorle_Banner_Famiglia.jpg\" \/>\n\t<meta property=\"og:image:width\" content=\"2000\" \/>\n\t<meta property=\"og:image:height\" content=\"400\" \/>\n\t<meta property=\"og:image:type\" content=\"image\/jpeg\" \/>\n<meta name=\"twitter:card\" content=\"summary_large_image\" \/>\n<meta name=\"twitter:label1\" content=\"Szacowany czas czytania\" \/>\n\t<meta name=\"twitter:data1\" content=\"1 minuta\" \/>\n<script type=\"application\/ld+json\" class=\"yoast-schema-graph\">{\"@context\":\"https:\/\/schema.org\",\"@graph\":[{\"@type\":\"WebPage\",\"@id\":\"https:\/\/www.hotelserenacaorle.com\/pl\/gdzie-jestesmy\/\",\"url\":\"https:\/\/www.hotelserenacaorle.com\/pl\/gdzie-jestesmy\/\",\"name\":\"Gdzie jeste\u015bmy - Hotel Serena - Fronte mare a Caorle\",\"isPartOf\":{\"@id\":\"https:\/\/www.hotelserenacaorle.com\/pl\/#website\"},\"primaryImageOfPage\":{\"@id\":\"https:\/\/www.hotelserenacaorle.com\/pl\/gdzie-jestesmy\/#primaryimage\"},\"image\":{\"@id\":\"https:\/\/www.hotelserenacaorle.com\/pl\/gdzie-jestesmy\/#primaryimage\"},\"thumbnailUrl\":\"https:\/\/www.hotelserenacaorle.com\/wp-content\/uploads\/2020\/05\/Hotel_Serena_Caorle_Banner_Famiglia.jpg\",\"datePublished\":\"2020-04-30T10:50:00+00:00\",\"dateModified\":\"2020-05-11T16:24:47+00:00\",\"description\":\"Hotel Serena po\u0142o\u017cony jest bezpo\u015brednio przy promenadzie Lungomare Trieste, zaledwie 15 minut spacerem od zabytkowego centrum miejscowo\u015bci Caorle.\",\"breadcrumb\":{\"@id\":\"https:\/\/www.hotelserenacaorle.com\/pl\/gdzie-jestesmy\/#breadcrumb\"},\"inLanguage\":\"pl-PL\",\"potentialAction\":[{\"@type\":\"ReadAction\",\"target\":[\"https:\/\/www.hotelserenacaorle.com\/pl\/gdzie-jestesmy\/\"]}]},{\"@type\":\"ImageObject\",\"inLanguage\":\"pl-PL\",\"@id\":\"https:\/\/www.hotelserenacaorle.com\/pl\/gdzie-jestesmy\/#primaryimage\",\"url\":\"https:\/\/www.hotelserenacaorle.com\/wp-content\/uploads\/2020\/05\/Hotel_Serena_Caorle_Banner_Famiglia.jpg\",\"contentUrl\":\"https:\/\/www.hotelserenacaorle.com\/wp-content\/uploads\/2020\/05\/Hotel_Serena_Caorle_Banner_Famiglia.jpg\",\"width\":2000,\"height\":400},{\"@type\":\"BreadcrumbList\",\"@id\":\"https:\/\/www.hotelserenacaorle.com\/pl\/gdzie-jestesmy\/#breadcrumb\",\"itemListElement\":[{\"@type\":\"ListItem\",\"position\":1,\"name\":\"Home\",\"item\":\"https:\/\/www.hotelserenacaorle.com\/pl\/\"},{\"@type\":\"ListItem\",\"position\":2,\"name\":\"Gdzie jeste\u015bmy\"}]},{\"@type\":\"WebSite\",\"@id\":\"https:\/\/www.hotelserenacaorle.com\/pl\/#website\",\"url\":\"https:\/\/www.hotelserenacaorle.com\/pl\/\",\"name\":\"Hotel Serena\",\"description\":\"Morze Frontowe w Caorle\",\"publisher\":{\"@id\":\"https:\/\/www.hotelserenacaorle.com\/pl\/#organization\"},\"potentialAction\":[{\"@type\":\"SearchAction\",\"target\":{\"@type\":\"EntryPoint\",\"urlTemplate\":\"https:\/\/www.hotelserenacaorle.com\/pl\/?s={search_term_string}\"},\"query-input\":{\"@type\":\"PropertyValueSpecification\",\"valueRequired\":true,\"valueName\":\"search_term_string\"}}],\"inLanguage\":\"pl-PL\"},{\"@type\":\"Organization\",\"@id\":\"https:\/\/www.hotelserenacaorle.com\/pl\/#organization\",\"name\":\"Hotel Serena\",\"url\":\"https:\/\/www.hotelserenacaorle.com\/pl\/\",\"logo\":{\"@type\":\"ImageObject\",\"inLanguage\":\"pl-PL\",\"@id\":\"https:\/\/www.hotelserenacaorle.com\/pl\/#\/schema\/logo\/image\/\",\"url\":\"https:\/\/www.hotelserenacaorle.com\/wp-content\/uploads\/2020\/04\/Logo-orizz-original-white-1-1.png\",\"contentUrl\":\"https:\/\/www.hotelserenacaorle.com\/wp-content\/uploads\/2020\/04\/Logo-orizz-original-white-1-1.png\",\"width\":800,\"height\":150,\"caption\":\"Hotel Serena\"},\"image\":{\"@id\":\"https:\/\/www.hotelserenacaorle.com\/pl\/#\/schema\/logo\/image\/\"}}]}<\/script>\n<!-- \/ Yoast SEO plugin. -->","yoast_head_json":{"title":"Gdzie jeste\u015bmy - Hotel Serena - Fronte mare a Caorle","description":"Hotel Serena po\u0142o\u017cony jest bezpo\u015brednio przy promenadzie Lungomare Trieste, zaledwie 15 minut spacerem od zabytkowego centrum miejscowo\u015bci Caorle.","robots":{"index":"index","follow":"follow","max-snippet":"max-snippet:-1","max-image-preview":"max-image-preview:large","max-video-preview":"max-video-preview:-1"},"canonical":"https:\/\/www.hotelserenacaorle.com\/pl\/gdzie-jestesmy\/","og_locale":"pl_PL","og_type":"article","og_title":"Gdzie jeste\u015bmy - Hotel Serena - Fronte mare a Caorle","og_description":"Hotel Serena po\u0142o\u017cony jest bezpo\u015brednio przy promenadzie Lungomare Trieste, zaledwie 15 minut spacerem od zabytkowego centrum miejscowo\u015bci Caorle.","og_url":"https:\/\/www.hotelserenacaorle.com\/pl\/gdzie-jestesmy\/","og_site_name":"Hotel Serena","article_modified_time":"2020-05-11T16:24:47+00:00","og_image":[{"width":2000,"height":400,"url":"https:\/\/www.hotelserenacaorle.com\/wp-content\/uploads\/2020\/05\/Hotel_Serena_Caorle_Banner_Famiglia.jpg","type":"image\/jpeg"}],"twitter_card":"summary_large_image","twitter_misc":{"Szacowany czas czytania":"1 minuta"},"schema":{"@context":"https:\/\/schema.org","@graph":[{"@type":"WebPage","@id":"https:\/\/www.hotelserenacaorle.com\/pl\/gdzie-jestesmy\/","url":"https:\/\/www.hotelserenacaorle.com\/pl\/gdzie-jestesmy\/","name":"Gdzie jeste\u015bmy - Hotel Serena - Fronte mare a Caorle","isPartOf":{"@id":"https:\/\/www.hotelserenacaorle.com\/pl\/#website"},"primaryImageOfPage":{"@id":"https:\/\/www.hotelserenacaorle.com\/pl\/gdzie-jestesmy\/#primaryimage"},"image":{"@id":"https:\/\/www.hotelserenacaorle.com\/pl\/gdzie-jestesmy\/#primaryimage"},"thumbnailUrl":"https:\/\/www.hotelserenacaorle.com\/wp-content\/uploads\/2020\/05\/Hotel_Serena_Caorle_Banner_Famiglia.jpg","datePublished":"2020-04-30T10:50:00+00:00","dateModified":"2020-05-11T16:24:47+00:00","description":"Hotel Serena po\u0142o\u017cony jest bezpo\u015brednio przy promenadzie Lungomare Trieste, zaledwie 15 minut spacerem od zabytkowego centrum miejscowo\u015bci Caorle.","breadcrumb":{"@id":"https:\/\/www.hotelserenacaorle.com\/pl\/gdzie-jestesmy\/#breadcrumb"},"inLanguage":"pl-PL","potentialAction":[{"@type":"ReadAction","target":["https:\/\/www.hotelserenacaorle.com\/pl\/gdzie-jestesmy\/"]}]},{"@type":"ImageObject","inLanguage":"pl-PL","@id":"https:\/\/www.hotelserenacaorle.com\/pl\/gdzie-jestesmy\/#primaryimage","url":"https:\/\/www.hotelserenacaorle.com\/wp-content\/uploads\/2020\/05\/Hotel_Serena_Caorle_Banner_Famiglia.jpg","contentUrl":"https:\/\/www.hotelserenacaorle.com\/wp-content\/uploads\/2020\/05\/Hotel_Serena_Caorle_Banner_Famiglia.jpg","width":2000,"height":400},{"@type":"BreadcrumbList","@id":"https:\/\/www.hotelserenacaorle.com\/pl\/gdzie-jestesmy\/#breadcrumb","itemListElement":[{"@type":"ListItem","position":1,"name":"Home","item":"https:\/\/www.hotelserenacaorle.com\/pl\/"},{"@type":"ListItem","position":2,"name":"Gdzie jeste\u015bmy"}]},{"@type":"WebSite","@id":"https:\/\/www.hotelserenacaorle.com\/pl\/#website","url":"https:\/\/www.hotelserenacaorle.com\/pl\/","name":"Hotel Serena","description":"Morze Frontowe w Caorle","publisher":{"@id":"https:\/\/www.hotelserenacaorle.com\/pl\/#organization"},"potentialAction":[{"@type":"SearchAction","target":{"@type":"EntryPoint","urlTemplate":"https:\/\/www.hotelserenacaorle.com\/pl\/?s={search_term_string}"},"query-input":{"@type":"PropertyValueSpecification","valueRequired":true,"valueName":"search_term_string"}}],"inLanguage":"pl-PL"},{"@type":"Organization","@id":"https:\/\/www.hotelserenacaorle.com\/pl\/#organization","name":"Hotel Serena","url":"https:\/\/www.hotelserenacaorle.com\/pl\/","logo":{"@type":"ImageObject","inLanguage":"pl-PL","@id":"https:\/\/www.hotelserenacaorle.com\/pl\/#\/schema\/logo\/image\/","url":"https:\/\/www.hotelserenacaorle.com\/wp-content\/uploads\/2020\/04\/Logo-orizz-original-white-1-1.png","contentUrl":"https:\/\/www.hotelserenacaorle.com\/wp-content\/uploads\/2020\/04\/Logo-orizz-original-white-1-1.png","width":800,"height":150,"caption":"Hotel Serena"},"image":{"@id":"https:\/\/www.hotelserenacaorle.com\/pl\/#\/schema\/logo\/image\/"}}]}},"uagb_featured_image_src":{"full":["https:\/\/www.hotelserenacaorle.com\/wp-content\/uploads\/2020\/05\/Hotel_Serena_Caorle_Banner_Famiglia.jpg",2000,400,false],"thumbnail":["https:\/\/www.hotelserenacaorle.com\/wp-content\/uploads\/2020\/05\/Hotel_Serena_Caorle_Banner_Famiglia-150x150.jpg",150,150,true],"medium":["https:\/\/www.hotelserenacaorle.com\/wp-content\/uploads\/2020\/05\/Hotel_Serena_Caorle_Banner_Famiglia-300x60.jpg",300,60,true],"medium_large":["https:\/\/www.hotelserenacaorle.com\/wp-content\/uploads\/2020\/05\/Hotel_Serena_Caorle_Banner_Famiglia-768x154.jpg",580,116,true],"large":["https:\/\/www.hotelserenacaorle.com\/wp-content\/uploads\/2020\/05\/Hotel_Serena_Caorle_Banner_Famiglia-1024x205.jpg",580,116,true],"1536x1536":["https:\/\/www.hotelserenacaorle.com\/wp-content\/uploads\/2020\/05\/Hotel_Serena_Caorle_Banner_Famiglia-1536x307.jpg",1536,307,true],"2048x2048":["https:\/\/www.hotelserenacaorle.com\/wp-content\/uploads\/2020\/05\/Hotel_Serena_Caorle_Banner_Famiglia.jpg",2000,400,false],"post-thumbnail":["https:\/\/www.hotelserenacaorle.com\/wp-content\/uploads\/2020\/05\/Hotel_Serena_Caorle_Banner_Famiglia-1200x240.jpg",1200,240,true],"twentytwenty-fullscreen":["https:\/\/www.hotelserenacaorle.com\/wp-content\/uploads\/2020\/05\/Hotel_Serena_Caorle_Banner_Famiglia-1980x396.jpg",1980,396,true]},"uagb_author_info":{"display_name":"3r4cl3-p4l4","author_link":"https:\/\/www.hotelserenacaorle.com\/pl\/author\/3r4cl3-p4l4\/"},"uagb_comment_info":0,"uagb_excerpt":"Doskona\u0142a lokalizacja Przy pla\u017cy w Caorle Hotel Serena po\u0142o\u017cony jest bezpo\u015brednio przy promenadzie Lungomare Trieste, zaledwie 15 minut spacerem od zabytkowego centrum miejscowo\u015bci Caorle. Nasi go\u015bcie naprawd\u0119 lubi\u0105 spacerowa\u0107 po okolicy, jest w doskona\u0142ej pozycji dogodnej dla wszystkich us\u0142ug, z widokiem na morze i kilka krok\u00f3w od centrum. Parom bardzo si\u0119 podoba ta lokalizacja \u2013&hellip;","coauthors":[],"author_meta":{"author_link":"https:\/\/www.hotelserenacaorle.com\/pl\/author\/3r4cl3-p4l4\/","display_name":"3r4cl3-p4l4"},"relative_dates":{"created":"Posted 6 lat ago","modified":"Updated 6 lat ago"},"absolute_dates":{"created":"Posted on 30 kwietnia 2020","modified":"Updated on 11 maja 2020"},"absolute_dates_time":{"created":"Posted on 30 kwietnia 2020 12:50","modified":"Updated on 11 maja 2020 18:24"},"featured_img_caption":"","featured_img":"https:\/\/www.hotelserenacaorle.com\/wp-content\/uploads\/2020\/05\/Hotel_Serena_Caorle_Banner_Famiglia-1200x240.jpg","series_order":"","_links":{"self":[{"href":"https:\/\/www.hotelserenacaorle.com\/pl\/wp-json\/wp\/v2\/pages\/2668","targetHints":{"allow":["GET"]}}],"collection":[{"href":"https:\/\/www.hotelserenacaorle.com\/pl\/wp-json\/wp\/v2\/pages"}],"about":[{"href":"https:\/\/www.hotelserenacaorle.com\/pl\/wp-json\/wp\/v2\/types\/page"}],"author":[{"embeddable":true,"href":"https:\/\/www.hotelserenacaorle.com\/pl\/wp-json\/wp\/v2\/users\/1"}],"replies":[{"embeddable":true,"href":"https:\/\/www.hotelserenacaorle.com\/pl\/wp-json\/wp\/v2\/comments?post=2668"}],"version-history":[{"count":0,"href":"https:\/\/www.hotelserenacaorle.com\/pl\/wp-json\/wp\/v2\/pages\/2668\/revisions"}],"wp:featuredmedia":[{"embeddable":true,"href":"https:\/\/www.hotelserenacaorle.com\/pl\/wp-json\/wp\/v2\/media\/4102"}],"wp:attachment":[{"href":"https:\/\/www.hotelserenacaorle.com\/pl\/wp-json\/wp\/v2\/media?parent=2668"}],"curies":[{"name":"wp","href":"https:\/\/api.w.org\/{rel}","templated":true}]}}