{"id":2628,"date":"2020-04-29T16:43:44","date_gmt":"2020-04-29T14:43:44","guid":{"rendered":"https:\/\/serena.promoservicebeta.com\/?page_id=2628"},"modified":"2020-05-22T12:23:07","modified_gmt":"2020-05-22T10:23:07","slug":"sztuka-i-miasta","status":"publish","type":"page","link":"https:\/\/www.hotelserenacaorle.com\/pl\/sztuka-i-miasta\/","title":{"rendered":"Sztuka i miasta"},"content":{"rendered":"\n<div class=\"wp-block-group promo-int-1\"><div class=\"wp-block-group__inner-container is-layout-flow wp-block-group-is-layout-flow\">\n<h3 class=\"wp-block-heading\">Kr\u00f3lowa Adriatyku<\/h3>\n\n\n\n<h2 class=\"wp-block-heading\">Wenecja<\/h2>\n\n\n\n<p>Wenecja jest szczeg\u00f3lnie bogata w muzea i zabytkowe budynki o du\u017cej warto\u015bci artystycznej i kulturalnej.<\/p>\n\n\n\n<h4 class=\"wp-block-heading\">Jak dojecha\u0107 do Wenecji z Caorle<\/h4>\n\n\n\n<div class=\"wp-block-advgb-accordions advgb-accordion-wrapper\" data-collapsed=\"true\">\n<div class=\"wp-block-advgb-accordion-item advgb-accordion-item\" style=\"margin-bottom:0\"><div class=\"advgb-accordion-header\" style=\"background-color:#ffffff;color:#5c89a3;border-style:solid\"><span class=\"advgb-accordion-header-icon\"><svg fill=\"#5c89a3\" xmlns=\"http:\/\/www.w3.org\/2000\/svg\" width=\"24\" height=\"24\" viewbox=\"0 0 24 24\"><path fill=\"none\" d=\"M0,0h24v24H0V0z\"><\/path><path d=\"M19,13h-6v6h-2v-6H5v-2h6V5h2v6h6V13z\"><\/path><\/svg><\/span><h4 class=\"advgb-accordion-header-title\" style=\"color:inherit\">Samochodem<\/h4><\/div><div class=\"advgb-accordion-body\" style=\"border-style:solid !important;border-color:undefined !important;border-top:none !important\">\n<p>Korzystaj\u0105c z w\u0142asnego samochodu mo\u017cna dotrze\u0107 do pobliskich miejscowo\u015bci&nbsp;<strong>Punta Sabbioni<\/strong>&nbsp;lub&nbsp;<strong>Treporti<\/strong>, sk\u0105d wyp\u0142ywa tramwaj wodny, tzw. vaporetto, kt\u00f3ry zawiezie Was bezpo\u015brednio do&nbsp;<strong>Wenecji<\/strong>.<\/p>\n\n\n\n<p>Mo\u017cna wybra\u0107 kr\u00f3tsz\u0105 lub d\u0142u\u017csz\u0105 tras\u0119. Kr\u00f3tsza zaczyna si\u0119 od&nbsp;<strong>Treporti<\/strong>&nbsp;lub&nbsp;<strong>Punta Sabbioni<\/strong>, i prowadzi przez&nbsp;<strong>Lido<\/strong>&nbsp;(zahaczaj\u0105c o pot\u0119\u017cny fort<strong>&nbsp;Forte di S. Andrea<\/strong>, kt\u00f3ry jest arcydzie\u0142em renesansowej architektury wojskowej zbudowanej przez Sammicheliego w 1543 r., a tak\u017ce o zabytkowy ko\u015bci\u00f3\u0142&nbsp;<strong>Chiesa di S. Nicol\u00f2<\/strong>, znany z obraz\u00f3w&nbsp;<strong>Canaletta<\/strong>&nbsp;i&nbsp;<strong>Guardiego<\/strong>). Miejscem docelowym jest przystanek&nbsp;<strong>fermata di S. Zaccaria<\/strong>, zaledwie kilka krok\u00f3w od placu&nbsp;<strong>Piazza San Marco<\/strong>. Z kolei d\u0142u\u017csza trasa rozpoczyna si\u0119 od&nbsp;<strong>Treporti<\/strong>, zahaczaj\u0105c o s\u0142ynne wyspy&nbsp;<strong>S. Francesco del Deserto<\/strong>,&nbsp;<strong>Burano<\/strong>,&nbsp;<strong>Torcello<\/strong>&nbsp;i&nbsp;<strong>Murano<\/strong>. Sk\u0105d mo\u017cna przesi\u0105\u015b\u0107 si\u0119 do tramwaju wodnego, kt\u00f3ry pozwoli szybko dotrze\u0107 do placu&nbsp;<strong>Piazza San Marco<\/strong>&nbsp;w&nbsp;<strong>Wenecji<\/strong>.<\/p>\n<\/div><\/div>\n\n\n\n<div class=\"wp-block-advgb-accordion-item advgb-accordion-item\" style=\"margin-bottom:0\"><div class=\"advgb-accordion-header\" style=\"background-color:#ffffff;color:#5c89a3;border-style:solid\"><span class=\"advgb-accordion-header-icon\"><svg fill=\"#5c89a3\" xmlns=\"http:\/\/www.w3.org\/2000\/svg\" width=\"24\" height=\"24\" viewbox=\"0 0 24 24\"><path fill=\"none\" d=\"M0,0h24v24H0V0z\"><\/path><path d=\"M19,13h-6v6h-2v-6H5v-2h6V5h2v6h6V13z\"><\/path><\/svg><\/span><h4 class=\"advgb-accordion-header-title\" style=\"color:inherit\">Busem<\/h4><\/div><div class=\"advgb-accordion-body\" style=\"border-style:solid !important;border-color:undefined !important;border-top:none !important\">\n<p>Busem linii ATVO bezpo\u015brednio z Caorle do Wenecji (Piazzale Roma). St\u0105d, aby dotrze\u0107 do s\u0142ynnego placu&nbsp;<strong>piazza San Marco<\/strong>, mo\u017cna skorzysta\u0107 z tramwaju wodnego, tzw. vaporetto, wybieraj\u0105c spo\u015br\u00f3d r\u00f3\u017cnych tras panoramicznych.<\/p>\n\n\n\n<p>Aby uzyska\u0107 wi\u0119cej informacji o przejazdach autobusowych nale\u017cy wej\u015b\u0107 na stron\u0119 internetow\u0105 ATVO, a o przejazdach tramwaj\u00f3w wodnych (tzw. vaporetto) na stron\u0119 ACTV.<\/p>\n<\/div><\/div>\n\n\n\n<div class=\"wp-block-advgb-accordion-item advgb-accordion-item\" style=\"margin-bottom:0\"><div class=\"advgb-accordion-header\" style=\"background-color:#ffffff;color:#5c89a3;border-style:solid\"><span class=\"advgb-accordion-header-icon\"><svg fill=\"#5c89a3\" xmlns=\"http:\/\/www.w3.org\/2000\/svg\" width=\"24\" height=\"24\" viewbox=\"0 0 24 24\"><path fill=\"none\" d=\"M0,0h24v24H0V0z\"><\/path><path d=\"M19,13h-6v6h-2v-6H5v-2h6V5h2v6h6V13z\"><\/path><\/svg><\/span><h4 class=\"advgb-accordion-header-title\" style=\"color:inherit\">Motonave Caorle<\/h4><\/div><div class=\"advgb-accordion-body\" style=\"border-style:solid !important;border-color:undefined !important;border-top:none !important\">\n<p>Ponadto&nbsp;<strong>Wenecj\u0119<\/strong>&nbsp;mo\u017cna odwiedzi\u0107, wyp\u0142ywaj\u0105c bezpo\u015brednio z&nbsp;<strong>Caorle<\/strong>&nbsp;dzi\u0119ki rejsom organizowanym od poniedzia\u0142ku do pi\u0105tku w godzinach od 8.00 do 16.00 przez sp\u00f3\u0142k\u0119&nbsp;<strong>Motonave Caorle<\/strong>, kt\u00f3ra, przep\u0142ywaj\u0105c przez ca\u0142e wybrze\u017ce G\u00f3rnego Adriatyku (pla\u017ca w&nbsp;<strong>Eraclei<\/strong>,&nbsp;<strong>Jesolo<\/strong>&nbsp;i&nbsp;<strong>Cavallino<\/strong>), towarzyszy turystom drog\u0105 morsk\u0105 w\u0142a\u015bnie do&nbsp;<strong>Wenecji<\/strong>.<\/p>\n<\/div><\/div>\n<\/div>\n<\/div><\/div>\n\n\n\n<div class=\"wp-block-group promo-int-2\"><div class=\"wp-block-group__inner-container is-layout-flow wp-block-group-is-layout-flow\">\n<figure class=\"wp-block-image size-large\"><img loading=\"lazy\" decoding=\"async\" width=\"1000\" height=\"670\" src=\"https:\/\/hotelserenacaorle.com\/wp-content\/uploads\/2020\/05\/Hotel_Serena_Dintorni_Caorle_Venezia.jpg\" alt=\"\" class=\"wp-image-4045\" srcset=\"https:\/\/www.hotelserenacaorle.com\/wp-content\/uploads\/2020\/05\/Hotel_Serena_Dintorni_Caorle_Venezia.jpg 1000w, https:\/\/www.hotelserenacaorle.com\/wp-content\/uploads\/2020\/05\/Hotel_Serena_Dintorni_Caorle_Venezia-300x201.jpg 300w, https:\/\/www.hotelserenacaorle.com\/wp-content\/uploads\/2020\/05\/Hotel_Serena_Dintorni_Caorle_Venezia-768x515.jpg 768w\" sizes=\"auto, (max-width: 1000px) 100vw, 1000px\" \/><\/figure>\n<\/div><\/div>\n\n\n\n<div class=\"wp-block-group promo-int-4\"><div class=\"wp-block-group__inner-container is-layout-flow wp-block-group-is-layout-flow\">\n<h3 class=\"wp-block-heading\">Treviso to miasto, kt\u00f3re warto odwiedzi\u0107 o ka\u017cdej porze roku<\/h3>\n\n\n\n<h2 class=\"wp-block-heading\">Treviso<\/h2>\n\n\n\n<p><strong>Treviso<\/strong>&nbsp;to miasto, kt\u00f3re warto odwiedzi\u0107 o ka\u017cdej porze roku, przemierzaj\u0105c wolnym spacerowym krokiem ka\u017cdy jego zak\u0105tek, aby da\u0107 si\u0119 oczarowa\u0107 oryginalnym panoramicznym widokom oraz pooddycha\u0107 spokojnym \u017cyciem miasta. Plac&nbsp;<strong>Piazza dei Signori<\/strong>&nbsp;wraz z pa\u0142acem&nbsp;<strong>Palazzo dei Trecento<\/strong>&nbsp;i eleganck\u0105 lo\u017c\u0105&nbsp;<strong>Loggia Dei Cavalieri<\/strong>&nbsp;to serce miasta i miejsce spotka\u0144 mieszka\u0144c\u00f3w Treviso.<\/p>\n\n\n\n<p>Dodatkowo, Sile i Cagnan, dwie rzeki wij\u0105ce si\u0119 pomi\u0119dzy ulicami miasta, nadaj\u0105 wyj\u0105tkowego uroku star\u00f3wce otoczonej zabytkowymi murami. Domy z arkadami oraz pi\u0119knymi freskami na fasadzie, odbijaj\u0105ce si\u0119 w kanale&nbsp;<strong>canale dei Buranelli<\/strong>, oraz wyspa&nbsp;<strong>isola della Pescheria<\/strong>, utworzona na rzece Cagnan, gdzie odbywa si\u0119 targ rybny, \u015bwiadcz\u0105 niew\u0105tpliwie o bliskim zwi\u0105zku Treviso z otaczaj\u0105c\u0105 go wod\u0105.<\/p>\n<\/div><\/div>\n\n\n\n<div class=\"wp-block-group promo-int-3\"><div class=\"wp-block-group__inner-container is-layout-flow wp-block-group-is-layout-flow\">\n<figure class=\"wp-block-image size-large\"><img loading=\"lazy\" decoding=\"async\" width=\"1000\" height=\"670\" src=\"https:\/\/hotelserenacaorle.com\/wp-content\/uploads\/2020\/05\/Hotel_Serena_Dintorni_Caorle_Treviso.jpg\" alt=\"\" class=\"wp-image-4051\" srcset=\"https:\/\/www.hotelserenacaorle.com\/wp-content\/uploads\/2020\/05\/Hotel_Serena_Dintorni_Caorle_Treviso.jpg 1000w, https:\/\/www.hotelserenacaorle.com\/wp-content\/uploads\/2020\/05\/Hotel_Serena_Dintorni_Caorle_Treviso-300x201.jpg 300w, https:\/\/www.hotelserenacaorle.com\/wp-content\/uploads\/2020\/05\/Hotel_Serena_Dintorni_Caorle_Treviso-768x515.jpg 768w\" sizes=\"auto, (max-width: 1000px) 100vw, 1000px\" \/><\/figure>\n<\/div><\/div>\n\n\n\n<div class=\"wp-block-group promo-int-5\"><div class=\"wp-block-group__inner-container is-layout-flow wp-block-group-is-layout-flow\">\n<h3 class=\"wp-block-heading\">Wyj\u0105tkowe dziedzictwo artystyczne i kulturowe<\/h3>\n\n\n\n<h2 class=\"wp-block-heading\">Padwa<\/h2>\n\n\n\n<p>Prowincja Padwa to zaskakuj\u0105ce dziedzictwo artystyczne i kulturowe, kt\u00f3re czeka na Ciebie w ka\u017cdym zak\u0105tku. Ta \u017cyzna, energiczna i dynamiczna kraina, po\u0142o\u017cona po\u015brodku niziny weneckiej, wraz z centralnym miastem Padwa, potrafi zadziwi\u0107 i oczarowa\u0107.<\/p>\n\n\n\n<p>To miasto&nbsp;<strong>\u015awi\u0119tego Antoniego<\/strong>,&nbsp;<strong>Giotta<\/strong>&nbsp;i&nbsp;<strong>Galilea<\/strong>&nbsp;<strong>Galilei<\/strong>: tutaj oddanie, sztuka i nauka wzajemnie si\u0119 uzupe\u0142niaj\u0105. Koniecznie trzeba odwiedzi\u0107&nbsp;<strong>Kaplic\u0119 Scrovegnich<\/strong>,&nbsp;<strong>Uniwersytet<\/strong>&nbsp;Padewski (<strong>Teatr Anatomiczny<\/strong>&nbsp;oraz&nbsp;<strong>Ogr\u00f3d Botaniczny<\/strong>) oraz&nbsp;<strong>Bazylik\u0119 \u015aw. Antoniego<\/strong>. Wyj\u0105tkowe emocje wzbudzi tak\u017ce spacer po zabytkowym centrum, pomi\u0119dzy placykami w cieniu pot\u0119\u017cnego pa\u0142acu Palazzo della Ragione oraz kr\u00f3tka przerwa na kaw\u0119 w kawiarni&nbsp;<strong>Caff\u00e8 Pedrocchi<\/strong>.<\/p>\n\n\n\n<p>Prowincja Padwa rozci\u0105ga si\u0119 od wzg\u00f3rz euganejskich po lagun\u0119 weneck\u0105 i zachwyca zapieraj\u0105cymi dech w piersiach krajobrazami, od \u0142agodnych g\u00f3rskich wzniesie\u0144 po mieni\u0105c\u0105 si\u0119 zieleni\u0105 nizin\u0119. Ca\u0142y teren wzbogacaj\u0105 otoczone murami miasta oraz jakby wyrwane z czasu wioski (Cittadella, Monselice, Este, Montagnana,&nbsp;<strong>Arqu\u00e0 Petrarca<\/strong>), kt\u00f3re kryj\u0105 w sobie niesamowite artystyczne pere\u0142ki. Pot\u0119\u017cne&nbsp;<strong>zamki<\/strong>, wa\u0142y i&nbsp;<strong>twierdze<\/strong>zdradzaj\u0105 chwalebn\u0105 \u015bredniowieczn\u0105 przesz\u0142o\u015b\u0107, a eleganckie&nbsp;<strong>wille<\/strong>&nbsp;oraz bujne&nbsp;<strong>ogrody<\/strong>&nbsp;i parki historyczne \u015bwiadcz\u0105 o historycznej obecno\u015bci weneckich szlachcic\u00f3w.<\/p>\n<\/div><\/div>\n\n\n\n<div class=\"wp-block-group promo-int-6\"><div class=\"wp-block-group__inner-container is-layout-flow wp-block-group-is-layout-flow\">\n<figure class=\"wp-block-image size-large\"><img loading=\"lazy\" decoding=\"async\" width=\"1000\" height=\"670\" src=\"https:\/\/hotelserenacaorle.com\/wp-content\/uploads\/2020\/04\/padova_011.jpg\" alt=\"\" class=\"wp-image-2655\" srcset=\"https:\/\/www.hotelserenacaorle.com\/wp-content\/uploads\/2020\/04\/padova_011.jpg 1000w, https:\/\/www.hotelserenacaorle.com\/wp-content\/uploads\/2020\/04\/padova_011-300x201.jpg 300w, https:\/\/www.hotelserenacaorle.com\/wp-content\/uploads\/2020\/04\/padova_011-768x515.jpg 768w\" sizes=\"auto, (max-width: 1000px) 100vw, 1000px\" \/><\/figure>\n<\/div><\/div>\n","protected":false},"excerpt":{"rendered":"<p>Kr\u00f3lowa Adriatyku Wenecja Wenecja jest szczeg\u00f3lnie bogata w muzea i zabytkowe budynki o du\u017cej warto\u015bci artystycznej i kulturalnej. Jak dojecha\u0107 do Wenecji z Caorle Treviso to miasto, kt\u00f3re warto odwiedzi\u0107 o ka\u017cdej porze roku Treviso Treviso&nbsp;to miasto, kt\u00f3re warto odwiedzi\u0107 o ka\u017cdej porze roku, przemierzaj\u0105c wolnym spacerowym krokiem ka\u017cdy jego zak\u0105tek, aby da\u0107 si\u0119 oczarowa\u0107 [&hellip;]<\/p>\n","protected":false},"author":1,"featured_media":4038,"parent":0,"menu_order":0,"comment_status":"closed","ping_status":"closed","template":"","meta":{"_acf_changed":false,"_uag_custom_page_level_css":"","advgb_blocks_editor_width":"","advgb_blocks_columns_visual_guide":"","footnotes":""},"class_list":["post-2628","page","type-page","status-publish","has-post-thumbnail","hentry"],"acf":[],"yoast_head":"<!-- This site is optimized with the Yoast SEO plugin v25.7 - https:\/\/yoast.com\/wordpress\/plugins\/seo\/ -->\n<title>Sztuka i miasta - Hotel Serena - Front morza w Caorle<\/title>\n<meta name=\"description\" content=\"Odkryj miasta sztuki do odwiedzenia w pobli\u017cu Caorle. Wenecja, Treviso, Padwa dziedzictwo w\u0142oskiego pi\u0119kna i sztuki\" \/>\n<meta name=\"robots\" content=\"index, follow, max-snippet:-1, max-image-preview:large, max-video-preview:-1\" \/>\n<link rel=\"canonical\" href=\"https:\/\/www.hotelserenacaorle.com\/pl\/sztuka-i-miasta\/\" \/>\n<meta property=\"og:locale\" content=\"pl_PL\" \/>\n<meta property=\"og:type\" content=\"article\" \/>\n<meta property=\"og:title\" content=\"Sztuka i miasta - Hotel Serena - Front morza w Caorle\" \/>\n<meta property=\"og:description\" content=\"Odkryj miasta sztuki do odwiedzenia w pobli\u017cu Caorle. Wenecja, Treviso, Padwa dziedzictwo w\u0142oskiego pi\u0119kna i sztuki\" \/>\n<meta property=\"og:url\" content=\"https:\/\/www.hotelserenacaorle.com\/pl\/sztuka-i-miasta\/\" \/>\n<meta property=\"og:site_name\" content=\"Hotel Serena\" \/>\n<meta property=\"article:modified_time\" content=\"2020-05-22T10:23:07+00:00\" \/>\n<meta property=\"og:image\" content=\"https:\/\/www.hotelserenacaorle.com\/wp-content\/uploads\/2020\/05\/Hotel_Serena_Caorle_Banner_Dintorni.jpg\" \/>\n\t<meta property=\"og:image:width\" content=\"2000\" \/>\n\t<meta property=\"og:image:height\" content=\"400\" \/>\n\t<meta property=\"og:image:type\" content=\"image\/jpeg\" \/>\n<meta name=\"twitter:card\" content=\"summary_large_image\" \/>\n<meta name=\"twitter:label1\" content=\"Szacowany czas czytania\" \/>\n\t<meta name=\"twitter:data1\" content=\"4 minuty\" \/>\n<script type=\"application\/ld+json\" class=\"yoast-schema-graph\">{\"@context\":\"https:\/\/schema.org\",\"@graph\":[{\"@type\":\"WebPage\",\"@id\":\"https:\/\/www.hotelserenacaorle.com\/pl\/sztuka-i-miasta\/\",\"url\":\"https:\/\/www.hotelserenacaorle.com\/pl\/sztuka-i-miasta\/\",\"name\":\"Sztuka i miasta - Hotel Serena - Front morza w Caorle\",\"isPartOf\":{\"@id\":\"https:\/\/www.hotelserenacaorle.com\/pl\/#website\"},\"primaryImageOfPage\":{\"@id\":\"https:\/\/www.hotelserenacaorle.com\/pl\/sztuka-i-miasta\/#primaryimage\"},\"image\":{\"@id\":\"https:\/\/www.hotelserenacaorle.com\/pl\/sztuka-i-miasta\/#primaryimage\"},\"thumbnailUrl\":\"https:\/\/www.hotelserenacaorle.com\/wp-content\/uploads\/2020\/05\/Hotel_Serena_Caorle_Banner_Dintorni.jpg\",\"datePublished\":\"2020-04-29T14:43:44+00:00\",\"dateModified\":\"2020-05-22T10:23:07+00:00\",\"description\":\"Odkryj miasta sztuki do odwiedzenia w pobli\u017cu Caorle. Wenecja, Treviso, Padwa dziedzictwo w\u0142oskiego pi\u0119kna i sztuki\",\"breadcrumb\":{\"@id\":\"https:\/\/www.hotelserenacaorle.com\/pl\/sztuka-i-miasta\/#breadcrumb\"},\"inLanguage\":\"pl-PL\",\"potentialAction\":[{\"@type\":\"ReadAction\",\"target\":[\"https:\/\/www.hotelserenacaorle.com\/pl\/sztuka-i-miasta\/\"]}]},{\"@type\":\"ImageObject\",\"inLanguage\":\"pl-PL\",\"@id\":\"https:\/\/www.hotelserenacaorle.com\/pl\/sztuka-i-miasta\/#primaryimage\",\"url\":\"https:\/\/www.hotelserenacaorle.com\/wp-content\/uploads\/2020\/05\/Hotel_Serena_Caorle_Banner_Dintorni.jpg\",\"contentUrl\":\"https:\/\/www.hotelserenacaorle.com\/wp-content\/uploads\/2020\/05\/Hotel_Serena_Caorle_Banner_Dintorni.jpg\",\"width\":2000,\"height\":400},{\"@type\":\"BreadcrumbList\",\"@id\":\"https:\/\/www.hotelserenacaorle.com\/pl\/sztuka-i-miasta\/#breadcrumb\",\"itemListElement\":[{\"@type\":\"ListItem\",\"position\":1,\"name\":\"Home\",\"item\":\"https:\/\/www.hotelserenacaorle.com\/pl\/\"},{\"@type\":\"ListItem\",\"position\":2,\"name\":\"Sztuka i miasta\"}]},{\"@type\":\"WebSite\",\"@id\":\"https:\/\/www.hotelserenacaorle.com\/pl\/#website\",\"url\":\"https:\/\/www.hotelserenacaorle.com\/pl\/\",\"name\":\"Hotel Serena\",\"description\":\"Morze Frontowe w Caorle\",\"publisher\":{\"@id\":\"https:\/\/www.hotelserenacaorle.com\/pl\/#organization\"},\"potentialAction\":[{\"@type\":\"SearchAction\",\"target\":{\"@type\":\"EntryPoint\",\"urlTemplate\":\"https:\/\/www.hotelserenacaorle.com\/pl\/?s={search_term_string}\"},\"query-input\":{\"@type\":\"PropertyValueSpecification\",\"valueRequired\":true,\"valueName\":\"search_term_string\"}}],\"inLanguage\":\"pl-PL\"},{\"@type\":\"Organization\",\"@id\":\"https:\/\/www.hotelserenacaorle.com\/pl\/#organization\",\"name\":\"Hotel Serena\",\"url\":\"https:\/\/www.hotelserenacaorle.com\/pl\/\",\"logo\":{\"@type\":\"ImageObject\",\"inLanguage\":\"pl-PL\",\"@id\":\"https:\/\/www.hotelserenacaorle.com\/pl\/#\/schema\/logo\/image\/\",\"url\":\"https:\/\/www.hotelserenacaorle.com\/wp-content\/uploads\/2020\/04\/Logo-orizz-original-white-1-1.png\",\"contentUrl\":\"https:\/\/www.hotelserenacaorle.com\/wp-content\/uploads\/2020\/04\/Logo-orizz-original-white-1-1.png\",\"width\":800,\"height\":150,\"caption\":\"Hotel Serena\"},\"image\":{\"@id\":\"https:\/\/www.hotelserenacaorle.com\/pl\/#\/schema\/logo\/image\/\"}}]}<\/script>\n<!-- \/ Yoast SEO plugin. -->","yoast_head_json":{"title":"Sztuka i miasta - Hotel Serena - Front morza w Caorle","description":"Odkryj miasta sztuki do odwiedzenia w pobli\u017cu Caorle. Wenecja, Treviso, Padwa dziedzictwo w\u0142oskiego pi\u0119kna i sztuki","robots":{"index":"index","follow":"follow","max-snippet":"max-snippet:-1","max-image-preview":"max-image-preview:large","max-video-preview":"max-video-preview:-1"},"canonical":"https:\/\/www.hotelserenacaorle.com\/pl\/sztuka-i-miasta\/","og_locale":"pl_PL","og_type":"article","og_title":"Sztuka i miasta - Hotel Serena - Front morza w Caorle","og_description":"Odkryj miasta sztuki do odwiedzenia w pobli\u017cu Caorle. Wenecja, Treviso, Padwa dziedzictwo w\u0142oskiego pi\u0119kna i sztuki","og_url":"https:\/\/www.hotelserenacaorle.com\/pl\/sztuka-i-miasta\/","og_site_name":"Hotel Serena","article_modified_time":"2020-05-22T10:23:07+00:00","og_image":[{"width":2000,"height":400,"url":"https:\/\/www.hotelserenacaorle.com\/wp-content\/uploads\/2020\/05\/Hotel_Serena_Caorle_Banner_Dintorni.jpg","type":"image\/jpeg"}],"twitter_card":"summary_large_image","twitter_misc":{"Szacowany czas czytania":"4 minuty"},"schema":{"@context":"https:\/\/schema.org","@graph":[{"@type":"WebPage","@id":"https:\/\/www.hotelserenacaorle.com\/pl\/sztuka-i-miasta\/","url":"https:\/\/www.hotelserenacaorle.com\/pl\/sztuka-i-miasta\/","name":"Sztuka i miasta - Hotel Serena - Front morza w Caorle","isPartOf":{"@id":"https:\/\/www.hotelserenacaorle.com\/pl\/#website"},"primaryImageOfPage":{"@id":"https:\/\/www.hotelserenacaorle.com\/pl\/sztuka-i-miasta\/#primaryimage"},"image":{"@id":"https:\/\/www.hotelserenacaorle.com\/pl\/sztuka-i-miasta\/#primaryimage"},"thumbnailUrl":"https:\/\/www.hotelserenacaorle.com\/wp-content\/uploads\/2020\/05\/Hotel_Serena_Caorle_Banner_Dintorni.jpg","datePublished":"2020-04-29T14:43:44+00:00","dateModified":"2020-05-22T10:23:07+00:00","description":"Odkryj miasta sztuki do odwiedzenia w pobli\u017cu Caorle. Wenecja, Treviso, Padwa dziedzictwo w\u0142oskiego pi\u0119kna i sztuki","breadcrumb":{"@id":"https:\/\/www.hotelserenacaorle.com\/pl\/sztuka-i-miasta\/#breadcrumb"},"inLanguage":"pl-PL","potentialAction":[{"@type":"ReadAction","target":["https:\/\/www.hotelserenacaorle.com\/pl\/sztuka-i-miasta\/"]}]},{"@type":"ImageObject","inLanguage":"pl-PL","@id":"https:\/\/www.hotelserenacaorle.com\/pl\/sztuka-i-miasta\/#primaryimage","url":"https:\/\/www.hotelserenacaorle.com\/wp-content\/uploads\/2020\/05\/Hotel_Serena_Caorle_Banner_Dintorni.jpg","contentUrl":"https:\/\/www.hotelserenacaorle.com\/wp-content\/uploads\/2020\/05\/Hotel_Serena_Caorle_Banner_Dintorni.jpg","width":2000,"height":400},{"@type":"BreadcrumbList","@id":"https:\/\/www.hotelserenacaorle.com\/pl\/sztuka-i-miasta\/#breadcrumb","itemListElement":[{"@type":"ListItem","position":1,"name":"Home","item":"https:\/\/www.hotelserenacaorle.com\/pl\/"},{"@type":"ListItem","position":2,"name":"Sztuka i miasta"}]},{"@type":"WebSite","@id":"https:\/\/www.hotelserenacaorle.com\/pl\/#website","url":"https:\/\/www.hotelserenacaorle.com\/pl\/","name":"Hotel Serena","description":"Morze Frontowe w Caorle","publisher":{"@id":"https:\/\/www.hotelserenacaorle.com\/pl\/#organization"},"potentialAction":[{"@type":"SearchAction","target":{"@type":"EntryPoint","urlTemplate":"https:\/\/www.hotelserenacaorle.com\/pl\/?s={search_term_string}"},"query-input":{"@type":"PropertyValueSpecification","valueRequired":true,"valueName":"search_term_string"}}],"inLanguage":"pl-PL"},{"@type":"Organization","@id":"https:\/\/www.hotelserenacaorle.com\/pl\/#organization","name":"Hotel Serena","url":"https:\/\/www.hotelserenacaorle.com\/pl\/","logo":{"@type":"ImageObject","inLanguage":"pl-PL","@id":"https:\/\/www.hotelserenacaorle.com\/pl\/#\/schema\/logo\/image\/","url":"https:\/\/www.hotelserenacaorle.com\/wp-content\/uploads\/2020\/04\/Logo-orizz-original-white-1-1.png","contentUrl":"https:\/\/www.hotelserenacaorle.com\/wp-content\/uploads\/2020\/04\/Logo-orizz-original-white-1-1.png","width":800,"height":150,"caption":"Hotel Serena"},"image":{"@id":"https:\/\/www.hotelserenacaorle.com\/pl\/#\/schema\/logo\/image\/"}}]}},"uagb_featured_image_src":{"full":["https:\/\/www.hotelserenacaorle.com\/wp-content\/uploads\/2020\/05\/Hotel_Serena_Caorle_Banner_Dintorni.jpg",2000,400,false],"thumbnail":["https:\/\/www.hotelserenacaorle.com\/wp-content\/uploads\/2020\/05\/Hotel_Serena_Caorle_Banner_Dintorni-150x150.jpg",150,150,true],"medium":["https:\/\/www.hotelserenacaorle.com\/wp-content\/uploads\/2020\/05\/Hotel_Serena_Caorle_Banner_Dintorni-300x60.jpg",300,60,true],"medium_large":["https:\/\/www.hotelserenacaorle.com\/wp-content\/uploads\/2020\/05\/Hotel_Serena_Caorle_Banner_Dintorni-768x154.jpg",580,116,true],"large":["https:\/\/www.hotelserenacaorle.com\/wp-content\/uploads\/2020\/05\/Hotel_Serena_Caorle_Banner_Dintorni-1024x205.jpg",580,116,true],"1536x1536":["https:\/\/www.hotelserenacaorle.com\/wp-content\/uploads\/2020\/05\/Hotel_Serena_Caorle_Banner_Dintorni-1536x307.jpg",1536,307,true],"2048x2048":["https:\/\/www.hotelserenacaorle.com\/wp-content\/uploads\/2020\/05\/Hotel_Serena_Caorle_Banner_Dintorni.jpg",2000,400,false],"post-thumbnail":["https:\/\/www.hotelserenacaorle.com\/wp-content\/uploads\/2020\/05\/Hotel_Serena_Caorle_Banner_Dintorni-1200x240.jpg",1200,240,true],"twentytwenty-fullscreen":["https:\/\/www.hotelserenacaorle.com\/wp-content\/uploads\/2020\/05\/Hotel_Serena_Caorle_Banner_Dintorni-1980x396.jpg",1980,396,true]},"uagb_author_info":{"display_name":"3r4cl3-p4l4","author_link":"https:\/\/www.hotelserenacaorle.com\/pl\/author\/3r4cl3-p4l4\/"},"uagb_comment_info":0,"uagb_excerpt":"Kr\u00f3lowa Adriatyku Wenecja Wenecja jest szczeg\u00f3lnie bogata w muzea i zabytkowe budynki o du\u017cej warto\u015bci artystycznej i kulturalnej. Jak dojecha\u0107 do Wenecji z Caorle Treviso to miasto, kt\u00f3re warto odwiedzi\u0107 o ka\u017cdej porze roku Treviso Treviso&nbsp;to miasto, kt\u00f3re warto odwiedzi\u0107 o ka\u017cdej porze roku, przemierzaj\u0105c wolnym spacerowym krokiem ka\u017cdy jego zak\u0105tek, aby da\u0107 si\u0119 oczarowa\u0107&hellip;","coauthors":[],"author_meta":{"author_link":"https:\/\/www.hotelserenacaorle.com\/pl\/author\/3r4cl3-p4l4\/","display_name":"3r4cl3-p4l4"},"relative_dates":{"created":"Posted 6 lat ago","modified":"Updated 6 lat ago"},"absolute_dates":{"created":"Posted on 29 kwietnia 2020","modified":"Updated on 22 maja 2020"},"absolute_dates_time":{"created":"Posted on 29 kwietnia 2020 16:43","modified":"Updated on 22 maja 2020 12:23"},"featured_img_caption":"","featured_img":"https:\/\/www.hotelserenacaorle.com\/wp-content\/uploads\/2020\/05\/Hotel_Serena_Caorle_Banner_Dintorni-1200x240.jpg","series_order":"","_links":{"self":[{"href":"https:\/\/www.hotelserenacaorle.com\/pl\/wp-json\/wp\/v2\/pages\/2628","targetHints":{"allow":["GET"]}}],"collection":[{"href":"https:\/\/www.hotelserenacaorle.com\/pl\/wp-json\/wp\/v2\/pages"}],"about":[{"href":"https:\/\/www.hotelserenacaorle.com\/pl\/wp-json\/wp\/v2\/types\/page"}],"author":[{"embeddable":true,"href":"https:\/\/www.hotelserenacaorle.com\/pl\/wp-json\/wp\/v2\/users\/1"}],"replies":[{"embeddable":true,"href":"https:\/\/www.hotelserenacaorle.com\/pl\/wp-json\/wp\/v2\/comments?post=2628"}],"version-history":[{"count":0,"href":"https:\/\/www.hotelserenacaorle.com\/pl\/wp-json\/wp\/v2\/pages\/2628\/revisions"}],"wp:featuredmedia":[{"embeddable":true,"href":"https:\/\/www.hotelserenacaorle.com\/pl\/wp-json\/wp\/v2\/media\/4038"}],"wp:attachment":[{"href":"https:\/\/www.hotelserenacaorle.com\/pl\/wp-json\/wp\/v2\/media?parent=2628"}],"curies":[{"name":"wp","href":"https:\/\/api.w.org\/{rel}","templated":true}]}}