{"id":2598,"date":"2020-04-29T17:11:45","date_gmt":"2020-04-29T15:11:45","guid":{"rendered":"https:\/\/serena.promoservicebeta.com\/?page_id=2598"},"modified":"2020-04-29T17:26:01","modified_gmt":"2020-04-29T15:26:01","slug":"i-casoni-di-caorle","status":"publish","type":"page","link":"https:\/\/www.hotelserenacaorle.com\/pl\/i-casoni-di-caorle\/","title":{"rendered":"Chaty w Caorle"},"content":{"rendered":"\n<div class=\"wp-block-group promo-int-1\"><div class=\"wp-block-group__inner-container is-layout-flow wp-block-group-is-layout-flow\">\n<h3 class=\"wp-block-heading\">Laguna w Caorle<\/h3>\n\n\n\n<p>Tzw.&nbsp;<strong>\u201c<\/strong><strong>cas\u00f3n<\/strong>\u201d, tj. specyficzna chata w Caorle, by\u0142a po\u0142o\u017cona w bezpiecznym miejscu, lekko ponad poziomem morza dla ochrony przed przyp\u0142ywami, i s\u0142u\u017cy\u0142a jako schronienie, dom, magazyn dla sieci i sprz\u0119tu rybackiego.<\/p>\n\n\n\n<p>Wci\u0105\u017c jest ich sporo na r\u00f3\u017cnych obszarach laguny, cz\u0119sto s\u0105 one odizolowane, aby lepiej wyr\u00f3\u017cnia\u0107 si\u0119 nad odcinkami laguny, gdzie odbywa si\u0119 po\u0142\u00f3w, ale tworz\u0105 tak\u017ce skupiska, jak w Falconeria lub na wyspie rybackiej, u zbiegu kana\u0142\u00f3w Palangon i Nicesolo, nazywanym tak\u017ce Canalon. Pierwsze zapisy \u015bwiadcz\u0105ce o istnieniu tych struktur pochodz\u0105 z II wieku naszej ery. Dzi\u015b nadal mo\u017cna zwiedza\u0107 niekt\u00f3re z tych rustykalnych budowli, kt\u00f3rych struktura oraz znajduj\u0105ce si\u0119 wewn\u0105trz przedmioty nawi\u0105zuj\u0105 do przesz\u0142o\u015bci. Chaty te posiadaj\u0105 dwa okna i drzwi wej\u015bciowe, oraz \u201e<strong>fogh\u00e8r<\/strong>\u201d w centralnej cz\u0119\u015bci, a ich pod\u0142oga jest z prostej ceg\u0142y lub ubitej ziemi. Do ich budowy u\u017cywano materia\u0142\u00f3w \u0142atwo dost\u0119pnych w okolicy, w szczeg\u00f3lno\u015bci trzcin\u0119 bagienn\u0105, wykorzystywan\u0105 w charakterze pokrycia.<\/p>\n<\/div><\/div>\n\n\n\n<div class=\"wp-block-group promo-int-2\"><div class=\"wp-block-group__inner-container is-layout-flow wp-block-group-is-layout-flow\">\n<figure class=\"wp-block-image size-large\"><img loading=\"lazy\" decoding=\"async\" width=\"1000\" height=\"670\" src=\"https:\/\/hotelserenacaorle.com\/wp-content\/uploads\/2020\/04\/Hotel_Serena_casoni_02.jpg\" alt=\"\" class=\"wp-image-2600\" srcset=\"https:\/\/www.hotelserenacaorle.com\/wp-content\/uploads\/2020\/04\/Hotel_Serena_casoni_02.jpg 1000w, https:\/\/www.hotelserenacaorle.com\/wp-content\/uploads\/2020\/04\/Hotel_Serena_casoni_02-300x201.jpg 300w, https:\/\/www.hotelserenacaorle.com\/wp-content\/uploads\/2020\/04\/Hotel_Serena_casoni_02-768x515.jpg 768w\" sizes=\"auto, (max-width: 1000px) 100vw, 1000px\" \/><\/figure>\n<\/div><\/div>\n\n\n\n<div class=\"wp-block-group promo-item-gallery\"><div class=\"wp-block-group__inner-container is-layout-flow wp-block-group-is-layout-flow\">\n<figure class=\"wp-block-gallery columns-2 is-cropped wp-block-gallery-2\"><ul class=\"blocks-gallery-grid\"><li class=\"blocks-gallery-item\"><figure><img loading=\"lazy\" decoding=\"async\" width=\"1000\" height=\"670\" src=\"https:\/\/hotelserenacaorle.com\/wp-content\/uploads\/2020\/04\/Hotel_Serena_casoni_01.jpg\" alt=\"\" data-id=\"2606\" data-full-url=\"https:\/\/hotelserenacaorle.com\/wp-content\/uploads\/2020\/04\/Hotel_Serena_casoni_01.jpg\" data-link=\"https:\/\/hotelserenacaorle.com\/it\/?attachment_id=2606\" class=\"wp-image-2606\" srcset=\"https:\/\/www.hotelserenacaorle.com\/wp-content\/uploads\/2020\/04\/Hotel_Serena_casoni_01.jpg 1000w, https:\/\/www.hotelserenacaorle.com\/wp-content\/uploads\/2020\/04\/Hotel_Serena_casoni_01-300x201.jpg 300w, https:\/\/www.hotelserenacaorle.com\/wp-content\/uploads\/2020\/04\/Hotel_Serena_casoni_01-768x515.jpg 768w\" sizes=\"auto, (max-width: 1000px) 100vw, 1000px\" \/><\/figure><\/li><li class=\"blocks-gallery-item\"><figure><img loading=\"lazy\" decoding=\"async\" width=\"1000\" height=\"670\" src=\"https:\/\/hotelserenacaorle.com\/wp-content\/uploads\/2020\/04\/Hotel_Serena_casoni_02.jpg\" alt=\"\" data-id=\"2600\" data-full-url=\"https:\/\/hotelserenacaorle.com\/wp-content\/uploads\/2020\/04\/Hotel_Serena_casoni_02.jpg\" data-link=\"https:\/\/hotelserenacaorle.com\/it\/?attachment_id=2600\" class=\"wp-image-2600 is-layout-flex wp-block-gallery-is-layout-flex\" srcset=\"https:\/\/www.hotelserenacaorle.com\/wp-content\/uploads\/2020\/04\/Hotel_Serena_casoni_02.jpg 1000w, https:\/\/www.hotelserenacaorle.com\/wp-content\/uploads\/2020\/04\/Hotel_Serena_casoni_02-300x201.jpg 300w, https:\/\/www.hotelserenacaorle.com\/wp-content\/uploads\/2020\/04\/Hotel_Serena_casoni_02-768x515.jpg 768w\" sizes=\"auto, (max-width: 1000px) 100vw, 1000px\" \/><\/figure><\/li><\/ul><\/figure>\n<\/div><\/div>\n","protected":false},"excerpt":{"rendered":"<p>Laguna w Caorle Tzw.&nbsp;\u201ccas\u00f3n\u201d, tj. specyficzna chata w Caorle, by\u0142a po\u0142o\u017cona w bezpiecznym miejscu, lekko ponad poziomem morza dla ochrony przed przyp\u0142ywami, i s\u0142u\u017cy\u0142a jako schronienie, dom, magazyn dla sieci i sprz\u0119tu rybackiego. Wci\u0105\u017c jest ich sporo na r\u00f3\u017cnych obszarach laguny, cz\u0119sto s\u0105 one odizolowane, aby lepiej wyr\u00f3\u017cnia\u0107 si\u0119 nad odcinkami laguny, gdzie odbywa si\u0119 [&hellip;]<\/p>\n","protected":false},"author":1,"featured_media":4074,"parent":0,"menu_order":0,"comment_status":"closed","ping_status":"closed","template":"","meta":{"_acf_changed":false,"_uag_custom_page_level_css":"","advgb_blocks_editor_width":"","advgb_blocks_columns_visual_guide":"","footnotes":""},"class_list":["post-2598","page","type-page","status-publish","has-post-thumbnail","hentry"],"acf":[],"yoast_head":"<!-- This site is optimized with the Yoast SEO plugin v25.7 - https:\/\/yoast.com\/wordpress\/plugins\/seo\/ -->\n<title>Chaty w Caorle - Hotel Serena - Nabrze\u017ce w Caorle<\/title>\n<meta name=\"description\" content=\"Tzw. \u201ccas\u00f3n\u201d, tj. specyficzna chata w Caorle, by\u0142a po\u0142o\u017cona w bezpiecznym miejscu, lekko ponad poziomem morza dla ochrony przed przyp\u0142ywami, i s\u0142u\u017cy\u0142a jako schronienie, dom, magazyn dla sieci i sprz\u0119tu rybackiego.\" \/>\n<meta name=\"robots\" content=\"index, follow, max-snippet:-1, max-image-preview:large, max-video-preview:-1\" \/>\n<link rel=\"canonical\" href=\"https:\/\/www.hotelserenacaorle.com\/pl\/i-casoni-di-caorle\/\" \/>\n<meta property=\"og:locale\" content=\"pl_PL\" \/>\n<meta property=\"og:type\" content=\"article\" \/>\n<meta property=\"og:title\" content=\"Chaty w Caorle - Hotel Serena - Nabrze\u017ce w Caorle\" \/>\n<meta property=\"og:description\" content=\"Tzw. \u201ccas\u00f3n\u201d, tj. specyficzna chata w Caorle, by\u0142a po\u0142o\u017cona w bezpiecznym miejscu, lekko ponad poziomem morza dla ochrony przed przyp\u0142ywami, i s\u0142u\u017cy\u0142a jako schronienie, dom, magazyn dla sieci i sprz\u0119tu rybackiego.\" \/>\n<meta property=\"og:url\" content=\"https:\/\/www.hotelserenacaorle.com\/pl\/i-casoni-di-caorle\/\" \/>\n<meta property=\"og:site_name\" content=\"Hotel Serena\" \/>\n<meta property=\"article:modified_time\" content=\"2020-04-29T15:26:01+00:00\" \/>\n<meta property=\"og:image\" content=\"https:\/\/www.hotelserenacaorle.com\/wp-content\/uploads\/2020\/05\/Hotel_Serena_Caorle_Banner_Casoni.jpg\" \/>\n\t<meta property=\"og:image:width\" content=\"2000\" \/>\n\t<meta property=\"og:image:height\" content=\"400\" \/>\n\t<meta property=\"og:image:type\" content=\"image\/jpeg\" \/>\n<meta name=\"twitter:card\" content=\"summary_large_image\" \/>\n<meta name=\"twitter:label1\" content=\"Szacowany czas czytania\" \/>\n\t<meta name=\"twitter:data1\" content=\"1 minuta\" \/>\n<script type=\"application\/ld+json\" class=\"yoast-schema-graph\">{\"@context\":\"https:\/\/schema.org\",\"@graph\":[{\"@type\":\"WebPage\",\"@id\":\"https:\/\/www.hotelserenacaorle.com\/pl\/i-casoni-di-caorle\/\",\"url\":\"https:\/\/www.hotelserenacaorle.com\/pl\/i-casoni-di-caorle\/\",\"name\":\"Chaty w Caorle - Hotel Serena - Nabrze\u017ce w Caorle\",\"isPartOf\":{\"@id\":\"https:\/\/www.hotelserenacaorle.com\/pl\/#website\"},\"primaryImageOfPage\":{\"@id\":\"https:\/\/www.hotelserenacaorle.com\/pl\/i-casoni-di-caorle\/#primaryimage\"},\"image\":{\"@id\":\"https:\/\/www.hotelserenacaorle.com\/pl\/i-casoni-di-caorle\/#primaryimage\"},\"thumbnailUrl\":\"https:\/\/www.hotelserenacaorle.com\/wp-content\/uploads\/2020\/05\/Hotel_Serena_Caorle_Banner_Casoni.jpg\",\"datePublished\":\"2020-04-29T15:11:45+00:00\",\"dateModified\":\"2020-04-29T15:26:01+00:00\",\"description\":\"Tzw. \u201ccas\u00f3n\u201d, tj. specyficzna chata w Caorle, by\u0142a po\u0142o\u017cona w bezpiecznym miejscu, lekko ponad poziomem morza dla ochrony przed przyp\u0142ywami, i s\u0142u\u017cy\u0142a jako schronienie, dom, magazyn dla sieci i sprz\u0119tu rybackiego.\",\"breadcrumb\":{\"@id\":\"https:\/\/www.hotelserenacaorle.com\/pl\/i-casoni-di-caorle\/#breadcrumb\"},\"inLanguage\":\"pl-PL\",\"potentialAction\":[{\"@type\":\"ReadAction\",\"target\":[\"https:\/\/www.hotelserenacaorle.com\/pl\/i-casoni-di-caorle\/\"]}]},{\"@type\":\"ImageObject\",\"inLanguage\":\"pl-PL\",\"@id\":\"https:\/\/www.hotelserenacaorle.com\/pl\/i-casoni-di-caorle\/#primaryimage\",\"url\":\"https:\/\/www.hotelserenacaorle.com\/wp-content\/uploads\/2020\/05\/Hotel_Serena_Caorle_Banner_Casoni.jpg\",\"contentUrl\":\"https:\/\/www.hotelserenacaorle.com\/wp-content\/uploads\/2020\/05\/Hotel_Serena_Caorle_Banner_Casoni.jpg\",\"width\":2000,\"height\":400},{\"@type\":\"BreadcrumbList\",\"@id\":\"https:\/\/www.hotelserenacaorle.com\/pl\/i-casoni-di-caorle\/#breadcrumb\",\"itemListElement\":[{\"@type\":\"ListItem\",\"position\":1,\"name\":\"Home\",\"item\":\"https:\/\/www.hotelserenacaorle.com\/pl\/\"},{\"@type\":\"ListItem\",\"position\":2,\"name\":\"Chaty w Caorle\"}]},{\"@type\":\"WebSite\",\"@id\":\"https:\/\/www.hotelserenacaorle.com\/pl\/#website\",\"url\":\"https:\/\/www.hotelserenacaorle.com\/pl\/\",\"name\":\"Hotel Serena\",\"description\":\"Morze Frontowe w Caorle\",\"publisher\":{\"@id\":\"https:\/\/www.hotelserenacaorle.com\/pl\/#organization\"},\"potentialAction\":[{\"@type\":\"SearchAction\",\"target\":{\"@type\":\"EntryPoint\",\"urlTemplate\":\"https:\/\/www.hotelserenacaorle.com\/pl\/?s={search_term_string}\"},\"query-input\":{\"@type\":\"PropertyValueSpecification\",\"valueRequired\":true,\"valueName\":\"search_term_string\"}}],\"inLanguage\":\"pl-PL\"},{\"@type\":\"Organization\",\"@id\":\"https:\/\/www.hotelserenacaorle.com\/pl\/#organization\",\"name\":\"Hotel Serena\",\"url\":\"https:\/\/www.hotelserenacaorle.com\/pl\/\",\"logo\":{\"@type\":\"ImageObject\",\"inLanguage\":\"pl-PL\",\"@id\":\"https:\/\/www.hotelserenacaorle.com\/pl\/#\/schema\/logo\/image\/\",\"url\":\"https:\/\/www.hotelserenacaorle.com\/wp-content\/uploads\/2020\/04\/Logo-orizz-original-white-1-1.png\",\"contentUrl\":\"https:\/\/www.hotelserenacaorle.com\/wp-content\/uploads\/2020\/04\/Logo-orizz-original-white-1-1.png\",\"width\":800,\"height\":150,\"caption\":\"Hotel Serena\"},\"image\":{\"@id\":\"https:\/\/www.hotelserenacaorle.com\/pl\/#\/schema\/logo\/image\/\"}}]}<\/script>\n<!-- \/ Yoast SEO plugin. -->","yoast_head_json":{"title":"Chaty w Caorle - Hotel Serena - Nabrze\u017ce w Caorle","description":"Tzw. \u201ccas\u00f3n\u201d, tj. specyficzna chata w Caorle, by\u0142a po\u0142o\u017cona w bezpiecznym miejscu, lekko ponad poziomem morza dla ochrony przed przyp\u0142ywami, i s\u0142u\u017cy\u0142a jako schronienie, dom, magazyn dla sieci i sprz\u0119tu rybackiego.","robots":{"index":"index","follow":"follow","max-snippet":"max-snippet:-1","max-image-preview":"max-image-preview:large","max-video-preview":"max-video-preview:-1"},"canonical":"https:\/\/www.hotelserenacaorle.com\/pl\/i-casoni-di-caorle\/","og_locale":"pl_PL","og_type":"article","og_title":"Chaty w Caorle - Hotel Serena - Nabrze\u017ce w Caorle","og_description":"Tzw. \u201ccas\u00f3n\u201d, tj. specyficzna chata w Caorle, by\u0142a po\u0142o\u017cona w bezpiecznym miejscu, lekko ponad poziomem morza dla ochrony przed przyp\u0142ywami, i s\u0142u\u017cy\u0142a jako schronienie, dom, magazyn dla sieci i sprz\u0119tu rybackiego.","og_url":"https:\/\/www.hotelserenacaorle.com\/pl\/i-casoni-di-caorle\/","og_site_name":"Hotel Serena","article_modified_time":"2020-04-29T15:26:01+00:00","og_image":[{"width":2000,"height":400,"url":"https:\/\/www.hotelserenacaorle.com\/wp-content\/uploads\/2020\/05\/Hotel_Serena_Caorle_Banner_Casoni.jpg","type":"image\/jpeg"}],"twitter_card":"summary_large_image","twitter_misc":{"Szacowany czas czytania":"1 minuta"},"schema":{"@context":"https:\/\/schema.org","@graph":[{"@type":"WebPage","@id":"https:\/\/www.hotelserenacaorle.com\/pl\/i-casoni-di-caorle\/","url":"https:\/\/www.hotelserenacaorle.com\/pl\/i-casoni-di-caorle\/","name":"Chaty w Caorle - Hotel Serena - Nabrze\u017ce w Caorle","isPartOf":{"@id":"https:\/\/www.hotelserenacaorle.com\/pl\/#website"},"primaryImageOfPage":{"@id":"https:\/\/www.hotelserenacaorle.com\/pl\/i-casoni-di-caorle\/#primaryimage"},"image":{"@id":"https:\/\/www.hotelserenacaorle.com\/pl\/i-casoni-di-caorle\/#primaryimage"},"thumbnailUrl":"https:\/\/www.hotelserenacaorle.com\/wp-content\/uploads\/2020\/05\/Hotel_Serena_Caorle_Banner_Casoni.jpg","datePublished":"2020-04-29T15:11:45+00:00","dateModified":"2020-04-29T15:26:01+00:00","description":"Tzw. \u201ccas\u00f3n\u201d, tj. specyficzna chata w Caorle, by\u0142a po\u0142o\u017cona w bezpiecznym miejscu, lekko ponad poziomem morza dla ochrony przed przyp\u0142ywami, i s\u0142u\u017cy\u0142a jako schronienie, dom, magazyn dla sieci i sprz\u0119tu rybackiego.","breadcrumb":{"@id":"https:\/\/www.hotelserenacaorle.com\/pl\/i-casoni-di-caorle\/#breadcrumb"},"inLanguage":"pl-PL","potentialAction":[{"@type":"ReadAction","target":["https:\/\/www.hotelserenacaorle.com\/pl\/i-casoni-di-caorle\/"]}]},{"@type":"ImageObject","inLanguage":"pl-PL","@id":"https:\/\/www.hotelserenacaorle.com\/pl\/i-casoni-di-caorle\/#primaryimage","url":"https:\/\/www.hotelserenacaorle.com\/wp-content\/uploads\/2020\/05\/Hotel_Serena_Caorle_Banner_Casoni.jpg","contentUrl":"https:\/\/www.hotelserenacaorle.com\/wp-content\/uploads\/2020\/05\/Hotel_Serena_Caorle_Banner_Casoni.jpg","width":2000,"height":400},{"@type":"BreadcrumbList","@id":"https:\/\/www.hotelserenacaorle.com\/pl\/i-casoni-di-caorle\/#breadcrumb","itemListElement":[{"@type":"ListItem","position":1,"name":"Home","item":"https:\/\/www.hotelserenacaorle.com\/pl\/"},{"@type":"ListItem","position":2,"name":"Chaty w Caorle"}]},{"@type":"WebSite","@id":"https:\/\/www.hotelserenacaorle.com\/pl\/#website","url":"https:\/\/www.hotelserenacaorle.com\/pl\/","name":"Hotel Serena","description":"Morze Frontowe w Caorle","publisher":{"@id":"https:\/\/www.hotelserenacaorle.com\/pl\/#organization"},"potentialAction":[{"@type":"SearchAction","target":{"@type":"EntryPoint","urlTemplate":"https:\/\/www.hotelserenacaorle.com\/pl\/?s={search_term_string}"},"query-input":{"@type":"PropertyValueSpecification","valueRequired":true,"valueName":"search_term_string"}}],"inLanguage":"pl-PL"},{"@type":"Organization","@id":"https:\/\/www.hotelserenacaorle.com\/pl\/#organization","name":"Hotel Serena","url":"https:\/\/www.hotelserenacaorle.com\/pl\/","logo":{"@type":"ImageObject","inLanguage":"pl-PL","@id":"https:\/\/www.hotelserenacaorle.com\/pl\/#\/schema\/logo\/image\/","url":"https:\/\/www.hotelserenacaorle.com\/wp-content\/uploads\/2020\/04\/Logo-orizz-original-white-1-1.png","contentUrl":"https:\/\/www.hotelserenacaorle.com\/wp-content\/uploads\/2020\/04\/Logo-orizz-original-white-1-1.png","width":800,"height":150,"caption":"Hotel Serena"},"image":{"@id":"https:\/\/www.hotelserenacaorle.com\/pl\/#\/schema\/logo\/image\/"}}]}},"uagb_featured_image_src":{"full":["https:\/\/www.hotelserenacaorle.com\/wp-content\/uploads\/2020\/05\/Hotel_Serena_Caorle_Banner_Casoni.jpg",2000,400,false],"thumbnail":["https:\/\/www.hotelserenacaorle.com\/wp-content\/uploads\/2020\/05\/Hotel_Serena_Caorle_Banner_Casoni-150x150.jpg",150,150,true],"medium":["https:\/\/www.hotelserenacaorle.com\/wp-content\/uploads\/2020\/05\/Hotel_Serena_Caorle_Banner_Casoni-300x60.jpg",300,60,true],"medium_large":["https:\/\/www.hotelserenacaorle.com\/wp-content\/uploads\/2020\/05\/Hotel_Serena_Caorle_Banner_Casoni-768x154.jpg",580,116,true],"large":["https:\/\/www.hotelserenacaorle.com\/wp-content\/uploads\/2020\/05\/Hotel_Serena_Caorle_Banner_Casoni-1024x205.jpg",580,116,true],"1536x1536":["https:\/\/www.hotelserenacaorle.com\/wp-content\/uploads\/2020\/05\/Hotel_Serena_Caorle_Banner_Casoni-1536x307.jpg",1536,307,true],"2048x2048":["https:\/\/www.hotelserenacaorle.com\/wp-content\/uploads\/2020\/05\/Hotel_Serena_Caorle_Banner_Casoni.jpg",2000,400,false],"post-thumbnail":["https:\/\/www.hotelserenacaorle.com\/wp-content\/uploads\/2020\/05\/Hotel_Serena_Caorle_Banner_Casoni-1200x240.jpg",1200,240,true],"twentytwenty-fullscreen":["https:\/\/www.hotelserenacaorle.com\/wp-content\/uploads\/2020\/05\/Hotel_Serena_Caorle_Banner_Casoni-1980x396.jpg",1980,396,true]},"uagb_author_info":{"display_name":"3r4cl3-p4l4","author_link":"https:\/\/www.hotelserenacaorle.com\/pl\/author\/3r4cl3-p4l4\/"},"uagb_comment_info":0,"uagb_excerpt":"Laguna w Caorle Tzw.&nbsp;\u201ccas\u00f3n\u201d, tj. specyficzna chata w Caorle, by\u0142a po\u0142o\u017cona w bezpiecznym miejscu, lekko ponad poziomem morza dla ochrony przed przyp\u0142ywami, i s\u0142u\u017cy\u0142a jako schronienie, dom, magazyn dla sieci i sprz\u0119tu rybackiego. Wci\u0105\u017c jest ich sporo na r\u00f3\u017cnych obszarach laguny, cz\u0119sto s\u0105 one odizolowane, aby lepiej wyr\u00f3\u017cnia\u0107 si\u0119 nad odcinkami laguny, gdzie odbywa si\u0119&hellip;","coauthors":[],"author_meta":{"author_link":"https:\/\/www.hotelserenacaorle.com\/pl\/author\/3r4cl3-p4l4\/","display_name":"3r4cl3-p4l4"},"relative_dates":{"created":"Posted 6 lat ago","modified":"Updated 6 lat ago"},"absolute_dates":{"created":"Posted on 29 kwietnia 2020","modified":"Updated on 29 kwietnia 2020"},"absolute_dates_time":{"created":"Posted on 29 kwietnia 2020 17:11","modified":"Updated on 29 kwietnia 2020 17:26"},"featured_img_caption":"","featured_img":"https:\/\/www.hotelserenacaorle.com\/wp-content\/uploads\/2020\/05\/Hotel_Serena_Caorle_Banner_Casoni-1200x240.jpg","series_order":"","_links":{"self":[{"href":"https:\/\/www.hotelserenacaorle.com\/pl\/wp-json\/wp\/v2\/pages\/2598","targetHints":{"allow":["GET"]}}],"collection":[{"href":"https:\/\/www.hotelserenacaorle.com\/pl\/wp-json\/wp\/v2\/pages"}],"about":[{"href":"https:\/\/www.hotelserenacaorle.com\/pl\/wp-json\/wp\/v2\/types\/page"}],"author":[{"embeddable":true,"href":"https:\/\/www.hotelserenacaorle.com\/pl\/wp-json\/wp\/v2\/users\/1"}],"replies":[{"embeddable":true,"href":"https:\/\/www.hotelserenacaorle.com\/pl\/wp-json\/wp\/v2\/comments?post=2598"}],"version-history":[{"count":0,"href":"https:\/\/www.hotelserenacaorle.com\/pl\/wp-json\/wp\/v2\/pages\/2598\/revisions"}],"wp:featuredmedia":[{"embeddable":true,"href":"https:\/\/www.hotelserenacaorle.com\/pl\/wp-json\/wp\/v2\/media\/4074"}],"wp:attachment":[{"href":"https:\/\/www.hotelserenacaorle.com\/pl\/wp-json\/wp\/v2\/media?parent=2598"}],"curies":[{"name":"wp","href":"https:\/\/api.w.org\/{rel}","templated":true}]}}