{"id":2565,"date":"2020-04-29T17:44:56","date_gmt":"2020-04-29T15:44:56","guid":{"rendered":"https:\/\/serena.promoservicebeta.com\/?page_id=2565"},"modified":"2020-04-29T17:46:47","modified_gmt":"2020-04-29T15:46:47","slug":"le-spiagge-di-caorle","status":"publish","type":"page","link":"https:\/\/www.hotelserenacaorle.com\/pl\/le-spiagge-di-caorle\/","title":{"rendered":"Pla\u017ce w Caorle"},"content":{"rendered":"\n<div class=\"wp-block-group promo-int-1\"><div class=\"wp-block-group__inner-container is-layout-flow wp-block-group-is-layout-flow\">\n<p>Wybrze\u017ce w Caorle rozci\u0105ga si\u0119 na d\u0142ugo\u015bci ponad 15 km i biegnie przez r\u00f3\u017cne odcinki miasteczka, takie jak&nbsp;<strong>Porto Santa Margherita<\/strong>,&nbsp;<strong>Lido Altanea<\/strong>&nbsp;i&nbsp;<strong>Duna Verde<\/strong>. Ten d\u0142ugi pas pla\u017cy charakteryzuje si\u0119 drobnym z\u0142otym piaskiem oraz morzem z krystalicznie czyst\u0105 wod\u0105 o niskim i obni\u017caj\u0105cym si\u0119 delikatnie dnem morskim.<\/p>\n\n\n\n<p>Prawie ca\u0142e wybrze\u017ce to k\u0105pieliska, kt\u00f3re zapewniaj\u0105 najwy\u017cszy komfort wypoczynku dla turyst\u00f3w na wakacjach. S\u0105 one wyposa\u017cone w parasole, le\u017caki, prysznice, kabiny, strefy zabaw dla dzieci, us\u0142ugi animacji. Zagwarantowana jest tak\u017ce obecno\u015b\u0107 ratownik\u00f3w, pierwsza pomoc, bar przek\u0105skowy, wypo\u017cyczalnia rower\u00f3w wodnych oraz kajak\u00f3w.<\/p>\n\n\n\n<p>D\u0142ugi piaszczysty brzeg morski wij\u0105cy si\u0119 r\u00f3wnolegle do pla\u017cy stanowi idealne rozwi\u0105zaniem dla mi\u0142o\u015bnik\u00f3w biegania oraz regeneruj\u0105cych spacer\u00f3w o \u015bwicie lub o zachodzie s\u0142o\u0144ca.<\/p>\n\n\n\n<p>W niekt\u00f3rych miejscach wyst\u0119puj\u0105 odcinki pla\u017cy powszechnie dost\u0119pnej, na kt\u00f3re mo\u017cna zabra\u0107 w\u0142asny parasol lub zestaw pla\u017cowy, aby m\u00f3c si\u0119 nacieszy\u0107 regeneruj\u0105cym dniem sp\u0119dzonym na pla\u017cy w pe\u0142ni niezale\u017cnie<\/p>\n<\/div><\/div>\n\n\n\n<div class=\"wp-block-group promo-int-2\"><div class=\"wp-block-group__inner-container is-layout-flow wp-block-group-is-layout-flow\">\n<figure class=\"wp-block-image size-large\"><img loading=\"lazy\" decoding=\"async\" width=\"1000\" height=\"670\" src=\"https:\/\/hotelserenacaorle.com\/wp-content\/uploads\/2020\/04\/Hotel_Serena_caorle_011.jpg\" alt=\"\" class=\"wp-image-2580\" srcset=\"https:\/\/www.hotelserenacaorle.com\/wp-content\/uploads\/2020\/04\/Hotel_Serena_caorle_011.jpg 1000w, https:\/\/www.hotelserenacaorle.com\/wp-content\/uploads\/2020\/04\/Hotel_Serena_caorle_011-300x201.jpg 300w, https:\/\/www.hotelserenacaorle.com\/wp-content\/uploads\/2020\/04\/Hotel_Serena_caorle_011-768x515.jpg 768w\" sizes=\"auto, (max-width: 1000px) 100vw, 1000px\" \/><\/figure>\n<\/div><\/div>\n\n\n\n<div class=\"wp-block-group promo-int-3\"><div class=\"wp-block-group__inner-container is-layout-flow wp-block-group-is-layout-flow\">\n<figure class=\"wp-block-image size-large\"><img loading=\"lazy\" decoding=\"async\" width=\"1000\" height=\"670\" src=\"https:\/\/hotelserenacaorle.com\/wp-content\/uploads\/2020\/04\/Hotel_Serena_caorle_02.jpg\" alt=\"\" class=\"wp-image-2586\" srcset=\"https:\/\/www.hotelserenacaorle.com\/wp-content\/uploads\/2020\/04\/Hotel_Serena_caorle_02.jpg 1000w, https:\/\/www.hotelserenacaorle.com\/wp-content\/uploads\/2020\/04\/Hotel_Serena_caorle_02-300x201.jpg 300w, https:\/\/www.hotelserenacaorle.com\/wp-content\/uploads\/2020\/04\/Hotel_Serena_caorle_02-768x515.jpg 768w\" sizes=\"auto, (max-width: 1000px) 100vw, 1000px\" \/><\/figure>\n<\/div><\/div>\n\n\n\n<div class=\"wp-block-group promo-int-4\"><div class=\"wp-block-group__inner-container is-layout-flow wp-block-group-is-layout-flow\">\n<h3 class=\"wp-block-heading\">Historia i ciekawostki<\/h3>\n\n\n\n<p>Po okresie drugiej wojny \u015bwiatowej, podczas kt\u00f3rej gospodarka miasta, oparta g\u0142\u00f3wnie na rybo\u0142\u00f3wstwie, powa\u017cnie wyhamowa\u0142a, to w\u0142a\u015bnie dzi\u0119ki morzu miasto Caorle by\u0142o w stanie ponownie j\u0105 o\u017cywi\u0107, osi\u0105gaj\u0105c znaczny wzrost liczby turyst\u00f3w i zwi\u0105zane z tym licz\u0105ce si\u0119 dochody finansowe. Strefa k\u0105pieliskowa rozci\u0105ga si\u0119 przez ponad 15 km wzd\u0142u\u017c wybrze\u017ca Adriatyku i zapewnia turystom, dzi\u0119ki r\u00f3\u017cnym i dobrze wyposa\u017conym hotelom, niezapomniane wakacje: wypoczynek, komfort oraz urozmaicone programy rozrywkowe.<\/p>\n\n\n\n<p>Przemiana ta mia\u0142a miejsce oko\u0142o roku 1911 wraz z inauguracj\u0105 pierwszego hotelu i trwa po dzi\u015b dzie\u0144, czego dowodem jest oko\u0142o 200 hoteli, mn\u00f3stwo kemping\u00f3w, wiosek turystycznych, najwy\u017cszej jako\u015bci resort\u00f3w i wielu innych obiekt\u00f3w turystycznych wzd\u0142u\u017c ca\u0142ego wybrze\u017ca regionu Veneto.<\/p>\n\n\n\n<p>A zwie\u0144czeniem tego wyj\u0105tkowego przedsi\u0119wzi\u0119cia jest \u0142agodne i zachwycaj\u0105ce morze, kt\u00f3re, zdaniem wielu, stanowi najpi\u0119kniejsze i najbardziej urzekaj\u0105ce akwen morski w ca\u0142ym regionie Veneto.<\/p>\n\n\n\n<p>Caorle mo\u017ce si\u0119 zatem poszczyci\u0107 niesamowitym dziedzictwem, kt\u00f3re jest dostrzegalne w ka\u017cdym zak\u0105tku i we wszystkich obiektach na jego obszarze, co przyczynia si\u0119 do tego, \u017ce miasto to stanowi szczeg\u00f3lne spotkanie kultury, magii i zabawy.<\/p>\n\n\n\n<p>Stanowi zatem cenne i niepowtarzalne miejsce do odkrycia, staj\u0105c si\u0119 tym samym jednym z wa\u017cniejszych miejsc na p\u00f3\u0142nocnym wschodzie W\u0142och, kt\u00f3re warto odwiedzi\u0107 w poszukiwaniu subtelnej przyjemno\u015b\u0107 p\u0142yn\u0105cej z kontaktu ze sztuk\u0105.<\/p>\n<\/div><\/div>\n","protected":false},"excerpt":{"rendered":"<p>Wybrze\u017ce w Caorle rozci\u0105ga si\u0119 na d\u0142ugo\u015bci ponad 15 km i biegnie przez r\u00f3\u017cne odcinki miasteczka, takie jak&nbsp;Porto Santa Margherita,&nbsp;Lido Altanea&nbsp;i&nbsp;Duna Verde. Ten d\u0142ugi pas pla\u017cy charakteryzuje si\u0119 drobnym z\u0142otym piaskiem oraz morzem z krystalicznie czyst\u0105 wod\u0105 o niskim i obni\u017caj\u0105cym si\u0119 delikatnie dnem morskim. Prawie ca\u0142e wybrze\u017ce to k\u0105pieliska, kt\u00f3re zapewniaj\u0105 najwy\u017cszy komfort wypoczynku [&hellip;]<\/p>\n","protected":false},"author":1,"featured_media":4089,"parent":0,"menu_order":0,"comment_status":"closed","ping_status":"closed","template":"","meta":{"_acf_changed":false,"_uag_custom_page_level_css":"","advgb_blocks_editor_width":"","advgb_blocks_columns_visual_guide":"","footnotes":""},"class_list":["post-2565","page","type-page","status-publish","has-post-thumbnail","hentry"],"acf":[],"yoast_head":"<!-- This site is optimized with the Yoast SEO plugin v25.7 - https:\/\/yoast.com\/wordpress\/plugins\/seo\/ -->\n<title>Pla\u017ce w Caorle - Hotel Serena - Fronte mare a Caorle<\/title>\n<meta name=\"description\" content=\"Wybrze\u017ce w Caorle rozci\u0105ga si\u0119 na d\u0142ugo\u015bci ponad 15 km i biegnie przez r\u00f3\u017cne odcinki miasteczka, takie jak Porto Santa Margherita, Lido Altanea i Duna Verde.\" \/>\n<meta name=\"robots\" content=\"index, follow, max-snippet:-1, max-image-preview:large, max-video-preview:-1\" \/>\n<link rel=\"canonical\" href=\"https:\/\/www.hotelserenacaorle.com\/pl\/le-spiagge-di-caorle\/\" \/>\n<meta property=\"og:locale\" content=\"pl_PL\" \/>\n<meta property=\"og:type\" content=\"article\" \/>\n<meta property=\"og:title\" content=\"Pla\u017ce w Caorle - Hotel Serena - Fronte mare a Caorle\" \/>\n<meta property=\"og:description\" content=\"Wybrze\u017ce w Caorle rozci\u0105ga si\u0119 na d\u0142ugo\u015bci ponad 15 km i biegnie przez r\u00f3\u017cne odcinki miasteczka, takie jak Porto Santa Margherita, Lido Altanea i Duna Verde.\" \/>\n<meta property=\"og:url\" content=\"https:\/\/www.hotelserenacaorle.com\/pl\/le-spiagge-di-caorle\/\" \/>\n<meta property=\"og:site_name\" content=\"Hotel Serena\" \/>\n<meta property=\"article:modified_time\" content=\"2020-04-29T15:46:47+00:00\" \/>\n<meta property=\"og:image\" content=\"https:\/\/www.hotelserenacaorle.com\/wp-content\/uploads\/2020\/05\/Hotel_Serena_Caorle_Banner_Spiaggia.jpg\" \/>\n\t<meta property=\"og:image:width\" content=\"2000\" \/>\n\t<meta property=\"og:image:height\" content=\"400\" \/>\n\t<meta property=\"og:image:type\" content=\"image\/jpeg\" \/>\n<meta name=\"twitter:card\" content=\"summary_large_image\" \/>\n<meta name=\"twitter:label1\" content=\"Szacowany czas czytania\" \/>\n\t<meta name=\"twitter:data1\" content=\"2 minuty\" \/>\n<script type=\"application\/ld+json\" class=\"yoast-schema-graph\">{\"@context\":\"https:\/\/schema.org\",\"@graph\":[{\"@type\":\"WebPage\",\"@id\":\"https:\/\/www.hotelserenacaorle.com\/pl\/le-spiagge-di-caorle\/\",\"url\":\"https:\/\/www.hotelserenacaorle.com\/pl\/le-spiagge-di-caorle\/\",\"name\":\"Pla\u017ce w Caorle - Hotel Serena - Fronte mare a Caorle\",\"isPartOf\":{\"@id\":\"https:\/\/www.hotelserenacaorle.com\/pl\/#website\"},\"primaryImageOfPage\":{\"@id\":\"https:\/\/www.hotelserenacaorle.com\/pl\/le-spiagge-di-caorle\/#primaryimage\"},\"image\":{\"@id\":\"https:\/\/www.hotelserenacaorle.com\/pl\/le-spiagge-di-caorle\/#primaryimage\"},\"thumbnailUrl\":\"https:\/\/www.hotelserenacaorle.com\/wp-content\/uploads\/2020\/05\/Hotel_Serena_Caorle_Banner_Spiaggia.jpg\",\"datePublished\":\"2020-04-29T15:44:56+00:00\",\"dateModified\":\"2020-04-29T15:46:47+00:00\",\"description\":\"Wybrze\u017ce w Caorle rozci\u0105ga si\u0119 na d\u0142ugo\u015bci ponad 15 km i biegnie przez r\u00f3\u017cne odcinki miasteczka, takie jak Porto Santa Margherita, Lido Altanea i Duna Verde.\",\"breadcrumb\":{\"@id\":\"https:\/\/www.hotelserenacaorle.com\/pl\/le-spiagge-di-caorle\/#breadcrumb\"},\"inLanguage\":\"pl-PL\",\"potentialAction\":[{\"@type\":\"ReadAction\",\"target\":[\"https:\/\/www.hotelserenacaorle.com\/pl\/le-spiagge-di-caorle\/\"]}]},{\"@type\":\"ImageObject\",\"inLanguage\":\"pl-PL\",\"@id\":\"https:\/\/www.hotelserenacaorle.com\/pl\/le-spiagge-di-caorle\/#primaryimage\",\"url\":\"https:\/\/www.hotelserenacaorle.com\/wp-content\/uploads\/2020\/05\/Hotel_Serena_Caorle_Banner_Spiaggia.jpg\",\"contentUrl\":\"https:\/\/www.hotelserenacaorle.com\/wp-content\/uploads\/2020\/05\/Hotel_Serena_Caorle_Banner_Spiaggia.jpg\",\"width\":2000,\"height\":400},{\"@type\":\"BreadcrumbList\",\"@id\":\"https:\/\/www.hotelserenacaorle.com\/pl\/le-spiagge-di-caorle\/#breadcrumb\",\"itemListElement\":[{\"@type\":\"ListItem\",\"position\":1,\"name\":\"Home\",\"item\":\"https:\/\/www.hotelserenacaorle.com\/pl\/\"},{\"@type\":\"ListItem\",\"position\":2,\"name\":\"Pla\u017ce w Caorle\"}]},{\"@type\":\"WebSite\",\"@id\":\"https:\/\/www.hotelserenacaorle.com\/pl\/#website\",\"url\":\"https:\/\/www.hotelserenacaorle.com\/pl\/\",\"name\":\"Hotel Serena\",\"description\":\"Morze Frontowe w Caorle\",\"publisher\":{\"@id\":\"https:\/\/www.hotelserenacaorle.com\/pl\/#organization\"},\"potentialAction\":[{\"@type\":\"SearchAction\",\"target\":{\"@type\":\"EntryPoint\",\"urlTemplate\":\"https:\/\/www.hotelserenacaorle.com\/pl\/?s={search_term_string}\"},\"query-input\":{\"@type\":\"PropertyValueSpecification\",\"valueRequired\":true,\"valueName\":\"search_term_string\"}}],\"inLanguage\":\"pl-PL\"},{\"@type\":\"Organization\",\"@id\":\"https:\/\/www.hotelserenacaorle.com\/pl\/#organization\",\"name\":\"Hotel Serena\",\"url\":\"https:\/\/www.hotelserenacaorle.com\/pl\/\",\"logo\":{\"@type\":\"ImageObject\",\"inLanguage\":\"pl-PL\",\"@id\":\"https:\/\/www.hotelserenacaorle.com\/pl\/#\/schema\/logo\/image\/\",\"url\":\"https:\/\/www.hotelserenacaorle.com\/wp-content\/uploads\/2020\/04\/Logo-orizz-original-white-1-1.png\",\"contentUrl\":\"https:\/\/www.hotelserenacaorle.com\/wp-content\/uploads\/2020\/04\/Logo-orizz-original-white-1-1.png\",\"width\":800,\"height\":150,\"caption\":\"Hotel Serena\"},\"image\":{\"@id\":\"https:\/\/www.hotelserenacaorle.com\/pl\/#\/schema\/logo\/image\/\"}}]}<\/script>\n<!-- \/ Yoast SEO plugin. -->","yoast_head_json":{"title":"Pla\u017ce w Caorle - Hotel Serena - Fronte mare a Caorle","description":"Wybrze\u017ce w Caorle rozci\u0105ga si\u0119 na d\u0142ugo\u015bci ponad 15 km i biegnie przez r\u00f3\u017cne odcinki miasteczka, takie jak Porto Santa Margherita, Lido Altanea i Duna Verde.","robots":{"index":"index","follow":"follow","max-snippet":"max-snippet:-1","max-image-preview":"max-image-preview:large","max-video-preview":"max-video-preview:-1"},"canonical":"https:\/\/www.hotelserenacaorle.com\/pl\/le-spiagge-di-caorle\/","og_locale":"pl_PL","og_type":"article","og_title":"Pla\u017ce w Caorle - Hotel Serena - Fronte mare a Caorle","og_description":"Wybrze\u017ce w Caorle rozci\u0105ga si\u0119 na d\u0142ugo\u015bci ponad 15 km i biegnie przez r\u00f3\u017cne odcinki miasteczka, takie jak Porto Santa Margherita, Lido Altanea i Duna Verde.","og_url":"https:\/\/www.hotelserenacaorle.com\/pl\/le-spiagge-di-caorle\/","og_site_name":"Hotel Serena","article_modified_time":"2020-04-29T15:46:47+00:00","og_image":[{"width":2000,"height":400,"url":"https:\/\/www.hotelserenacaorle.com\/wp-content\/uploads\/2020\/05\/Hotel_Serena_Caorle_Banner_Spiaggia.jpg","type":"image\/jpeg"}],"twitter_card":"summary_large_image","twitter_misc":{"Szacowany czas czytania":"2 minuty"},"schema":{"@context":"https:\/\/schema.org","@graph":[{"@type":"WebPage","@id":"https:\/\/www.hotelserenacaorle.com\/pl\/le-spiagge-di-caorle\/","url":"https:\/\/www.hotelserenacaorle.com\/pl\/le-spiagge-di-caorle\/","name":"Pla\u017ce w Caorle - Hotel Serena - Fronte mare a Caorle","isPartOf":{"@id":"https:\/\/www.hotelserenacaorle.com\/pl\/#website"},"primaryImageOfPage":{"@id":"https:\/\/www.hotelserenacaorle.com\/pl\/le-spiagge-di-caorle\/#primaryimage"},"image":{"@id":"https:\/\/www.hotelserenacaorle.com\/pl\/le-spiagge-di-caorle\/#primaryimage"},"thumbnailUrl":"https:\/\/www.hotelserenacaorle.com\/wp-content\/uploads\/2020\/05\/Hotel_Serena_Caorle_Banner_Spiaggia.jpg","datePublished":"2020-04-29T15:44:56+00:00","dateModified":"2020-04-29T15:46:47+00:00","description":"Wybrze\u017ce w Caorle rozci\u0105ga si\u0119 na d\u0142ugo\u015bci ponad 15 km i biegnie przez r\u00f3\u017cne odcinki miasteczka, takie jak Porto Santa Margherita, Lido Altanea i Duna Verde.","breadcrumb":{"@id":"https:\/\/www.hotelserenacaorle.com\/pl\/le-spiagge-di-caorle\/#breadcrumb"},"inLanguage":"pl-PL","potentialAction":[{"@type":"ReadAction","target":["https:\/\/www.hotelserenacaorle.com\/pl\/le-spiagge-di-caorle\/"]}]},{"@type":"ImageObject","inLanguage":"pl-PL","@id":"https:\/\/www.hotelserenacaorle.com\/pl\/le-spiagge-di-caorle\/#primaryimage","url":"https:\/\/www.hotelserenacaorle.com\/wp-content\/uploads\/2020\/05\/Hotel_Serena_Caorle_Banner_Spiaggia.jpg","contentUrl":"https:\/\/www.hotelserenacaorle.com\/wp-content\/uploads\/2020\/05\/Hotel_Serena_Caorle_Banner_Spiaggia.jpg","width":2000,"height":400},{"@type":"BreadcrumbList","@id":"https:\/\/www.hotelserenacaorle.com\/pl\/le-spiagge-di-caorle\/#breadcrumb","itemListElement":[{"@type":"ListItem","position":1,"name":"Home","item":"https:\/\/www.hotelserenacaorle.com\/pl\/"},{"@type":"ListItem","position":2,"name":"Pla\u017ce w Caorle"}]},{"@type":"WebSite","@id":"https:\/\/www.hotelserenacaorle.com\/pl\/#website","url":"https:\/\/www.hotelserenacaorle.com\/pl\/","name":"Hotel Serena","description":"Morze Frontowe w Caorle","publisher":{"@id":"https:\/\/www.hotelserenacaorle.com\/pl\/#organization"},"potentialAction":[{"@type":"SearchAction","target":{"@type":"EntryPoint","urlTemplate":"https:\/\/www.hotelserenacaorle.com\/pl\/?s={search_term_string}"},"query-input":{"@type":"PropertyValueSpecification","valueRequired":true,"valueName":"search_term_string"}}],"inLanguage":"pl-PL"},{"@type":"Organization","@id":"https:\/\/www.hotelserenacaorle.com\/pl\/#organization","name":"Hotel Serena","url":"https:\/\/www.hotelserenacaorle.com\/pl\/","logo":{"@type":"ImageObject","inLanguage":"pl-PL","@id":"https:\/\/www.hotelserenacaorle.com\/pl\/#\/schema\/logo\/image\/","url":"https:\/\/www.hotelserenacaorle.com\/wp-content\/uploads\/2020\/04\/Logo-orizz-original-white-1-1.png","contentUrl":"https:\/\/www.hotelserenacaorle.com\/wp-content\/uploads\/2020\/04\/Logo-orizz-original-white-1-1.png","width":800,"height":150,"caption":"Hotel Serena"},"image":{"@id":"https:\/\/www.hotelserenacaorle.com\/pl\/#\/schema\/logo\/image\/"}}]}},"uagb_featured_image_src":{"full":["https:\/\/www.hotelserenacaorle.com\/wp-content\/uploads\/2020\/05\/Hotel_Serena_Caorle_Banner_Spiaggia.jpg",2000,400,false],"thumbnail":["https:\/\/www.hotelserenacaorle.com\/wp-content\/uploads\/2020\/05\/Hotel_Serena_Caorle_Banner_Spiaggia-150x150.jpg",150,150,true],"medium":["https:\/\/www.hotelserenacaorle.com\/wp-content\/uploads\/2020\/05\/Hotel_Serena_Caorle_Banner_Spiaggia-300x60.jpg",300,60,true],"medium_large":["https:\/\/www.hotelserenacaorle.com\/wp-content\/uploads\/2020\/05\/Hotel_Serena_Caorle_Banner_Spiaggia-768x154.jpg",580,116,true],"large":["https:\/\/www.hotelserenacaorle.com\/wp-content\/uploads\/2020\/05\/Hotel_Serena_Caorle_Banner_Spiaggia-1024x205.jpg",580,116,true],"1536x1536":["https:\/\/www.hotelserenacaorle.com\/wp-content\/uploads\/2020\/05\/Hotel_Serena_Caorle_Banner_Spiaggia-1536x307.jpg",1536,307,true],"2048x2048":["https:\/\/www.hotelserenacaorle.com\/wp-content\/uploads\/2020\/05\/Hotel_Serena_Caorle_Banner_Spiaggia.jpg",2000,400,false],"post-thumbnail":["https:\/\/www.hotelserenacaorle.com\/wp-content\/uploads\/2020\/05\/Hotel_Serena_Caorle_Banner_Spiaggia-1200x240.jpg",1200,240,true],"twentytwenty-fullscreen":["https:\/\/www.hotelserenacaorle.com\/wp-content\/uploads\/2020\/05\/Hotel_Serena_Caorle_Banner_Spiaggia-1980x396.jpg",1980,396,true]},"uagb_author_info":{"display_name":"3r4cl3-p4l4","author_link":"https:\/\/www.hotelserenacaorle.com\/pl\/author\/3r4cl3-p4l4\/"},"uagb_comment_info":0,"uagb_excerpt":"Wybrze\u017ce w Caorle rozci\u0105ga si\u0119 na d\u0142ugo\u015bci ponad 15 km i biegnie przez r\u00f3\u017cne odcinki miasteczka, takie jak&nbsp;Porto Santa Margherita,&nbsp;Lido Altanea&nbsp;i&nbsp;Duna Verde. Ten d\u0142ugi pas pla\u017cy charakteryzuje si\u0119 drobnym z\u0142otym piaskiem oraz morzem z krystalicznie czyst\u0105 wod\u0105 o niskim i obni\u017caj\u0105cym si\u0119 delikatnie dnem morskim. Prawie ca\u0142e wybrze\u017ce to k\u0105pieliska, kt\u00f3re zapewniaj\u0105 najwy\u017cszy komfort wypoczynku&hellip;","coauthors":[],"author_meta":{"author_link":"https:\/\/www.hotelserenacaorle.com\/pl\/author\/3r4cl3-p4l4\/","display_name":"3r4cl3-p4l4"},"relative_dates":{"created":"Posted 6 lat ago","modified":"Updated 6 lat ago"},"absolute_dates":{"created":"Posted on 29 kwietnia 2020","modified":"Updated on 29 kwietnia 2020"},"absolute_dates_time":{"created":"Posted on 29 kwietnia 2020 17:44","modified":"Updated on 29 kwietnia 2020 17:46"},"featured_img_caption":"","featured_img":"https:\/\/www.hotelserenacaorle.com\/wp-content\/uploads\/2020\/05\/Hotel_Serena_Caorle_Banner_Spiaggia-1200x240.jpg","series_order":"","_links":{"self":[{"href":"https:\/\/www.hotelserenacaorle.com\/pl\/wp-json\/wp\/v2\/pages\/2565","targetHints":{"allow":["GET"]}}],"collection":[{"href":"https:\/\/www.hotelserenacaorle.com\/pl\/wp-json\/wp\/v2\/pages"}],"about":[{"href":"https:\/\/www.hotelserenacaorle.com\/pl\/wp-json\/wp\/v2\/types\/page"}],"author":[{"embeddable":true,"href":"https:\/\/www.hotelserenacaorle.com\/pl\/wp-json\/wp\/v2\/users\/1"}],"replies":[{"embeddable":true,"href":"https:\/\/www.hotelserenacaorle.com\/pl\/wp-json\/wp\/v2\/comments?post=2565"}],"version-history":[{"count":0,"href":"https:\/\/www.hotelserenacaorle.com\/pl\/wp-json\/wp\/v2\/pages\/2565\/revisions"}],"wp:featuredmedia":[{"embeddable":true,"href":"https:\/\/www.hotelserenacaorle.com\/pl\/wp-json\/wp\/v2\/media\/4089"}],"wp:attachment":[{"href":"https:\/\/www.hotelserenacaorle.com\/pl\/wp-json\/wp\/v2\/media?parent=2565"}],"curies":[{"name":"wp","href":"https:\/\/api.w.org\/{rel}","templated":true}]}}