{"id":1995,"date":"2020-04-24T15:31:49","date_gmt":"2020-04-24T13:31:49","guid":{"rendered":"https:\/\/serena.promoservicebeta.com\/?page_id=1995"},"modified":"2020-04-30T14:00:49","modified_gmt":"2020-04-30T12:00:49","slug":"hotel-garni-serena","status":"publish","type":"page","link":"https:\/\/www.hotelserenacaorle.com\/pl\/hotel-garni-serena\/","title":{"rendered":"Hotel Serena"},"content":{"rendered":"\n<div style=\"height:40px\" aria-hidden=\"true\" class=\"wp-block-spacer\"><\/div>\n\n\n\n<div class=\"wp-block-group promo-int-1\"><div class=\"wp-block-group__inner-container is-layout-flow wp-block-group-is-layout-flow\">\n<h3 class=\"wp-block-heading\">Cieszymy si\u0119, \u017ce jeste\u015b naszym go\u015bciem<\/h3>\n\n\n\n<h2 class=\"wp-block-heading\">Hotel Serena z widokiem na morze w Caorle<\/h2>\n\n\n\n<p>Hotel Serena wznosi si\u0119 przy morzu w sercu pi\u0119knej pla\u017cy wschodniej Levante oferuj\u0105c go\u015bciom wakacje pe\u0142ne relaksu i zabawy. <\/p>\n\n\n\n<p>Jest to nowoczesny i komfortowy budynek z <strong>54 pokojami<\/strong>, wyposa\u017conymi w klimatyzacj\u0119, \u0142azienk\u0119 z prysznicem, WC, bezprzewodowy dost\u0119p do Internetu wliczony w cen\u0119, telewizj\u0119 satelitarn\u0105. <\/p>\n\n\n\n<p>Sejf, minibar, wellness, basen.&nbsp;<\/p>\n<\/div><\/div>\n\n\n\n<div class=\"wp-block-group promo-int-2\"><div class=\"wp-block-group__inner-container is-layout-flow wp-block-group-is-layout-flow\">\n<figure class=\"wp-block-image size-large\"><img loading=\"lazy\" decoding=\"async\" width=\"1024\" height=\"683\" src=\"https:\/\/www.hotelserenacaorle.com\/wp-content\/uploads\/2020\/04\/0068_hotel-serena-1024x683-1.jpg\" alt=\"\" class=\"wp-image-1964\" srcset=\"https:\/\/www.hotelserenacaorle.com\/wp-content\/uploads\/2020\/04\/0068_hotel-serena-1024x683-1.jpg 1024w, https:\/\/www.hotelserenacaorle.com\/wp-content\/uploads\/2020\/04\/0068_hotel-serena-1024x683-1-300x200.jpg 300w, https:\/\/www.hotelserenacaorle.com\/wp-content\/uploads\/2020\/04\/0068_hotel-serena-1024x683-1-768x512.jpg 768w\" sizes=\"auto, (max-width: 1024px) 100vw, 1024px\" \/><\/figure>\n<\/div><\/div>\n\n\n\n<div class=\"wp-block-group promo-int-3\"><div class=\"wp-block-group__inner-container is-layout-flow wp-block-group-is-layout-flow\">\n<figure class=\"wp-block-image size-large\"><img loading=\"lazy\" decoding=\"async\" width=\"1024\" height=\"683\" src=\"https:\/\/www.hotelserenacaorle.com\/wp-content\/uploads\/2020\/04\/0012-hotel-serena-reception-1024x683-1.jpg\" alt=\"\" class=\"wp-image-1978\" srcset=\"https:\/\/www.hotelserenacaorle.com\/wp-content\/uploads\/2020\/04\/0012-hotel-serena-reception-1024x683-1.jpg 1024w, https:\/\/www.hotelserenacaorle.com\/wp-content\/uploads\/2020\/04\/0012-hotel-serena-reception-1024x683-1-300x200.jpg 300w, https:\/\/www.hotelserenacaorle.com\/wp-content\/uploads\/2020\/04\/0012-hotel-serena-reception-1024x683-1-768x512.jpg 768w\" sizes=\"auto, (max-width: 1024px) 100vw, 1024px\" \/><\/figure>\n<\/div><\/div>\n\n\n\n<div class=\"wp-block-group promo-int-4\"><div class=\"wp-block-group__inner-container is-layout-flow wp-block-group-is-layout-flow\">\n<p>Uwa\u017cnie dobrane wina, specjalne koktajle oraz codziennie nowe specja\u0142y oferowane przez nasz sklep z winami doskonale uzupe\u0142ni\u0105 wakacje, kt\u00f3re mo\u017cna zaplanowa\u0107 na pe\u0142nym luzie dzi\u0119ki formule B&amp;B.<\/p>\n\n\n\n<p><strong>Prywatna pla\u017ca<\/strong> z le\u017cakami i parasolami, prywatny parking i obfite \u015bniadanie w formie bufetu do godziny 11.00 zawarte s\u0105 w cenie. Do dyspozycji naszych go\u015bci oddajemy tak\u017ce \u201ekuba\u0144skie pomieszczenie\u201d, w kt\u00f3rym mo\u017cna si\u0119 zrelaksowa\u0107 czytaj\u0105c ksi\u0105\u017ck\u0119 lub ogl\u0105daj\u0105c telewizj\u0119.<\/p>\n<\/div><\/div>\n\n\n\n<div class=\"wp-block-group promo-int-services\"><div class=\"wp-block-group__inner-container is-layout-flow wp-block-group-is-layout-flow\">\n<h3 class=\"wp-block-heading\">Us\u0142ugi wliczone w cen\u0119<\/h3>\n\n\n\n<div style=\"height:20px\" aria-hidden=\"true\" class=\"wp-block-spacer\"><\/div>\n\n\n\n<ul class=\"wp-block-list\"><li><span class=\"material-icons\">free_breakfast<\/span>&nbsp;&nbsp;<strong>Bardzo dobre<\/strong> \u015bniadanie wliczone w cen\u0119<\/li><li><span class=\"material-icons\">wifi<\/span>&nbsp;&nbsp;bezp\u0142atne WiFi<\/li><li><span class=\"material-icons\">local_parking<\/span>&nbsp;&nbsp;BEZP\u0141ATNY parking!<\/li><li><span class=\"material-icons\">beach_access<\/span>&nbsp;&nbsp;Przy pla\u017cy<\/li><li><span class=\"material-icons\">beach_access<\/span>&nbsp;&nbsp;2 le\u017cakami i 1 parasolem<\/li><li><span class=\"material-icons\">directions_bike<\/span>&nbsp;&nbsp;Bezp\u0142atne rowery<\/li><li><span class=\"material-icons\">pool<\/span>&nbsp;&nbsp;Basen<\/li><li><span class=\"material-icons\">spa<\/span>&nbsp;&nbsp;Spa i centrum odnowy biologicznej<\/li><li><span class=\"material-icons\">pets<\/span>&nbsp;&nbsp;Zwierz\u0119ta s\u0105 akceptowane na \u017cyczenie<\/li><li><span class=\"material-icons\">restaurant<\/span>&nbsp;&nbsp;Restauracja<\/li><li><span class=\"material-icons\">local_bar<\/span>&nbsp;&nbsp;Bar<\/li><li><span class=\"material-icons\">accessible<\/span>&nbsp;&nbsp;Udogodnienia dla niepe\u0142nosprawnych<\/li><\/ul>\n\n\n\n<div style=\"height:30px\" aria-hidden=\"true\" class=\"wp-block-spacer\"><\/div>\n\n\n\n<p><strong>Najpopularniejsze udogodnienia<\/strong><\/p>\n\n\n\n<div style=\"height:20px\" aria-hidden=\"true\" class=\"wp-block-spacer\"><\/div>\n\n\n\n<ul class=\"wp-block-list\"><li><span class=\"material-icons\">pool<\/span>&nbsp;&nbsp;Basen<\/li><li><span class=\"material-icons\">beach_access<\/span>&nbsp;&nbsp;Przy pla\u017cy \u00b7 Prywatna pla\u017ca<\/li><li><span class=\"material-icons\"> pets <\/span>&nbsp;&nbsp;Zwierz\u0119ta domowe s\u0105 akceptowane<\/li><\/ul>\n<\/div><\/div>\n","protected":false},"excerpt":{"rendered":"<p>Cieszymy si\u0119, \u017ce jeste\u015b naszym go\u015bciem Hotel Serena z widokiem na morze w Caorle Hotel Serena wznosi si\u0119 przy morzu w sercu pi\u0119knej pla\u017cy wschodniej Levante oferuj\u0105c go\u015bciom wakacje pe\u0142ne relaksu i zabawy. Jest to nowoczesny i komfortowy budynek z 54 pokojami, wyposa\u017conymi w klimatyzacj\u0119, \u0142azienk\u0119 z prysznicem, WC, bezprzewodowy dost\u0119p do Internetu wliczony w [&hellip;]<\/p>\n","protected":false},"author":1,"featured_media":3586,"parent":0,"menu_order":0,"comment_status":"closed","ping_status":"closed","template":"","meta":{"_acf_changed":false,"_uag_custom_page_level_css":"","advgb_blocks_editor_width":"","advgb_blocks_columns_visual_guide":"","footnotes":""},"class_list":["post-1995","page","type-page","status-publish","has-post-thumbnail","hentry"],"acf":[],"yoast_head":"<!-- This site is optimized with the Yoast SEO plugin v25.7 - https:\/\/yoast.com\/wordpress\/plugins\/seo\/ -->\n<title>Hotel Serena - Hotel Serena - Przy pla\u017cy \u00b7 Prywatna pla\u017ca<\/title>\n<meta name=\"description\" content=\"Hotel Serena wznosi si\u0119 przy morzu w sercu pi\u0119knej pla\u017cy wschodniej Levante oferuj\u0105c go\u015bciom wakacje pe\u0142ne relaksu i zabawy.\" \/>\n<meta name=\"robots\" content=\"index, follow, max-snippet:-1, max-image-preview:large, max-video-preview:-1\" \/>\n<link rel=\"canonical\" href=\"https:\/\/www.hotelserenacaorle.com\/pl\/hotel-garni-serena\/\" \/>\n<meta property=\"og:locale\" content=\"pl_PL\" \/>\n<meta property=\"og:type\" content=\"article\" \/>\n<meta property=\"og:title\" content=\"Hotel Serena - Hotel Serena - Przy pla\u017cy \u00b7 Prywatna pla\u017ca\" \/>\n<meta property=\"og:description\" content=\"Hotel Serena wznosi si\u0119 przy morzu w sercu pi\u0119knej pla\u017cy wschodniej Levante oferuj\u0105c go\u015bciom wakacje pe\u0142ne relaksu i zabawy.\" \/>\n<meta property=\"og:url\" content=\"https:\/\/www.hotelserenacaorle.com\/pl\/hotel-garni-serena\/\" \/>\n<meta property=\"og:site_name\" content=\"Hotel Serena\" \/>\n<meta property=\"article:modified_time\" content=\"2020-04-30T12:00:49+00:00\" \/>\n<meta property=\"og:image\" content=\"https:\/\/www.hotelserenacaorle.com\/wp-content\/uploads\/2020\/05\/hotel-serena-caorle-banner.jpg\" \/>\n\t<meta property=\"og:image:width\" content=\"2000\" \/>\n\t<meta property=\"og:image:height\" content=\"400\" \/>\n\t<meta property=\"og:image:type\" content=\"image\/jpeg\" \/>\n<meta name=\"twitter:card\" content=\"summary_large_image\" \/>\n<meta name=\"twitter:label1\" content=\"Szacowany czas czytania\" \/>\n\t<meta name=\"twitter:data1\" content=\"1 minuta\" \/>\n<script type=\"application\/ld+json\" class=\"yoast-schema-graph\">{\"@context\":\"https:\/\/schema.org\",\"@graph\":[{\"@type\":\"WebPage\",\"@id\":\"https:\/\/www.hotelserenacaorle.com\/pl\/hotel-garni-serena\/\",\"url\":\"https:\/\/www.hotelserenacaorle.com\/pl\/hotel-garni-serena\/\",\"name\":\"Hotel Serena - Hotel Serena - Przy pla\u017cy \u00b7 Prywatna pla\u017ca\",\"isPartOf\":{\"@id\":\"https:\/\/www.hotelserenacaorle.com\/pl\/#website\"},\"primaryImageOfPage\":{\"@id\":\"https:\/\/www.hotelserenacaorle.com\/pl\/hotel-garni-serena\/#primaryimage\"},\"image\":{\"@id\":\"https:\/\/www.hotelserenacaorle.com\/pl\/hotel-garni-serena\/#primaryimage\"},\"thumbnailUrl\":\"https:\/\/www.hotelserenacaorle.com\/wp-content\/uploads\/2020\/05\/hotel-serena-caorle-banner.jpg\",\"datePublished\":\"2020-04-24T13:31:49+00:00\",\"dateModified\":\"2020-04-30T12:00:49+00:00\",\"description\":\"Hotel Serena wznosi si\u0119 przy morzu w sercu pi\u0119knej pla\u017cy wschodniej Levante oferuj\u0105c go\u015bciom wakacje pe\u0142ne relaksu i zabawy.\",\"breadcrumb\":{\"@id\":\"https:\/\/www.hotelserenacaorle.com\/pl\/hotel-garni-serena\/#breadcrumb\"},\"inLanguage\":\"pl-PL\",\"potentialAction\":[{\"@type\":\"ReadAction\",\"target\":[\"https:\/\/www.hotelserenacaorle.com\/pl\/hotel-garni-serena\/\"]}]},{\"@type\":\"ImageObject\",\"inLanguage\":\"pl-PL\",\"@id\":\"https:\/\/www.hotelserenacaorle.com\/pl\/hotel-garni-serena\/#primaryimage\",\"url\":\"https:\/\/www.hotelserenacaorle.com\/wp-content\/uploads\/2020\/05\/hotel-serena-caorle-banner.jpg\",\"contentUrl\":\"https:\/\/www.hotelserenacaorle.com\/wp-content\/uploads\/2020\/05\/hotel-serena-caorle-banner.jpg\",\"width\":2000,\"height\":400,\"caption\":\"Optimized by JPEGmini 3.14.11.71554471 0x01ee8039\"},{\"@type\":\"BreadcrumbList\",\"@id\":\"https:\/\/www.hotelserenacaorle.com\/pl\/hotel-garni-serena\/#breadcrumb\",\"itemListElement\":[{\"@type\":\"ListItem\",\"position\":1,\"name\":\"Home\",\"item\":\"https:\/\/www.hotelserenacaorle.com\/pl\/\"},{\"@type\":\"ListItem\",\"position\":2,\"name\":\"Hotel Serena\"}]},{\"@type\":\"WebSite\",\"@id\":\"https:\/\/www.hotelserenacaorle.com\/pl\/#website\",\"url\":\"https:\/\/www.hotelserenacaorle.com\/pl\/\",\"name\":\"Hotel Serena\",\"description\":\"Morze Frontowe w Caorle\",\"publisher\":{\"@id\":\"https:\/\/www.hotelserenacaorle.com\/pl\/#organization\"},\"potentialAction\":[{\"@type\":\"SearchAction\",\"target\":{\"@type\":\"EntryPoint\",\"urlTemplate\":\"https:\/\/www.hotelserenacaorle.com\/pl\/?s={search_term_string}\"},\"query-input\":{\"@type\":\"PropertyValueSpecification\",\"valueRequired\":true,\"valueName\":\"search_term_string\"}}],\"inLanguage\":\"pl-PL\"},{\"@type\":\"Organization\",\"@id\":\"https:\/\/www.hotelserenacaorle.com\/pl\/#organization\",\"name\":\"Hotel Serena\",\"url\":\"https:\/\/www.hotelserenacaorle.com\/pl\/\",\"logo\":{\"@type\":\"ImageObject\",\"inLanguage\":\"pl-PL\",\"@id\":\"https:\/\/www.hotelserenacaorle.com\/pl\/#\/schema\/logo\/image\/\",\"url\":\"https:\/\/www.hotelserenacaorle.com\/wp-content\/uploads\/2020\/04\/Logo-orizz-original-white-1-1.png\",\"contentUrl\":\"https:\/\/www.hotelserenacaorle.com\/wp-content\/uploads\/2020\/04\/Logo-orizz-original-white-1-1.png\",\"width\":800,\"height\":150,\"caption\":\"Hotel Serena\"},\"image\":{\"@id\":\"https:\/\/www.hotelserenacaorle.com\/pl\/#\/schema\/logo\/image\/\"}}]}<\/script>\n<!-- \/ Yoast SEO plugin. -->","yoast_head_json":{"title":"Hotel Serena - Hotel Serena - Przy pla\u017cy \u00b7 Prywatna pla\u017ca","description":"Hotel Serena wznosi si\u0119 przy morzu w sercu pi\u0119knej pla\u017cy wschodniej Levante oferuj\u0105c go\u015bciom wakacje pe\u0142ne relaksu i zabawy.","robots":{"index":"index","follow":"follow","max-snippet":"max-snippet:-1","max-image-preview":"max-image-preview:large","max-video-preview":"max-video-preview:-1"},"canonical":"https:\/\/www.hotelserenacaorle.com\/pl\/hotel-garni-serena\/","og_locale":"pl_PL","og_type":"article","og_title":"Hotel Serena - Hotel Serena - Przy pla\u017cy \u00b7 Prywatna pla\u017ca","og_description":"Hotel Serena wznosi si\u0119 przy morzu w sercu pi\u0119knej pla\u017cy wschodniej Levante oferuj\u0105c go\u015bciom wakacje pe\u0142ne relaksu i zabawy.","og_url":"https:\/\/www.hotelserenacaorle.com\/pl\/hotel-garni-serena\/","og_site_name":"Hotel Serena","article_modified_time":"2020-04-30T12:00:49+00:00","og_image":[{"width":2000,"height":400,"url":"https:\/\/www.hotelserenacaorle.com\/wp-content\/uploads\/2020\/05\/hotel-serena-caorle-banner.jpg","type":"image\/jpeg"}],"twitter_card":"summary_large_image","twitter_misc":{"Szacowany czas czytania":"1 minuta"},"schema":{"@context":"https:\/\/schema.org","@graph":[{"@type":"WebPage","@id":"https:\/\/www.hotelserenacaorle.com\/pl\/hotel-garni-serena\/","url":"https:\/\/www.hotelserenacaorle.com\/pl\/hotel-garni-serena\/","name":"Hotel Serena - Hotel Serena - Przy pla\u017cy \u00b7 Prywatna pla\u017ca","isPartOf":{"@id":"https:\/\/www.hotelserenacaorle.com\/pl\/#website"},"primaryImageOfPage":{"@id":"https:\/\/www.hotelserenacaorle.com\/pl\/hotel-garni-serena\/#primaryimage"},"image":{"@id":"https:\/\/www.hotelserenacaorle.com\/pl\/hotel-garni-serena\/#primaryimage"},"thumbnailUrl":"https:\/\/www.hotelserenacaorle.com\/wp-content\/uploads\/2020\/05\/hotel-serena-caorle-banner.jpg","datePublished":"2020-04-24T13:31:49+00:00","dateModified":"2020-04-30T12:00:49+00:00","description":"Hotel Serena wznosi si\u0119 przy morzu w sercu pi\u0119knej pla\u017cy wschodniej Levante oferuj\u0105c go\u015bciom wakacje pe\u0142ne relaksu i zabawy.","breadcrumb":{"@id":"https:\/\/www.hotelserenacaorle.com\/pl\/hotel-garni-serena\/#breadcrumb"},"inLanguage":"pl-PL","potentialAction":[{"@type":"ReadAction","target":["https:\/\/www.hotelserenacaorle.com\/pl\/hotel-garni-serena\/"]}]},{"@type":"ImageObject","inLanguage":"pl-PL","@id":"https:\/\/www.hotelserenacaorle.com\/pl\/hotel-garni-serena\/#primaryimage","url":"https:\/\/www.hotelserenacaorle.com\/wp-content\/uploads\/2020\/05\/hotel-serena-caorle-banner.jpg","contentUrl":"https:\/\/www.hotelserenacaorle.com\/wp-content\/uploads\/2020\/05\/hotel-serena-caorle-banner.jpg","width":2000,"height":400,"caption":"Optimized by JPEGmini 3.14.11.71554471 0x01ee8039"},{"@type":"BreadcrumbList","@id":"https:\/\/www.hotelserenacaorle.com\/pl\/hotel-garni-serena\/#breadcrumb","itemListElement":[{"@type":"ListItem","position":1,"name":"Home","item":"https:\/\/www.hotelserenacaorle.com\/pl\/"},{"@type":"ListItem","position":2,"name":"Hotel Serena"}]},{"@type":"WebSite","@id":"https:\/\/www.hotelserenacaorle.com\/pl\/#website","url":"https:\/\/www.hotelserenacaorle.com\/pl\/","name":"Hotel Serena","description":"Morze Frontowe w Caorle","publisher":{"@id":"https:\/\/www.hotelserenacaorle.com\/pl\/#organization"},"potentialAction":[{"@type":"SearchAction","target":{"@type":"EntryPoint","urlTemplate":"https:\/\/www.hotelserenacaorle.com\/pl\/?s={search_term_string}"},"query-input":{"@type":"PropertyValueSpecification","valueRequired":true,"valueName":"search_term_string"}}],"inLanguage":"pl-PL"},{"@type":"Organization","@id":"https:\/\/www.hotelserenacaorle.com\/pl\/#organization","name":"Hotel Serena","url":"https:\/\/www.hotelserenacaorle.com\/pl\/","logo":{"@type":"ImageObject","inLanguage":"pl-PL","@id":"https:\/\/www.hotelserenacaorle.com\/pl\/#\/schema\/logo\/image\/","url":"https:\/\/www.hotelserenacaorle.com\/wp-content\/uploads\/2020\/04\/Logo-orizz-original-white-1-1.png","contentUrl":"https:\/\/www.hotelserenacaorle.com\/wp-content\/uploads\/2020\/04\/Logo-orizz-original-white-1-1.png","width":800,"height":150,"caption":"Hotel Serena"},"image":{"@id":"https:\/\/www.hotelserenacaorle.com\/pl\/#\/schema\/logo\/image\/"}}]}},"uagb_featured_image_src":{"full":["https:\/\/www.hotelserenacaorle.com\/wp-content\/uploads\/2020\/05\/hotel-serena-caorle-banner.jpg",2000,400,false],"thumbnail":["https:\/\/www.hotelserenacaorle.com\/wp-content\/uploads\/2020\/05\/hotel-serena-caorle-banner-150x150.jpg",150,150,true],"medium":["https:\/\/www.hotelserenacaorle.com\/wp-content\/uploads\/2020\/05\/hotel-serena-caorle-banner-300x60.jpg",300,60,true],"medium_large":["https:\/\/www.hotelserenacaorle.com\/wp-content\/uploads\/2020\/05\/hotel-serena-caorle-banner-768x154.jpg",580,116,true],"large":["https:\/\/www.hotelserenacaorle.com\/wp-content\/uploads\/2020\/05\/hotel-serena-caorle-banner-1024x205.jpg",580,116,true],"1536x1536":["https:\/\/www.hotelserenacaorle.com\/wp-content\/uploads\/2020\/05\/hotel-serena-caorle-banner-1536x307.jpg",1536,307,true],"2048x2048":["https:\/\/www.hotelserenacaorle.com\/wp-content\/uploads\/2020\/05\/hotel-serena-caorle-banner.jpg",2000,400,false],"post-thumbnail":["https:\/\/www.hotelserenacaorle.com\/wp-content\/uploads\/2020\/05\/hotel-serena-caorle-banner-1200x240.jpg",1200,240,true],"twentytwenty-fullscreen":["https:\/\/www.hotelserenacaorle.com\/wp-content\/uploads\/2020\/05\/hotel-serena-caorle-banner-1980x396.jpg",1980,396,true]},"uagb_author_info":{"display_name":"3r4cl3-p4l4","author_link":"https:\/\/www.hotelserenacaorle.com\/pl\/author\/3r4cl3-p4l4\/"},"uagb_comment_info":0,"uagb_excerpt":"Cieszymy si\u0119, \u017ce jeste\u015b naszym go\u015bciem Hotel Serena z widokiem na morze w Caorle Hotel Serena wznosi si\u0119 przy morzu w sercu pi\u0119knej pla\u017cy wschodniej Levante oferuj\u0105c go\u015bciom wakacje pe\u0142ne relaksu i zabawy. Jest to nowoczesny i komfortowy budynek z 54 pokojami, wyposa\u017conymi w klimatyzacj\u0119, \u0142azienk\u0119 z prysznicem, WC, bezprzewodowy dost\u0119p do Internetu wliczony w&hellip;","coauthors":[],"author_meta":{"author_link":"https:\/\/www.hotelserenacaorle.com\/pl\/author\/3r4cl3-p4l4\/","display_name":"3r4cl3-p4l4"},"relative_dates":{"created":"Posted 6 lat ago","modified":"Updated 6 lat ago"},"absolute_dates":{"created":"Posted on 24 kwietnia 2020","modified":"Updated on 30 kwietnia 2020"},"absolute_dates_time":{"created":"Posted on 24 kwietnia 2020 15:31","modified":"Updated on 30 kwietnia 2020 14:00"},"featured_img_caption":"Optimized by JPEGmini 3.14.11.71554471 0x01ee8039","featured_img":"https:\/\/www.hotelserenacaorle.com\/wp-content\/uploads\/2020\/05\/hotel-serena-caorle-banner-1200x240.jpg","series_order":"","_links":{"self":[{"href":"https:\/\/www.hotelserenacaorle.com\/pl\/wp-json\/wp\/v2\/pages\/1995","targetHints":{"allow":["GET"]}}],"collection":[{"href":"https:\/\/www.hotelserenacaorle.com\/pl\/wp-json\/wp\/v2\/pages"}],"about":[{"href":"https:\/\/www.hotelserenacaorle.com\/pl\/wp-json\/wp\/v2\/types\/page"}],"author":[{"embeddable":true,"href":"https:\/\/www.hotelserenacaorle.com\/pl\/wp-json\/wp\/v2\/users\/1"}],"replies":[{"embeddable":true,"href":"https:\/\/www.hotelserenacaorle.com\/pl\/wp-json\/wp\/v2\/comments?post=1995"}],"version-history":[{"count":0,"href":"https:\/\/www.hotelserenacaorle.com\/pl\/wp-json\/wp\/v2\/pages\/1995\/revisions"}],"wp:featuredmedia":[{"embeddable":true,"href":"https:\/\/www.hotelserenacaorle.com\/pl\/wp-json\/wp\/v2\/media\/3586"}],"wp:attachment":[{"href":"https:\/\/www.hotelserenacaorle.com\/pl\/wp-json\/wp\/v2\/media?parent=1995"}],"curies":[{"name":"wp","href":"https:\/\/api.w.org\/{rel}","templated":true}]}}