{"id":638,"date":"2020-03-17T14:44:23","date_gmt":"2020-03-17T13:44:23","guid":{"rendered":"https:\/\/serena.promoservicebeta.com\/?page_id=638"},"modified":"2024-04-24T16:44:17","modified_gmt":"2024-04-24T14:44:17","slug":"hotel","status":"publish","type":"page","link":"https:\/\/www.hotelserenacaorle.com\/it\/hotel\/","title":{"rendered":"Hotel Serena"},"content":{"rendered":"\n<div style=\"height:40px\" aria-hidden=\"true\" class=\"wp-block-spacer\"><\/div>\n\n\n\n<div class=\"wp-block-group promo-int-1\"><div class=\"wp-block-group__inner-container is-layout-flow wp-block-group-is-layout-flow\">\n<h3 class=\"wp-block-heading\">Siamo felici di averti come nostro ospite<\/h3>\n\n\n\n<p style=\"font-size:30px\"><\/p>\n\n\n\n<h2 class=\"wp-block-heading\">Hotel Serena fronte mare a Caorle<\/h2>\n\n\n\n<p>Il Serena <strong>sorge in riva al mare<\/strong> nel cuore della stupenda <strong>spiaggia di Levante<\/strong> ed offre ai propri ospiti una vacanza rilassante e divertente. <\/p>\n\n\n\n<p>\u00c8 una costruzione moderna e confortevole e dispone di <strong>camere<\/strong> dotato di aria condizionata, bagno con doccia e\/o vasca, WC, connessione internet Wi-Fi inclusa nel prezzo, TV satellitare, cassaforte, minibar. SPA, piscina e molti altri servizi.<\/p>\n<\/div><\/div>\n\n\n\n<div class=\"wp-block-group promo-int-2\"><div class=\"wp-block-group__inner-container is-layout-flow wp-block-group-is-layout-flow\">\n<figure class=\"wp-block-image size-large\"><img loading=\"lazy\" decoding=\"async\" width=\"1024\" height=\"683\" src=\"https:\/\/hotelserenacaorle.com\/wp-content\/uploads\/2020\/04\/0068_hotel-serena-1024x683-1.jpg\" alt=\"\" class=\"wp-image-1964\" srcset=\"https:\/\/www.hotelserenacaorle.com\/wp-content\/uploads\/2020\/04\/0068_hotel-serena-1024x683-1.jpg 1024w, https:\/\/www.hotelserenacaorle.com\/wp-content\/uploads\/2020\/04\/0068_hotel-serena-1024x683-1-300x200.jpg 300w, https:\/\/www.hotelserenacaorle.com\/wp-content\/uploads\/2020\/04\/0068_hotel-serena-1024x683-1-768x512.jpg 768w\" sizes=\"auto, (max-width: 1024px) 100vw, 1024px\" \/><\/figure>\n<\/div><\/div>\n\n\n\n<div class=\"wp-block-group promo-int-3\"><div class=\"wp-block-group__inner-container is-layout-flow wp-block-group-is-layout-flow\">\n<figure class=\"wp-block-image size-large\"><img loading=\"lazy\" decoding=\"async\" width=\"1024\" height=\"683\" src=\"https:\/\/hotelserenacaorle.com\/wp-content\/uploads\/2020\/04\/0012-hotel-serena-reception-1024x683-1.jpg\" alt=\"\" class=\"wp-image-1978\" srcset=\"https:\/\/www.hotelserenacaorle.com\/wp-content\/uploads\/2020\/04\/0012-hotel-serena-reception-1024x683-1.jpg 1024w, https:\/\/www.hotelserenacaorle.com\/wp-content\/uploads\/2020\/04\/0012-hotel-serena-reception-1024x683-1-300x200.jpg 300w, https:\/\/www.hotelserenacaorle.com\/wp-content\/uploads\/2020\/04\/0012-hotel-serena-reception-1024x683-1-768x512.jpg 768w\" sizes=\"auto, (max-width: 1024px) 100vw, 1024px\" \/><\/figure>\n<\/div><\/div>\n\n\n\n<div class=\"wp-block-group promo-int-4\"><div class=\"wp-block-group__inner-container is-layout-flow wp-block-group-is-layout-flow\">\n<p>Vini selezionati per la nostra clientela, cocktail particolari e specialit\u00e0 del giorno della nostra enoteca completano la vostra vacanza, che pu\u00f2 essere organizzata con la massima libert\u00e0 grazie alla <strong>formula B&amp;B<\/strong>.<\/p>\n\n\n\n<p><strong>Spiaggia privata<\/strong> con lettini e ombrellone, <strong>parcheggio privato<\/strong> disponibile nelle vicinanze (a circa 600 mt.) sono <strong>inclusi nel prezzo<\/strong>. Inoltre a disposizione dei nostri ospiti c\u2019\u00e8 una \u201csala cubana\u201d dove potersi rilassare leggendo un libro o guardando la tv.<\/p>\n<\/div><\/div>\n\n\n\n<div class=\"wp-block-group promo-int-services\"><div class=\"wp-block-group__inner-container is-layout-flow wp-block-group-is-layout-flow\">\n<h3 class=\"wp-block-heading\">Servizi inclusi nel prezzo<\/h3>\n\n\n\n<div style=\"height:20px\" aria-hidden=\"true\" class=\"wp-block-spacer\"><\/div>\n\n\n\n<ul class=\"wp-block-list\">\n<li><span class=\"material-icons\">free_breakfast<\/span>&nbsp;&nbsp;<strong>Ottima<\/strong>&nbsp;Colazione (servita presso Marina Palace Hotel a 50 mt.)<\/li>\n\n\n\n<li><span class=\"material-icons\">wifi<\/span>&nbsp;&nbsp;Wi-Fi (su tutta la struttura)<\/li>\n\n\n\n<li><span class=\"material-icons\">local_parking<\/span>\u00a0\u00a0Parcheggio privato disponibile nelle vicinanze (a circa 600 mt.)<\/li>\n\n\n\n<li><span class=\"material-icons\">beach_access<\/span>&nbsp;&nbsp;2 lettini e di 1 ombrellone<\/li>\n\n\n\n<li><span class=\"material-icons\">directions_bike<\/span>&nbsp;&nbsp;Noleggio biciclette<\/li>\n\n\n\n<li><span class=\"material-icons\">pool<\/span>&nbsp;&nbsp;Piscina<\/li>\n\n\n\n<li><span class=\"material-icons\">spa<\/span>&nbsp;&nbsp;Spa &amp; centro benessere<br><\/li>\n<\/ul>\n\n\n\n<div style=\"height:30px\" aria-hidden=\"true\" class=\"wp-block-spacer\"><\/div>\n\n\n\n<p><strong>Gli ospiti vanno pazzi per&#8230;<\/strong><\/p>\n\n\n\n<div style=\"height:20px\" aria-hidden=\"true\" class=\"wp-block-spacer\"><\/div>\n\n\n\n<ul class=\"wp-block-list\">\n<li><span class=\"material-icons\">pool<\/span>&nbsp;&nbsp;Piscina<\/li>\n\n\n\n<li><span class=\"material-icons\">beach_access<\/span>&nbsp;&nbsp;Fronte spiaggia<\/li>\n\n\n\n<li><span class=\"material-icons\"> pets <\/span>&nbsp;&nbsp;Animali ammessi (con supplemento)<\/li>\n<\/ul>\n<\/div><\/div>\n","protected":false},"excerpt":{"rendered":"<p>Siamo felici di averti come nostro ospite Hotel Serena fronte mare a Caorle Il Serena sorge in riva al mare nel cuore della stupenda spiaggia di Levante ed offre ai propri ospiti una vacanza rilassante e divertente. \u00c8 una costruzione moderna e confortevole e dispone di camere dotato di aria condizionata, bagno con doccia e\/o [&hellip;]<\/p>\n","protected":false},"author":1,"featured_media":3582,"parent":0,"menu_order":0,"comment_status":"closed","ping_status":"closed","template":"","meta":{"_acf_changed":false,"_uag_custom_page_level_css":"","advgb_blocks_editor_width":"","advgb_blocks_columns_visual_guide":"","footnotes":""},"class_list":["post-638","page","type-page","status-publish","has-post-thumbnail","hentry"],"acf":[],"yoast_head":"<!-- This site is optimized with the Yoast SEO plugin v25.7 - https:\/\/yoast.com\/wordpress\/plugins\/seo\/ -->\n<title>Hotel Serena - Hotel Serena - Fronte mare a Caorle<\/title>\n<meta name=\"description\" content=\"Hotel Serena se nach\u00e1z\u00ed p\u0159\u00edmo u mo\u0159e v srdci kr\u00e1sn\u00e9 pl\u00e1\u017ee Levante a nab\u00edz\u00ed sv\u00fdm host\u016fm relaxa\u010dn\u00ed a z\u00e1bavnou dovolenou.\" \/>\n<meta name=\"robots\" content=\"index, follow, max-snippet:-1, max-image-preview:large, max-video-preview:-1\" \/>\n<link rel=\"canonical\" href=\"https:\/\/www.hotelserenacaorle.com\/it\/hotel\/\" \/>\n<meta property=\"og:locale\" content=\"it_IT\" \/>\n<meta property=\"og:type\" content=\"article\" \/>\n<meta property=\"og:title\" content=\"Hotel Serena - Hotel Serena - Fronte mare a Caorle\" \/>\n<meta property=\"og:description\" content=\"Hotel Serena se nach\u00e1z\u00ed p\u0159\u00edmo u mo\u0159e v srdci kr\u00e1sn\u00e9 pl\u00e1\u017ee Levante a nab\u00edz\u00ed sv\u00fdm host\u016fm relaxa\u010dn\u00ed a z\u00e1bavnou dovolenou.\" \/>\n<meta property=\"og:url\" content=\"https:\/\/www.hotelserenacaorle.com\/it\/hotel\/\" \/>\n<meta property=\"og:site_name\" content=\"Hotel Serena\" \/>\n<meta property=\"article:modified_time\" content=\"2024-04-24T14:44:17+00:00\" \/>\n<meta property=\"og:image\" content=\"https:\/\/www.hotelserenacaorle.com\/wp-content\/uploads\/2020\/05\/hotel-serena-caorle-banner.jpg\" \/>\n\t<meta property=\"og:image:width\" content=\"2000\" \/>\n\t<meta property=\"og:image:height\" content=\"400\" \/>\n\t<meta property=\"og:image:type\" content=\"image\/jpeg\" \/>\n<meta name=\"twitter:card\" content=\"summary_large_image\" \/>\n<meta name=\"twitter:label1\" content=\"Tempo di lettura stimato\" \/>\n\t<meta name=\"twitter:data1\" content=\"2 minuti\" \/>\n<script type=\"application\/ld+json\" class=\"yoast-schema-graph\">{\"@context\":\"https:\/\/schema.org\",\"@graph\":[{\"@type\":\"WebPage\",\"@id\":\"https:\/\/www.hotelserenacaorle.com\/it\/hotel\/\",\"url\":\"https:\/\/www.hotelserenacaorle.com\/it\/hotel\/\",\"name\":\"Hotel Serena - Hotel Serena - Fronte mare a Caorle\",\"isPartOf\":{\"@id\":\"https:\/\/www.hotelserenacaorle.com\/it\/#website\"},\"primaryImageOfPage\":{\"@id\":\"https:\/\/www.hotelserenacaorle.com\/it\/hotel\/#primaryimage\"},\"image\":{\"@id\":\"https:\/\/www.hotelserenacaorle.com\/it\/hotel\/#primaryimage\"},\"thumbnailUrl\":\"https:\/\/www.hotelserenacaorle.com\/wp-content\/uploads\/2020\/05\/hotel-serena-caorle-banner.jpg\",\"datePublished\":\"2020-03-17T13:44:23+00:00\",\"dateModified\":\"2024-04-24T14:44:17+00:00\",\"description\":\"Hotel Serena se nach\u00e1z\u00ed p\u0159\u00edmo u mo\u0159e v srdci kr\u00e1sn\u00e9 pl\u00e1\u017ee Levante a nab\u00edz\u00ed sv\u00fdm host\u016fm relaxa\u010dn\u00ed a z\u00e1bavnou dovolenou.\",\"breadcrumb\":{\"@id\":\"https:\/\/www.hotelserenacaorle.com\/it\/hotel\/#breadcrumb\"},\"inLanguage\":\"it-IT\",\"potentialAction\":[{\"@type\":\"ReadAction\",\"target\":[\"https:\/\/www.hotelserenacaorle.com\/it\/hotel\/\"]}]},{\"@type\":\"ImageObject\",\"inLanguage\":\"it-IT\",\"@id\":\"https:\/\/www.hotelserenacaorle.com\/it\/hotel\/#primaryimage\",\"url\":\"https:\/\/www.hotelserenacaorle.com\/wp-content\/uploads\/2020\/05\/hotel-serena-caorle-banner.jpg\",\"contentUrl\":\"https:\/\/www.hotelserenacaorle.com\/wp-content\/uploads\/2020\/05\/hotel-serena-caorle-banner.jpg\",\"width\":2000,\"height\":400},{\"@type\":\"BreadcrumbList\",\"@id\":\"https:\/\/www.hotelserenacaorle.com\/it\/hotel\/#breadcrumb\",\"itemListElement\":[{\"@type\":\"ListItem\",\"position\":1,\"name\":\"Home\",\"item\":\"https:\/\/www.hotelserenacaorle.com\/it\/\"},{\"@type\":\"ListItem\",\"position\":2,\"name\":\"Hotel Serena\"}]},{\"@type\":\"WebSite\",\"@id\":\"https:\/\/www.hotelserenacaorle.com\/it\/#website\",\"url\":\"https:\/\/www.hotelserenacaorle.com\/it\/\",\"name\":\"Hotel Serena\",\"description\":\"Fronte Mare a Caorle\",\"publisher\":{\"@id\":\"https:\/\/www.hotelserenacaorle.com\/it\/#organization\"},\"potentialAction\":[{\"@type\":\"SearchAction\",\"target\":{\"@type\":\"EntryPoint\",\"urlTemplate\":\"https:\/\/www.hotelserenacaorle.com\/it\/?s={search_term_string}\"},\"query-input\":{\"@type\":\"PropertyValueSpecification\",\"valueRequired\":true,\"valueName\":\"search_term_string\"}}],\"inLanguage\":\"it-IT\"},{\"@type\":\"Organization\",\"@id\":\"https:\/\/www.hotelserenacaorle.com\/it\/#organization\",\"name\":\"Hotel Serena\",\"url\":\"https:\/\/www.hotelserenacaorle.com\/it\/\",\"logo\":{\"@type\":\"ImageObject\",\"inLanguage\":\"it-IT\",\"@id\":\"https:\/\/www.hotelserenacaorle.com\/it\/#\/schema\/logo\/image\/\",\"url\":\"https:\/\/www.hotelserenacaorle.com\/wp-content\/uploads\/2020\/04\/Logo-orizz-original-white-1-1.png\",\"contentUrl\":\"https:\/\/www.hotelserenacaorle.com\/wp-content\/uploads\/2020\/04\/Logo-orizz-original-white-1-1.png\",\"width\":800,\"height\":150,\"caption\":\"Hotel Serena\"},\"image\":{\"@id\":\"https:\/\/www.hotelserenacaorle.com\/it\/#\/schema\/logo\/image\/\"}}]}<\/script>\n<!-- \/ Yoast SEO plugin. -->","yoast_head_json":{"title":"Hotel Serena - Hotel Serena - Fronte mare a Caorle","description":"Hotel Serena se nach\u00e1z\u00ed p\u0159\u00edmo u mo\u0159e v srdci kr\u00e1sn\u00e9 pl\u00e1\u017ee Levante a nab\u00edz\u00ed sv\u00fdm host\u016fm relaxa\u010dn\u00ed a z\u00e1bavnou dovolenou.","robots":{"index":"index","follow":"follow","max-snippet":"max-snippet:-1","max-image-preview":"max-image-preview:large","max-video-preview":"max-video-preview:-1"},"canonical":"https:\/\/www.hotelserenacaorle.com\/it\/hotel\/","og_locale":"it_IT","og_type":"article","og_title":"Hotel Serena - Hotel Serena - Fronte mare a Caorle","og_description":"Hotel Serena se nach\u00e1z\u00ed p\u0159\u00edmo u mo\u0159e v srdci kr\u00e1sn\u00e9 pl\u00e1\u017ee Levante a nab\u00edz\u00ed sv\u00fdm host\u016fm relaxa\u010dn\u00ed a z\u00e1bavnou dovolenou.","og_url":"https:\/\/www.hotelserenacaorle.com\/it\/hotel\/","og_site_name":"Hotel Serena","article_modified_time":"2024-04-24T14:44:17+00:00","og_image":[{"width":2000,"height":400,"url":"https:\/\/www.hotelserenacaorle.com\/wp-content\/uploads\/2020\/05\/hotel-serena-caorle-banner.jpg","type":"image\/jpeg"}],"twitter_card":"summary_large_image","twitter_misc":{"Tempo di lettura stimato":"2 minuti"},"schema":{"@context":"https:\/\/schema.org","@graph":[{"@type":"WebPage","@id":"https:\/\/www.hotelserenacaorle.com\/it\/hotel\/","url":"https:\/\/www.hotelserenacaorle.com\/it\/hotel\/","name":"Hotel Serena - Hotel Serena - Fronte mare a Caorle","isPartOf":{"@id":"https:\/\/www.hotelserenacaorle.com\/it\/#website"},"primaryImageOfPage":{"@id":"https:\/\/www.hotelserenacaorle.com\/it\/hotel\/#primaryimage"},"image":{"@id":"https:\/\/www.hotelserenacaorle.com\/it\/hotel\/#primaryimage"},"thumbnailUrl":"https:\/\/www.hotelserenacaorle.com\/wp-content\/uploads\/2020\/05\/hotel-serena-caorle-banner.jpg","datePublished":"2020-03-17T13:44:23+00:00","dateModified":"2024-04-24T14:44:17+00:00","description":"Hotel Serena se nach\u00e1z\u00ed p\u0159\u00edmo u mo\u0159e v srdci kr\u00e1sn\u00e9 pl\u00e1\u017ee Levante a nab\u00edz\u00ed sv\u00fdm host\u016fm relaxa\u010dn\u00ed a z\u00e1bavnou dovolenou.","breadcrumb":{"@id":"https:\/\/www.hotelserenacaorle.com\/it\/hotel\/#breadcrumb"},"inLanguage":"it-IT","potentialAction":[{"@type":"ReadAction","target":["https:\/\/www.hotelserenacaorle.com\/it\/hotel\/"]}]},{"@type":"ImageObject","inLanguage":"it-IT","@id":"https:\/\/www.hotelserenacaorle.com\/it\/hotel\/#primaryimage","url":"https:\/\/www.hotelserenacaorle.com\/wp-content\/uploads\/2020\/05\/hotel-serena-caorle-banner.jpg","contentUrl":"https:\/\/www.hotelserenacaorle.com\/wp-content\/uploads\/2020\/05\/hotel-serena-caorle-banner.jpg","width":2000,"height":400},{"@type":"BreadcrumbList","@id":"https:\/\/www.hotelserenacaorle.com\/it\/hotel\/#breadcrumb","itemListElement":[{"@type":"ListItem","position":1,"name":"Home","item":"https:\/\/www.hotelserenacaorle.com\/it\/"},{"@type":"ListItem","position":2,"name":"Hotel Serena"}]},{"@type":"WebSite","@id":"https:\/\/www.hotelserenacaorle.com\/it\/#website","url":"https:\/\/www.hotelserenacaorle.com\/it\/","name":"Hotel Serena","description":"Fronte Mare a Caorle","publisher":{"@id":"https:\/\/www.hotelserenacaorle.com\/it\/#organization"},"potentialAction":[{"@type":"SearchAction","target":{"@type":"EntryPoint","urlTemplate":"https:\/\/www.hotelserenacaorle.com\/it\/?s={search_term_string}"},"query-input":{"@type":"PropertyValueSpecification","valueRequired":true,"valueName":"search_term_string"}}],"inLanguage":"it-IT"},{"@type":"Organization","@id":"https:\/\/www.hotelserenacaorle.com\/it\/#organization","name":"Hotel Serena","url":"https:\/\/www.hotelserenacaorle.com\/it\/","logo":{"@type":"ImageObject","inLanguage":"it-IT","@id":"https:\/\/www.hotelserenacaorle.com\/it\/#\/schema\/logo\/image\/","url":"https:\/\/www.hotelserenacaorle.com\/wp-content\/uploads\/2020\/04\/Logo-orizz-original-white-1-1.png","contentUrl":"https:\/\/www.hotelserenacaorle.com\/wp-content\/uploads\/2020\/04\/Logo-orizz-original-white-1-1.png","width":800,"height":150,"caption":"Hotel Serena"},"image":{"@id":"https:\/\/www.hotelserenacaorle.com\/it\/#\/schema\/logo\/image\/"}}]}},"uagb_featured_image_src":{"full":["https:\/\/www.hotelserenacaorle.com\/wp-content\/uploads\/2020\/05\/hotel-serena-caorle-banner.jpg",2000,400,false],"thumbnail":["https:\/\/www.hotelserenacaorle.com\/wp-content\/uploads\/2020\/05\/hotel-serena-caorle-banner-150x150.jpg",150,150,true],"medium":["https:\/\/www.hotelserenacaorle.com\/wp-content\/uploads\/2020\/05\/hotel-serena-caorle-banner-300x60.jpg",300,60,true],"medium_large":["https:\/\/www.hotelserenacaorle.com\/wp-content\/uploads\/2020\/05\/hotel-serena-caorle-banner-768x154.jpg",580,116,true],"large":["https:\/\/www.hotelserenacaorle.com\/wp-content\/uploads\/2020\/05\/hotel-serena-caorle-banner-1024x205.jpg",580,116,true],"1536x1536":["https:\/\/www.hotelserenacaorle.com\/wp-content\/uploads\/2020\/05\/hotel-serena-caorle-banner-1536x307.jpg",1536,307,true],"2048x2048":["https:\/\/www.hotelserenacaorle.com\/wp-content\/uploads\/2020\/05\/hotel-serena-caorle-banner.jpg",2000,400,false],"post-thumbnail":["https:\/\/www.hotelserenacaorle.com\/wp-content\/uploads\/2020\/05\/hotel-serena-caorle-banner-1200x240.jpg",1200,240,true],"twentytwenty-fullscreen":["https:\/\/www.hotelserenacaorle.com\/wp-content\/uploads\/2020\/05\/hotel-serena-caorle-banner-1980x396.jpg",1980,396,true]},"uagb_author_info":{"display_name":"3r4cl3-p4l4","author_link":"https:\/\/www.hotelserenacaorle.com\/it\/author\/3r4cl3-p4l4\/"},"uagb_comment_info":0,"uagb_excerpt":"Siamo felici di averti come nostro ospite Hotel Serena fronte mare a Caorle Il Serena sorge in riva al mare nel cuore della stupenda spiaggia di Levante ed offre ai propri ospiti una vacanza rilassante e divertente. \u00c8 una costruzione moderna e confortevole e dispone di camere dotato di aria condizionata, bagno con doccia e\/o&hellip;","coauthors":[],"author_meta":{"author_link":"https:\/\/www.hotelserenacaorle.com\/it\/author\/3r4cl3-p4l4\/","display_name":"3r4cl3-p4l4"},"relative_dates":{"created":"Pubblicato 6 anni fa","modified":"Aggiornato 2 anni fa"},"absolute_dates":{"created":"Pubblicato il 17 Marzo 2020","modified":"Aggiornato il 24 Aprile 2024"},"absolute_dates_time":{"created":"Pubblicato il 17 Marzo 2020 14:44","modified":"Aggiornato il 24 Aprile 2024 16:44"},"featured_img_caption":"","featured_img":"https:\/\/www.hotelserenacaorle.com\/wp-content\/uploads\/2020\/05\/hotel-serena-caorle-banner-1200x240.jpg","series_order":"","_links":{"self":[{"href":"https:\/\/www.hotelserenacaorle.com\/it\/wp-json\/wp\/v2\/pages\/638","targetHints":{"allow":["GET"]}}],"collection":[{"href":"https:\/\/www.hotelserenacaorle.com\/it\/wp-json\/wp\/v2\/pages"}],"about":[{"href":"https:\/\/www.hotelserenacaorle.com\/it\/wp-json\/wp\/v2\/types\/page"}],"author":[{"embeddable":true,"href":"https:\/\/www.hotelserenacaorle.com\/it\/wp-json\/wp\/v2\/users\/1"}],"replies":[{"embeddable":true,"href":"https:\/\/www.hotelserenacaorle.com\/it\/wp-json\/wp\/v2\/comments?post=638"}],"version-history":[{"count":4,"href":"https:\/\/www.hotelserenacaorle.com\/it\/wp-json\/wp\/v2\/pages\/638\/revisions"}],"predecessor-version":[{"id":4660,"href":"https:\/\/www.hotelserenacaorle.com\/it\/wp-json\/wp\/v2\/pages\/638\/revisions\/4660"}],"wp:featuredmedia":[{"embeddable":true,"href":"https:\/\/www.hotelserenacaorle.com\/it\/wp-json\/wp\/v2\/media\/3582"}],"wp:attachment":[{"href":"https:\/\/www.hotelserenacaorle.com\/it\/wp-json\/wp\/v2\/media?parent=638"}],"curies":[{"name":"wp","href":"https:\/\/api.w.org\/{rel}","templated":true}]}}