{"id":2625,"date":"2020-04-28T11:49:58","date_gmt":"2020-04-28T09:49:58","guid":{"rendered":"https:\/\/serena.promoservicebeta.com\/?page_id=2625"},"modified":"2020-05-26T14:35:49","modified_gmt":"2020-05-26T12:35:49","slug":"arte-e-citta","status":"publish","type":"page","link":"https:\/\/www.hotelserenacaorle.com\/it\/arte-e-citta\/","title":{"rendered":"Arte e citt\u00e0"},"content":{"rendered":"\n<div class=\"wp-block-group promo-int-1\"><div class=\"wp-block-group__inner-container is-layout-flow wp-block-group-is-layout-flow\">\n<h3 class=\"wp-block-heading\">La Regina dell\u2019Adriatico<\/h3>\n\n\n\n<h2 class=\"wp-block-heading\"><strong>Venezia<\/strong><\/h2>\n\n\n\n<p>Venezia \u00e8 particolarmente ricca di musei ed edifici storici di gran valore artistico e culturale.<\/p>\n\n\n\n<h4 class=\"wp-block-heading\">Come raggiungere Venezia<\/h4>\n\n\n\n<div class=\"wp-block-advgb-accordions advgb-accordion-wrapper\" data-collapsed=\"true\">\n<div class=\"wp-block-advgb-accordion-item advgb-accordion-item\" style=\"margin-bottom:0\"><div class=\"advgb-accordion-header\" style=\"background-color:#ffffff;color:#5c89a3;border-style:solid\"><span class=\"advgb-accordion-header-icon\"><svg fill=\"#5c89a3\" xmlns=\"http:\/\/www.w3.org\/2000\/svg\" width=\"24\" height=\"24\" viewbox=\"0 0 24 24\"><path fill=\"none\" d=\"M0,0h24v24H0V0z\"><\/path><path d=\"M19,13h-6v6h-2v-6H5v-2h6V5h2v6h6V13z\"><\/path><\/svg><\/span><h4 class=\"advgb-accordion-header-title\" style=\"color:inherit\">In auto<\/h4><\/div><div class=\"advgb-accordion-body\" style=\"border-style:solid !important;border-color:undefined !important;border-top:none !important\">\n<p>Un\u2019alternativa \u00e8 quella di utilizzare la propria auto per raggiungere le vicine localit\u00e0 di&nbsp;<strong>Punta Sabbioni<\/strong>&nbsp;o&nbsp;<strong>Treporti,<\/strong> dove \u00e8 disponibile un vaporetto che raggiunge direttamente <strong>Venezia.<\/strong><br>Qui si pu\u00f2 scegliere il percorso pi\u00f9 breve che parte da&nbsp;<strong>Treporti<\/strong> o<strong>&nbsp;Punta sabbioni<\/strong>&nbsp;per poi toccare&nbsp;<strong>Lido<\/strong>&nbsp;(passando per il poderoso<strong>&nbsp;forte di S. Andrea<\/strong>,&nbsp;capolavoro dell\u2019architettura militare rinascimentale, costruito dal Sammicheli nel 1543, come pure per l\u2019antica chiesa di&nbsp;<strong>S. Nicol\u00f2<\/strong>&nbsp;resa familiare dalle immagini del&nbsp;<strong>Canaletto<\/strong>&nbsp;e del&nbsp;<strong>Guardi<\/strong>) e infine raggiungere la fermata si&nbsp;<strong>S. Zaccaria<\/strong>&nbsp;a due passi da&nbsp;<strong>Piazza San Marco.<\/strong>&nbsp;In alternativa partendo sempre da&nbsp;<strong>Treporti<\/strong>&nbsp;si pu\u00f2 raggiungere&nbsp;<strong>Venezia<\/strong>&nbsp;passando per le celebri isole di&nbsp;<strong>S. Francesco del Deserto,<\/strong>&nbsp;<strong>Burano, Torcello e Murano.<\/strong>&nbsp;Da qui si pu\u00f2 cambiare<br>vaporetto e raggiungere velocemente&nbsp;<strong>piazza San Marco<\/strong>.<\/p>\n<\/div><\/div>\n\n\n\n<div class=\"wp-block-advgb-accordion-item advgb-accordion-item\" style=\"margin-bottom:0\"><div class=\"advgb-accordion-header\" style=\"background-color:#ffffff;color:#5c89a3;border-style:solid\"><span class=\"advgb-accordion-header-icon\"><svg fill=\"#5c89a3\" xmlns=\"http:\/\/www.w3.org\/2000\/svg\" width=\"24\" height=\"24\" viewbox=\"0 0 24 24\"><path fill=\"none\" d=\"M0,0h24v24H0V0z\"><\/path><path d=\"M19,13h-6v6h-2v-6H5v-2h6V5h2v6h6V13z\"><\/path><\/svg><\/span><h4 class=\"advgb-accordion-header-title\" style=\"color:inherit\">In bus<\/h4><\/div><div class=\"advgb-accordion-body\" style=\"border-style:solid !important;border-color:undefined !important;border-top:none !important\">\n<p>Con la navetta bus&nbsp;<strong><a href=\"http:\/\/www.atvo.it\/\">ATVO<\/a><\/strong>&nbsp;diretta da Caorle a Venezia (Piazzale Roma). Da qui per raggiungere la famosissima piazza<br>San Marco si pu\u00f2 utilizzare il vaporetto scegliendo tra vari percorsi panoramici.<br>Per informazioni vedere sito&nbsp;<strong><a href=\"http:\/\/www.atvo.it\/\">ATVO<\/a><\/strong>&nbsp;per quanto riguarda il Bus, mentre per quanto riguarda il vaporetto<br>vedere il sito dell\u2019<strong><a href=\"http:\/\/www.actv.it\/\">ACTV<\/a>.<\/strong><\/p>\n<\/div><\/div>\n\n\n\n<div class=\"wp-block-advgb-accordion-item advgb-accordion-item\" style=\"margin-bottom:0\"><div class=\"advgb-accordion-header\" style=\"background-color:#ffffff;color:#5c89a3;border-style:solid\"><span class=\"advgb-accordion-header-icon\"><svg fill=\"#5c89a3\" xmlns=\"http:\/\/www.w3.org\/2000\/svg\" width=\"24\" height=\"24\" viewbox=\"0 0 24 24\"><path fill=\"none\" d=\"M0,0h24v24H0V0z\"><\/path><path d=\"M19,13h-6v6h-2v-6H5v-2h6V5h2v6h6V13z\"><\/path><\/svg><\/span><h4 class=\"advgb-accordion-header-title\" style=\"color:inherit\">Motonave Caorle<\/h4><\/div><div class=\"advgb-accordion-body\" style=\"border-style:solid !important;border-color:undefined !important;border-top:none !important\">\n<p>Inoltre \u00e8 possibile visitare&nbsp;<strong>Venezia<\/strong>&nbsp;partendo direttamente da&nbsp;<strong>Caorle<\/strong>&nbsp;grazie alla&nbsp;<a href=\"http:\/\/www.motonavecaorle.com\/\"><strong>Motonave Caorle<\/strong><\/a>&nbsp;che dal luned\u00ec al venerd\u00ec dalle 8.00 alle 16.00 accompagna i turisti via mare fino a&nbsp;<strong>Venezia<\/strong>&nbsp;passando per tutto il litorale dell\u2019Alto Adriatico (spiaggia di&nbsp;<strong>Eraclea,<\/strong>&nbsp;<strong>Jesolo<\/strong>&nbsp;e&nbsp;<strong>Cavallino<\/strong>).<\/p>\n<\/div><\/div>\n<\/div>\n<\/div><\/div>\n\n\n\n<div class=\"wp-block-group promo-int-2\"><div class=\"wp-block-group__inner-container is-layout-flow wp-block-group-is-layout-flow\">\n<figure class=\"wp-block-image size-large\"><img loading=\"lazy\" decoding=\"async\" width=\"1000\" height=\"670\" src=\"https:\/\/hotelserenacaorle.com\/wp-content\/uploads\/2020\/05\/Hotel_Serena_Dintorni_Caorle_Venezia.jpg\" alt=\"\" class=\"wp-image-4041\" srcset=\"https:\/\/www.hotelserenacaorle.com\/wp-content\/uploads\/2020\/05\/Hotel_Serena_Dintorni_Caorle_Venezia.jpg 1000w, https:\/\/www.hotelserenacaorle.com\/wp-content\/uploads\/2020\/05\/Hotel_Serena_Dintorni_Caorle_Venezia-300x201.jpg 300w, https:\/\/www.hotelserenacaorle.com\/wp-content\/uploads\/2020\/05\/Hotel_Serena_Dintorni_Caorle_Venezia-768x515.jpg 768w\" sizes=\"auto, (max-width: 1000px) 100vw, 1000px\" \/><\/figure>\n<\/div><\/div>\n\n\n\n<div class=\"wp-block-group promo-int-4\"><div class=\"wp-block-group__inner-container is-layout-flow wp-block-group-is-layout-flow\">\n<h3 class=\"wp-block-heading\">Treviso \u00e8 una citt\u00e0 da visitare in ogni stagione<\/h3>\n\n\n\n<h2 class=\"wp-block-heading\">Treviso<\/h2>\n\n\n\n<p><strong>Treviso<\/strong>&nbsp;\u00e8 una citt\u00e0 da visitare in ogni stagione, con il passo lento di chi vuole assaporarne ogni angolo, scoprire scorci originali, respirare la tranquilla vita cittadina. Cuore della citt\u00e0 e luogo di incontro dei trevigiani \u00e8<strong>&nbsp;piazza dei Signori<\/strong>&nbsp;con il suo&nbsp;<strong>Palazzo dei Trecento<\/strong>&nbsp;e l\u2019elegante&nbsp;<strong>Loggia Dei Cavalieri<\/strong>.<br>I due fiumi, Sile e Cagnan, s\u2019insinuano tra le vie e donano un fascino unico al centro storico racchiuso dalle antichissime mura. Le case porticate con le belle facciate affrescate che si riflettono sul&nbsp;<strong>canale dei Buranelli&nbsp;<\/strong>e l\u2019<strong>Isola della Pescheria<\/strong>, creata nel fiume Cagnan per ospitare il mercato del pesce, raccontano lo stretto legame di Treviso con le sue acque.<\/p>\n<\/div><\/div>\n\n\n\n<div class=\"wp-block-group promo-int-3\"><div class=\"wp-block-group__inner-container is-layout-flow wp-block-group-is-layout-flow\">\n<figure class=\"wp-block-image size-large\"><img loading=\"lazy\" decoding=\"async\" width=\"1000\" height=\"670\" src=\"https:\/\/hotelserenacaorle.com\/wp-content\/uploads\/2020\/05\/Hotel_Serena_Dintorni_Caorle_Treviso.jpg\" alt=\"\" class=\"wp-image-4047\" srcset=\"https:\/\/www.hotelserenacaorle.com\/wp-content\/uploads\/2020\/05\/Hotel_Serena_Dintorni_Caorle_Treviso.jpg 1000w, https:\/\/www.hotelserenacaorle.com\/wp-content\/uploads\/2020\/05\/Hotel_Serena_Dintorni_Caorle_Treviso-300x201.jpg 300w, https:\/\/www.hotelserenacaorle.com\/wp-content\/uploads\/2020\/05\/Hotel_Serena_Dintorni_Caorle_Treviso-768x515.jpg 768w\" sizes=\"auto, (max-width: 1000px) 100vw, 1000px\" \/><\/figure>\n<\/div><\/div>\n\n\n\n<div class=\"wp-block-group promo-int-5\"><div class=\"wp-block-group__inner-container is-layout-flow wp-block-group-is-layout-flow\">\n<h3 class=\"wp-block-heading\"><strong>Un sorprendete patrimonio artistico e culturale<\/strong><\/h3>\n\n\n\n<h2 class=\"wp-block-heading\">Padova<\/h2>\n\n\n\n<p>Un sorprendete patrimonio artistico e culturale che si apre a voi in ogni angolo e in ogni dove: ecco, questa \u00e8 la provincia di Padova. Una terra fertile, vitale e dinamica adagiata al centro della pianura veneta il cui capoluogo, Padova, vi sapr\u00e0 stupire ed ammaliare.<\/p>\n\n\n\n<p>\u00c8 la citt\u00e0 di&nbsp;<strong>Sant\u2019Antonio<\/strong>, di&nbsp;<strong>Giotto<\/strong>&nbsp;e di&nbsp;<strong>Galileo<\/strong>: qui devozione, arte e scienza sono un connubio inscindibile. Non lasciatevi sfuggire la visita alla&nbsp;<strong>Cappella degli Scrovegni<\/strong>, all\u2019<strong>Universit\u00e0<\/strong>&nbsp;degli Studi di Padova (<strong>Teatro Anatomico<\/strong>&nbsp;e&nbsp;<strong>l\u2019Orto Botanico<\/strong>) e alla&nbsp;<strong>Basilica del Santo<\/strong>. L\u2019emozione si arricchisce con una passeggiata in centro storico, tra le piazze all\u2019ombra del possente Palazzo della Ragione e una sosta presso il&nbsp;<strong>Caff\u00e8 Pedrocchi<\/strong>.<\/p>\n\n\n\n<p>La provincia di Padova si estende dai colli Euganei alla Laguna di Venezia proponendovi paesaggi mozzafiato, dal dolce profilo dei rilievi alla verdeggiante pianura. Il territorio \u00e8 impreziosito da&nbsp;<strong>citt\u00e0 murate<\/strong>&nbsp;e borghi senza tempo (Cittadella, Monselice, Este, Montagnana,&nbsp;<strong>Arqu\u00e0 Petrarca<\/strong>) che custodiscono perle artistiche di grandissimo livello. Possenti&nbsp;<strong>castelli<\/strong>, baluardi e&nbsp;<strong>roccaforti<\/strong>&nbsp;rivelano il glorioso passato Medievale, mentre le eleganti&nbsp;<strong>ville<\/strong>&nbsp;e i lussureggianti&nbsp;<strong>giardini<\/strong>&nbsp;e parchi storici il passaggio dei nobili veneziani.<\/p>\n<\/div><\/div>\n\n\n\n<div class=\"wp-block-group promo-int-6\"><div class=\"wp-block-group__inner-container is-layout-flow wp-block-group-is-layout-flow\">\n<figure class=\"wp-block-image size-large\"><img loading=\"lazy\" decoding=\"async\" width=\"1000\" height=\"670\" src=\"https:\/\/hotelserenacaorle.com\/wp-content\/uploads\/2020\/04\/padova_011.jpg\" alt=\"\" class=\"wp-image-2655\" srcset=\"https:\/\/www.hotelserenacaorle.com\/wp-content\/uploads\/2020\/04\/padova_011.jpg 1000w, https:\/\/www.hotelserenacaorle.com\/wp-content\/uploads\/2020\/04\/padova_011-300x201.jpg 300w, https:\/\/www.hotelserenacaorle.com\/wp-content\/uploads\/2020\/04\/padova_011-768x515.jpg 768w\" sizes=\"auto, (max-width: 1000px) 100vw, 1000px\" \/><\/figure>\n<\/div><\/div>\n","protected":false},"excerpt":{"rendered":"<p>La Regina dell\u2019Adriatico Venezia Venezia \u00e8 particolarmente ricca di musei ed edifici storici di gran valore artistico e culturale. Come raggiungere Venezia Treviso \u00e8 una citt\u00e0 da visitare in ogni stagione Treviso Treviso&nbsp;\u00e8 una citt\u00e0 da visitare in ogni stagione, con il passo lento di chi vuole assaporarne ogni angolo, scoprire scorci originali, respirare la [&hellip;]<\/p>\n","protected":false},"author":1,"featured_media":4034,"parent":0,"menu_order":0,"comment_status":"closed","ping_status":"closed","template":"","meta":{"_acf_changed":false,"_uag_custom_page_level_css":"","advgb_blocks_editor_width":"","advgb_blocks_columns_visual_guide":"","footnotes":""},"class_list":["post-2625","page","type-page","status-publish","has-post-thumbnail","hentry"],"acf":[],"yoast_head":"<!-- This site is optimized with the Yoast SEO plugin v25.7 - https:\/\/yoast.com\/wordpress\/plugins\/seo\/ -->\n<title>Arte e citt\u00e0 - Hotel Serena - Fronte mare a Caorle<\/title>\n<meta name=\"description\" content=\"Scopri le citt\u00e0 d&#039;arte da visitare vicino a Caorle. Venezia, Treviso, Padova un patrimonio di bellezza e arte Italiana\" \/>\n<meta name=\"robots\" content=\"index, follow, max-snippet:-1, max-image-preview:large, max-video-preview:-1\" \/>\n<link rel=\"canonical\" href=\"https:\/\/www.hotelserenacaorle.com\/it\/arte-e-citta\/\" \/>\n<meta property=\"og:locale\" content=\"it_IT\" \/>\n<meta property=\"og:type\" content=\"article\" \/>\n<meta property=\"og:title\" content=\"Arte e citt\u00e0 - Hotel Serena - Fronte mare a Caorle\" \/>\n<meta property=\"og:description\" content=\"Scopri le citt\u00e0 d&#039;arte da visitare vicino a Caorle. Venezia, Treviso, Padova un patrimonio di bellezza e arte Italiana\" \/>\n<meta property=\"og:url\" content=\"https:\/\/www.hotelserenacaorle.com\/it\/arte-e-citta\/\" \/>\n<meta property=\"og:site_name\" content=\"Hotel Serena\" \/>\n<meta property=\"article:modified_time\" content=\"2020-05-26T12:35:49+00:00\" \/>\n<meta property=\"og:image\" content=\"https:\/\/www.hotelserenacaorle.com\/wp-content\/uploads\/2020\/05\/Hotel_Serena_Caorle_Banner_Dintorni.jpg\" \/>\n\t<meta property=\"og:image:width\" content=\"2000\" \/>\n\t<meta property=\"og:image:height\" content=\"400\" \/>\n\t<meta property=\"og:image:type\" content=\"image\/jpeg\" \/>\n<meta name=\"twitter:card\" content=\"summary_large_image\" \/>\n<meta name=\"twitter:label1\" content=\"Tempo di lettura stimato\" \/>\n\t<meta name=\"twitter:data1\" content=\"3 minuti\" \/>\n<script type=\"application\/ld+json\" class=\"yoast-schema-graph\">{\"@context\":\"https:\/\/schema.org\",\"@graph\":[{\"@type\":\"WebPage\",\"@id\":\"https:\/\/www.hotelserenacaorle.com\/it\/arte-e-citta\/\",\"url\":\"https:\/\/www.hotelserenacaorle.com\/it\/arte-e-citta\/\",\"name\":\"Arte e citt\u00e0 - Hotel Serena - Fronte mare a Caorle\",\"isPartOf\":{\"@id\":\"https:\/\/www.hotelserenacaorle.com\/it\/#website\"},\"primaryImageOfPage\":{\"@id\":\"https:\/\/www.hotelserenacaorle.com\/it\/arte-e-citta\/#primaryimage\"},\"image\":{\"@id\":\"https:\/\/www.hotelserenacaorle.com\/it\/arte-e-citta\/#primaryimage\"},\"thumbnailUrl\":\"https:\/\/www.hotelserenacaorle.com\/wp-content\/uploads\/2020\/05\/Hotel_Serena_Caorle_Banner_Dintorni.jpg\",\"datePublished\":\"2020-04-28T09:49:58+00:00\",\"dateModified\":\"2020-05-26T12:35:49+00:00\",\"description\":\"Scopri le citt\u00e0 d'arte da visitare vicino a Caorle. Venezia, Treviso, Padova un patrimonio di bellezza e arte Italiana\",\"breadcrumb\":{\"@id\":\"https:\/\/www.hotelserenacaorle.com\/it\/arte-e-citta\/#breadcrumb\"},\"inLanguage\":\"it-IT\",\"potentialAction\":[{\"@type\":\"ReadAction\",\"target\":[\"https:\/\/www.hotelserenacaorle.com\/it\/arte-e-citta\/\"]}]},{\"@type\":\"ImageObject\",\"inLanguage\":\"it-IT\",\"@id\":\"https:\/\/www.hotelserenacaorle.com\/it\/arte-e-citta\/#primaryimage\",\"url\":\"https:\/\/www.hotelserenacaorle.com\/wp-content\/uploads\/2020\/05\/Hotel_Serena_Caorle_Banner_Dintorni.jpg\",\"contentUrl\":\"https:\/\/www.hotelserenacaorle.com\/wp-content\/uploads\/2020\/05\/Hotel_Serena_Caorle_Banner_Dintorni.jpg\",\"width\":2000,\"height\":400},{\"@type\":\"BreadcrumbList\",\"@id\":\"https:\/\/www.hotelserenacaorle.com\/it\/arte-e-citta\/#breadcrumb\",\"itemListElement\":[{\"@type\":\"ListItem\",\"position\":1,\"name\":\"Home\",\"item\":\"https:\/\/www.hotelserenacaorle.com\/it\/\"},{\"@type\":\"ListItem\",\"position\":2,\"name\":\"Arte e citt\u00e0\"}]},{\"@type\":\"WebSite\",\"@id\":\"https:\/\/www.hotelserenacaorle.com\/it\/#website\",\"url\":\"https:\/\/www.hotelserenacaorle.com\/it\/\",\"name\":\"Hotel Serena\",\"description\":\"Fronte Mare a Caorle\",\"publisher\":{\"@id\":\"https:\/\/www.hotelserenacaorle.com\/it\/#organization\"},\"potentialAction\":[{\"@type\":\"SearchAction\",\"target\":{\"@type\":\"EntryPoint\",\"urlTemplate\":\"https:\/\/www.hotelserenacaorle.com\/it\/?s={search_term_string}\"},\"query-input\":{\"@type\":\"PropertyValueSpecification\",\"valueRequired\":true,\"valueName\":\"search_term_string\"}}],\"inLanguage\":\"it-IT\"},{\"@type\":\"Organization\",\"@id\":\"https:\/\/www.hotelserenacaorle.com\/it\/#organization\",\"name\":\"Hotel Serena\",\"url\":\"https:\/\/www.hotelserenacaorle.com\/it\/\",\"logo\":{\"@type\":\"ImageObject\",\"inLanguage\":\"it-IT\",\"@id\":\"https:\/\/www.hotelserenacaorle.com\/it\/#\/schema\/logo\/image\/\",\"url\":\"https:\/\/www.hotelserenacaorle.com\/wp-content\/uploads\/2020\/04\/Logo-orizz-original-white-1-1.png\",\"contentUrl\":\"https:\/\/www.hotelserenacaorle.com\/wp-content\/uploads\/2020\/04\/Logo-orizz-original-white-1-1.png\",\"width\":800,\"height\":150,\"caption\":\"Hotel Serena\"},\"image\":{\"@id\":\"https:\/\/www.hotelserenacaorle.com\/it\/#\/schema\/logo\/image\/\"}}]}<\/script>\n<!-- \/ Yoast SEO plugin. -->","yoast_head_json":{"title":"Arte e citt\u00e0 - Hotel Serena - Fronte mare a Caorle","description":"Scopri le citt\u00e0 d'arte da visitare vicino a Caorle. Venezia, Treviso, Padova un patrimonio di bellezza e arte Italiana","robots":{"index":"index","follow":"follow","max-snippet":"max-snippet:-1","max-image-preview":"max-image-preview:large","max-video-preview":"max-video-preview:-1"},"canonical":"https:\/\/www.hotelserenacaorle.com\/it\/arte-e-citta\/","og_locale":"it_IT","og_type":"article","og_title":"Arte e citt\u00e0 - Hotel Serena - Fronte mare a Caorle","og_description":"Scopri le citt\u00e0 d'arte da visitare vicino a Caorle. Venezia, Treviso, Padova un patrimonio di bellezza e arte Italiana","og_url":"https:\/\/www.hotelserenacaorle.com\/it\/arte-e-citta\/","og_site_name":"Hotel Serena","article_modified_time":"2020-05-26T12:35:49+00:00","og_image":[{"width":2000,"height":400,"url":"https:\/\/www.hotelserenacaorle.com\/wp-content\/uploads\/2020\/05\/Hotel_Serena_Caorle_Banner_Dintorni.jpg","type":"image\/jpeg"}],"twitter_card":"summary_large_image","twitter_misc":{"Tempo di lettura stimato":"3 minuti"},"schema":{"@context":"https:\/\/schema.org","@graph":[{"@type":"WebPage","@id":"https:\/\/www.hotelserenacaorle.com\/it\/arte-e-citta\/","url":"https:\/\/www.hotelserenacaorle.com\/it\/arte-e-citta\/","name":"Arte e citt\u00e0 - Hotel Serena - Fronte mare a Caorle","isPartOf":{"@id":"https:\/\/www.hotelserenacaorle.com\/it\/#website"},"primaryImageOfPage":{"@id":"https:\/\/www.hotelserenacaorle.com\/it\/arte-e-citta\/#primaryimage"},"image":{"@id":"https:\/\/www.hotelserenacaorle.com\/it\/arte-e-citta\/#primaryimage"},"thumbnailUrl":"https:\/\/www.hotelserenacaorle.com\/wp-content\/uploads\/2020\/05\/Hotel_Serena_Caorle_Banner_Dintorni.jpg","datePublished":"2020-04-28T09:49:58+00:00","dateModified":"2020-05-26T12:35:49+00:00","description":"Scopri le citt\u00e0 d'arte da visitare vicino a Caorle. Venezia, Treviso, Padova un patrimonio di bellezza e arte Italiana","breadcrumb":{"@id":"https:\/\/www.hotelserenacaorle.com\/it\/arte-e-citta\/#breadcrumb"},"inLanguage":"it-IT","potentialAction":[{"@type":"ReadAction","target":["https:\/\/www.hotelserenacaorle.com\/it\/arte-e-citta\/"]}]},{"@type":"ImageObject","inLanguage":"it-IT","@id":"https:\/\/www.hotelserenacaorle.com\/it\/arte-e-citta\/#primaryimage","url":"https:\/\/www.hotelserenacaorle.com\/wp-content\/uploads\/2020\/05\/Hotel_Serena_Caorle_Banner_Dintorni.jpg","contentUrl":"https:\/\/www.hotelserenacaorle.com\/wp-content\/uploads\/2020\/05\/Hotel_Serena_Caorle_Banner_Dintorni.jpg","width":2000,"height":400},{"@type":"BreadcrumbList","@id":"https:\/\/www.hotelserenacaorle.com\/it\/arte-e-citta\/#breadcrumb","itemListElement":[{"@type":"ListItem","position":1,"name":"Home","item":"https:\/\/www.hotelserenacaorle.com\/it\/"},{"@type":"ListItem","position":2,"name":"Arte e citt\u00e0"}]},{"@type":"WebSite","@id":"https:\/\/www.hotelserenacaorle.com\/it\/#website","url":"https:\/\/www.hotelserenacaorle.com\/it\/","name":"Hotel Serena","description":"Fronte Mare a Caorle","publisher":{"@id":"https:\/\/www.hotelserenacaorle.com\/it\/#organization"},"potentialAction":[{"@type":"SearchAction","target":{"@type":"EntryPoint","urlTemplate":"https:\/\/www.hotelserenacaorle.com\/it\/?s={search_term_string}"},"query-input":{"@type":"PropertyValueSpecification","valueRequired":true,"valueName":"search_term_string"}}],"inLanguage":"it-IT"},{"@type":"Organization","@id":"https:\/\/www.hotelserenacaorle.com\/it\/#organization","name":"Hotel Serena","url":"https:\/\/www.hotelserenacaorle.com\/it\/","logo":{"@type":"ImageObject","inLanguage":"it-IT","@id":"https:\/\/www.hotelserenacaorle.com\/it\/#\/schema\/logo\/image\/","url":"https:\/\/www.hotelserenacaorle.com\/wp-content\/uploads\/2020\/04\/Logo-orizz-original-white-1-1.png","contentUrl":"https:\/\/www.hotelserenacaorle.com\/wp-content\/uploads\/2020\/04\/Logo-orizz-original-white-1-1.png","width":800,"height":150,"caption":"Hotel Serena"},"image":{"@id":"https:\/\/www.hotelserenacaorle.com\/it\/#\/schema\/logo\/image\/"}}]}},"uagb_featured_image_src":{"full":["https:\/\/www.hotelserenacaorle.com\/wp-content\/uploads\/2020\/05\/Hotel_Serena_Caorle_Banner_Dintorni.jpg",2000,400,false],"thumbnail":["https:\/\/www.hotelserenacaorle.com\/wp-content\/uploads\/2020\/05\/Hotel_Serena_Caorle_Banner_Dintorni-150x150.jpg",150,150,true],"medium":["https:\/\/www.hotelserenacaorle.com\/wp-content\/uploads\/2020\/05\/Hotel_Serena_Caorle_Banner_Dintorni-300x60.jpg",300,60,true],"medium_large":["https:\/\/www.hotelserenacaorle.com\/wp-content\/uploads\/2020\/05\/Hotel_Serena_Caorle_Banner_Dintorni-768x154.jpg",580,116,true],"large":["https:\/\/www.hotelserenacaorle.com\/wp-content\/uploads\/2020\/05\/Hotel_Serena_Caorle_Banner_Dintorni-1024x205.jpg",580,116,true],"1536x1536":["https:\/\/www.hotelserenacaorle.com\/wp-content\/uploads\/2020\/05\/Hotel_Serena_Caorle_Banner_Dintorni-1536x307.jpg",1536,307,true],"2048x2048":["https:\/\/www.hotelserenacaorle.com\/wp-content\/uploads\/2020\/05\/Hotel_Serena_Caorle_Banner_Dintorni.jpg",2000,400,false],"post-thumbnail":["https:\/\/www.hotelserenacaorle.com\/wp-content\/uploads\/2020\/05\/Hotel_Serena_Caorle_Banner_Dintorni-1200x240.jpg",1200,240,true],"twentytwenty-fullscreen":["https:\/\/www.hotelserenacaorle.com\/wp-content\/uploads\/2020\/05\/Hotel_Serena_Caorle_Banner_Dintorni-1980x396.jpg",1980,396,true]},"uagb_author_info":{"display_name":"3r4cl3-p4l4","author_link":"https:\/\/www.hotelserenacaorle.com\/it\/author\/3r4cl3-p4l4\/"},"uagb_comment_info":0,"uagb_excerpt":"La Regina dell\u2019Adriatico Venezia Venezia \u00e8 particolarmente ricca di musei ed edifici storici di gran valore artistico e culturale. Come raggiungere Venezia Treviso \u00e8 una citt\u00e0 da visitare in ogni stagione Treviso Treviso&nbsp;\u00e8 una citt\u00e0 da visitare in ogni stagione, con il passo lento di chi vuole assaporarne ogni angolo, scoprire scorci originali, respirare la&hellip;","coauthors":[],"author_meta":{"author_link":"https:\/\/www.hotelserenacaorle.com\/it\/author\/3r4cl3-p4l4\/","display_name":"3r4cl3-p4l4"},"relative_dates":{"created":"Pubblicato 6 anni fa","modified":"Aggiornato 6 anni fa"},"absolute_dates":{"created":"Pubblicato il 28 Aprile 2020","modified":"Aggiornato il 26 Maggio 2020"},"absolute_dates_time":{"created":"Pubblicato il 28 Aprile 2020 11:49","modified":"Aggiornato il 26 Maggio 2020 14:35"},"featured_img_caption":"","featured_img":"https:\/\/www.hotelserenacaorle.com\/wp-content\/uploads\/2020\/05\/Hotel_Serena_Caorle_Banner_Dintorni-1200x240.jpg","series_order":"","_links":{"self":[{"href":"https:\/\/www.hotelserenacaorle.com\/it\/wp-json\/wp\/v2\/pages\/2625","targetHints":{"allow":["GET"]}}],"collection":[{"href":"https:\/\/www.hotelserenacaorle.com\/it\/wp-json\/wp\/v2\/pages"}],"about":[{"href":"https:\/\/www.hotelserenacaorle.com\/it\/wp-json\/wp\/v2\/types\/page"}],"author":[{"embeddable":true,"href":"https:\/\/www.hotelserenacaorle.com\/it\/wp-json\/wp\/v2\/users\/1"}],"replies":[{"embeddable":true,"href":"https:\/\/www.hotelserenacaorle.com\/it\/wp-json\/wp\/v2\/comments?post=2625"}],"version-history":[{"count":1,"href":"https:\/\/www.hotelserenacaorle.com\/it\/wp-json\/wp\/v2\/pages\/2625\/revisions"}],"predecessor-version":[{"id":4544,"href":"https:\/\/www.hotelserenacaorle.com\/it\/wp-json\/wp\/v2\/pages\/2625\/revisions\/4544"}],"wp:featuredmedia":[{"embeddable":true,"href":"https:\/\/www.hotelserenacaorle.com\/it\/wp-json\/wp\/v2\/media\/4034"}],"wp:attachment":[{"href":"https:\/\/www.hotelserenacaorle.com\/it\/wp-json\/wp\/v2\/media?parent=2625"}],"curies":[{"name":"wp","href":"https:\/\/api.w.org\/{rel}","templated":true}]}}