{"id":2562,"date":"2020-04-28T10:59:08","date_gmt":"2020-04-28T08:59:08","guid":{"rendered":"https:\/\/serena.promoservicebeta.com\/?page_id=2562"},"modified":"2020-05-22T12:35:46","modified_gmt":"2020-05-22T10:35:46","slug":"le-spiagge-di-caorle","status":"publish","type":"page","link":"https:\/\/www.hotelserenacaorle.com\/it\/le-spiagge-di-caorle\/","title":{"rendered":"Le spiagge di Caorle"},"content":{"rendered":"\n<div class=\"wp-block-group promo-int-1\"><div class=\"wp-block-group__inner-container is-layout-flow wp-block-group-is-layout-flow\">\n<p>Il litorale di Caorle vanta un\u2019estensione di oltre 15 km snodandosi nelle varie frazioni del paese quali<strong>&nbsp;Porto Santa Margherita,<\/strong>&nbsp;<strong>Lido Altanea<\/strong>&nbsp;e&nbsp;<strong>Duna Verde.<\/strong>&nbsp;Questa lunga striscia di spiaggia \u00e8 caratterizzata da una sabbia finissima dal colore dorato e da un mare con acqua cristallina dai bassi e graduali fondali.<\/p>\n\n\n\n<p>Quasi tutto il litorale \u00e8 dotato di stabilimenti balneari che garantiscono i migliori confort per i turisti in vacanza, si possono trovare infatti: ombrelloni, lettini, docce, cabine, zone gioco per bambini, servizio di animazione, servizio di salvataggio, servizi di pronto soccorso, snack-bar noleggio pedal\u00f2 e canoe.<\/p>\n\n\n\n<p>Un lungo arenile che si snoda in parallelo alla spiaggia rappresenta la soluzione ideale per gli amanti del running e delle rigeneranti passeggiate all\u2019alba o al calar del sole.<\/p>\n\n\n\n<p>In certi punti si possono trovare dei tratti di spiaggia libera dove si pu\u00f2 portare il proprio ombrellone o kit da mare in modo da godersi una rigenerante giornata di mare in totale autonomia.<\/p>\n<\/div><\/div>\n\n\n\n<div class=\"wp-block-group promo-int-2\"><div class=\"wp-block-group__inner-container is-layout-flow wp-block-group-is-layout-flow\">\n<figure class=\"wp-block-image size-large\"><img loading=\"lazy\" decoding=\"async\" width=\"1024\" height=\"683\" src=\"https:\/\/hotelserenacaorle.com\/wp-content\/uploads\/2020\/05\/spiaggia-di-caorle-2-1024x683.jpg\" alt=\"\" class=\"wp-image-4091\" srcset=\"https:\/\/www.hotelserenacaorle.com\/wp-content\/uploads\/2020\/05\/spiaggia-di-caorle-2-1024x683.jpg 1024w, https:\/\/www.hotelserenacaorle.com\/wp-content\/uploads\/2020\/05\/spiaggia-di-caorle-2-300x200.jpg 300w, https:\/\/www.hotelserenacaorle.com\/wp-content\/uploads\/2020\/05\/spiaggia-di-caorle-2-768x512.jpg 768w, https:\/\/www.hotelserenacaorle.com\/wp-content\/uploads\/2020\/05\/spiaggia-di-caorle-2-1536x1024.jpg 1536w, https:\/\/www.hotelserenacaorle.com\/wp-content\/uploads\/2020\/05\/spiaggia-di-caorle-2-1200x800.jpg 1200w, https:\/\/www.hotelserenacaorle.com\/wp-content\/uploads\/2020\/05\/spiaggia-di-caorle-2-1980x1320.jpg 1980w, https:\/\/www.hotelserenacaorle.com\/wp-content\/uploads\/2020\/05\/spiaggia-di-caorle-2.jpg 2048w\" sizes=\"auto, (max-width: 1024px) 100vw, 1024px\" \/><\/figure>\n<\/div><\/div>\n\n\n\n<div class=\"wp-block-group promo-int-3\"><div class=\"wp-block-group__inner-container is-layout-flow wp-block-group-is-layout-flow\">\n<figure class=\"wp-block-image size-large\"><img loading=\"lazy\" decoding=\"async\" width=\"1024\" height=\"683\" src=\"https:\/\/hotelserenacaorle.com\/wp-content\/uploads\/2020\/05\/la-spiaggia-di-caorla-1024x683.jpg\" alt=\"\" class=\"wp-image-3916\" srcset=\"https:\/\/www.hotelserenacaorle.com\/wp-content\/uploads\/2020\/05\/la-spiaggia-di-caorla-1024x683.jpg 1024w, https:\/\/www.hotelserenacaorle.com\/wp-content\/uploads\/2020\/05\/la-spiaggia-di-caorla-300x200.jpg 300w, https:\/\/www.hotelserenacaorle.com\/wp-content\/uploads\/2020\/05\/la-spiaggia-di-caorla-768x512.jpg 768w, https:\/\/www.hotelserenacaorle.com\/wp-content\/uploads\/2020\/05\/la-spiaggia-di-caorla-1536x1024.jpg 1536w, https:\/\/www.hotelserenacaorle.com\/wp-content\/uploads\/2020\/05\/la-spiaggia-di-caorla-1200x800.jpg 1200w, https:\/\/www.hotelserenacaorle.com\/wp-content\/uploads\/2020\/05\/la-spiaggia-di-caorla.jpg 1920w\" sizes=\"auto, (max-width: 1024px) 100vw, 1024px\" \/><\/figure>\n<\/div><\/div>\n\n\n\n<div class=\"wp-block-group promo-int-4\"><div class=\"wp-block-group__inner-container is-layout-flow wp-block-group-is-layout-flow\">\n<h3 class=\"wp-block-heading\">Storia e dettagli<\/h3>\n\n\n\n<p>Dopo il periodo della seconda guerra mondiale, in cui l\u2019economia del paese basata prevalentemente sulla pesca sub\u00ec un grave arresto, fu grazie alla spiaggia che&nbsp;<strong>Caorle<\/strong>&nbsp;riusc\u00ec a sbloccarsi arrivando ad un notevole incremento turistico e alla conseguente vasta entrata monetaria.La zona balneare si estende per oltre 15 km lungo il litorale dell\u2019Adriatico e offre al turista, grazie a svariati ed attrezzati alberghi, una vacanza indimenticabile, tra svago, comodit\u00e0 e vari ed intensi spettacoli di intrattenimento.<\/p>\n\n\n\n<p>Tale metamorfosi \u00e8 avvenuta all\u2019incirca nel 1911 con l\u2019inaugurazione del primo albergo ed \u00e8 continuata fino a oggi portando nella costa veneta circa 200 alberghi, molti campeggi, villaggi turistici, residence di ottimo livello e tante altre strutture turistiche.<br>A completare un opera gi\u00e0 di per s\u00e8 magnifica si aggiunge un mare piacevole e molto invitante che a detta di molti rappresenterebbe il mare pi\u00f9 bello e accogliente di tutto il Veneto.<\/p>\n\n\n\n<p><strong>Caorle<\/strong>&nbsp;pu\u00f2 quindi vantare di un patrimonio immenso che si estende in ogni luogo e in ogni struttura del suo territorio e che contribuisce a rendere questo posto un incontro speciale tra cultura, fascino e divertimento.<br>Esso rappresenta perci\u00f2 un luogo prezioso e raro da trovare diventando cos\u00ec uno dei primi posti del nord-est da visitare se si vuole riscoprire il sottile piacere dell\u2019arte.<\/p>\n<\/div><\/div>\n","protected":false},"excerpt":{"rendered":"<p>Il litorale di Caorle vanta un\u2019estensione di oltre 15 km snodandosi nelle varie frazioni del paese quali&nbsp;Porto Santa Margherita,&nbsp;Lido Altanea&nbsp;e&nbsp;Duna Verde.&nbsp;Questa lunga striscia di spiaggia \u00e8 caratterizzata da una sabbia finissima dal colore dorato e da un mare con acqua cristallina dai bassi e graduali fondali. Quasi tutto il litorale \u00e8 dotato di stabilimenti balneari [&hellip;]<\/p>\n","protected":false},"author":1,"featured_media":4085,"parent":0,"menu_order":0,"comment_status":"closed","ping_status":"closed","template":"","meta":{"_acf_changed":false,"_uag_custom_page_level_css":"","advgb_blocks_editor_width":"","advgb_blocks_columns_visual_guide":"","footnotes":""},"class_list":["post-2562","page","type-page","status-publish","has-post-thumbnail","hentry"],"acf":[],"yoast_head":"<!-- This site is optimized with the Yoast SEO plugin v25.7 - https:\/\/yoast.com\/wordpress\/plugins\/seo\/ -->\n<title>Le spiagge di Caorle - Hotel Serena - Fronte mare a Caorle<\/title>\n<meta name=\"description\" content=\"Il litorale di Caorle vanta un\u2019estensione di oltre 15 km snodandosi nelle varie frazioni del paese quali Porto Santa Margherita, Lido Altanea e Duna Verde.\" \/>\n<meta name=\"robots\" content=\"index, follow, max-snippet:-1, max-image-preview:large, max-video-preview:-1\" \/>\n<link rel=\"canonical\" href=\"https:\/\/www.hotelserenacaorle.com\/it\/le-spiagge-di-caorle\/\" \/>\n<meta property=\"og:locale\" content=\"it_IT\" \/>\n<meta property=\"og:type\" content=\"article\" \/>\n<meta property=\"og:title\" content=\"Le spiagge di Caorle - Hotel Serena - Fronte mare a Caorle\" \/>\n<meta property=\"og:description\" content=\"Il litorale di Caorle vanta un\u2019estensione di oltre 15 km snodandosi nelle varie frazioni del paese quali Porto Santa Margherita, Lido Altanea e Duna Verde.\" \/>\n<meta property=\"og:url\" content=\"https:\/\/www.hotelserenacaorle.com\/it\/le-spiagge-di-caorle\/\" \/>\n<meta property=\"og:site_name\" content=\"Hotel Serena\" \/>\n<meta property=\"article:modified_time\" content=\"2020-05-22T10:35:46+00:00\" \/>\n<meta property=\"og:image\" content=\"https:\/\/www.hotelserenacaorle.com\/wp-content\/uploads\/2020\/05\/Hotel_Serena_Caorle_Banner_Spiaggia.jpg\" \/>\n\t<meta property=\"og:image:width\" content=\"2000\" \/>\n\t<meta property=\"og:image:height\" content=\"400\" \/>\n\t<meta property=\"og:image:type\" content=\"image\/jpeg\" \/>\n<meta name=\"twitter:card\" content=\"summary_large_image\" \/>\n<meta name=\"twitter:label1\" content=\"Tempo di lettura stimato\" \/>\n\t<meta name=\"twitter:data1\" content=\"2 minuti\" \/>\n<script type=\"application\/ld+json\" class=\"yoast-schema-graph\">{\"@context\":\"https:\/\/schema.org\",\"@graph\":[{\"@type\":\"WebPage\",\"@id\":\"https:\/\/www.hotelserenacaorle.com\/it\/le-spiagge-di-caorle\/\",\"url\":\"https:\/\/www.hotelserenacaorle.com\/it\/le-spiagge-di-caorle\/\",\"name\":\"Le spiagge di Caorle - Hotel Serena - Fronte mare a Caorle\",\"isPartOf\":{\"@id\":\"https:\/\/www.hotelserenacaorle.com\/it\/#website\"},\"primaryImageOfPage\":{\"@id\":\"https:\/\/www.hotelserenacaorle.com\/it\/le-spiagge-di-caorle\/#primaryimage\"},\"image\":{\"@id\":\"https:\/\/www.hotelserenacaorle.com\/it\/le-spiagge-di-caorle\/#primaryimage\"},\"thumbnailUrl\":\"https:\/\/www.hotelserenacaorle.com\/wp-content\/uploads\/2020\/05\/Hotel_Serena_Caorle_Banner_Spiaggia.jpg\",\"datePublished\":\"2020-04-28T08:59:08+00:00\",\"dateModified\":\"2020-05-22T10:35:46+00:00\",\"description\":\"Il litorale di Caorle vanta un\u2019estensione di oltre 15 km snodandosi nelle varie frazioni del paese quali Porto Santa Margherita, Lido Altanea e Duna Verde.\",\"breadcrumb\":{\"@id\":\"https:\/\/www.hotelserenacaorle.com\/it\/le-spiagge-di-caorle\/#breadcrumb\"},\"inLanguage\":\"it-IT\",\"potentialAction\":[{\"@type\":\"ReadAction\",\"target\":[\"https:\/\/www.hotelserenacaorle.com\/it\/le-spiagge-di-caorle\/\"]}]},{\"@type\":\"ImageObject\",\"inLanguage\":\"it-IT\",\"@id\":\"https:\/\/www.hotelserenacaorle.com\/it\/le-spiagge-di-caorle\/#primaryimage\",\"url\":\"https:\/\/www.hotelserenacaorle.com\/wp-content\/uploads\/2020\/05\/Hotel_Serena_Caorle_Banner_Spiaggia.jpg\",\"contentUrl\":\"https:\/\/www.hotelserenacaorle.com\/wp-content\/uploads\/2020\/05\/Hotel_Serena_Caorle_Banner_Spiaggia.jpg\",\"width\":2000,\"height\":400},{\"@type\":\"BreadcrumbList\",\"@id\":\"https:\/\/www.hotelserenacaorle.com\/it\/le-spiagge-di-caorle\/#breadcrumb\",\"itemListElement\":[{\"@type\":\"ListItem\",\"position\":1,\"name\":\"Home\",\"item\":\"https:\/\/www.hotelserenacaorle.com\/it\/\"},{\"@type\":\"ListItem\",\"position\":2,\"name\":\"Le spiagge di Caorle\"}]},{\"@type\":\"WebSite\",\"@id\":\"https:\/\/www.hotelserenacaorle.com\/it\/#website\",\"url\":\"https:\/\/www.hotelserenacaorle.com\/it\/\",\"name\":\"Hotel Serena\",\"description\":\"Fronte Mare a Caorle\",\"publisher\":{\"@id\":\"https:\/\/www.hotelserenacaorle.com\/it\/#organization\"},\"potentialAction\":[{\"@type\":\"SearchAction\",\"target\":{\"@type\":\"EntryPoint\",\"urlTemplate\":\"https:\/\/www.hotelserenacaorle.com\/it\/?s={search_term_string}\"},\"query-input\":{\"@type\":\"PropertyValueSpecification\",\"valueRequired\":true,\"valueName\":\"search_term_string\"}}],\"inLanguage\":\"it-IT\"},{\"@type\":\"Organization\",\"@id\":\"https:\/\/www.hotelserenacaorle.com\/it\/#organization\",\"name\":\"Hotel Serena\",\"url\":\"https:\/\/www.hotelserenacaorle.com\/it\/\",\"logo\":{\"@type\":\"ImageObject\",\"inLanguage\":\"it-IT\",\"@id\":\"https:\/\/www.hotelserenacaorle.com\/it\/#\/schema\/logo\/image\/\",\"url\":\"https:\/\/www.hotelserenacaorle.com\/wp-content\/uploads\/2020\/04\/Logo-orizz-original-white-1-1.png\",\"contentUrl\":\"https:\/\/www.hotelserenacaorle.com\/wp-content\/uploads\/2020\/04\/Logo-orizz-original-white-1-1.png\",\"width\":800,\"height\":150,\"caption\":\"Hotel Serena\"},\"image\":{\"@id\":\"https:\/\/www.hotelserenacaorle.com\/it\/#\/schema\/logo\/image\/\"}}]}<\/script>\n<!-- \/ Yoast SEO plugin. -->","yoast_head_json":{"title":"Le spiagge di Caorle - Hotel Serena - Fronte mare a Caorle","description":"Il litorale di Caorle vanta un\u2019estensione di oltre 15 km snodandosi nelle varie frazioni del paese quali Porto Santa Margherita, Lido Altanea e Duna Verde.","robots":{"index":"index","follow":"follow","max-snippet":"max-snippet:-1","max-image-preview":"max-image-preview:large","max-video-preview":"max-video-preview:-1"},"canonical":"https:\/\/www.hotelserenacaorle.com\/it\/le-spiagge-di-caorle\/","og_locale":"it_IT","og_type":"article","og_title":"Le spiagge di Caorle - Hotel Serena - Fronte mare a Caorle","og_description":"Il litorale di Caorle vanta un\u2019estensione di oltre 15 km snodandosi nelle varie frazioni del paese quali Porto Santa Margherita, Lido Altanea e Duna Verde.","og_url":"https:\/\/www.hotelserenacaorle.com\/it\/le-spiagge-di-caorle\/","og_site_name":"Hotel Serena","article_modified_time":"2020-05-22T10:35:46+00:00","og_image":[{"width":2000,"height":400,"url":"https:\/\/www.hotelserenacaorle.com\/wp-content\/uploads\/2020\/05\/Hotel_Serena_Caorle_Banner_Spiaggia.jpg","type":"image\/jpeg"}],"twitter_card":"summary_large_image","twitter_misc":{"Tempo di lettura stimato":"2 minuti"},"schema":{"@context":"https:\/\/schema.org","@graph":[{"@type":"WebPage","@id":"https:\/\/www.hotelserenacaorle.com\/it\/le-spiagge-di-caorle\/","url":"https:\/\/www.hotelserenacaorle.com\/it\/le-spiagge-di-caorle\/","name":"Le spiagge di Caorle - Hotel Serena - Fronte mare a Caorle","isPartOf":{"@id":"https:\/\/www.hotelserenacaorle.com\/it\/#website"},"primaryImageOfPage":{"@id":"https:\/\/www.hotelserenacaorle.com\/it\/le-spiagge-di-caorle\/#primaryimage"},"image":{"@id":"https:\/\/www.hotelserenacaorle.com\/it\/le-spiagge-di-caorle\/#primaryimage"},"thumbnailUrl":"https:\/\/www.hotelserenacaorle.com\/wp-content\/uploads\/2020\/05\/Hotel_Serena_Caorle_Banner_Spiaggia.jpg","datePublished":"2020-04-28T08:59:08+00:00","dateModified":"2020-05-22T10:35:46+00:00","description":"Il litorale di Caorle vanta un\u2019estensione di oltre 15 km snodandosi nelle varie frazioni del paese quali Porto Santa Margherita, Lido Altanea e Duna Verde.","breadcrumb":{"@id":"https:\/\/www.hotelserenacaorle.com\/it\/le-spiagge-di-caorle\/#breadcrumb"},"inLanguage":"it-IT","potentialAction":[{"@type":"ReadAction","target":["https:\/\/www.hotelserenacaorle.com\/it\/le-spiagge-di-caorle\/"]}]},{"@type":"ImageObject","inLanguage":"it-IT","@id":"https:\/\/www.hotelserenacaorle.com\/it\/le-spiagge-di-caorle\/#primaryimage","url":"https:\/\/www.hotelserenacaorle.com\/wp-content\/uploads\/2020\/05\/Hotel_Serena_Caorle_Banner_Spiaggia.jpg","contentUrl":"https:\/\/www.hotelserenacaorle.com\/wp-content\/uploads\/2020\/05\/Hotel_Serena_Caorle_Banner_Spiaggia.jpg","width":2000,"height":400},{"@type":"BreadcrumbList","@id":"https:\/\/www.hotelserenacaorle.com\/it\/le-spiagge-di-caorle\/#breadcrumb","itemListElement":[{"@type":"ListItem","position":1,"name":"Home","item":"https:\/\/www.hotelserenacaorle.com\/it\/"},{"@type":"ListItem","position":2,"name":"Le spiagge di Caorle"}]},{"@type":"WebSite","@id":"https:\/\/www.hotelserenacaorle.com\/it\/#website","url":"https:\/\/www.hotelserenacaorle.com\/it\/","name":"Hotel Serena","description":"Fronte Mare a Caorle","publisher":{"@id":"https:\/\/www.hotelserenacaorle.com\/it\/#organization"},"potentialAction":[{"@type":"SearchAction","target":{"@type":"EntryPoint","urlTemplate":"https:\/\/www.hotelserenacaorle.com\/it\/?s={search_term_string}"},"query-input":{"@type":"PropertyValueSpecification","valueRequired":true,"valueName":"search_term_string"}}],"inLanguage":"it-IT"},{"@type":"Organization","@id":"https:\/\/www.hotelserenacaorle.com\/it\/#organization","name":"Hotel Serena","url":"https:\/\/www.hotelserenacaorle.com\/it\/","logo":{"@type":"ImageObject","inLanguage":"it-IT","@id":"https:\/\/www.hotelserenacaorle.com\/it\/#\/schema\/logo\/image\/","url":"https:\/\/www.hotelserenacaorle.com\/wp-content\/uploads\/2020\/04\/Logo-orizz-original-white-1-1.png","contentUrl":"https:\/\/www.hotelserenacaorle.com\/wp-content\/uploads\/2020\/04\/Logo-orizz-original-white-1-1.png","width":800,"height":150,"caption":"Hotel Serena"},"image":{"@id":"https:\/\/www.hotelserenacaorle.com\/it\/#\/schema\/logo\/image\/"}}]}},"uagb_featured_image_src":{"full":["https:\/\/www.hotelserenacaorle.com\/wp-content\/uploads\/2020\/05\/Hotel_Serena_Caorle_Banner_Spiaggia.jpg",2000,400,false],"thumbnail":["https:\/\/www.hotelserenacaorle.com\/wp-content\/uploads\/2020\/05\/Hotel_Serena_Caorle_Banner_Spiaggia-150x150.jpg",150,150,true],"medium":["https:\/\/www.hotelserenacaorle.com\/wp-content\/uploads\/2020\/05\/Hotel_Serena_Caorle_Banner_Spiaggia-300x60.jpg",300,60,true],"medium_large":["https:\/\/www.hotelserenacaorle.com\/wp-content\/uploads\/2020\/05\/Hotel_Serena_Caorle_Banner_Spiaggia-768x154.jpg",580,116,true],"large":["https:\/\/www.hotelserenacaorle.com\/wp-content\/uploads\/2020\/05\/Hotel_Serena_Caorle_Banner_Spiaggia-1024x205.jpg",580,116,true],"1536x1536":["https:\/\/www.hotelserenacaorle.com\/wp-content\/uploads\/2020\/05\/Hotel_Serena_Caorle_Banner_Spiaggia-1536x307.jpg",1536,307,true],"2048x2048":["https:\/\/www.hotelserenacaorle.com\/wp-content\/uploads\/2020\/05\/Hotel_Serena_Caorle_Banner_Spiaggia.jpg",2000,400,false],"post-thumbnail":["https:\/\/www.hotelserenacaorle.com\/wp-content\/uploads\/2020\/05\/Hotel_Serena_Caorle_Banner_Spiaggia-1200x240.jpg",1200,240,true],"twentytwenty-fullscreen":["https:\/\/www.hotelserenacaorle.com\/wp-content\/uploads\/2020\/05\/Hotel_Serena_Caorle_Banner_Spiaggia-1980x396.jpg",1980,396,true]},"uagb_author_info":{"display_name":"3r4cl3-p4l4","author_link":"https:\/\/www.hotelserenacaorle.com\/it\/author\/3r4cl3-p4l4\/"},"uagb_comment_info":0,"uagb_excerpt":"Il litorale di Caorle vanta un\u2019estensione di oltre 15 km snodandosi nelle varie frazioni del paese quali&nbsp;Porto Santa Margherita,&nbsp;Lido Altanea&nbsp;e&nbsp;Duna Verde.&nbsp;Questa lunga striscia di spiaggia \u00e8 caratterizzata da una sabbia finissima dal colore dorato e da un mare con acqua cristallina dai bassi e graduali fondali. Quasi tutto il litorale \u00e8 dotato di stabilimenti balneari&hellip;","coauthors":[],"author_meta":{"author_link":"https:\/\/www.hotelserenacaorle.com\/it\/author\/3r4cl3-p4l4\/","display_name":"3r4cl3-p4l4"},"relative_dates":{"created":"Pubblicato 6 anni fa","modified":"Aggiornato 6 anni fa"},"absolute_dates":{"created":"Pubblicato il 28 Aprile 2020","modified":"Aggiornato il 22 Maggio 2020"},"absolute_dates_time":{"created":"Pubblicato il 28 Aprile 2020 10:59","modified":"Aggiornato il 22 Maggio 2020 12:35"},"featured_img_caption":"","featured_img":"https:\/\/www.hotelserenacaorle.com\/wp-content\/uploads\/2020\/05\/Hotel_Serena_Caorle_Banner_Spiaggia-1200x240.jpg","series_order":"","_links":{"self":[{"href":"https:\/\/www.hotelserenacaorle.com\/it\/wp-json\/wp\/v2\/pages\/2562","targetHints":{"allow":["GET"]}}],"collection":[{"href":"https:\/\/www.hotelserenacaorle.com\/it\/wp-json\/wp\/v2\/pages"}],"about":[{"href":"https:\/\/www.hotelserenacaorle.com\/it\/wp-json\/wp\/v2\/types\/page"}],"author":[{"embeddable":true,"href":"https:\/\/www.hotelserenacaorle.com\/it\/wp-json\/wp\/v2\/users\/1"}],"replies":[{"embeddable":true,"href":"https:\/\/www.hotelserenacaorle.com\/it\/wp-json\/wp\/v2\/comments?post=2562"}],"version-history":[{"count":0,"href":"https:\/\/www.hotelserenacaorle.com\/it\/wp-json\/wp\/v2\/pages\/2562\/revisions"}],"wp:featuredmedia":[{"embeddable":true,"href":"https:\/\/www.hotelserenacaorle.com\/it\/wp-json\/wp\/v2\/media\/4085"}],"wp:attachment":[{"href":"https:\/\/www.hotelserenacaorle.com\/it\/wp-json\/wp\/v2\/media?parent=2562"}],"curies":[{"name":"wp","href":"https:\/\/api.w.org\/{rel}","templated":true}]}}