{"id":220,"date":"2020-03-01T10:58:17","date_gmt":"2020-03-01T09:58:17","guid":{"rendered":"https:\/\/serena.promoservicebeta.com\/?page_id=220"},"modified":"2020-03-01T11:14:51","modified_gmt":"2020-03-01T10:14:51","slug":"homepage-2","status":"publish","type":"page","link":"https:\/\/www.hotelserenacaorle.com\/it\/homepage-2\/","title":{"rendered":"Homepage"},"content":{"rendered":"\n<figure class=\"wp-block-image alignfull size-full promo-item-banner\"><img decoding=\"async\" src=\"https:\/\/hotelserenacaorle.com\/wp-content\/uploads\/2020\/02\/NetOneStudio_background.jpg\" alt=\"Netone Servizi Informatici\" class=\"wp-image-72\"><\/figure>\n\n\n\n<div class=\"wp-block-group alignfull promo-item-chi-siamo\"><div class=\"wp-block-group__inner-container is-layout-flow wp-block-group-is-layout-flow\">\n<div class=\"wp-block-group\"><div class=\"wp-block-group__inner-container is-layout-flow wp-block-group-is-layout-flow\">\n<h3 class=\"wp-block-heading\">Chi Siamo<\/h3>\n<\/div><\/div>\n\n\n\n<div class=\"wp-block-group\"><div class=\"wp-block-group__inner-container is-layout-flow wp-block-group-is-layout-flow\">\n<p>Siamo <strong>Marco<\/strong> e <strong>Giampaolo<\/strong>, titolari e tecnici di <strong>Net One Studio<\/strong> e ci occupiamo di <strong>forniture di servizi informatici<\/strong>.<\/p><p>Il nostro obiettivo e punto di forza \u00e8 la <strong>tempestiva<\/strong> <strong>assistenza ai clienti con particolari esigenze di continuit\u00e0<\/strong> dei servizi (aziende, enti pubblici ecc.) per ridurre al massimo i tempi per la manutenzione e riparazione dei sistemi informatici.<\/p>\n<\/div><\/div>\n\n\n\n<p><\/p>\n<\/div><\/div>\n\n\n\n<div class=\"wp-block-image promo-item-3\"><figure class=\"aligncenter size-large\"><a href=\"mailto:gian@n1studio.com\"><img decoding=\"async\" src=\"https:\/\/hotelserenacaorle.com\/wp-content\/uploads\/2020\/02\/uomo-moderno-che-sorride_1194-11653.jpg\" alt=\"\" class=\"wp-image-54\"><\/a><p class=\"promo-figcaption\"><strong>Giampaolo Biasi&nbsp;<\/strong><br><br>Server, Pc, Networking in generale<\/p><\/figure><\/div>\n\n\n\n<div class=\"wp-block-image promo-item-4\"><figure class=\"aligncenter size-large\"><a href=\"mailto:marco@n1studio.com\"><img decoding=\"async\" src=\"https:\/\/hotelserenacaorle.com\/wp-content\/uploads\/2020\/02\/uomo-moderno-che-sorride_1194-11653.jpg\" alt=\"\" class=\"wp-image-54\"\/><\/a><p class=\"promo-figcaption\"><strong>Marco Dalla Nora&nbsp;<\/strong><br><br>PC \/ Stampanti e Fotocopiatori<\/p><\/figure><\/div>\n\n\n\n<figure class=\"wp-block-image size-large promo-item-img-servizi\"><img decoding=\"async\" src=\"https:\/\/hotelserenacaorle.com\/wp-content\/uploads\/2020\/02\/SERVIZI.png\" alt=\"\" class=\"wp-image-100\"\/><\/figure>\n\n\n\n<div class=\"wp-block-group promo-item-servizi\"><div class=\"wp-block-group__inner-container is-layout-flow wp-block-group-is-layout-flow\">\n<h3>Servizi<\/h3><a id=\"servizi\"><\/a>\n\n\n\n<p>Net One Studio S.r.l. si occupa di forniture di servizi informatici ed in modo particolare di:<\/p>\n\n\n\n<ul><li>Assistenza sistemistica pre e post vendita su apparati server e reti<\/li><li> Forniture hardware e software<\/li><li> Manutenzione ordinaria e straordinaria su stampanti e macchine da copia<\/li><li> Vendita di sistemi di stampa e copia<\/li><li> Realizzazioni cablaggi e reti strutturate<\/li><li> Assistenza sistemistica pre e post vendita su apparati server e reti<\/li><li> Messa a norma degli accessi ai sistemi e alla rete<\/li><li> Sistemi Linux, file server, mail server e sisemi di loggaggio del traffico mail<\/li><li> Messa in opera apparati wireless<\/li><\/ul>\n<\/div><\/div>\n\n\n\n<div class=\"wp-block-group promo-item-virit\"><div class=\"wp-block-group__inner-container is-layout-flow wp-block-group-is-layout-flow\">\n<h3 class=\"promo-item-virit promo-margin-left-1 wp-block-heading\">Vir.IT eXplorer<\/h3>\n\n\n\n<p class=\"promo-margin-left-1\">Vi invitiamo a provare Vir.IT eXplorer Lite, liberamente utilizzabile sia in ambito privato sia in ambito aziendale, senza violazione di licenza. Vir.IT eXplorer Lite \u00e8 inter-operabile con eventuali altri AV gi\u00e0 presenti senza disinstallarli ma soprattutto senza produrre rallentamenti del computer e conflittualit\u00e0. Vi permette di accrescere attraverso le scansioni incrociate e il modulo di&nbsp;<strong><em>Intrusion Detection&nbsp;<\/em><\/strong>la sicurezza del Vs. PC sia Client che Server sia dai virus\/malware riconosciuti sia da quelli di nuova generazione. Vir.IT eXplorer Lite si aggiornata automaticamente sia come motore sia come firme di identificazione senza alcun limite temporale.L&#8217;utilizzo di Vir.IT eXplorer Lite vi permette di accrescere la sicurezza dei vostri computer valutando preventivamente l&#8217;opportunit\u00e0 di acquisto della versione PRO del prodotto richiedendoci un preventivo.<\/p>\n\n\n\n<div class=\"wp-block-button promo-margin-left-1 promo-margin-bottom-1\"><a class=\"wp-block-button__link has-background\" href=\"mailto:assistenza@n1studio.com\" style=\"color:#FFFFFF !important;background-color:#449cb2;border-radius:50px\" target=\"_blank\" rel=\"noreferrer noopener\">Contattaci<\/a><a id=\"contatti\"><\/a><\/div>\n<\/div><\/div>\n\n\n\n<div class=\"promo-item-img-virit\"><figure class=\"wp-block-image size-large\"><a href=\"https:\/\/www.tgsoft.it\/italy\/prodotti.asp\" target=\"_blank\" rel=\"noreferrer noopener\"><img decoding=\"async\" src=\"https:\/\/hotelserenacaorle.com\/wp-content\/uploads\/2020\/02\/Antivirus.jpg\" alt=\"\" class=\"wp-image-79\"><\/a><\/figure><\/div>\n\n\n\n<div class=\"wp-block-group promo-item-contatti\"><div class=\"wp-block-group__inner-container is-layout-flow wp-block-group-is-layout-flow\">\n<h4 class=\"wp-block-heading\">Contatti<\/h4>\n\n\n\n<p><strong>Hotel Serena<\/strong><br><br>Lungomare Trieste, 39 &#8211; 30021<br>Caorle (VE)<br><br>Tel: <a class=\"promo-link-small\" href=\"tel:\">+39 0421 811 33<\/a><br>Fax: +39 0421 811 33<br>Mail: <a class=\"promo-link-small broken_link\" href=\"\">info@hotelserenacaorle.com<\/a><\/p>\n\n\n\n<p>Orari:<br>Dal <strong>Luned\u00ec<\/strong> al <strong>Venerd\u00ec<\/strong><br>Mattina dalle <strong>8.30<\/strong> alle <strong>12.30<\/strong><br>Pomeriggio dalle ore <strong>14.00<\/strong> alle <strong>18.00<\/strong><br><br><a class=\"promo-link-small\" href=\"\/dati-societari\">Dati societari<\/a><\/p>\n<\/div><\/div>\n\n\n\n<figure class=\"wp-block-gallery columns-2 is-cropped promo-item-galleria wp-block-gallery-2\"><ul class=\"blocks-gallery-grid\"><li class=\"blocks-gallery-item\"><figure><img decoding=\"async\" src=\"https:\/\/hotelserenacaorle.com\/wp-content\/uploads\/2020\/02\/2020-landscape-1-1024x656.png\" alt=\"\" data-id=\"7\" data-full-url=\"https:\/\/hotelserenacaorle.com\/wp-content\/uploads\/2020\/02\/2020-landscape-1.png\" data-link=\"https:\/\/hotelserenacaorle.com\/il-nuovo-umoma-apre-i-battenti\/\" class=\"wp-image-7\"\/><\/figure><\/li><li class=\"blocks-gallery-item\"><figure><img decoding=\"async\" src=\"https:\/\/hotelserenacaorle.com\/wp-content\/uploads\/2020\/02\/Antivirus.jpg\" alt=\"\" data-id=\"79\" data-full-url=\"https:\/\/hotelserenacaorle.com\/wp-content\/uploads\/2020\/02\/Antivirus.jpg\" data-link=\"https:\/\/hotelserenacaorle.com\/homepage\/antivirus\/\" class=\"wp-image-79\"\/><\/figure><\/li><li class=\"blocks-gallery-item\"><figure><img decoding=\"async\" src=\"https:\/\/hotelserenacaorle.com\/wp-content\/uploads\/2020\/02\/SERVIZI.png\" alt=\"\" data-id=\"100\" data-full-url=\"https:\/\/hotelserenacaorle.com\/wp-content\/uploads\/2020\/02\/SERVIZI.png\" data-link=\"https:\/\/hotelserenacaorle.com\/homepage\/servizi\/\" class=\"wp-image-100 is-layout-flex wp-block-gallery-is-layout-flex\"\/><\/figure><\/li><\/ul><\/figure>\n\n\n\n<div class=\"wp-block-advgb-images-slider advgb-images-slider-block promo-item-banner\"><div class=\"advgb-images-slider\"><div class=\"advgb-image-slider-item\"><img decoding=\"async\" src=\"https:\/\/hotelserenacaorle.com\/wp-content\/uploads\/2020\/02\/Antivirus.jpg\" class=\"advgb-image-slider-img\" alt=\"Slider image\" style=\"width:100%;height:auto\"\/><div class=\"advgb-image-slider-item-info\" style=\"justify-content:center;align-items:flex-start\"><a class=\"advgb-image-slider-overlay\" target=\"_blank\" rel=\"noopener noreferrer\" href=\"#\"><\/a><\/div><\/div><div class=\"advgb-image-slider-item\"><img decoding=\"async\" src=\"https:\/\/hotelserenacaorle.com\/wp-content\/uploads\/2020\/02\/NetOneStudio_background.jpg\" class=\"advgb-image-slider-img\" alt=\"Slider image\" style=\"width:100%;height:auto\"\/><div class=\"advgb-image-slider-item-info\" style=\"justify-content:center;align-items:flex-start\"><a class=\"advgb-image-slider-overlay\" target=\"_blank\" rel=\"noopener noreferrer\" href=\"#\"><\/a><\/div><\/div><div class=\"advgb-image-slider-item\"><img decoding=\"async\" src=\"https:\/\/hotelserenacaorle.com\/wp-content\/uploads\/2020\/02\/Schermata-2020-02-11-alle-16.52.55.png\" class=\"advgb-image-slider-img\" alt=\"Slider image\" style=\"width:100%;height:auto\"\/><div class=\"advgb-image-slider-item-info\" style=\"justify-content:center;align-items:flex-start\"><a class=\"advgb-image-slider-overlay\" target=\"_blank\" rel=\"noopener noreferrer\" href=\"#\"><\/a><h4 class=\"advgb-image-slider-title\">Prova<\/h4><p class=\"advgb-image-slider-text\">Immagine di prova<\/p><\/div><\/div><\/div><\/div>\n\n\n\n<div class=\"wp-block-advgb-button alignnone\"><a class=\"wp-block-advgb-button_link advgbbtn-30a2daa7-06b8-4801-9320-a6f9387f1eef\" href=\"#\" target=\"_blank\" rel=\"noopener noreferrer\">PUSH THE BUTTON<\/a><\/div>\n<style class=\"advgb-styles-renderer\">.advgbbtn-30a2daa7-06b8-4801-9320-a6f9387f1eef{font-size:18px;color:#fff !important;background-color:#2196f3 !important;margin:0px 0px 0px 0px !important;padding:10px 30px 10px 30px;border-width:1px !important;border-style:none;border-radius:50px !important;}.advgbbtn-30a2daa7-06b8-4801-9320-a6f9387f1eef:hover{box-shadow:1px 1px 12px 0px #ccc;opacity:1;transition:all 0.2s ease;}.advgbbtn-30a2daa7-06b8-4801-9320-a6f9387f1eef > i {display: none !important;}<\/style>","protected":false},"excerpt":{"rendered":"<p>Chi Siamo Siamo Marco e Giampaolo, titolari e tecnici di Net One Studio e ci occupiamo di forniture di servizi informatici. Il nostro obiettivo e punto di forza \u00e8 la tempestiva assistenza ai clienti con particolari esigenze di continuit\u00e0 dei servizi (aziende, enti pubblici ecc.) per ridurre al massimo i tempi per la manutenzione e [&hellip;]<\/p>\n","protected":false},"author":1,"featured_media":0,"parent":0,"menu_order":0,"comment_status":"closed","ping_status":"closed","template":"","meta":{"_acf_changed":false,"_uag_custom_page_level_css":"","advgb_blocks_editor_width":"","advgb_blocks_columns_visual_guide":"","footnotes":""},"class_list":["post-220","page","type-page","status-publish","hentry"],"acf":[],"yoast_head":"<!-- This site is optimized with the Yoast SEO plugin v25.7 - https:\/\/yoast.com\/wordpress\/plugins\/seo\/ -->\n<title>Hotel Serena - Fronte Mare a Caorle<\/title>\n<meta name=\"description\" content=\"Il nostro obiettivo e punto di forza \u00e8 la tempestiva assistenza per ridurre al massimo i tempi per la manutenzione e riparazione dei sistemi informatici.\" \/>\n<meta name=\"robots\" content=\"index, follow, max-snippet:-1, max-image-preview:large, max-video-preview:-1\" \/>\n<link rel=\"canonical\" href=\"https:\/\/www.hotelserenacaorle.com\/it\/homepage-2\/\" \/>\n<meta property=\"og:locale\" content=\"it_IT\" \/>\n<meta property=\"og:type\" content=\"article\" \/>\n<meta property=\"og:title\" content=\"Hotel Serena - Fronte Mare a Caorle\" \/>\n<meta property=\"og:description\" content=\"Il nostro obiettivo e punto di forza \u00e8 la tempestiva assistenza per ridurre al massimo i tempi per la manutenzione e riparazione dei sistemi informatici.\" \/>\n<meta property=\"og:url\" content=\"https:\/\/www.hotelserenacaorle.com\/it\/homepage-2\/\" \/>\n<meta property=\"og:site_name\" content=\"Hotel Serena\" \/>\n<meta property=\"article:modified_time\" content=\"2020-03-01T10:14:51+00:00\" \/>\n<meta property=\"og:image\" content=\"https:\/\/hotelserenacaorle.com\/wp-content\/uploads\/2020\/02\/NetOneStudio_background.jpg\" \/>\n<meta name=\"twitter:card\" content=\"summary_large_image\" \/>\n<meta name=\"twitter:label1\" content=\"Tempo di lettura stimato\" \/>\n\t<meta name=\"twitter:data1\" content=\"2 minuti\" \/>\n<script type=\"application\/ld+json\" class=\"yoast-schema-graph\">{\"@context\":\"https:\/\/schema.org\",\"@graph\":[{\"@type\":\"WebPage\",\"@id\":\"https:\/\/www.hotelserenacaorle.com\/it\/homepage-2\/\",\"url\":\"https:\/\/www.hotelserenacaorle.com\/it\/homepage-2\/\",\"name\":\"Hotel Serena - Fronte Mare a Caorle\",\"isPartOf\":{\"@id\":\"https:\/\/www.hotelserenacaorle.com\/it\/#website\"},\"primaryImageOfPage\":{\"@id\":\"https:\/\/www.hotelserenacaorle.com\/it\/homepage-2\/#primaryimage\"},\"image\":{\"@id\":\"https:\/\/www.hotelserenacaorle.com\/it\/homepage-2\/#primaryimage\"},\"thumbnailUrl\":\"https:\/\/hotelserenacaorle.com\/wp-content\/uploads\/2020\/02\/NetOneStudio_background.jpg\",\"datePublished\":\"2020-03-01T09:58:17+00:00\",\"dateModified\":\"2020-03-01T10:14:51+00:00\",\"description\":\"Il nostro obiettivo e punto di forza \u00e8 la tempestiva assistenza per ridurre al massimo i tempi per la manutenzione e riparazione dei sistemi informatici.\",\"breadcrumb\":{\"@id\":\"https:\/\/www.hotelserenacaorle.com\/it\/homepage-2\/#breadcrumb\"},\"inLanguage\":\"it-IT\",\"potentialAction\":[{\"@type\":\"ReadAction\",\"target\":[\"https:\/\/www.hotelserenacaorle.com\/it\/homepage-2\/\"]}]},{\"@type\":\"ImageObject\",\"inLanguage\":\"it-IT\",\"@id\":\"https:\/\/www.hotelserenacaorle.com\/it\/homepage-2\/#primaryimage\",\"url\":\"https:\/\/hotelserenacaorle.com\/wp-content\/uploads\/2020\/02\/NetOneStudio_background.jpg\",\"contentUrl\":\"https:\/\/hotelserenacaorle.com\/wp-content\/uploads\/2020\/02\/NetOneStudio_background.jpg\"},{\"@type\":\"BreadcrumbList\",\"@id\":\"https:\/\/www.hotelserenacaorle.com\/it\/homepage-2\/#breadcrumb\",\"itemListElement\":[{\"@type\":\"ListItem\",\"position\":1,\"name\":\"Home\",\"item\":\"https:\/\/www.hotelserenacaorle.com\/it\/\"},{\"@type\":\"ListItem\",\"position\":2,\"name\":\"Homepage\"}]},{\"@type\":\"WebSite\",\"@id\":\"https:\/\/www.hotelserenacaorle.com\/it\/#website\",\"url\":\"https:\/\/www.hotelserenacaorle.com\/it\/\",\"name\":\"Hotel Serena\",\"description\":\"Fronte Mare a Caorle\",\"publisher\":{\"@id\":\"https:\/\/www.hotelserenacaorle.com\/it\/#organization\"},\"potentialAction\":[{\"@type\":\"SearchAction\",\"target\":{\"@type\":\"EntryPoint\",\"urlTemplate\":\"https:\/\/www.hotelserenacaorle.com\/it\/?s={search_term_string}\"},\"query-input\":{\"@type\":\"PropertyValueSpecification\",\"valueRequired\":true,\"valueName\":\"search_term_string\"}}],\"inLanguage\":\"it-IT\"},{\"@type\":\"Organization\",\"@id\":\"https:\/\/www.hotelserenacaorle.com\/it\/#organization\",\"name\":\"Hotel Serena\",\"url\":\"https:\/\/www.hotelserenacaorle.com\/it\/\",\"logo\":{\"@type\":\"ImageObject\",\"inLanguage\":\"it-IT\",\"@id\":\"https:\/\/www.hotelserenacaorle.com\/it\/#\/schema\/logo\/image\/\",\"url\":\"https:\/\/www.hotelserenacaorle.com\/wp-content\/uploads\/2020\/04\/Logo-orizz-original-white-1-1.png\",\"contentUrl\":\"https:\/\/www.hotelserenacaorle.com\/wp-content\/uploads\/2020\/04\/Logo-orizz-original-white-1-1.png\",\"width\":800,\"height\":150,\"caption\":\"Hotel Serena\"},\"image\":{\"@id\":\"https:\/\/www.hotelserenacaorle.com\/it\/#\/schema\/logo\/image\/\"}}]}<\/script>\n<!-- \/ Yoast SEO plugin. -->","yoast_head_json":{"title":"Hotel Serena - Fronte Mare a Caorle","description":"Il nostro obiettivo e punto di forza \u00e8 la tempestiva assistenza per ridurre al massimo i tempi per la manutenzione e riparazione dei sistemi informatici.","robots":{"index":"index","follow":"follow","max-snippet":"max-snippet:-1","max-image-preview":"max-image-preview:large","max-video-preview":"max-video-preview:-1"},"canonical":"https:\/\/www.hotelserenacaorle.com\/it\/homepage-2\/","og_locale":"it_IT","og_type":"article","og_title":"Hotel Serena - Fronte Mare a Caorle","og_description":"Il nostro obiettivo e punto di forza \u00e8 la tempestiva assistenza per ridurre al massimo i tempi per la manutenzione e riparazione dei sistemi informatici.","og_url":"https:\/\/www.hotelserenacaorle.com\/it\/homepage-2\/","og_site_name":"Hotel Serena","article_modified_time":"2020-03-01T10:14:51+00:00","og_image":[{"url":"https:\/\/hotelserenacaorle.com\/wp-content\/uploads\/2020\/02\/NetOneStudio_background.jpg","type":"","width":"","height":""}],"twitter_card":"summary_large_image","twitter_misc":{"Tempo di lettura stimato":"2 minuti"},"schema":{"@context":"https:\/\/schema.org","@graph":[{"@type":"WebPage","@id":"https:\/\/www.hotelserenacaorle.com\/it\/homepage-2\/","url":"https:\/\/www.hotelserenacaorle.com\/it\/homepage-2\/","name":"Hotel Serena - Fronte Mare a Caorle","isPartOf":{"@id":"https:\/\/www.hotelserenacaorle.com\/it\/#website"},"primaryImageOfPage":{"@id":"https:\/\/www.hotelserenacaorle.com\/it\/homepage-2\/#primaryimage"},"image":{"@id":"https:\/\/www.hotelserenacaorle.com\/it\/homepage-2\/#primaryimage"},"thumbnailUrl":"https:\/\/hotelserenacaorle.com\/wp-content\/uploads\/2020\/02\/NetOneStudio_background.jpg","datePublished":"2020-03-01T09:58:17+00:00","dateModified":"2020-03-01T10:14:51+00:00","description":"Il nostro obiettivo e punto di forza \u00e8 la tempestiva assistenza per ridurre al massimo i tempi per la manutenzione e riparazione dei sistemi informatici.","breadcrumb":{"@id":"https:\/\/www.hotelserenacaorle.com\/it\/homepage-2\/#breadcrumb"},"inLanguage":"it-IT","potentialAction":[{"@type":"ReadAction","target":["https:\/\/www.hotelserenacaorle.com\/it\/homepage-2\/"]}]},{"@type":"ImageObject","inLanguage":"it-IT","@id":"https:\/\/www.hotelserenacaorle.com\/it\/homepage-2\/#primaryimage","url":"https:\/\/hotelserenacaorle.com\/wp-content\/uploads\/2020\/02\/NetOneStudio_background.jpg","contentUrl":"https:\/\/hotelserenacaorle.com\/wp-content\/uploads\/2020\/02\/NetOneStudio_background.jpg"},{"@type":"BreadcrumbList","@id":"https:\/\/www.hotelserenacaorle.com\/it\/homepage-2\/#breadcrumb","itemListElement":[{"@type":"ListItem","position":1,"name":"Home","item":"https:\/\/www.hotelserenacaorle.com\/it\/"},{"@type":"ListItem","position":2,"name":"Homepage"}]},{"@type":"WebSite","@id":"https:\/\/www.hotelserenacaorle.com\/it\/#website","url":"https:\/\/www.hotelserenacaorle.com\/it\/","name":"Hotel Serena","description":"Fronte Mare a Caorle","publisher":{"@id":"https:\/\/www.hotelserenacaorle.com\/it\/#organization"},"potentialAction":[{"@type":"SearchAction","target":{"@type":"EntryPoint","urlTemplate":"https:\/\/www.hotelserenacaorle.com\/it\/?s={search_term_string}"},"query-input":{"@type":"PropertyValueSpecification","valueRequired":true,"valueName":"search_term_string"}}],"inLanguage":"it-IT"},{"@type":"Organization","@id":"https:\/\/www.hotelserenacaorle.com\/it\/#organization","name":"Hotel Serena","url":"https:\/\/www.hotelserenacaorle.com\/it\/","logo":{"@type":"ImageObject","inLanguage":"it-IT","@id":"https:\/\/www.hotelserenacaorle.com\/it\/#\/schema\/logo\/image\/","url":"https:\/\/www.hotelserenacaorle.com\/wp-content\/uploads\/2020\/04\/Logo-orizz-original-white-1-1.png","contentUrl":"https:\/\/www.hotelserenacaorle.com\/wp-content\/uploads\/2020\/04\/Logo-orizz-original-white-1-1.png","width":800,"height":150,"caption":"Hotel Serena"},"image":{"@id":"https:\/\/www.hotelserenacaorle.com\/it\/#\/schema\/logo\/image\/"}}]}},"uagb_featured_image_src":{"full":false,"thumbnail":false,"medium":false,"medium_large":false,"large":false,"1536x1536":false,"2048x2048":false,"post-thumbnail":false,"twentytwenty-fullscreen":false},"uagb_author_info":{"display_name":"3r4cl3-p4l4","author_link":"https:\/\/www.hotelserenacaorle.com\/it\/author\/3r4cl3-p4l4\/"},"uagb_comment_info":0,"uagb_excerpt":"Chi Siamo Siamo Marco e Giampaolo, titolari e tecnici di Net One Studio e ci occupiamo di forniture di servizi informatici. Il nostro obiettivo e punto di forza \u00e8 la tempestiva assistenza ai clienti con particolari esigenze di continuit\u00e0 dei servizi (aziende, enti pubblici ecc.) per ridurre al massimo i tempi per la manutenzione e&hellip;","coauthors":[],"author_meta":{"author_link":"https:\/\/www.hotelserenacaorle.com\/it\/author\/3r4cl3-p4l4\/","display_name":"3r4cl3-p4l4"},"relative_dates":{"created":"Pubblicato 6 anni fa","modified":"Aggiornato 6 anni fa"},"absolute_dates":{"created":"Pubblicato il 1 Marzo 2020","modified":"Aggiornato il 1 Marzo 2020"},"absolute_dates_time":{"created":"Pubblicato il 1 Marzo 2020 10:58","modified":"Aggiornato il 1 Marzo 2020 11:14"},"featured_img_caption":"","featured_img":false,"series_order":"","_links":{"self":[{"href":"https:\/\/www.hotelserenacaorle.com\/it\/wp-json\/wp\/v2\/pages\/220","targetHints":{"allow":["GET"]}}],"collection":[{"href":"https:\/\/www.hotelserenacaorle.com\/it\/wp-json\/wp\/v2\/pages"}],"about":[{"href":"https:\/\/www.hotelserenacaorle.com\/it\/wp-json\/wp\/v2\/types\/page"}],"author":[{"embeddable":true,"href":"https:\/\/www.hotelserenacaorle.com\/it\/wp-json\/wp\/v2\/users\/1"}],"replies":[{"embeddable":true,"href":"https:\/\/www.hotelserenacaorle.com\/it\/wp-json\/wp\/v2\/comments?post=220"}],"version-history":[{"count":0,"href":"https:\/\/www.hotelserenacaorle.com\/it\/wp-json\/wp\/v2\/pages\/220\/revisions"}],"wp:attachment":[{"href":"https:\/\/www.hotelserenacaorle.com\/it\/wp-json\/wp\/v2\/media?parent=220"}],"curies":[{"name":"wp","href":"https:\/\/api.w.org\/{rel}","templated":true}]}}