{"id":2114,"date":"2020-04-27T11:05:57","date_gmt":"2020-04-27T09:05:57","guid":{"rendered":"https:\/\/serena.promoservicebeta.com\/?page_id=2114"},"modified":"2020-05-04T17:08:13","modified_gmt":"2020-05-04T15:08:13","slug":"por","status":"publish","type":"page","link":"https:\/\/www.hotelserenacaorle.com\/it\/por\/","title":{"rendered":"Por"},"content":{"rendered":"\n<div class=\"wp-block-group promo-text-full-page\"><div class=\"wp-block-group__inner-container is-layout-flow wp-block-group-is-layout-flow\">\n<h3 class=\"wp-block-heading\">Titolo progetto: <\/h3>\n\n\n\n<h2 class=\"wp-block-heading\">Hotel Serena, il boutique hotel di Caorle<\/h2>\n\n\n\n<p>Intervento realizzato avvalendosi del finanziamento POR \u2014 Obiettivo specifico \u201cConsolidamento, modernizzazione e diversificazione dei sistemi produttivi territoriali\u201d \u2014 Parte FESR fondo europeo di sviluppo regionale 2014-2020<\/p>\n\n\n\n<p><strong>ASSE 3 \u201cCompetitivit\u00e0 dei sistemi produttivi\u201d<\/strong><\/p>\n\n\n\n<p><strong>Azione 3.3.4<\/strong>&nbsp;\u201cSostegno alla competitivit\u00e0 delle imprese nelle destinazioni turistiche, attraverso interventi di qualificazione dell\u2019offerta e innovazione di prodotto\/servizio, strategica ed organizzativa\u201d \u2013 Sub azione C \u201cInvestimenti innovativi nel settore ricettivo turistico\u201d<\/p>\n\n\n\n<p><strong>Descrizione:<\/strong><\/p>\n\n\n\n<p>Hotel Serena ha partecipato con esito positivo al bando regionale 3.3.4 sub C, dedicato agli investimenti innovativi nel settore ricettivo turistico, trasformandosi in&nbsp;quello che viene spesso definito boutique o romantik hotel, per lo studio dei dettagli, la qualit\u00e0 e variet\u00e0 dei servizi e gli spazi molto pi\u00f9 ampi delle camere.<\/p>\n\n\n\n<p>Nello specifico, \u00e8 stata realizzata ex novo una SPA collegata alla piscina esterna, con percorso kneipp, sauna, doccia emozionale e bagno turco; sono state ideate nuove camere e ridistribuiti gli spazi in alcune gi\u00e0 esistenti, per soddisfare al meglio le esigenze delle famiglie.<\/p>\n\n\n\n<p>La cucina \u00e8 stata completamente rinnovata, mentre la sala colazioni \u00e8 stata ampliata per poter essere adibita anche a ristorante, offrendo cos\u00ec alla clientela un ulteriore servizio.<\/p>\n\n\n\n<p>La gestione, particolarmente attenta alla sostenibilit\u00e0 ambientale, ha fatto installare l\u2019impianto fotovoltaico e solare termico per l\u2019autoproduzione di energia, ed ha sostituito l\u2019impianto di aria condizionata con uno pi\u00f9 efficiente e con ridotti consumi energetici.<\/p>\n\n\n\n<p>La struttura \u00e8 stata, infine, resa pi\u00f9 accogliente ed accessibile grazie all\u2019installazione di due nuovi ascensori.<\/p>\n\n\n\n<p>Gli interventi di miglioramento dei servizi esistenti ed il riposizionamento della struttura, hanno permesso all\u2019Hotel Serena di rispondere al meglio all\u2019evoluzione della domanda turistica, sempre pi\u00f9 esigente e interessata a prodotti diversificati, che esaltino la componente esperienziale.<\/p>\n\n\n\n<p>Sostegno di 192.000,00\u20ac su un totale di progetto di 1.245.038,74\u20ac<\/p>\n<\/div><\/div>\n\n\n\n<div class=\"wp-block-group promo-item-gallery\"><div class=\"wp-block-group__inner-container is-layout-flow wp-block-group-is-layout-flow\">\n<h2 class=\"wp-block-heading\">Come eravamo<\/h2>\n\n\n\n<figure class=\"wp-block-gallery columns-3 is-cropped wp-block-gallery-2\"><ul class=\"blocks-gallery-grid\"><li class=\"blocks-gallery-item\"><figure><img loading=\"lazy\" decoding=\"async\" width=\"1024\" height=\"683\" src=\"https:\/\/hotelserenacaorle.com\/wp-content\/uploads\/2020\/04\/Hotel_Serena_come_eravamo_004-1024x683-1.jpg\" alt=\"\" data-id=\"2430\" data-full-url=\"https:\/\/hotelserenacaorle.com\/wp-content\/uploads\/2020\/04\/Hotel_Serena_come_eravamo_004-1024x683-1.jpg\" data-link=\"https:\/\/hotelserenacaorle.com\/it\/por\/hotel_serena_come_eravamo_004-1024x683\/\" class=\"wp-image-2430\" srcset=\"https:\/\/www.hotelserenacaorle.com\/wp-content\/uploads\/2020\/04\/Hotel_Serena_come_eravamo_004-1024x683-1.jpg 1024w, https:\/\/www.hotelserenacaorle.com\/wp-content\/uploads\/2020\/04\/Hotel_Serena_come_eravamo_004-1024x683-1-300x200.jpg 300w, https:\/\/www.hotelserenacaorle.com\/wp-content\/uploads\/2020\/04\/Hotel_Serena_come_eravamo_004-1024x683-1-768x512.jpg 768w\" sizes=\"auto, (max-width: 1024px) 100vw, 1024px\" \/><\/figure><\/li><li class=\"blocks-gallery-item\"><figure><img loading=\"lazy\" decoding=\"async\" width=\"1024\" height=\"683\" src=\"https:\/\/hotelserenacaorle.com\/wp-content\/uploads\/2020\/04\/Hotel_Serena_come_eravamo_001-1-1024x683-1.jpg\" alt=\"\" data-id=\"2442\" data-full-url=\"https:\/\/hotelserenacaorle.com\/wp-content\/uploads\/2020\/04\/Hotel_Serena_come_eravamo_001-1-1024x683-1.jpg\" data-link=\"https:\/\/hotelserenacaorle.com\/it\/por\/hotel_serena_come_eravamo_001-1-1024x683\/\" class=\"wp-image-2442\" srcset=\"https:\/\/www.hotelserenacaorle.com\/wp-content\/uploads\/2020\/04\/Hotel_Serena_come_eravamo_001-1-1024x683-1.jpg 1024w, https:\/\/www.hotelserenacaorle.com\/wp-content\/uploads\/2020\/04\/Hotel_Serena_come_eravamo_001-1-1024x683-1-300x200.jpg 300w, https:\/\/www.hotelserenacaorle.com\/wp-content\/uploads\/2020\/04\/Hotel_Serena_come_eravamo_001-1-1024x683-1-768x512.jpg 768w\" sizes=\"auto, (max-width: 1024px) 100vw, 1024px\" \/><\/figure><\/li><li class=\"blocks-gallery-item\"><figure><img loading=\"lazy\" decoding=\"async\" width=\"1024\" height=\"683\" src=\"https:\/\/hotelserenacaorle.com\/wp-content\/uploads\/2020\/04\/Hotel_Serena_come_eravamo_022-1024x683-1.jpg\" alt=\"\" data-id=\"2418\" data-full-url=\"https:\/\/hotelserenacaorle.com\/wp-content\/uploads\/2020\/04\/Hotel_Serena_come_eravamo_022-1024x683-1.jpg\" data-link=\"https:\/\/hotelserenacaorle.com\/it\/por\/hotel_serena_come_eravamo_022-1024x683\/\" class=\"wp-image-2418\" srcset=\"https:\/\/www.hotelserenacaorle.com\/wp-content\/uploads\/2020\/04\/Hotel_Serena_come_eravamo_022-1024x683-1.jpg 1024w, https:\/\/www.hotelserenacaorle.com\/wp-content\/uploads\/2020\/04\/Hotel_Serena_come_eravamo_022-1024x683-1-300x200.jpg 300w, https:\/\/www.hotelserenacaorle.com\/wp-content\/uploads\/2020\/04\/Hotel_Serena_come_eravamo_022-1024x683-1-768x512.jpg 768w\" sizes=\"auto, (max-width: 1024px) 100vw, 1024px\" \/><\/figure><\/li><li class=\"blocks-gallery-item\"><figure><img loading=\"lazy\" decoding=\"async\" width=\"1024\" height=\"683\" src=\"https:\/\/hotelserenacaorle.com\/wp-content\/uploads\/2020\/04\/Hotel_Serena_come_eravamo_003-1024x683-1.jpg\" alt=\"\" data-id=\"2436\" data-full-url=\"https:\/\/hotelserenacaorle.com\/wp-content\/uploads\/2020\/04\/Hotel_Serena_come_eravamo_003-1024x683-1.jpg\" data-link=\"https:\/\/hotelserenacaorle.com\/it\/por\/hotel_serena_come_eravamo_003-1024x683\/\" class=\"wp-image-2436\" srcset=\"https:\/\/www.hotelserenacaorle.com\/wp-content\/uploads\/2020\/04\/Hotel_Serena_come_eravamo_003-1024x683-1.jpg 1024w, https:\/\/www.hotelserenacaorle.com\/wp-content\/uploads\/2020\/04\/Hotel_Serena_come_eravamo_003-1024x683-1-300x200.jpg 300w, https:\/\/www.hotelserenacaorle.com\/wp-content\/uploads\/2020\/04\/Hotel_Serena_come_eravamo_003-1024x683-1-768x512.jpg 768w\" sizes=\"auto, (max-width: 1024px) 100vw, 1024px\" \/><\/figure><\/li><li class=\"blocks-gallery-item\"><figure><img loading=\"lazy\" decoding=\"async\" width=\"1024\" height=\"683\" src=\"https:\/\/hotelserenacaorle.com\/wp-content\/uploads\/2020\/04\/Hotel_Serena_come_eravamo_016-1024x683-1.jpg\" alt=\"\" data-id=\"2424\" data-full-url=\"https:\/\/hotelserenacaorle.com\/wp-content\/uploads\/2020\/04\/Hotel_Serena_come_eravamo_016-1024x683-1.jpg\" data-link=\"https:\/\/hotelserenacaorle.com\/it\/por\/hotel_serena_come_eravamo_016-1024x683\/\" class=\"wp-image-2424 is-layout-flex wp-block-gallery-is-layout-flex\" srcset=\"https:\/\/www.hotelserenacaorle.com\/wp-content\/uploads\/2020\/04\/Hotel_Serena_come_eravamo_016-1024x683-1.jpg 1024w, https:\/\/www.hotelserenacaorle.com\/wp-content\/uploads\/2020\/04\/Hotel_Serena_come_eravamo_016-1024x683-1-300x200.jpg 300w, https:\/\/www.hotelserenacaorle.com\/wp-content\/uploads\/2020\/04\/Hotel_Serena_come_eravamo_016-1024x683-1-768x512.jpg 768w\" sizes=\"auto, (max-width: 1024px) 100vw, 1024px\" \/><\/figure><\/li><\/ul><\/figure>\n<\/div><\/div>\n","protected":false},"excerpt":{"rendered":"<p>Titolo progetto: Hotel Serena, il boutique hotel di Caorle Intervento realizzato avvalendosi del finanziamento POR \u2014 Obiettivo specifico \u201cConsolidamento, modernizzazione e diversificazione dei sistemi produttivi territoriali\u201d \u2014 Parte FESR fondo europeo di sviluppo regionale 2014-2020 ASSE 3 \u201cCompetitivit\u00e0 dei sistemi produttivi\u201d Azione 3.3.4&nbsp;\u201cSostegno alla competitivit\u00e0 delle imprese nelle destinazioni turistiche, attraverso interventi di qualificazione dell\u2019offerta [&hellip;]<\/p>\n","protected":false},"author":1,"featured_media":2450,"parent":0,"menu_order":0,"comment_status":"closed","ping_status":"closed","template":"","meta":{"_acf_changed":false,"_uag_custom_page_level_css":"","advgb_blocks_editor_width":"","advgb_blocks_columns_visual_guide":"","footnotes":""},"class_list":["post-2114","page","type-page","status-publish","has-post-thumbnail","hentry"],"acf":[],"yoast_head":"<!-- This site is optimized with the Yoast SEO plugin v25.7 - https:\/\/yoast.com\/wordpress\/plugins\/seo\/ -->\n<title>Por - Hotel Serena - Fronte mare a Caorle<\/title>\n<meta name=\"description\" content=\"Intervento realizzato avvalendosi del finanziamento POR: Obiettivo specifico \u201cConsolidamento, modernizzazione e diversificazione dei sistemi produttivi territoriali\u201d\" \/>\n<meta name=\"robots\" content=\"index, follow, max-snippet:-1, max-image-preview:large, max-video-preview:-1\" \/>\n<link rel=\"canonical\" href=\"https:\/\/www.hotelserenacaorle.com\/it\/por\/\" \/>\n<meta property=\"og:locale\" content=\"it_IT\" \/>\n<meta property=\"og:type\" content=\"article\" \/>\n<meta property=\"og:title\" content=\"Por - Hotel Serena - Fronte mare a Caorle\" \/>\n<meta property=\"og:description\" content=\"Intervento realizzato avvalendosi del finanziamento POR: Obiettivo specifico \u201cConsolidamento, modernizzazione e diversificazione dei sistemi produttivi territoriali\u201d\" \/>\n<meta property=\"og:url\" content=\"https:\/\/www.hotelserenacaorle.com\/it\/por\/\" \/>\n<meta property=\"og:site_name\" content=\"Hotel Serena\" \/>\n<meta property=\"article:modified_time\" content=\"2020-05-04T15:08:13+00:00\" \/>\n<meta property=\"og:image\" content=\"https:\/\/www.hotelserenacaorle.com\/wp-content\/uploads\/2020\/04\/Banner_Por.jpg\" \/>\n\t<meta property=\"og:image:width\" content=\"2000\" \/>\n\t<meta property=\"og:image:height\" content=\"400\" \/>\n\t<meta property=\"og:image:type\" content=\"image\/jpeg\" \/>\n<meta name=\"twitter:card\" content=\"summary_large_image\" \/>\n<meta name=\"twitter:label1\" content=\"Tempo di lettura stimato\" \/>\n\t<meta name=\"twitter:data1\" content=\"1 minuto\" \/>\n<script type=\"application\/ld+json\" class=\"yoast-schema-graph\">{\"@context\":\"https:\/\/schema.org\",\"@graph\":[{\"@type\":\"WebPage\",\"@id\":\"https:\/\/www.hotelserenacaorle.com\/it\/por\/\",\"url\":\"https:\/\/www.hotelserenacaorle.com\/it\/por\/\",\"name\":\"Por - Hotel Serena - Fronte mare a Caorle\",\"isPartOf\":{\"@id\":\"https:\/\/www.hotelserenacaorle.com\/it\/#website\"},\"primaryImageOfPage\":{\"@id\":\"https:\/\/www.hotelserenacaorle.com\/it\/por\/#primaryimage\"},\"image\":{\"@id\":\"https:\/\/www.hotelserenacaorle.com\/it\/por\/#primaryimage\"},\"thumbnailUrl\":\"https:\/\/www.hotelserenacaorle.com\/wp-content\/uploads\/2020\/04\/Banner_Por.jpg\",\"datePublished\":\"2020-04-27T09:05:57+00:00\",\"dateModified\":\"2020-05-04T15:08:13+00:00\",\"description\":\"Intervento realizzato avvalendosi del finanziamento POR: Obiettivo specifico \u201cConsolidamento, modernizzazione e diversificazione dei sistemi produttivi territoriali\u201d\",\"breadcrumb\":{\"@id\":\"https:\/\/www.hotelserenacaorle.com\/it\/por\/#breadcrumb\"},\"inLanguage\":\"it-IT\",\"potentialAction\":[{\"@type\":\"ReadAction\",\"target\":[\"https:\/\/www.hotelserenacaorle.com\/it\/por\/\"]}]},{\"@type\":\"ImageObject\",\"inLanguage\":\"it-IT\",\"@id\":\"https:\/\/www.hotelserenacaorle.com\/it\/por\/#primaryimage\",\"url\":\"https:\/\/www.hotelserenacaorle.com\/wp-content\/uploads\/2020\/04\/Banner_Por.jpg\",\"contentUrl\":\"https:\/\/www.hotelserenacaorle.com\/wp-content\/uploads\/2020\/04\/Banner_Por.jpg\",\"width\":2000,\"height\":400},{\"@type\":\"BreadcrumbList\",\"@id\":\"https:\/\/www.hotelserenacaorle.com\/it\/por\/#breadcrumb\",\"itemListElement\":[{\"@type\":\"ListItem\",\"position\":1,\"name\":\"Home\",\"item\":\"https:\/\/www.hotelserenacaorle.com\/it\/\"},{\"@type\":\"ListItem\",\"position\":2,\"name\":\"Por\"}]},{\"@type\":\"WebSite\",\"@id\":\"https:\/\/www.hotelserenacaorle.com\/it\/#website\",\"url\":\"https:\/\/www.hotelserenacaorle.com\/it\/\",\"name\":\"Hotel Serena\",\"description\":\"Fronte Mare a Caorle\",\"publisher\":{\"@id\":\"https:\/\/www.hotelserenacaorle.com\/it\/#organization\"},\"potentialAction\":[{\"@type\":\"SearchAction\",\"target\":{\"@type\":\"EntryPoint\",\"urlTemplate\":\"https:\/\/www.hotelserenacaorle.com\/it\/?s={search_term_string}\"},\"query-input\":{\"@type\":\"PropertyValueSpecification\",\"valueRequired\":true,\"valueName\":\"search_term_string\"}}],\"inLanguage\":\"it-IT\"},{\"@type\":\"Organization\",\"@id\":\"https:\/\/www.hotelserenacaorle.com\/it\/#organization\",\"name\":\"Hotel Serena\",\"url\":\"https:\/\/www.hotelserenacaorle.com\/it\/\",\"logo\":{\"@type\":\"ImageObject\",\"inLanguage\":\"it-IT\",\"@id\":\"https:\/\/www.hotelserenacaorle.com\/it\/#\/schema\/logo\/image\/\",\"url\":\"https:\/\/www.hotelserenacaorle.com\/wp-content\/uploads\/2020\/04\/Logo-orizz-original-white-1-1.png\",\"contentUrl\":\"https:\/\/www.hotelserenacaorle.com\/wp-content\/uploads\/2020\/04\/Logo-orizz-original-white-1-1.png\",\"width\":800,\"height\":150,\"caption\":\"Hotel Serena\"},\"image\":{\"@id\":\"https:\/\/www.hotelserenacaorle.com\/it\/#\/schema\/logo\/image\/\"}}]}<\/script>\n<!-- \/ Yoast SEO plugin. -->","yoast_head_json":{"title":"Por - Hotel Serena - Fronte mare a Caorle","description":"Intervento realizzato avvalendosi del finanziamento POR: Obiettivo specifico \u201cConsolidamento, modernizzazione e diversificazione dei sistemi produttivi territoriali\u201d","robots":{"index":"index","follow":"follow","max-snippet":"max-snippet:-1","max-image-preview":"max-image-preview:large","max-video-preview":"max-video-preview:-1"},"canonical":"https:\/\/www.hotelserenacaorle.com\/it\/por\/","og_locale":"it_IT","og_type":"article","og_title":"Por - Hotel Serena - Fronte mare a Caorle","og_description":"Intervento realizzato avvalendosi del finanziamento POR: Obiettivo specifico \u201cConsolidamento, modernizzazione e diversificazione dei sistemi produttivi territoriali\u201d","og_url":"https:\/\/www.hotelserenacaorle.com\/it\/por\/","og_site_name":"Hotel Serena","article_modified_time":"2020-05-04T15:08:13+00:00","og_image":[{"width":2000,"height":400,"url":"https:\/\/www.hotelserenacaorle.com\/wp-content\/uploads\/2020\/04\/Banner_Por.jpg","type":"image\/jpeg"}],"twitter_card":"summary_large_image","twitter_misc":{"Tempo di lettura stimato":"1 minuto"},"schema":{"@context":"https:\/\/schema.org","@graph":[{"@type":"WebPage","@id":"https:\/\/www.hotelserenacaorle.com\/it\/por\/","url":"https:\/\/www.hotelserenacaorle.com\/it\/por\/","name":"Por - Hotel Serena - Fronte mare a Caorle","isPartOf":{"@id":"https:\/\/www.hotelserenacaorle.com\/it\/#website"},"primaryImageOfPage":{"@id":"https:\/\/www.hotelserenacaorle.com\/it\/por\/#primaryimage"},"image":{"@id":"https:\/\/www.hotelserenacaorle.com\/it\/por\/#primaryimage"},"thumbnailUrl":"https:\/\/www.hotelserenacaorle.com\/wp-content\/uploads\/2020\/04\/Banner_Por.jpg","datePublished":"2020-04-27T09:05:57+00:00","dateModified":"2020-05-04T15:08:13+00:00","description":"Intervento realizzato avvalendosi del finanziamento POR: Obiettivo specifico \u201cConsolidamento, modernizzazione e diversificazione dei sistemi produttivi territoriali\u201d","breadcrumb":{"@id":"https:\/\/www.hotelserenacaorle.com\/it\/por\/#breadcrumb"},"inLanguage":"it-IT","potentialAction":[{"@type":"ReadAction","target":["https:\/\/www.hotelserenacaorle.com\/it\/por\/"]}]},{"@type":"ImageObject","inLanguage":"it-IT","@id":"https:\/\/www.hotelserenacaorle.com\/it\/por\/#primaryimage","url":"https:\/\/www.hotelserenacaorle.com\/wp-content\/uploads\/2020\/04\/Banner_Por.jpg","contentUrl":"https:\/\/www.hotelserenacaorle.com\/wp-content\/uploads\/2020\/04\/Banner_Por.jpg","width":2000,"height":400},{"@type":"BreadcrumbList","@id":"https:\/\/www.hotelserenacaorle.com\/it\/por\/#breadcrumb","itemListElement":[{"@type":"ListItem","position":1,"name":"Home","item":"https:\/\/www.hotelserenacaorle.com\/it\/"},{"@type":"ListItem","position":2,"name":"Por"}]},{"@type":"WebSite","@id":"https:\/\/www.hotelserenacaorle.com\/it\/#website","url":"https:\/\/www.hotelserenacaorle.com\/it\/","name":"Hotel Serena","description":"Fronte Mare a Caorle","publisher":{"@id":"https:\/\/www.hotelserenacaorle.com\/it\/#organization"},"potentialAction":[{"@type":"SearchAction","target":{"@type":"EntryPoint","urlTemplate":"https:\/\/www.hotelserenacaorle.com\/it\/?s={search_term_string}"},"query-input":{"@type":"PropertyValueSpecification","valueRequired":true,"valueName":"search_term_string"}}],"inLanguage":"it-IT"},{"@type":"Organization","@id":"https:\/\/www.hotelserenacaorle.com\/it\/#organization","name":"Hotel Serena","url":"https:\/\/www.hotelserenacaorle.com\/it\/","logo":{"@type":"ImageObject","inLanguage":"it-IT","@id":"https:\/\/www.hotelserenacaorle.com\/it\/#\/schema\/logo\/image\/","url":"https:\/\/www.hotelserenacaorle.com\/wp-content\/uploads\/2020\/04\/Logo-orizz-original-white-1-1.png","contentUrl":"https:\/\/www.hotelserenacaorle.com\/wp-content\/uploads\/2020\/04\/Logo-orizz-original-white-1-1.png","width":800,"height":150,"caption":"Hotel Serena"},"image":{"@id":"https:\/\/www.hotelserenacaorle.com\/it\/#\/schema\/logo\/image\/"}}]}},"uagb_featured_image_src":{"full":["https:\/\/www.hotelserenacaorle.com\/wp-content\/uploads\/2020\/04\/Banner_Por.jpg",2000,400,false],"thumbnail":["https:\/\/www.hotelserenacaorle.com\/wp-content\/uploads\/2020\/04\/Banner_Por-150x150.jpg",150,150,true],"medium":["https:\/\/www.hotelserenacaorle.com\/wp-content\/uploads\/2020\/04\/Banner_Por-300x60.jpg",300,60,true],"medium_large":["https:\/\/www.hotelserenacaorle.com\/wp-content\/uploads\/2020\/04\/Banner_Por-768x154.jpg",580,116,true],"large":["https:\/\/www.hotelserenacaorle.com\/wp-content\/uploads\/2020\/04\/Banner_Por-1024x205.jpg",580,116,true],"1536x1536":["https:\/\/www.hotelserenacaorle.com\/wp-content\/uploads\/2020\/04\/Banner_Por-1536x307.jpg",1536,307,true],"2048x2048":["https:\/\/www.hotelserenacaorle.com\/wp-content\/uploads\/2020\/04\/Banner_Por.jpg",2000,400,false],"post-thumbnail":["https:\/\/www.hotelserenacaorle.com\/wp-content\/uploads\/2020\/04\/Banner_Por-1200x240.jpg",1200,240,true],"twentytwenty-fullscreen":["https:\/\/www.hotelserenacaorle.com\/wp-content\/uploads\/2020\/04\/Banner_Por-1980x396.jpg",1980,396,true]},"uagb_author_info":{"display_name":"3r4cl3-p4l4","author_link":"https:\/\/www.hotelserenacaorle.com\/it\/author\/3r4cl3-p4l4\/"},"uagb_comment_info":0,"uagb_excerpt":"Titolo progetto: Hotel Serena, il boutique hotel di Caorle Intervento realizzato avvalendosi del finanziamento POR \u2014 Obiettivo specifico \u201cConsolidamento, modernizzazione e diversificazione dei sistemi produttivi territoriali\u201d \u2014 Parte FESR fondo europeo di sviluppo regionale 2014-2020 ASSE 3 \u201cCompetitivit\u00e0 dei sistemi produttivi\u201d Azione 3.3.4&nbsp;\u201cSostegno alla competitivit\u00e0 delle imprese nelle destinazioni turistiche, attraverso interventi di qualificazione dell\u2019offerta&hellip;","coauthors":[],"author_meta":{"author_link":"https:\/\/www.hotelserenacaorle.com\/it\/author\/3r4cl3-p4l4\/","display_name":"3r4cl3-p4l4"},"relative_dates":{"created":"Pubblicato 6 anni fa","modified":"Aggiornato 6 anni fa"},"absolute_dates":{"created":"Pubblicato il 27 Aprile 2020","modified":"Aggiornato il 4 Maggio 2020"},"absolute_dates_time":{"created":"Pubblicato il 27 Aprile 2020 11:05","modified":"Aggiornato il 4 Maggio 2020 17:08"},"featured_img_caption":"","featured_img":"https:\/\/www.hotelserenacaorle.com\/wp-content\/uploads\/2020\/04\/Banner_Por-1200x240.jpg","series_order":"","_links":{"self":[{"href":"https:\/\/www.hotelserenacaorle.com\/it\/wp-json\/wp\/v2\/pages\/2114","targetHints":{"allow":["GET"]}}],"collection":[{"href":"https:\/\/www.hotelserenacaorle.com\/it\/wp-json\/wp\/v2\/pages"}],"about":[{"href":"https:\/\/www.hotelserenacaorle.com\/it\/wp-json\/wp\/v2\/types\/page"}],"author":[{"embeddable":true,"href":"https:\/\/www.hotelserenacaorle.com\/it\/wp-json\/wp\/v2\/users\/1"}],"replies":[{"embeddable":true,"href":"https:\/\/www.hotelserenacaorle.com\/it\/wp-json\/wp\/v2\/comments?post=2114"}],"version-history":[{"count":0,"href":"https:\/\/www.hotelserenacaorle.com\/it\/wp-json\/wp\/v2\/pages\/2114\/revisions"}],"wp:featuredmedia":[{"embeddable":true,"href":"https:\/\/www.hotelserenacaorle.com\/it\/wp-json\/wp\/v2\/media\/2450"}],"wp:attachment":[{"href":"https:\/\/www.hotelserenacaorle.com\/it\/wp-json\/wp\/v2\/media?parent=2114"}],"curies":[{"name":"wp","href":"https:\/\/api.w.org\/{rel}","templated":true}]}}