{"id":2097,"date":"2020-04-27T10:41:19","date_gmt":"2020-04-27T08:41:19","guid":{"rendered":"https:\/\/serena.promoservicebeta.com\/?page_id=2097"},"modified":"2020-04-30T15:53:56","modified_gmt":"2020-04-30T13:53:56","slug":"i-nostri-servizi","status":"publish","type":"page","link":"https:\/\/www.hotelserenacaorle.com\/it\/i-nostri-servizi\/","title":{"rendered":"I nostri servizi"},"content":{"rendered":"\n<div style=\"height:40px\" aria-hidden=\"true\" class=\"wp-block-spacer\"><\/div>\n\n\n\n<div class=\"wp-block-group promo-int-1\"><div class=\"wp-block-group__inner-container is-layout-flow wp-block-group-is-layout-flow\">\n<h3 class=\"wp-block-heading\">Scopri tutti I comfort<\/h3>\n\n\n\n<h2 class=\"wp-block-heading\">Una vacanza di relax e divertimento<\/h2>\n\n\n\n<p><strong>Spiaggia privata<\/strong> con lettini e ombrellone, <strong>parcheggio privato<\/strong> e <strong>ricca colazione a buffet<\/strong> <strong>fino alle ore 11:00<\/strong> sono <strong>inclusi nel prezzo<\/strong>. Inoltre a disposizione dei nostri ospiti c\u2019\u00e8 una \u201csala cubana\u201d dove potersi rilassare leggendo un libro o guardando la tv.<\/p>\n\n\n\n<p>Vini selezionati per la nostra clientela, cocktail particolari e specialit\u00e0 del giorno della nostra enoteca completano la vostra vacanza, che pu\u00f2 essere organizzata con la massima libert\u00e0 grazie alla <strong>formula B&amp;B<\/strong>.<\/p>\n\n\n\n<div style=\"height:20px\" aria-hidden=\"true\" class=\"wp-block-spacer\"><\/div>\n\n\n\n<p><strong>Le coppie apprezzano molto la posizione<\/strong>: valutata&nbsp;<strong>9,3<\/strong> su booking.com&nbsp;<strong>per un viaggio a due<\/strong>.<\/p>\n<\/div><\/div>\n\n\n\n<div class=\"wp-block-group promo-int-2\"><div class=\"wp-block-group__inner-container is-layout-flow wp-block-group-is-layout-flow\">\n<figure class=\"wp-block-image size-large\"><img loading=\"lazy\" decoding=\"async\" width=\"1024\" height=\"683\" src=\"https:\/\/hotelserenacaorle.com\/wp-content\/uploads\/2020\/04\/0006-hotel-serena-colazione-1024x683-1.jpg\" alt=\"\" class=\"wp-image-2007\" srcset=\"https:\/\/www.hotelserenacaorle.com\/wp-content\/uploads\/2020\/04\/0006-hotel-serena-colazione-1024x683-1.jpg 1024w, https:\/\/www.hotelserenacaorle.com\/wp-content\/uploads\/2020\/04\/0006-hotel-serena-colazione-1024x683-1-300x200.jpg 300w, https:\/\/www.hotelserenacaorle.com\/wp-content\/uploads\/2020\/04\/0006-hotel-serena-colazione-1024x683-1-768x512.jpg 768w\" sizes=\"auto, (max-width: 1024px) 100vw, 1024px\" \/><\/figure>\n<\/div><\/div>\n\n\n\n<div class=\"wp-block-group promo-int-services\"><div class=\"wp-block-group__inner-container is-layout-flow wp-block-group-is-layout-flow\">\n<h3 class=\"wp-block-heading\">Hotel Serena offre i seguenti servizi:&nbsp;<\/h3>\n\n\n\n<div style=\"height:20px\" aria-hidden=\"true\" class=\"wp-block-spacer\"><\/div>\n\n\n\n<ul class=\"wp-block-list\"><li><span class=\"material-icons\">free_breakfast<\/span>&nbsp;&nbsp;<strong>Ottima<\/strong>&nbsp; colazione (free)<\/li><li><span class=\"material-icons\">wifi<\/span>&nbsp;&nbsp;<strong>Wi-Fi<\/strong>&nbsp; disponibile su tutta la struttura (free)<\/li><li><span class=\"material-icons\">local_parking<\/span>&nbsp;&nbsp;Parcheggio privato (free)<\/li><li><span class=\"material-icons\">beach_access<\/span>&nbsp;&nbsp;Fronte spiaggia<\/li><li><span class=\"material-icons\">beach_access<\/span>&nbsp;&nbsp;2 lettini e di 1 ombrellone (free)<\/li><li><span class=\"material-icons\">directions_bike<\/span>&nbsp;&nbsp;Noleggio biciclette (free)<\/li><li><span class=\"material-icons\">pool<\/span>&nbsp;&nbsp;Piscina<\/li><li><span class=\"material-icons\">spa<\/span>&nbsp;&nbsp;Spa &amp; centro benessere (free)<\/li><li><span class=\"material-icons\">pets<\/span>&nbsp;&nbsp;Animali ammessi su richiesta<\/li><li><span class=\"material-icons\">restaurant<\/span>&nbsp;&nbsp;Ristorante<\/li><li><span class=\"material-icons\">local_bar<\/span>&nbsp;&nbsp;Bar<\/li><li><span class=\"material-icons\">accessible<\/span>&nbsp;&nbsp;Struttura accessibile<\/li><\/ul>\n\n\n\n<div style=\"height:30px\" aria-hidden=\"true\" class=\"wp-block-spacer\"><\/div>\n<\/div><\/div>\n","protected":false},"excerpt":{"rendered":"<p>Scopri tutti I comfort Una vacanza di relax e divertimento Spiaggia privata con lettini e ombrellone, parcheggio privato e ricca colazione a buffet fino alle ore 11:00 sono inclusi nel prezzo. Inoltre a disposizione dei nostri ospiti c\u2019\u00e8 una \u201csala cubana\u201d dove potersi rilassare leggendo un libro o guardando la tv. Vini selezionati per la [&hellip;]<\/p>\n","protected":false},"author":1,"featured_media":3405,"parent":0,"menu_order":0,"comment_status":"closed","ping_status":"closed","template":"","meta":{"_acf_changed":false,"_uag_custom_page_level_css":"","advgb_blocks_editor_width":"","advgb_blocks_columns_visual_guide":"","footnotes":""},"class_list":["post-2097","page","type-page","status-publish","has-post-thumbnail","hentry"],"acf":[],"yoast_head":"<!-- This site is optimized with the Yoast SEO plugin v25.7 - https:\/\/yoast.com\/wordpress\/plugins\/seo\/ -->\n<title>I nostri servizi - Hotel Serena - Fronte mare a Caorle<\/title>\n<meta name=\"description\" content=\"Il Garn\u00ec Serena sorge in riva al mare nel cuore della stupenda spiaggia di Levante ed offre ai propri ospiti una vacanza rilassante e divertente.\" \/>\n<meta name=\"robots\" content=\"index, follow, max-snippet:-1, max-image-preview:large, max-video-preview:-1\" \/>\n<link rel=\"canonical\" href=\"https:\/\/www.hotelserenacaorle.com\/it\/i-nostri-servizi\/\" \/>\n<meta property=\"og:locale\" content=\"it_IT\" \/>\n<meta property=\"og:type\" content=\"article\" \/>\n<meta property=\"og:title\" content=\"I nostri servizi - Hotel Serena - Fronte mare a Caorle\" \/>\n<meta property=\"og:description\" content=\"Il Garn\u00ec Serena sorge in riva al mare nel cuore della stupenda spiaggia di Levante ed offre ai propri ospiti una vacanza rilassante e divertente.\" \/>\n<meta property=\"og:url\" content=\"https:\/\/www.hotelserenacaorle.com\/it\/i-nostri-servizi\/\" \/>\n<meta property=\"og:site_name\" content=\"Hotel Serena\" \/>\n<meta property=\"article:modified_time\" content=\"2020-04-30T13:53:56+00:00\" \/>\n<meta property=\"og:image\" content=\"https:\/\/www.hotelserenacaorle.com\/wp-content\/uploads\/2020\/04\/servizi-hotel-serena-caorle-banner.jpg\" \/>\n\t<meta property=\"og:image:width\" content=\"2000\" \/>\n\t<meta property=\"og:image:height\" content=\"400\" \/>\n\t<meta property=\"og:image:type\" content=\"image\/jpeg\" \/>\n<meta name=\"twitter:card\" content=\"summary_large_image\" \/>\n<meta name=\"twitter:label1\" content=\"Tempo di lettura stimato\" \/>\n\t<meta name=\"twitter:data1\" content=\"1 minuto\" \/>\n<script type=\"application\/ld+json\" class=\"yoast-schema-graph\">{\"@context\":\"https:\/\/schema.org\",\"@graph\":[{\"@type\":\"WebPage\",\"@id\":\"https:\/\/www.hotelserenacaorle.com\/it\/i-nostri-servizi\/\",\"url\":\"https:\/\/www.hotelserenacaorle.com\/it\/i-nostri-servizi\/\",\"name\":\"I nostri servizi - Hotel Serena - Fronte mare a Caorle\",\"isPartOf\":{\"@id\":\"https:\/\/www.hotelserenacaorle.com\/it\/#website\"},\"primaryImageOfPage\":{\"@id\":\"https:\/\/www.hotelserenacaorle.com\/it\/i-nostri-servizi\/#primaryimage\"},\"image\":{\"@id\":\"https:\/\/www.hotelserenacaorle.com\/it\/i-nostri-servizi\/#primaryimage\"},\"thumbnailUrl\":\"https:\/\/www.hotelserenacaorle.com\/wp-content\/uploads\/2020\/04\/servizi-hotel-serena-caorle-banner.jpg\",\"datePublished\":\"2020-04-27T08:41:19+00:00\",\"dateModified\":\"2020-04-30T13:53:56+00:00\",\"description\":\"Il Garn\u00ec Serena sorge in riva al mare nel cuore della stupenda spiaggia di Levante ed offre ai propri ospiti una vacanza rilassante e divertente.\",\"breadcrumb\":{\"@id\":\"https:\/\/www.hotelserenacaorle.com\/it\/i-nostri-servizi\/#breadcrumb\"},\"inLanguage\":\"it-IT\",\"potentialAction\":[{\"@type\":\"ReadAction\",\"target\":[\"https:\/\/www.hotelserenacaorle.com\/it\/i-nostri-servizi\/\"]}]},{\"@type\":\"ImageObject\",\"inLanguage\":\"it-IT\",\"@id\":\"https:\/\/www.hotelserenacaorle.com\/it\/i-nostri-servizi\/#primaryimage\",\"url\":\"https:\/\/www.hotelserenacaorle.com\/wp-content\/uploads\/2020\/04\/servizi-hotel-serena-caorle-banner.jpg\",\"contentUrl\":\"https:\/\/www.hotelserenacaorle.com\/wp-content\/uploads\/2020\/04\/servizi-hotel-serena-caorle-banner.jpg\",\"width\":2000,\"height\":400},{\"@type\":\"BreadcrumbList\",\"@id\":\"https:\/\/www.hotelserenacaorle.com\/it\/i-nostri-servizi\/#breadcrumb\",\"itemListElement\":[{\"@type\":\"ListItem\",\"position\":1,\"name\":\"Home\",\"item\":\"https:\/\/www.hotelserenacaorle.com\/it\/\"},{\"@type\":\"ListItem\",\"position\":2,\"name\":\"I nostri servizi\"}]},{\"@type\":\"WebSite\",\"@id\":\"https:\/\/www.hotelserenacaorle.com\/it\/#website\",\"url\":\"https:\/\/www.hotelserenacaorle.com\/it\/\",\"name\":\"Hotel Serena\",\"description\":\"Fronte Mare a Caorle\",\"publisher\":{\"@id\":\"https:\/\/www.hotelserenacaorle.com\/it\/#organization\"},\"potentialAction\":[{\"@type\":\"SearchAction\",\"target\":{\"@type\":\"EntryPoint\",\"urlTemplate\":\"https:\/\/www.hotelserenacaorle.com\/it\/?s={search_term_string}\"},\"query-input\":{\"@type\":\"PropertyValueSpecification\",\"valueRequired\":true,\"valueName\":\"search_term_string\"}}],\"inLanguage\":\"it-IT\"},{\"@type\":\"Organization\",\"@id\":\"https:\/\/www.hotelserenacaorle.com\/it\/#organization\",\"name\":\"Hotel Serena\",\"url\":\"https:\/\/www.hotelserenacaorle.com\/it\/\",\"logo\":{\"@type\":\"ImageObject\",\"inLanguage\":\"it-IT\",\"@id\":\"https:\/\/www.hotelserenacaorle.com\/it\/#\/schema\/logo\/image\/\",\"url\":\"https:\/\/www.hotelserenacaorle.com\/wp-content\/uploads\/2020\/04\/Logo-orizz-original-white-1-1.png\",\"contentUrl\":\"https:\/\/www.hotelserenacaorle.com\/wp-content\/uploads\/2020\/04\/Logo-orizz-original-white-1-1.png\",\"width\":800,\"height\":150,\"caption\":\"Hotel Serena\"},\"image\":{\"@id\":\"https:\/\/www.hotelserenacaorle.com\/it\/#\/schema\/logo\/image\/\"}}]}<\/script>\n<!-- \/ Yoast SEO plugin. -->","yoast_head_json":{"title":"I nostri servizi - Hotel Serena - Fronte mare a Caorle","description":"Il Garn\u00ec Serena sorge in riva al mare nel cuore della stupenda spiaggia di Levante ed offre ai propri ospiti una vacanza rilassante e divertente.","robots":{"index":"index","follow":"follow","max-snippet":"max-snippet:-1","max-image-preview":"max-image-preview:large","max-video-preview":"max-video-preview:-1"},"canonical":"https:\/\/www.hotelserenacaorle.com\/it\/i-nostri-servizi\/","og_locale":"it_IT","og_type":"article","og_title":"I nostri servizi - Hotel Serena - Fronte mare a Caorle","og_description":"Il Garn\u00ec Serena sorge in riva al mare nel cuore della stupenda spiaggia di Levante ed offre ai propri ospiti una vacanza rilassante e divertente.","og_url":"https:\/\/www.hotelserenacaorle.com\/it\/i-nostri-servizi\/","og_site_name":"Hotel Serena","article_modified_time":"2020-04-30T13:53:56+00:00","og_image":[{"width":2000,"height":400,"url":"https:\/\/www.hotelserenacaorle.com\/wp-content\/uploads\/2020\/04\/servizi-hotel-serena-caorle-banner.jpg","type":"image\/jpeg"}],"twitter_card":"summary_large_image","twitter_misc":{"Tempo di lettura stimato":"1 minuto"},"schema":{"@context":"https:\/\/schema.org","@graph":[{"@type":"WebPage","@id":"https:\/\/www.hotelserenacaorle.com\/it\/i-nostri-servizi\/","url":"https:\/\/www.hotelserenacaorle.com\/it\/i-nostri-servizi\/","name":"I nostri servizi - Hotel Serena - Fronte mare a Caorle","isPartOf":{"@id":"https:\/\/www.hotelserenacaorle.com\/it\/#website"},"primaryImageOfPage":{"@id":"https:\/\/www.hotelserenacaorle.com\/it\/i-nostri-servizi\/#primaryimage"},"image":{"@id":"https:\/\/www.hotelserenacaorle.com\/it\/i-nostri-servizi\/#primaryimage"},"thumbnailUrl":"https:\/\/www.hotelserenacaorle.com\/wp-content\/uploads\/2020\/04\/servizi-hotel-serena-caorle-banner.jpg","datePublished":"2020-04-27T08:41:19+00:00","dateModified":"2020-04-30T13:53:56+00:00","description":"Il Garn\u00ec Serena sorge in riva al mare nel cuore della stupenda spiaggia di Levante ed offre ai propri ospiti una vacanza rilassante e divertente.","breadcrumb":{"@id":"https:\/\/www.hotelserenacaorle.com\/it\/i-nostri-servizi\/#breadcrumb"},"inLanguage":"it-IT","potentialAction":[{"@type":"ReadAction","target":["https:\/\/www.hotelserenacaorle.com\/it\/i-nostri-servizi\/"]}]},{"@type":"ImageObject","inLanguage":"it-IT","@id":"https:\/\/www.hotelserenacaorle.com\/it\/i-nostri-servizi\/#primaryimage","url":"https:\/\/www.hotelserenacaorle.com\/wp-content\/uploads\/2020\/04\/servizi-hotel-serena-caorle-banner.jpg","contentUrl":"https:\/\/www.hotelserenacaorle.com\/wp-content\/uploads\/2020\/04\/servizi-hotel-serena-caorle-banner.jpg","width":2000,"height":400},{"@type":"BreadcrumbList","@id":"https:\/\/www.hotelserenacaorle.com\/it\/i-nostri-servizi\/#breadcrumb","itemListElement":[{"@type":"ListItem","position":1,"name":"Home","item":"https:\/\/www.hotelserenacaorle.com\/it\/"},{"@type":"ListItem","position":2,"name":"I nostri servizi"}]},{"@type":"WebSite","@id":"https:\/\/www.hotelserenacaorle.com\/it\/#website","url":"https:\/\/www.hotelserenacaorle.com\/it\/","name":"Hotel Serena","description":"Fronte Mare a Caorle","publisher":{"@id":"https:\/\/www.hotelserenacaorle.com\/it\/#organization"},"potentialAction":[{"@type":"SearchAction","target":{"@type":"EntryPoint","urlTemplate":"https:\/\/www.hotelserenacaorle.com\/it\/?s={search_term_string}"},"query-input":{"@type":"PropertyValueSpecification","valueRequired":true,"valueName":"search_term_string"}}],"inLanguage":"it-IT"},{"@type":"Organization","@id":"https:\/\/www.hotelserenacaorle.com\/it\/#organization","name":"Hotel Serena","url":"https:\/\/www.hotelserenacaorle.com\/it\/","logo":{"@type":"ImageObject","inLanguage":"it-IT","@id":"https:\/\/www.hotelserenacaorle.com\/it\/#\/schema\/logo\/image\/","url":"https:\/\/www.hotelserenacaorle.com\/wp-content\/uploads\/2020\/04\/Logo-orizz-original-white-1-1.png","contentUrl":"https:\/\/www.hotelserenacaorle.com\/wp-content\/uploads\/2020\/04\/Logo-orizz-original-white-1-1.png","width":800,"height":150,"caption":"Hotel Serena"},"image":{"@id":"https:\/\/www.hotelserenacaorle.com\/it\/#\/schema\/logo\/image\/"}}]}},"uagb_featured_image_src":{"full":["https:\/\/www.hotelserenacaorle.com\/wp-content\/uploads\/2020\/04\/servizi-hotel-serena-caorle-banner.jpg",2000,400,false],"thumbnail":["https:\/\/www.hotelserenacaorle.com\/wp-content\/uploads\/2020\/04\/servizi-hotel-serena-caorle-banner-150x150.jpg",150,150,true],"medium":["https:\/\/www.hotelserenacaorle.com\/wp-content\/uploads\/2020\/04\/servizi-hotel-serena-caorle-banner-300x60.jpg",300,60,true],"medium_large":["https:\/\/www.hotelserenacaorle.com\/wp-content\/uploads\/2020\/04\/servizi-hotel-serena-caorle-banner-768x154.jpg",580,116,true],"large":["https:\/\/www.hotelserenacaorle.com\/wp-content\/uploads\/2020\/04\/servizi-hotel-serena-caorle-banner-1024x205.jpg",580,116,true],"1536x1536":["https:\/\/www.hotelserenacaorle.com\/wp-content\/uploads\/2020\/04\/servizi-hotel-serena-caorle-banner-1536x307.jpg",1536,307,true],"2048x2048":["https:\/\/www.hotelserenacaorle.com\/wp-content\/uploads\/2020\/04\/servizi-hotel-serena-caorle-banner.jpg",2000,400,false],"post-thumbnail":["https:\/\/www.hotelserenacaorle.com\/wp-content\/uploads\/2020\/04\/servizi-hotel-serena-caorle-banner-1200x240.jpg",1200,240,true],"twentytwenty-fullscreen":["https:\/\/www.hotelserenacaorle.com\/wp-content\/uploads\/2020\/04\/servizi-hotel-serena-caorle-banner-1980x396.jpg",1980,396,true]},"uagb_author_info":{"display_name":"3r4cl3-p4l4","author_link":"https:\/\/www.hotelserenacaorle.com\/it\/author\/3r4cl3-p4l4\/"},"uagb_comment_info":0,"uagb_excerpt":"Scopri tutti I comfort Una vacanza di relax e divertimento Spiaggia privata con lettini e ombrellone, parcheggio privato e ricca colazione a buffet fino alle ore 11:00 sono inclusi nel prezzo. Inoltre a disposizione dei nostri ospiti c\u2019\u00e8 una \u201csala cubana\u201d dove potersi rilassare leggendo un libro o guardando la tv. Vini selezionati per la&hellip;","coauthors":[],"author_meta":{"author_link":"https:\/\/www.hotelserenacaorle.com\/it\/author\/3r4cl3-p4l4\/","display_name":"3r4cl3-p4l4"},"relative_dates":{"created":"Pubblicato 6 anni fa","modified":"Aggiornato 6 anni fa"},"absolute_dates":{"created":"Pubblicato il 27 Aprile 2020","modified":"Aggiornato il 30 Aprile 2020"},"absolute_dates_time":{"created":"Pubblicato il 27 Aprile 2020 10:41","modified":"Aggiornato il 30 Aprile 2020 15:53"},"featured_img_caption":"","featured_img":"https:\/\/www.hotelserenacaorle.com\/wp-content\/uploads\/2020\/04\/servizi-hotel-serena-caorle-banner-1200x240.jpg","series_order":"","_links":{"self":[{"href":"https:\/\/www.hotelserenacaorle.com\/it\/wp-json\/wp\/v2\/pages\/2097","targetHints":{"allow":["GET"]}}],"collection":[{"href":"https:\/\/www.hotelserenacaorle.com\/it\/wp-json\/wp\/v2\/pages"}],"about":[{"href":"https:\/\/www.hotelserenacaorle.com\/it\/wp-json\/wp\/v2\/types\/page"}],"author":[{"embeddable":true,"href":"https:\/\/www.hotelserenacaorle.com\/it\/wp-json\/wp\/v2\/users\/1"}],"replies":[{"embeddable":true,"href":"https:\/\/www.hotelserenacaorle.com\/it\/wp-json\/wp\/v2\/comments?post=2097"}],"version-history":[{"count":0,"href":"https:\/\/www.hotelserenacaorle.com\/it\/wp-json\/wp\/v2\/pages\/2097\/revisions"}],"wp:featuredmedia":[{"embeddable":true,"href":"https:\/\/www.hotelserenacaorle.com\/it\/wp-json\/wp\/v2\/media\/3405"}],"wp:attachment":[{"href":"https:\/\/www.hotelserenacaorle.com\/it\/wp-json\/wp\/v2\/media?parent=2097"}],"curies":[{"name":"wp","href":"https:\/\/api.w.org\/{rel}","templated":true}]}}