{"id":3430,"date":"2020-04-27T14:30:51","date_gmt":"2020-04-27T12:30:51","guid":{"rendered":"https:\/\/serena.promoservicebeta.com\/spiaggia-privata\/"},"modified":"2020-04-30T16:08:02","modified_gmt":"2020-04-30T14:08:02","slug":"privater-strand","status":"publish","type":"page","link":"https:\/\/www.hotelserenacaorle.com\/de\/privater-strand\/","title":{"rendered":"Privater Strand"},"content":{"rendered":"\n<div class=\"wp-block-group promo-int-1\"><div class=\"wp-block-group__inner-container is-layout-flow wp-block-group-is-layout-flow\">\n<h3 class=\"wp-block-heading\">Levante Strand<\/h3>\n\n\n\n<h2 class=\"wp-block-heading\">Unser Strand<\/h2>\n\n\n\n<p>Der private Strand befindet sich <strong>direkt vor dem Hotel<\/strong>, <strong>Liegen und Sonnenschirme <\/strong>stehen den G\u00e4sten zur Verf\u00fcgung und sind <strong>im Preis inbegriffen<\/strong>.<\/p>\n\n\n\n<p>Der Strand bietet au\u00dferdem kostenlos Momente mit <strong>Animation<\/strong> f\u00fcr Kinder und Fitness f\u00fcr Erwachsene an.<\/p>\n<\/div><\/div>\n\n\n\n<div class=\"wp-block-group promo-int-2\"><div class=\"wp-block-group__inner-container is-layout-flow wp-block-group-is-layout-flow\">\n<figure class=\"wp-block-image size-large\"><img loading=\"lazy\" decoding=\"async\" width=\"1024\" height=\"683\" src=\"https:\/\/hotelserenacaorle.com\/wp-content\/uploads\/2020\/04\/024-1-1024x683-1.jpg\" alt=\"\" class=\"wp-image-2239\" srcset=\"https:\/\/www.hotelserenacaorle.com\/wp-content\/uploads\/2020\/04\/024-1-1024x683-1.jpg 1024w, https:\/\/www.hotelserenacaorle.com\/wp-content\/uploads\/2020\/04\/024-1-1024x683-1-300x200.jpg 300w, https:\/\/www.hotelserenacaorle.com\/wp-content\/uploads\/2020\/04\/024-1-1024x683-1-768x512.jpg 768w\" sizes=\"auto, (max-width: 1024px) 100vw, 1024px\" \/><\/figure>\n<\/div><\/div>\n\n\n\n<div class=\"wp-block-group promo-item-gallery\"><div class=\"wp-block-group__inner-container is-layout-flow wp-block-group-is-layout-flow\">\n<figure class=\"wp-block-gallery columns-3 is-cropped wp-block-gallery-2\"><ul class=\"blocks-gallery-grid\"><li class=\"blocks-gallery-item\"><figure><img loading=\"lazy\" decoding=\"async\" width=\"1024\" height=\"683\" src=\"https:\/\/hotelserenacaorle.com\/wp-content\/uploads\/2020\/04\/023-1-1024x683-1.jpg\" alt=\"\" data-id=\"2245\" data-full-url=\"https:\/\/hotelserenacaorle.com\/wp-content\/uploads\/2020\/04\/023-1-1024x683-1.jpg\" data-link=\"https:\/\/hotelserenacaorle.com\/it\/?attachment_id=2245\" class=\"wp-image-2245\" srcset=\"https:\/\/www.hotelserenacaorle.com\/wp-content\/uploads\/2020\/04\/023-1-1024x683-1.jpg 1024w, https:\/\/www.hotelserenacaorle.com\/wp-content\/uploads\/2020\/04\/023-1-1024x683-1-300x200.jpg 300w, https:\/\/www.hotelserenacaorle.com\/wp-content\/uploads\/2020\/04\/023-1-1024x683-1-768x512.jpg 768w\" sizes=\"auto, (max-width: 1024px) 100vw, 1024px\" \/><\/figure><\/li><li class=\"blocks-gallery-item\"><figure><img loading=\"lazy\" decoding=\"async\" width=\"1024\" height=\"683\" src=\"https:\/\/hotelserenacaorle.com\/wp-content\/uploads\/2020\/04\/025-2-1024x683-1.jpg\" alt=\"\" data-id=\"2233\" data-full-url=\"https:\/\/hotelserenacaorle.com\/wp-content\/uploads\/2020\/04\/025-2-1024x683-1.jpg\" data-link=\"https:\/\/hotelserenacaorle.com\/it\/?attachment_id=2233\" class=\"wp-image-2233\" srcset=\"https:\/\/www.hotelserenacaorle.com\/wp-content\/uploads\/2020\/04\/025-2-1024x683-1.jpg 1024w, https:\/\/www.hotelserenacaorle.com\/wp-content\/uploads\/2020\/04\/025-2-1024x683-1-300x200.jpg 300w, https:\/\/www.hotelserenacaorle.com\/wp-content\/uploads\/2020\/04\/025-2-1024x683-1-768x512.jpg 768w\" sizes=\"auto, (max-width: 1024px) 100vw, 1024px\" \/><\/figure><\/li><li class=\"blocks-gallery-item\"><figure><img loading=\"lazy\" decoding=\"async\" width=\"1024\" height=\"683\" src=\"https:\/\/hotelserenacaorle.com\/wp-content\/uploads\/2020\/04\/0068_hotel-serena-1024x683-1.jpg\" alt=\"\" data-id=\"1964\" data-full-url=\"https:\/\/hotelserenacaorle.com\/wp-content\/uploads\/2020\/04\/0068_hotel-serena-1024x683-1.jpg\" data-link=\"https:\/\/hotelserenacaorle.com\/it\/hotel\/0068_hotel-serena-1024x683\/\" class=\"wp-image-1964 is-layout-flex wp-block-gallery-is-layout-flex\" srcset=\"https:\/\/www.hotelserenacaorle.com\/wp-content\/uploads\/2020\/04\/0068_hotel-serena-1024x683-1.jpg 1024w, https:\/\/www.hotelserenacaorle.com\/wp-content\/uploads\/2020\/04\/0068_hotel-serena-1024x683-1-300x200.jpg 300w, https:\/\/www.hotelserenacaorle.com\/wp-content\/uploads\/2020\/04\/0068_hotel-serena-1024x683-1-768x512.jpg 768w\" sizes=\"auto, (max-width: 1024px) 100vw, 1024px\" \/><\/figure><\/li><\/ul><\/figure>\n<\/div><\/div>\n","protected":false},"excerpt":{"rendered":"<p>Levante Strand Unser Strand Der private Strand befindet sich direkt vor dem Hotel, Liegen und Sonnenschirme stehen den G\u00e4sten zur Verf\u00fcgung und sind im Preis inbegriffen. Der Strand bietet au\u00dferdem kostenlos Momente mit Animation f\u00fcr Kinder und Fitness f\u00fcr Erwachsene an.<\/p>\n","protected":false},"author":1,"featured_media":4088,"parent":0,"menu_order":0,"comment_status":"closed","ping_status":"closed","template":"","meta":{"_acf_changed":false,"_uag_custom_page_level_css":"","advgb_blocks_editor_width":"","advgb_blocks_columns_visual_guide":"","footnotes":""},"class_list":["post-3430","page","type-page","status-publish","has-post-thumbnail","hentry"],"acf":[],"yoast_head":"<!-- This site is optimized with the Yoast SEO plugin v25.7 - https:\/\/yoast.com\/wordpress\/plugins\/seo\/ -->\n<title>Privater Strand - Hotel Serena<\/title>\n<meta name=\"robots\" content=\"index, follow, max-snippet:-1, max-image-preview:large, max-video-preview:-1\" \/>\n<link rel=\"canonical\" href=\"https:\/\/www.hotelserenacaorle.com\/de\/privater-strand\/\" \/>\n<meta property=\"og:locale\" content=\"de_DE\" \/>\n<meta property=\"og:type\" content=\"article\" \/>\n<meta property=\"og:title\" content=\"Privater Strand - Hotel Serena\" \/>\n<meta property=\"og:description\" content=\"Levante Strand Unser Strand Der private Strand befindet sich direkt vor dem Hotel, Liegen und Sonnenschirme stehen den G\u00e4sten zur Verf\u00fcgung und sind im Preis inbegriffen. Der Strand bietet au\u00dferdem kostenlos Momente mit Animation f\u00fcr Kinder und Fitness f\u00fcr Erwachsene an.\" \/>\n<meta property=\"og:url\" content=\"https:\/\/www.hotelserenacaorle.com\/de\/privater-strand\/\" \/>\n<meta property=\"og:site_name\" content=\"Hotel Serena\" \/>\n<meta property=\"article:modified_time\" content=\"2020-04-30T14:08:02+00:00\" \/>\n<meta property=\"og:image\" content=\"https:\/\/www.hotelserenacaorle.com\/wp-content\/uploads\/2020\/05\/Hotel_Serena_Caorle_Banner_Spiaggia.jpg\" \/>\n\t<meta property=\"og:image:width\" content=\"2000\" \/>\n\t<meta property=\"og:image:height\" content=\"400\" \/>\n\t<meta property=\"og:image:type\" content=\"image\/jpeg\" \/>\n<meta name=\"twitter:card\" content=\"summary_large_image\" \/>\n<script type=\"application\/ld+json\" class=\"yoast-schema-graph\">{\"@context\":\"https:\/\/schema.org\",\"@graph\":[{\"@type\":\"WebPage\",\"@id\":\"https:\/\/www.hotelserenacaorle.com\/de\/privater-strand\/\",\"url\":\"https:\/\/www.hotelserenacaorle.com\/de\/privater-strand\/\",\"name\":\"Privater Strand - Hotel Serena\",\"isPartOf\":{\"@id\":\"https:\/\/www.hotelserenacaorle.com\/de\/#website\"},\"primaryImageOfPage\":{\"@id\":\"https:\/\/www.hotelserenacaorle.com\/de\/privater-strand\/#primaryimage\"},\"image\":{\"@id\":\"https:\/\/www.hotelserenacaorle.com\/de\/privater-strand\/#primaryimage\"},\"thumbnailUrl\":\"https:\/\/www.hotelserenacaorle.com\/wp-content\/uploads\/2020\/05\/Hotel_Serena_Caorle_Banner_Spiaggia.jpg\",\"datePublished\":\"2020-04-27T12:30:51+00:00\",\"dateModified\":\"2020-04-30T14:08:02+00:00\",\"breadcrumb\":{\"@id\":\"https:\/\/www.hotelserenacaorle.com\/de\/privater-strand\/#breadcrumb\"},\"inLanguage\":\"de\",\"potentialAction\":[{\"@type\":\"ReadAction\",\"target\":[\"https:\/\/www.hotelserenacaorle.com\/de\/privater-strand\/\"]}]},{\"@type\":\"ImageObject\",\"inLanguage\":\"de\",\"@id\":\"https:\/\/www.hotelserenacaorle.com\/de\/privater-strand\/#primaryimage\",\"url\":\"https:\/\/www.hotelserenacaorle.com\/wp-content\/uploads\/2020\/05\/Hotel_Serena_Caorle_Banner_Spiaggia.jpg\",\"contentUrl\":\"https:\/\/www.hotelserenacaorle.com\/wp-content\/uploads\/2020\/05\/Hotel_Serena_Caorle_Banner_Spiaggia.jpg\",\"width\":2000,\"height\":400},{\"@type\":\"BreadcrumbList\",\"@id\":\"https:\/\/www.hotelserenacaorle.com\/de\/privater-strand\/#breadcrumb\",\"itemListElement\":[{\"@type\":\"ListItem\",\"position\":1,\"name\":\"Home\",\"item\":\"https:\/\/www.hotelserenacaorle.com\/de\/\"},{\"@type\":\"ListItem\",\"position\":2,\"name\":\"Privater Strand\"}]},{\"@type\":\"WebSite\",\"@id\":\"https:\/\/www.hotelserenacaorle.com\/de\/#website\",\"url\":\"https:\/\/www.hotelserenacaorle.com\/de\/\",\"name\":\"Hotel Serena\",\"description\":\"Meeresfront in Caorle\",\"publisher\":{\"@id\":\"https:\/\/www.hotelserenacaorle.com\/de\/#organization\"},\"potentialAction\":[{\"@type\":\"SearchAction\",\"target\":{\"@type\":\"EntryPoint\",\"urlTemplate\":\"https:\/\/www.hotelserenacaorle.com\/de\/?s={search_term_string}\"},\"query-input\":{\"@type\":\"PropertyValueSpecification\",\"valueRequired\":true,\"valueName\":\"search_term_string\"}}],\"inLanguage\":\"de\"},{\"@type\":\"Organization\",\"@id\":\"https:\/\/www.hotelserenacaorle.com\/de\/#organization\",\"name\":\"Hotel Serena\",\"url\":\"https:\/\/www.hotelserenacaorle.com\/de\/\",\"logo\":{\"@type\":\"ImageObject\",\"inLanguage\":\"de\",\"@id\":\"https:\/\/www.hotelserenacaorle.com\/de\/#\/schema\/logo\/image\/\",\"url\":\"https:\/\/www.hotelserenacaorle.com\/wp-content\/uploads\/2020\/04\/Logo-orizz-original-white-1-1.png\",\"contentUrl\":\"https:\/\/www.hotelserenacaorle.com\/wp-content\/uploads\/2020\/04\/Logo-orizz-original-white-1-1.png\",\"width\":800,\"height\":150,\"caption\":\"Hotel Serena\"},\"image\":{\"@id\":\"https:\/\/www.hotelserenacaorle.com\/de\/#\/schema\/logo\/image\/\"}}]}<\/script>\n<!-- \/ Yoast SEO plugin. -->","yoast_head_json":{"title":"Privater Strand - Hotel Serena","robots":{"index":"index","follow":"follow","max-snippet":"max-snippet:-1","max-image-preview":"max-image-preview:large","max-video-preview":"max-video-preview:-1"},"canonical":"https:\/\/www.hotelserenacaorle.com\/de\/privater-strand\/","og_locale":"de_DE","og_type":"article","og_title":"Privater Strand - Hotel Serena","og_description":"Levante Strand Unser Strand Der private Strand befindet sich direkt vor dem Hotel, Liegen und Sonnenschirme stehen den G\u00e4sten zur Verf\u00fcgung und sind im Preis inbegriffen. Der Strand bietet au\u00dferdem kostenlos Momente mit Animation f\u00fcr Kinder und Fitness f\u00fcr Erwachsene an.","og_url":"https:\/\/www.hotelserenacaorle.com\/de\/privater-strand\/","og_site_name":"Hotel Serena","article_modified_time":"2020-04-30T14:08:02+00:00","og_image":[{"width":2000,"height":400,"url":"https:\/\/www.hotelserenacaorle.com\/wp-content\/uploads\/2020\/05\/Hotel_Serena_Caorle_Banner_Spiaggia.jpg","type":"image\/jpeg"}],"twitter_card":"summary_large_image","schema":{"@context":"https:\/\/schema.org","@graph":[{"@type":"WebPage","@id":"https:\/\/www.hotelserenacaorle.com\/de\/privater-strand\/","url":"https:\/\/www.hotelserenacaorle.com\/de\/privater-strand\/","name":"Privater Strand - Hotel Serena","isPartOf":{"@id":"https:\/\/www.hotelserenacaorle.com\/de\/#website"},"primaryImageOfPage":{"@id":"https:\/\/www.hotelserenacaorle.com\/de\/privater-strand\/#primaryimage"},"image":{"@id":"https:\/\/www.hotelserenacaorle.com\/de\/privater-strand\/#primaryimage"},"thumbnailUrl":"https:\/\/www.hotelserenacaorle.com\/wp-content\/uploads\/2020\/05\/Hotel_Serena_Caorle_Banner_Spiaggia.jpg","datePublished":"2020-04-27T12:30:51+00:00","dateModified":"2020-04-30T14:08:02+00:00","breadcrumb":{"@id":"https:\/\/www.hotelserenacaorle.com\/de\/privater-strand\/#breadcrumb"},"inLanguage":"de","potentialAction":[{"@type":"ReadAction","target":["https:\/\/www.hotelserenacaorle.com\/de\/privater-strand\/"]}]},{"@type":"ImageObject","inLanguage":"de","@id":"https:\/\/www.hotelserenacaorle.com\/de\/privater-strand\/#primaryimage","url":"https:\/\/www.hotelserenacaorle.com\/wp-content\/uploads\/2020\/05\/Hotel_Serena_Caorle_Banner_Spiaggia.jpg","contentUrl":"https:\/\/www.hotelserenacaorle.com\/wp-content\/uploads\/2020\/05\/Hotel_Serena_Caorle_Banner_Spiaggia.jpg","width":2000,"height":400},{"@type":"BreadcrumbList","@id":"https:\/\/www.hotelserenacaorle.com\/de\/privater-strand\/#breadcrumb","itemListElement":[{"@type":"ListItem","position":1,"name":"Home","item":"https:\/\/www.hotelserenacaorle.com\/de\/"},{"@type":"ListItem","position":2,"name":"Privater Strand"}]},{"@type":"WebSite","@id":"https:\/\/www.hotelserenacaorle.com\/de\/#website","url":"https:\/\/www.hotelserenacaorle.com\/de\/","name":"Hotel Serena","description":"Meeresfront in Caorle","publisher":{"@id":"https:\/\/www.hotelserenacaorle.com\/de\/#organization"},"potentialAction":[{"@type":"SearchAction","target":{"@type":"EntryPoint","urlTemplate":"https:\/\/www.hotelserenacaorle.com\/de\/?s={search_term_string}"},"query-input":{"@type":"PropertyValueSpecification","valueRequired":true,"valueName":"search_term_string"}}],"inLanguage":"de"},{"@type":"Organization","@id":"https:\/\/www.hotelserenacaorle.com\/de\/#organization","name":"Hotel Serena","url":"https:\/\/www.hotelserenacaorle.com\/de\/","logo":{"@type":"ImageObject","inLanguage":"de","@id":"https:\/\/www.hotelserenacaorle.com\/de\/#\/schema\/logo\/image\/","url":"https:\/\/www.hotelserenacaorle.com\/wp-content\/uploads\/2020\/04\/Logo-orizz-original-white-1-1.png","contentUrl":"https:\/\/www.hotelserenacaorle.com\/wp-content\/uploads\/2020\/04\/Logo-orizz-original-white-1-1.png","width":800,"height":150,"caption":"Hotel Serena"},"image":{"@id":"https:\/\/www.hotelserenacaorle.com\/de\/#\/schema\/logo\/image\/"}}]}},"uagb_featured_image_src":{"full":["https:\/\/www.hotelserenacaorle.com\/wp-content\/uploads\/2020\/05\/Hotel_Serena_Caorle_Banner_Spiaggia.jpg",2000,400,false],"thumbnail":["https:\/\/www.hotelserenacaorle.com\/wp-content\/uploads\/2020\/05\/Hotel_Serena_Caorle_Banner_Spiaggia-150x150.jpg",150,150,true],"medium":["https:\/\/www.hotelserenacaorle.com\/wp-content\/uploads\/2020\/05\/Hotel_Serena_Caorle_Banner_Spiaggia-300x60.jpg",300,60,true],"medium_large":["https:\/\/www.hotelserenacaorle.com\/wp-content\/uploads\/2020\/05\/Hotel_Serena_Caorle_Banner_Spiaggia-768x154.jpg",580,116,true],"large":["https:\/\/www.hotelserenacaorle.com\/wp-content\/uploads\/2020\/05\/Hotel_Serena_Caorle_Banner_Spiaggia-1024x205.jpg",580,116,true],"1536x1536":["https:\/\/www.hotelserenacaorle.com\/wp-content\/uploads\/2020\/05\/Hotel_Serena_Caorle_Banner_Spiaggia-1536x307.jpg",1536,307,true],"2048x2048":["https:\/\/www.hotelserenacaorle.com\/wp-content\/uploads\/2020\/05\/Hotel_Serena_Caorle_Banner_Spiaggia.jpg",2000,400,false],"post-thumbnail":["https:\/\/www.hotelserenacaorle.com\/wp-content\/uploads\/2020\/05\/Hotel_Serena_Caorle_Banner_Spiaggia-1200x240.jpg",1200,240,true],"twentytwenty-fullscreen":["https:\/\/www.hotelserenacaorle.com\/wp-content\/uploads\/2020\/05\/Hotel_Serena_Caorle_Banner_Spiaggia-1980x396.jpg",1980,396,true]},"uagb_author_info":{"display_name":"3r4cl3-p4l4","author_link":"https:\/\/www.hotelserenacaorle.com\/de\/author\/3r4cl3-p4l4\/"},"uagb_comment_info":0,"uagb_excerpt":"Levante Strand Unser Strand Der private Strand befindet sich direkt vor dem Hotel, Liegen und Sonnenschirme stehen den G\u00e4sten zur Verf\u00fcgung und sind im Preis inbegriffen. Der Strand bietet au\u00dferdem kostenlos Momente mit Animation f\u00fcr Kinder und Fitness f\u00fcr Erwachsene an.","coauthors":[],"author_meta":{"author_link":"https:\/\/www.hotelserenacaorle.com\/de\/author\/3r4cl3-p4l4\/","display_name":"3r4cl3-p4l4"},"relative_dates":{"created":"Posted 6\u00a0Jahren ago","modified":"Updated 6\u00a0Jahren ago"},"absolute_dates":{"created":"Posted on 27 April 2020","modified":"Updated on 30 April 2020"},"absolute_dates_time":{"created":"Posted on 27 April 2020 14:30","modified":"Updated on 30 April 2020 16:08"},"featured_img_caption":"","featured_img":"https:\/\/www.hotelserenacaorle.com\/wp-content\/uploads\/2020\/05\/Hotel_Serena_Caorle_Banner_Spiaggia-1200x240.jpg","series_order":"","_links":{"self":[{"href":"https:\/\/www.hotelserenacaorle.com\/de\/wp-json\/wp\/v2\/pages\/3430","targetHints":{"allow":["GET"]}}],"collection":[{"href":"https:\/\/www.hotelserenacaorle.com\/de\/wp-json\/wp\/v2\/pages"}],"about":[{"href":"https:\/\/www.hotelserenacaorle.com\/de\/wp-json\/wp\/v2\/types\/page"}],"author":[{"embeddable":true,"href":"https:\/\/www.hotelserenacaorle.com\/de\/wp-json\/wp\/v2\/users\/1"}],"replies":[{"embeddable":true,"href":"https:\/\/www.hotelserenacaorle.com\/de\/wp-json\/wp\/v2\/comments?post=3430"}],"version-history":[{"count":0,"href":"https:\/\/www.hotelserenacaorle.com\/de\/wp-json\/wp\/v2\/pages\/3430\/revisions"}],"wp:featuredmedia":[{"embeddable":true,"href":"https:\/\/www.hotelserenacaorle.com\/de\/wp-json\/wp\/v2\/media\/4088"}],"wp:attachment":[{"href":"https:\/\/www.hotelserenacaorle.com\/de\/wp-json\/wp\/v2\/media?parent=3430"}],"curies":[{"name":"wp","href":"https:\/\/api.w.org\/{rel}","templated":true}]}}