{"id":3420,"date":"2020-04-30T16:54:34","date_gmt":"2020-04-30T14:54:34","guid":{"rendered":"https:\/\/serena.promoservicebeta.com\/?page_id=3420"},"modified":"2020-05-04T10:24:05","modified_gmt":"2020-05-04T08:24:05","slug":"unsere-dienstleistungen","status":"publish","type":"page","link":"https:\/\/www.hotelserenacaorle.com\/de\/unsere-dienstleistungen\/","title":{"rendered":"Unsere Dienstleistungen"},"content":{"rendered":"\n<div style=\"height:40px\" aria-hidden=\"true\" class=\"wp-block-spacer\"><\/div>\n\n\n\n<div class=\"wp-block-group promo-int-1\"><div class=\"wp-block-group__inner-container is-layout-flow wp-block-group-is-layout-flow\">\n<h3 class=\"wp-block-heading\">Entdecken Sie allen Komfort<\/h3>\n\n\n\n<h2 class=\"wp-block-heading\">Ein Urlaub voller Entspannung und Spa\u00df<\/h2>\n\n\n\n<p>Das Hotel Serena liegt <strong>direkt am Meer (Levante Strand)<\/strong>, nur wenige schritte zum Strand und ganz in der n\u00e4he des Zentrums. Au\u00dferdem ist das Hotel mit einer Weinstube und einer wundesch\u00f6nen <strong>Terrasse direkt am Meer<\/strong>, privatem Parkplatz, privatem Strand mit Liegest\u00fchlen und Sonnenschirmen, Fr\u00fchst\u00fcckssaal (Fr\u00fchst\u00fcckb\u00fcffet bis 11 Uhr), Fernsehraum \u201cSala cubana\u201d ausgestattet. Entdecken Sie alle neuen <strong>Dienstleistungen<\/strong> zum Wohl unserer G\u00e4ste.<\/p>\n\n\n\n<p>Unsere Bar bietet eine Auswahl an <strong>besonderen Weinen<\/strong>, Cocktail und hausgemachten Speisen, die nur f\u00fcr unsere G\u00e4ste gemacht sind. \u00dcf gibt euch die M\u00f6glichkeit den Urlaub mit Freiheit zu organisieren.<\/p>\n\n\n\n<div style=\"height:20px\" aria-hidden=\"true\" class=\"wp-block-spacer\"><\/div>\n\n\n\n<p>Paare sch\u00e4tzen die Lage besonders \u2013 sie haben diese mit&nbsp;<strong>9,3<\/strong>&nbsp;f\u00fcr einen Aufenthalt zu zweit bewertet.<\/p>\n<\/div><\/div>\n\n\n\n<div class=\"wp-block-group promo-int-2\"><div class=\"wp-block-group__inner-container is-layout-flow wp-block-group-is-layout-flow\">\n<figure class=\"wp-block-image size-large\"><img loading=\"lazy\" decoding=\"async\" width=\"1024\" height=\"683\" src=\"https:\/\/hotelserenacaorle.com\/wp-content\/uploads\/2020\/04\/0006-hotel-serena-colazione-1024x683-1.jpg\" alt=\"\" class=\"wp-image-2007\" srcset=\"https:\/\/www.hotelserenacaorle.com\/wp-content\/uploads\/2020\/04\/0006-hotel-serena-colazione-1024x683-1.jpg 1024w, https:\/\/www.hotelserenacaorle.com\/wp-content\/uploads\/2020\/04\/0006-hotel-serena-colazione-1024x683-1-300x200.jpg 300w, https:\/\/www.hotelserenacaorle.com\/wp-content\/uploads\/2020\/04\/0006-hotel-serena-colazione-1024x683-1-768x512.jpg 768w\" sizes=\"auto, (max-width: 1024px) 100vw, 1024px\" \/><\/figure>\n<\/div><\/div>\n\n\n\n<div class=\"wp-block-group promo-int-services\"><div class=\"wp-block-group__inner-container is-layout-flow wp-block-group-is-layout-flow\">\n<h3 class=\"wp-block-heading\">Das Hotel Serena bietet folgende Dienstleistungen an:&nbsp;<\/h3>\n\n\n\n<div style=\"height:20px\" aria-hidden=\"true\" class=\"wp-block-spacer\"><\/div>\n\n\n\n<ul class=\"wp-block-list\"><li><span class=\"material-icons\">free_breakfast<\/span>&nbsp;&nbsp;Exzellentes Fr\u00fchst\u00fcck<\/li><li><span class=\"material-icons\">wifi<\/span>&nbsp;&nbsp;Kostenfreies WLAN<\/li><li><span class=\"material-icons\">local_parking<\/span>&nbsp;&nbsp;KOSTENFREIE Parkpl\u00e4tze!<\/li><li><span class=\"material-icons\">beach_access<\/span>&nbsp;&nbsp;Am Strand<\/li><li><span class=\"material-icons\">beach_access<\/span>&nbsp;&nbsp; 2 Liegest\u00fchlen und 1 Sonnenschirm<\/li><li><span class=\"material-icons\">directions_bike<\/span>&nbsp;&nbsp;Leihfahrr\u00e4der verf\u00fcgbar <\/li><li><span class=\"material-icons\">pool<\/span>&nbsp;&nbsp;Pool<\/li><li><span class=\"material-icons\">spa<\/span>&nbsp;&nbsp;Spa &amp; Wellnesscenter<\/li><li><span class=\"material-icons\">pets<\/span>&nbsp;&nbsp;Haustiere sind auf Anfrage gestattet<\/li><li><span class=\"material-icons\">restaurant<\/span>&nbsp;&nbsp;Restaurant<\/li><li><span class=\"material-icons\">local_bar<\/span>&nbsp;&nbsp;Bar<\/li><li><span class=\"material-icons\">accessible<\/span>&nbsp;&nbsp;Zugang<\/li><\/ul>\n\n\n\n<div style=\"height:30px\" aria-hidden=\"true\" class=\"wp-block-spacer\"><\/div>\n<\/div><\/div>\n","protected":false},"excerpt":{"rendered":"<p>Entdecken Sie allen Komfort Ein Urlaub voller Entspannung und Spa\u00df Das Hotel Serena liegt direkt am Meer (Levante Strand), nur wenige schritte zum Strand und ganz in der n\u00e4he des Zentrums. Au\u00dferdem ist das Hotel mit einer Weinstube und einer wundesch\u00f6nen Terrasse direkt am Meer, privatem Parkplatz, privatem Strand mit Liegest\u00fchlen und Sonnenschirmen, Fr\u00fchst\u00fcckssaal (Fr\u00fchst\u00fcckb\u00fcffet [&hellip;]<\/p>\n","protected":false},"author":1,"featured_media":3408,"parent":0,"menu_order":0,"comment_status":"closed","ping_status":"closed","template":"","meta":{"_acf_changed":false,"_uag_custom_page_level_css":"","advgb_blocks_editor_width":"","advgb_blocks_columns_visual_guide":"","footnotes":""},"class_list":["post-3420","page","type-page","status-publish","has-post-thumbnail","hentry"],"acf":[],"yoast_head":"<!-- This site is optimized with the Yoast SEO plugin v25.7 - https:\/\/yoast.com\/wordpress\/plugins\/seo\/ -->\n<title>Unsere Dienstleistungen - Hotel Serena<\/title>\n<meta name=\"robots\" content=\"index, follow, max-snippet:-1, max-image-preview:large, max-video-preview:-1\" \/>\n<link rel=\"canonical\" href=\"https:\/\/www.hotelserenacaorle.com\/de\/unsere-dienstleistungen\/\" \/>\n<meta property=\"og:locale\" content=\"de_DE\" \/>\n<meta property=\"og:type\" content=\"article\" \/>\n<meta property=\"og:title\" content=\"Unsere Dienstleistungen - Hotel Serena\" \/>\n<meta property=\"og:description\" content=\"Entdecken Sie allen Komfort Ein Urlaub voller Entspannung und Spa\u00df Das Hotel Serena liegt direkt am Meer (Levante Strand), nur wenige schritte zum Strand und ganz in der n\u00e4he des Zentrums. Au\u00dferdem ist das Hotel mit einer Weinstube und einer wundesch\u00f6nen Terrasse direkt am Meer, privatem Parkplatz, privatem Strand mit Liegest\u00fchlen und Sonnenschirmen, Fr\u00fchst\u00fcckssaal (Fr\u00fchst\u00fcckb\u00fcffet [&hellip;]\" \/>\n<meta property=\"og:url\" content=\"https:\/\/www.hotelserenacaorle.com\/de\/unsere-dienstleistungen\/\" \/>\n<meta property=\"og:site_name\" content=\"Hotel Serena\" \/>\n<meta property=\"article:modified_time\" content=\"2020-05-04T08:24:05+00:00\" \/>\n<meta property=\"og:image\" content=\"https:\/\/www.hotelserenacaorle.com\/wp-content\/uploads\/2020\/04\/servizi-hotel-serena-caorle-banner.jpg\" \/>\n\t<meta property=\"og:image:width\" content=\"2000\" \/>\n\t<meta property=\"og:image:height\" content=\"400\" \/>\n\t<meta property=\"og:image:type\" content=\"image\/jpeg\" \/>\n<meta name=\"twitter:card\" content=\"summary_large_image\" \/>\n<meta name=\"twitter:label1\" content=\"Gesch\u00e4tzte Lesezeit\" \/>\n\t<meta name=\"twitter:data1\" content=\"1\u00a0Minute\" \/>\n<script type=\"application\/ld+json\" class=\"yoast-schema-graph\">{\"@context\":\"https:\/\/schema.org\",\"@graph\":[{\"@type\":\"WebPage\",\"@id\":\"https:\/\/www.hotelserenacaorle.com\/de\/unsere-dienstleistungen\/\",\"url\":\"https:\/\/www.hotelserenacaorle.com\/de\/unsere-dienstleistungen\/\",\"name\":\"Unsere Dienstleistungen - Hotel Serena\",\"isPartOf\":{\"@id\":\"https:\/\/www.hotelserenacaorle.com\/de\/#website\"},\"primaryImageOfPage\":{\"@id\":\"https:\/\/www.hotelserenacaorle.com\/de\/unsere-dienstleistungen\/#primaryimage\"},\"image\":{\"@id\":\"https:\/\/www.hotelserenacaorle.com\/de\/unsere-dienstleistungen\/#primaryimage\"},\"thumbnailUrl\":\"https:\/\/www.hotelserenacaorle.com\/wp-content\/uploads\/2020\/04\/servizi-hotel-serena-caorle-banner.jpg\",\"datePublished\":\"2020-04-30T14:54:34+00:00\",\"dateModified\":\"2020-05-04T08:24:05+00:00\",\"breadcrumb\":{\"@id\":\"https:\/\/www.hotelserenacaorle.com\/de\/unsere-dienstleistungen\/#breadcrumb\"},\"inLanguage\":\"de\",\"potentialAction\":[{\"@type\":\"ReadAction\",\"target\":[\"https:\/\/www.hotelserenacaorle.com\/de\/unsere-dienstleistungen\/\"]}]},{\"@type\":\"ImageObject\",\"inLanguage\":\"de\",\"@id\":\"https:\/\/www.hotelserenacaorle.com\/de\/unsere-dienstleistungen\/#primaryimage\",\"url\":\"https:\/\/www.hotelserenacaorle.com\/wp-content\/uploads\/2020\/04\/servizi-hotel-serena-caorle-banner.jpg\",\"contentUrl\":\"https:\/\/www.hotelserenacaorle.com\/wp-content\/uploads\/2020\/04\/servizi-hotel-serena-caorle-banner.jpg\",\"width\":2000,\"height\":400},{\"@type\":\"BreadcrumbList\",\"@id\":\"https:\/\/www.hotelserenacaorle.com\/de\/unsere-dienstleistungen\/#breadcrumb\",\"itemListElement\":[{\"@type\":\"ListItem\",\"position\":1,\"name\":\"Home\",\"item\":\"https:\/\/www.hotelserenacaorle.com\/de\/\"},{\"@type\":\"ListItem\",\"position\":2,\"name\":\"Unsere Dienstleistungen\"}]},{\"@type\":\"WebSite\",\"@id\":\"https:\/\/www.hotelserenacaorle.com\/de\/#website\",\"url\":\"https:\/\/www.hotelserenacaorle.com\/de\/\",\"name\":\"Hotel Serena\",\"description\":\"Meeresfront in Caorle\",\"publisher\":{\"@id\":\"https:\/\/www.hotelserenacaorle.com\/de\/#organization\"},\"potentialAction\":[{\"@type\":\"SearchAction\",\"target\":{\"@type\":\"EntryPoint\",\"urlTemplate\":\"https:\/\/www.hotelserenacaorle.com\/de\/?s={search_term_string}\"},\"query-input\":{\"@type\":\"PropertyValueSpecification\",\"valueRequired\":true,\"valueName\":\"search_term_string\"}}],\"inLanguage\":\"de\"},{\"@type\":\"Organization\",\"@id\":\"https:\/\/www.hotelserenacaorle.com\/de\/#organization\",\"name\":\"Hotel Serena\",\"url\":\"https:\/\/www.hotelserenacaorle.com\/de\/\",\"logo\":{\"@type\":\"ImageObject\",\"inLanguage\":\"de\",\"@id\":\"https:\/\/www.hotelserenacaorle.com\/de\/#\/schema\/logo\/image\/\",\"url\":\"https:\/\/www.hotelserenacaorle.com\/wp-content\/uploads\/2020\/04\/Logo-orizz-original-white-1-1.png\",\"contentUrl\":\"https:\/\/www.hotelserenacaorle.com\/wp-content\/uploads\/2020\/04\/Logo-orizz-original-white-1-1.png\",\"width\":800,\"height\":150,\"caption\":\"Hotel Serena\"},\"image\":{\"@id\":\"https:\/\/www.hotelserenacaorle.com\/de\/#\/schema\/logo\/image\/\"}}]}<\/script>\n<!-- \/ Yoast SEO plugin. -->","yoast_head_json":{"title":"Unsere Dienstleistungen - Hotel Serena","robots":{"index":"index","follow":"follow","max-snippet":"max-snippet:-1","max-image-preview":"max-image-preview:large","max-video-preview":"max-video-preview:-1"},"canonical":"https:\/\/www.hotelserenacaorle.com\/de\/unsere-dienstleistungen\/","og_locale":"de_DE","og_type":"article","og_title":"Unsere Dienstleistungen - Hotel Serena","og_description":"Entdecken Sie allen Komfort Ein Urlaub voller Entspannung und Spa\u00df Das Hotel Serena liegt direkt am Meer (Levante Strand), nur wenige schritte zum Strand und ganz in der n\u00e4he des Zentrums. Au\u00dferdem ist das Hotel mit einer Weinstube und einer wundesch\u00f6nen Terrasse direkt am Meer, privatem Parkplatz, privatem Strand mit Liegest\u00fchlen und Sonnenschirmen, Fr\u00fchst\u00fcckssaal (Fr\u00fchst\u00fcckb\u00fcffet [&hellip;]","og_url":"https:\/\/www.hotelserenacaorle.com\/de\/unsere-dienstleistungen\/","og_site_name":"Hotel Serena","article_modified_time":"2020-05-04T08:24:05+00:00","og_image":[{"width":2000,"height":400,"url":"https:\/\/www.hotelserenacaorle.com\/wp-content\/uploads\/2020\/04\/servizi-hotel-serena-caorle-banner.jpg","type":"image\/jpeg"}],"twitter_card":"summary_large_image","twitter_misc":{"Gesch\u00e4tzte Lesezeit":"1\u00a0Minute"},"schema":{"@context":"https:\/\/schema.org","@graph":[{"@type":"WebPage","@id":"https:\/\/www.hotelserenacaorle.com\/de\/unsere-dienstleistungen\/","url":"https:\/\/www.hotelserenacaorle.com\/de\/unsere-dienstleistungen\/","name":"Unsere Dienstleistungen - Hotel Serena","isPartOf":{"@id":"https:\/\/www.hotelserenacaorle.com\/de\/#website"},"primaryImageOfPage":{"@id":"https:\/\/www.hotelserenacaorle.com\/de\/unsere-dienstleistungen\/#primaryimage"},"image":{"@id":"https:\/\/www.hotelserenacaorle.com\/de\/unsere-dienstleistungen\/#primaryimage"},"thumbnailUrl":"https:\/\/www.hotelserenacaorle.com\/wp-content\/uploads\/2020\/04\/servizi-hotel-serena-caorle-banner.jpg","datePublished":"2020-04-30T14:54:34+00:00","dateModified":"2020-05-04T08:24:05+00:00","breadcrumb":{"@id":"https:\/\/www.hotelserenacaorle.com\/de\/unsere-dienstleistungen\/#breadcrumb"},"inLanguage":"de","potentialAction":[{"@type":"ReadAction","target":["https:\/\/www.hotelserenacaorle.com\/de\/unsere-dienstleistungen\/"]}]},{"@type":"ImageObject","inLanguage":"de","@id":"https:\/\/www.hotelserenacaorle.com\/de\/unsere-dienstleistungen\/#primaryimage","url":"https:\/\/www.hotelserenacaorle.com\/wp-content\/uploads\/2020\/04\/servizi-hotel-serena-caorle-banner.jpg","contentUrl":"https:\/\/www.hotelserenacaorle.com\/wp-content\/uploads\/2020\/04\/servizi-hotel-serena-caorle-banner.jpg","width":2000,"height":400},{"@type":"BreadcrumbList","@id":"https:\/\/www.hotelserenacaorle.com\/de\/unsere-dienstleistungen\/#breadcrumb","itemListElement":[{"@type":"ListItem","position":1,"name":"Home","item":"https:\/\/www.hotelserenacaorle.com\/de\/"},{"@type":"ListItem","position":2,"name":"Unsere Dienstleistungen"}]},{"@type":"WebSite","@id":"https:\/\/www.hotelserenacaorle.com\/de\/#website","url":"https:\/\/www.hotelserenacaorle.com\/de\/","name":"Hotel Serena","description":"Meeresfront in Caorle","publisher":{"@id":"https:\/\/www.hotelserenacaorle.com\/de\/#organization"},"potentialAction":[{"@type":"SearchAction","target":{"@type":"EntryPoint","urlTemplate":"https:\/\/www.hotelserenacaorle.com\/de\/?s={search_term_string}"},"query-input":{"@type":"PropertyValueSpecification","valueRequired":true,"valueName":"search_term_string"}}],"inLanguage":"de"},{"@type":"Organization","@id":"https:\/\/www.hotelserenacaorle.com\/de\/#organization","name":"Hotel Serena","url":"https:\/\/www.hotelserenacaorle.com\/de\/","logo":{"@type":"ImageObject","inLanguage":"de","@id":"https:\/\/www.hotelserenacaorle.com\/de\/#\/schema\/logo\/image\/","url":"https:\/\/www.hotelserenacaorle.com\/wp-content\/uploads\/2020\/04\/Logo-orizz-original-white-1-1.png","contentUrl":"https:\/\/www.hotelserenacaorle.com\/wp-content\/uploads\/2020\/04\/Logo-orizz-original-white-1-1.png","width":800,"height":150,"caption":"Hotel Serena"},"image":{"@id":"https:\/\/www.hotelserenacaorle.com\/de\/#\/schema\/logo\/image\/"}}]}},"uagb_featured_image_src":{"full":["https:\/\/www.hotelserenacaorle.com\/wp-content\/uploads\/2020\/04\/servizi-hotel-serena-caorle-banner.jpg",2000,400,false],"thumbnail":["https:\/\/www.hotelserenacaorle.com\/wp-content\/uploads\/2020\/04\/servizi-hotel-serena-caorle-banner-150x150.jpg",150,150,true],"medium":["https:\/\/www.hotelserenacaorle.com\/wp-content\/uploads\/2020\/04\/servizi-hotel-serena-caorle-banner-300x60.jpg",300,60,true],"medium_large":["https:\/\/www.hotelserenacaorle.com\/wp-content\/uploads\/2020\/04\/servizi-hotel-serena-caorle-banner-768x154.jpg",580,116,true],"large":["https:\/\/www.hotelserenacaorle.com\/wp-content\/uploads\/2020\/04\/servizi-hotel-serena-caorle-banner-1024x205.jpg",580,116,true],"1536x1536":["https:\/\/www.hotelserenacaorle.com\/wp-content\/uploads\/2020\/04\/servizi-hotel-serena-caorle-banner-1536x307.jpg",1536,307,true],"2048x2048":["https:\/\/www.hotelserenacaorle.com\/wp-content\/uploads\/2020\/04\/servizi-hotel-serena-caorle-banner.jpg",2000,400,false],"post-thumbnail":["https:\/\/www.hotelserenacaorle.com\/wp-content\/uploads\/2020\/04\/servizi-hotel-serena-caorle-banner-1200x240.jpg",1200,240,true],"twentytwenty-fullscreen":["https:\/\/www.hotelserenacaorle.com\/wp-content\/uploads\/2020\/04\/servizi-hotel-serena-caorle-banner-1980x396.jpg",1980,396,true]},"uagb_author_info":{"display_name":"3r4cl3-p4l4","author_link":"https:\/\/www.hotelserenacaorle.com\/de\/author\/3r4cl3-p4l4\/"},"uagb_comment_info":0,"uagb_excerpt":"Entdecken Sie allen Komfort Ein Urlaub voller Entspannung und Spa\u00df Das Hotel Serena liegt direkt am Meer (Levante Strand), nur wenige schritte zum Strand und ganz in der n\u00e4he des Zentrums. Au\u00dferdem ist das Hotel mit einer Weinstube und einer wundesch\u00f6nen Terrasse direkt am Meer, privatem Parkplatz, privatem Strand mit Liegest\u00fchlen und Sonnenschirmen, Fr\u00fchst\u00fcckssaal (Fr\u00fchst\u00fcckb\u00fcffet&hellip;","coauthors":[],"author_meta":{"author_link":"https:\/\/www.hotelserenacaorle.com\/de\/author\/3r4cl3-p4l4\/","display_name":"3r4cl3-p4l4"},"relative_dates":{"created":"Posted 6\u00a0Jahren ago","modified":"Updated 6\u00a0Jahren ago"},"absolute_dates":{"created":"Posted on 30 April 2020","modified":"Updated on 4 Mai 2020"},"absolute_dates_time":{"created":"Posted on 30 April 2020 16:54","modified":"Updated on 4 Mai 2020 10:24"},"featured_img_caption":"","featured_img":"https:\/\/www.hotelserenacaorle.com\/wp-content\/uploads\/2020\/04\/servizi-hotel-serena-caorle-banner-1200x240.jpg","series_order":"","_links":{"self":[{"href":"https:\/\/www.hotelserenacaorle.com\/de\/wp-json\/wp\/v2\/pages\/3420","targetHints":{"allow":["GET"]}}],"collection":[{"href":"https:\/\/www.hotelserenacaorle.com\/de\/wp-json\/wp\/v2\/pages"}],"about":[{"href":"https:\/\/www.hotelserenacaorle.com\/de\/wp-json\/wp\/v2\/types\/page"}],"author":[{"embeddable":true,"href":"https:\/\/www.hotelserenacaorle.com\/de\/wp-json\/wp\/v2\/users\/1"}],"replies":[{"embeddable":true,"href":"https:\/\/www.hotelserenacaorle.com\/de\/wp-json\/wp\/v2\/comments?post=3420"}],"version-history":[{"count":0,"href":"https:\/\/www.hotelserenacaorle.com\/de\/wp-json\/wp\/v2\/pages\/3420\/revisions"}],"wp:featuredmedia":[{"embeddable":true,"href":"https:\/\/www.hotelserenacaorle.com\/de\/wp-json\/wp\/v2\/media\/3408"}],"wp:attachment":[{"href":"https:\/\/www.hotelserenacaorle.com\/de\/wp-json\/wp\/v2\/media?parent=3420"}],"curies":[{"name":"wp","href":"https:\/\/api.w.org\/{rel}","templated":true}]}}