{"id":2626,"date":"2020-04-29T16:37:24","date_gmt":"2020-04-29T14:37:24","guid":{"rendered":"https:\/\/serena.promoservicebeta.com\/?page_id=2626"},"modified":"2020-05-22T12:22:38","modified_gmt":"2020-05-22T10:22:38","slug":"kunst-und-stadte","status":"publish","type":"page","link":"https:\/\/www.hotelserenacaorle.com\/de\/kunst-und-stadte\/","title":{"rendered":"Kunst und St\u00e4dte"},"content":{"rendered":"\n<div class=\"wp-block-group promo-int-1\"><div class=\"wp-block-group__inner-container is-layout-flow wp-block-group-is-layout-flow\">\n<h3 class=\"wp-block-heading\"><strong>K\u00f6nigin von Caorle<\/strong><\/h3>\n\n\n\n<h2 class=\"wp-block-heading\"><strong>Venezia<\/strong><\/h2>\n\n\n\n<p>Venedig ist besonders reich an museen und historischen geb\u00e4uden von gro\u00dfem k\u00fcnstlerischen und kulturellen bedeutung.<\/p>\n\n\n\n<h4 class=\"wp-block-heading\">Erreich Venedig<\/h4>\n\n\n\n<div class=\"wp-block-advgb-accordions advgb-accordion-wrapper\" data-collapsed=\"true\">\n<div class=\"wp-block-advgb-accordion-item advgb-accordion-item\" style=\"margin-bottom:0\"><div class=\"advgb-accordion-header\" style=\"background-color:#ffffff;color:#5c89a3;border-style:solid\"><span class=\"advgb-accordion-header-icon\"><svg fill=\"#5c89a3\" xmlns=\"http:\/\/www.w3.org\/2000\/svg\" width=\"24\" height=\"24\" viewbox=\"0 0 24 24\"><path fill=\"none\" d=\"M0,0h24v24H0V0z\"><\/path><path d=\"M19,13h-6v6h-2v-6H5v-2h6V5h2v6h6V13z\"><\/path><\/svg><\/span><h4 class=\"advgb-accordion-header-title\" style=\"color:inherit\">Mit dem Auto<\/h4><\/div><div class=\"advgb-accordion-body\" style=\"border-style:solid !important;border-color:undefined !important;border-top:none !important\">\n<p>Sie haben die m\u00f6glichkeit, mit dem eigenen auto eine der nahegelegenen ortschaften&nbsp;<strong>Punta Sabbioni<\/strong>&nbsp;oder&nbsp;<strong>Treporti<\/strong> anzufahren und von dort direkt mit dem linienschiff nach&nbsp;<strong>Venedig<\/strong>&nbsp;weiterzufahren.<br>Sie k\u00f6nnen die k\u00fcrzeste strecke von&nbsp;<strong>Treporti<\/strong>&nbsp;oder&nbsp;<strong>Punta Sabbioni<\/strong>&nbsp;aus w\u00e4hlen, mit einem zwischenstop in<strong>&nbsp;Lido<\/strong>&nbsp;(wo Sie am m\u00e4chtigen<strong>&nbsp;Fort S. Andrea<\/strong>&nbsp;vorbeifahren, einem meisterwerk der milit\u00e4rarchitektur aus der renaissance-zeit, das im jahr 1543 von sammicheli erbaut wurde, oder auch an der antiken&nbsp;<strong>Kirche S. Nicol\u00f2,<\/strong>&nbsp;die durch die gem\u00e4lde von&nbsp;<strong>Canaletto<\/strong>&nbsp;und&nbsp;<strong>Guardi<\/strong> ber\u00fchmt wurde), um schlie\u00dflich die anlegestelle&nbsp;<strong>S. Zaccaria<\/strong>&nbsp;zu erreichen, die nur unweit vom&nbsp;<strong>Markusplatz<\/strong>&nbsp;entfernt ist. Sie k\u00f6nnen&nbsp;<strong>Venedig<\/strong>&nbsp;aber auch von&nbsp;<strong>Treporti<\/strong>&nbsp;aus \u00fcber die bekannten inseln&nbsp;<strong>S.&nbsp;Francesco del Deserto, Burano<\/strong>,&nbsp;<strong>Torcello<\/strong> und&nbsp;<strong>Murano<\/strong>&nbsp;erreichen, wo sie in ein anderes linienschiff umsteigen k\u00f6nnen, um zum&nbsp;<strong>Markusplatz<\/strong>&nbsp;zu gelangen.<\/p>\n<\/div><\/div>\n\n\n\n<div class=\"wp-block-advgb-accordion-item advgb-accordion-item\" style=\"margin-bottom:0\"><div class=\"advgb-accordion-header\" style=\"background-color:#ffffff;color:#5c89a3;border-style:solid\"><span class=\"advgb-accordion-header-icon\"><svg fill=\"#5c89a3\" xmlns=\"http:\/\/www.w3.org\/2000\/svg\" width=\"24\" height=\"24\" viewbox=\"0 0 24 24\"><path fill=\"none\" d=\"M0,0h24v24H0V0z\"><\/path><path d=\"M19,13h-6v6h-2v-6H5v-2h6V5h2v6h6V13z\"><\/path><\/svg><\/span><h4 class=\"advgb-accordion-header-title\" style=\"color:inherit\">Mit dem Bus<\/h4><\/div><div class=\"advgb-accordion-body\" style=\"border-style:solid !important;border-color:undefined !important;border-top:none !important\">\n<p>Eine direkte busverbindung des unternehmens&nbsp;<strong><a href=\"http:\/\/www.atvo.it\/\">ATVO<\/a>&nbsp;<\/strong>f\u00e4hrt von&nbsp;<strong>Caorle<\/strong>&nbsp;nach&nbsp;<strong>Venedig<\/strong>&nbsp;(Piazzale Roma). Hier stehen mehrere linienschiffverbindungen \u00fcber verschiedene routen zur auswahl, um den ber\u00fchmten&nbsp;<strong>Markusplatz<\/strong>&nbsp;zu erreichen. Weitere informationen zu den busverbindungen erhalten sie auf der homepage von&nbsp;<strong><a href=\"http:\/\/www.atvo.it\/\">ATVO,<\/a><\/strong>&nbsp;auf der homepage von&nbsp;<strong><a href=\"http:\/\/www.actv.it\/\">ACTV<\/a>.<\/strong><\/p>\n<\/div><\/div>\n\n\n\n<div class=\"wp-block-advgb-accordion-item advgb-accordion-item\" style=\"margin-bottom:0\"><div class=\"advgb-accordion-header\" style=\"background-color:#ffffff;color:#5c89a3;border-style:solid\"><span class=\"advgb-accordion-header-icon\"><svg fill=\"#5c89a3\" xmlns=\"http:\/\/www.w3.org\/2000\/svg\" width=\"24\" height=\"24\" viewbox=\"0 0 24 24\"><path fill=\"none\" d=\"M0,0h24v24H0V0z\"><\/path><path d=\"M19,13h-6v6h-2v-6H5v-2h6V5h2v6h6V13z\"><\/path><\/svg><\/span><h4 class=\"advgb-accordion-header-title\" style=\"color:inherit\">Caorle Motorschiff<\/h4><\/div><div class=\"advgb-accordion-body\" style=\"border-style:solid !important;border-color:undefined !important;border-top:none !important\">\n<p>Ist es m\u00f6glich,&nbsp;<strong>Venedig,<\/strong>&nbsp;direkt ab&nbsp;<strong>Caorle mit&nbsp;<a href=\"http:\/\/www.motonavecaorle.com\/\">Motorschiff Caorle.<\/a><\/strong><br>Montag bis freitag von 8,00 bis 16,00 das nimmt touristen auf dem seeweg nach&nbsp;<strong>Venedig<\/strong>&nbsp;durch die gesamte k\u00fcste der n\u00f6rdlichen adria (strand von<strong>&nbsp;Eraclea, Jesolo<\/strong>&nbsp;und&nbsp;<strong>Cavallino<\/strong>).<\/p>\n<\/div><\/div>\n<\/div>\n<\/div><\/div>\n\n\n\n<div class=\"wp-block-group promo-int-2\"><div class=\"wp-block-group__inner-container is-layout-flow wp-block-group-is-layout-flow\">\n<figure class=\"wp-block-image size-large\"><img loading=\"lazy\" decoding=\"async\" width=\"1000\" height=\"670\" src=\"https:\/\/hotelserenacaorle.com\/wp-content\/uploads\/2020\/05\/Hotel_Serena_Dintorni_Caorle_Venezia.jpg\" alt=\"\" class=\"wp-image-4044\" srcset=\"https:\/\/www.hotelserenacaorle.com\/wp-content\/uploads\/2020\/05\/Hotel_Serena_Dintorni_Caorle_Venezia.jpg 1000w, https:\/\/www.hotelserenacaorle.com\/wp-content\/uploads\/2020\/05\/Hotel_Serena_Dintorni_Caorle_Venezia-300x201.jpg 300w, https:\/\/www.hotelserenacaorle.com\/wp-content\/uploads\/2020\/05\/Hotel_Serena_Dintorni_Caorle_Venezia-768x515.jpg 768w\" sizes=\"auto, (max-width: 1000px) 100vw, 1000px\" \/><\/figure>\n<\/div><\/div>\n\n\n\n<div class=\"wp-block-group promo-int-4\"><div class=\"wp-block-group__inner-container is-layout-flow wp-block-group-is-layout-flow\">\n<h3 class=\"wp-block-heading\">Treviso ist zu jeder Jahreszeit einen Besuch wert<\/h3>\n\n\n\n<h2 class=\"wp-block-heading\">Treviso<\/h2>\n\n\n\n<p><strong>Treviso<\/strong>&nbsp;ist zu jeder jahreszeit einen besuch wert, und sein beschauliches flair ist ideal f\u00fcr alle, die alle winkel erkunden, originelle einblicke gewinnen und das ruhige stadtleben genie\u00dfen m\u00f6chten. Die&nbsp;<strong>Piazza dei Signori&nbsp;<\/strong>mit dem&nbsp;<strong>Palazzo dei Trecento<\/strong>&nbsp;und der eleganten&nbsp;<strong>Loggia Dei Cavalieri<\/strong>&nbsp;bildet das herzst\u00fcck der stadt und den treffpunkt der einheimischen bev\u00f6lkerung. Die beiden fl\u00fcsse sile und cagnan bahnen sich ihren weg zwischen den stra\u00dfen und verleihen dem zentrum, das von uralten mauern umgeben ist, einen einzigartigen charme. Im wasser des&nbsp;<strong>Canale dei Buranelli<\/strong>&nbsp;spiegeln sich die h\u00e4user mit laubeng\u00e4ngen und wundersch\u00f6nen freskengeschm\u00fcckten fassaden, und die&nbsp;<strong>Isola della Pescheria<\/strong>, die im fluss Cagnan angelegt wurde, um dort einen fischmarkt unterzubringen, zeugt von der engen bindung trevisos an das wasser.<\/p>\n<\/div><\/div>\n\n\n\n<div class=\"wp-block-group promo-int-3\"><div class=\"wp-block-group__inner-container is-layout-flow wp-block-group-is-layout-flow\">\n<figure class=\"wp-block-image size-large\"><img loading=\"lazy\" decoding=\"async\" width=\"1000\" height=\"670\" src=\"https:\/\/hotelserenacaorle.com\/wp-content\/uploads\/2020\/05\/Hotel_Serena_Dintorni_Caorle_Treviso.jpg\" alt=\"\" class=\"wp-image-4050\" srcset=\"https:\/\/www.hotelserenacaorle.com\/wp-content\/uploads\/2020\/05\/Hotel_Serena_Dintorni_Caorle_Treviso.jpg 1000w, https:\/\/www.hotelserenacaorle.com\/wp-content\/uploads\/2020\/05\/Hotel_Serena_Dintorni_Caorle_Treviso-300x201.jpg 300w, https:\/\/www.hotelserenacaorle.com\/wp-content\/uploads\/2020\/05\/Hotel_Serena_Dintorni_Caorle_Treviso-768x515.jpg 768w\" sizes=\"auto, (max-width: 1000px) 100vw, 1000px\" \/><\/figure>\n<\/div><\/div>\n\n\n\n<div class=\"wp-block-group promo-int-5\"><div class=\"wp-block-group__inner-container is-layout-flow wp-block-group-is-layout-flow\">\n<h3 class=\"wp-block-heading\">Ein \u00fcberraschender Kunst-und Kulturschatz<\/h3>\n\n\n\n<h2 class=\"wp-block-heading\">Padova<\/h2>\n\n\n\n<p>Ein \u00fcberraschender kunst-und kulturschatz \u00f6ffnet sich \u00fcberall und in allen winkeln vor ihnen: das ist die provinz padua. Ein fruchtbares, lebendiges und dynamisches land mitten in der venetischen ebene, dessen hauptort padua sie \u00fcberraschen und verzaubern wird.<\/p>\n\n\n\n<p>Padua ist die stadt des&nbsp;<strong>Heiligen Antonius<\/strong>, von&nbsp;<strong>Giotto<\/strong>&nbsp;und&nbsp;<strong>Galileo<\/strong>: glaube, kunst und wissenschaft geh\u00f6ren hier untrennbar zusammen. Lassen sie es sich nicht entgehen, die&nbsp;<strong>Scrovegni-Kapelle<\/strong>, die&nbsp;<strong>Universit\u00e4t<\/strong>(mit dem&nbsp;<strong>Teatro Anatomico<\/strong>&nbsp;und dem&nbsp;<strong>Botanischen Garten<\/strong>) und die&nbsp;<strong>Basilika des Heiligen Antonius&nbsp;<\/strong>zu besichtigen. Die eindr\u00fccke werden noch bereichert bei einem spaziergang in der altstadt zu den pl\u00e4tzen im schatten des m\u00e4chtigen palazzo della Ragione und bei einer pause im&nbsp;<strong>Caff\u00e8 Pedrocchi<\/strong>.<\/p>\n\n\n\n<p>Die provinz padua erstreckt sich von den euganeischen h\u00fcgeln bis zur lagune von Venedig und bietet ihnen atemberaubende landschaften von sanften h\u00fcgeln bis zur leuchtend gr\u00fcnen ebene. Die umgebung ist reich an&nbsp;<strong>Festungsst\u00e4dten<\/strong>&nbsp;und zeitlosen d\u00f6rfern (Cittadella, Monselice, Este, Montagnana,&nbsp;<strong>Arqu\u00e0 Petrarca<\/strong>), die kunsthistorische perlen mit h\u00f6chster bedeutung bergen. M\u00e4chtige&nbsp;<strong>Kastelle<\/strong>, bollwerke und&nbsp;<strong>Festungen<\/strong>&nbsp;erz\u00e4hlen von der glorreichen vergangenheit im mittelalter, w\u00e4hrend die eleganten&nbsp;<strong>Villen<\/strong>&nbsp;und \u00fcppigen historischen&nbsp;<strong>G\u00e4rten<\/strong>&nbsp;und parks vom aufenthalt der venezianischen Adeligen k\u00fcnden.<\/p>\n<\/div><\/div>\n\n\n\n<div class=\"wp-block-group promo-int-6\"><div class=\"wp-block-group__inner-container is-layout-flow wp-block-group-is-layout-flow\">\n<figure class=\"wp-block-image size-large\"><img loading=\"lazy\" decoding=\"async\" width=\"1000\" height=\"670\" src=\"https:\/\/hotelserenacaorle.com\/wp-content\/uploads\/2020\/04\/padova_011.jpg\" alt=\"\" class=\"wp-image-2655\" srcset=\"https:\/\/www.hotelserenacaorle.com\/wp-content\/uploads\/2020\/04\/padova_011.jpg 1000w, https:\/\/www.hotelserenacaorle.com\/wp-content\/uploads\/2020\/04\/padova_011-300x201.jpg 300w, https:\/\/www.hotelserenacaorle.com\/wp-content\/uploads\/2020\/04\/padova_011-768x515.jpg 768w\" sizes=\"auto, (max-width: 1000px) 100vw, 1000px\" \/><\/figure>\n<\/div><\/div>\n","protected":false},"excerpt":{"rendered":"<p>K\u00f6nigin von Caorle Venezia Venedig ist besonders reich an museen und historischen geb\u00e4uden von gro\u00dfem k\u00fcnstlerischen und kulturellen bedeutung. Erreich Venedig Treviso ist zu jeder Jahreszeit einen Besuch wert Treviso Treviso&nbsp;ist zu jeder jahreszeit einen besuch wert, und sein beschauliches flair ist ideal f\u00fcr alle, die alle winkel erkunden, originelle einblicke gewinnen und das ruhige [&hellip;]<\/p>\n","protected":false},"author":1,"featured_media":4037,"parent":0,"menu_order":0,"comment_status":"closed","ping_status":"closed","template":"","meta":{"_acf_changed":false,"_uag_custom_page_level_css":"","advgb_blocks_editor_width":"","advgb_blocks_columns_visual_guide":"","footnotes":""},"class_list":["post-2626","page","type-page","status-publish","has-post-thumbnail","hentry"],"acf":[],"yoast_head":"<!-- This site is optimized with the Yoast SEO plugin v25.7 - https:\/\/yoast.com\/wordpress\/plugins\/seo\/ -->\n<title>Kunst und St\u00e4dte - Hotel Serena - Meeresfront in Caorle<\/title>\n<meta name=\"description\" content=\"Entdecken Sie die Kunstst\u00e4dte in der N\u00e4he von Caorle.Venice, Treviso, Padua, ein Erbe italienischer Sch\u00f6nheit und Kunst\" \/>\n<meta name=\"robots\" content=\"index, follow, max-snippet:-1, max-image-preview:large, max-video-preview:-1\" \/>\n<link rel=\"canonical\" href=\"https:\/\/www.hotelserenacaorle.com\/de\/kunst-und-stadte\/\" \/>\n<meta property=\"og:locale\" content=\"de_DE\" \/>\n<meta property=\"og:type\" content=\"article\" \/>\n<meta property=\"og:title\" content=\"Kunst und St\u00e4dte - Hotel Serena - Meeresfront in Caorle\" \/>\n<meta property=\"og:description\" content=\"Entdecken Sie die Kunstst\u00e4dte in der N\u00e4he von Caorle.Venice, Treviso, Padua, ein Erbe italienischer Sch\u00f6nheit und Kunst\" \/>\n<meta property=\"og:url\" content=\"https:\/\/www.hotelserenacaorle.com\/de\/kunst-und-stadte\/\" \/>\n<meta property=\"og:site_name\" content=\"Hotel Serena\" \/>\n<meta property=\"article:modified_time\" content=\"2020-05-22T10:22:38+00:00\" \/>\n<meta property=\"og:image\" content=\"https:\/\/www.hotelserenacaorle.com\/wp-content\/uploads\/2020\/05\/Hotel_Serena_Caorle_Banner_Dintorni.jpg\" \/>\n\t<meta property=\"og:image:width\" content=\"2000\" \/>\n\t<meta property=\"og:image:height\" content=\"400\" \/>\n\t<meta property=\"og:image:type\" content=\"image\/jpeg\" \/>\n<meta name=\"twitter:card\" content=\"summary_large_image\" \/>\n<meta name=\"twitter:label1\" content=\"Gesch\u00e4tzte Lesezeit\" \/>\n\t<meta name=\"twitter:data1\" content=\"3\u00a0Minuten\" \/>\n<script type=\"application\/ld+json\" class=\"yoast-schema-graph\">{\"@context\":\"https:\/\/schema.org\",\"@graph\":[{\"@type\":\"WebPage\",\"@id\":\"https:\/\/www.hotelserenacaorle.com\/de\/kunst-und-stadte\/\",\"url\":\"https:\/\/www.hotelserenacaorle.com\/de\/kunst-und-stadte\/\",\"name\":\"Kunst und St\u00e4dte - Hotel Serena - Meeresfront in Caorle\",\"isPartOf\":{\"@id\":\"https:\/\/www.hotelserenacaorle.com\/de\/#website\"},\"primaryImageOfPage\":{\"@id\":\"https:\/\/www.hotelserenacaorle.com\/de\/kunst-und-stadte\/#primaryimage\"},\"image\":{\"@id\":\"https:\/\/www.hotelserenacaorle.com\/de\/kunst-und-stadte\/#primaryimage\"},\"thumbnailUrl\":\"https:\/\/www.hotelserenacaorle.com\/wp-content\/uploads\/2020\/05\/Hotel_Serena_Caorle_Banner_Dintorni.jpg\",\"datePublished\":\"2020-04-29T14:37:24+00:00\",\"dateModified\":\"2020-05-22T10:22:38+00:00\",\"description\":\"Entdecken Sie die Kunstst\u00e4dte in der N\u00e4he von Caorle.Venice, Treviso, Padua, ein Erbe italienischer Sch\u00f6nheit und Kunst\",\"breadcrumb\":{\"@id\":\"https:\/\/www.hotelserenacaorle.com\/de\/kunst-und-stadte\/#breadcrumb\"},\"inLanguage\":\"de\",\"potentialAction\":[{\"@type\":\"ReadAction\",\"target\":[\"https:\/\/www.hotelserenacaorle.com\/de\/kunst-und-stadte\/\"]}]},{\"@type\":\"ImageObject\",\"inLanguage\":\"de\",\"@id\":\"https:\/\/www.hotelserenacaorle.com\/de\/kunst-und-stadte\/#primaryimage\",\"url\":\"https:\/\/www.hotelserenacaorle.com\/wp-content\/uploads\/2020\/05\/Hotel_Serena_Caorle_Banner_Dintorni.jpg\",\"contentUrl\":\"https:\/\/www.hotelserenacaorle.com\/wp-content\/uploads\/2020\/05\/Hotel_Serena_Caorle_Banner_Dintorni.jpg\",\"width\":2000,\"height\":400},{\"@type\":\"BreadcrumbList\",\"@id\":\"https:\/\/www.hotelserenacaorle.com\/de\/kunst-und-stadte\/#breadcrumb\",\"itemListElement\":[{\"@type\":\"ListItem\",\"position\":1,\"name\":\"Home\",\"item\":\"https:\/\/www.hotelserenacaorle.com\/de\/\"},{\"@type\":\"ListItem\",\"position\":2,\"name\":\"Kunst und St\u00e4dte\"}]},{\"@type\":\"WebSite\",\"@id\":\"https:\/\/www.hotelserenacaorle.com\/de\/#website\",\"url\":\"https:\/\/www.hotelserenacaorle.com\/de\/\",\"name\":\"Hotel Serena\",\"description\":\"Meeresfront in Caorle\",\"publisher\":{\"@id\":\"https:\/\/www.hotelserenacaorle.com\/de\/#organization\"},\"potentialAction\":[{\"@type\":\"SearchAction\",\"target\":{\"@type\":\"EntryPoint\",\"urlTemplate\":\"https:\/\/www.hotelserenacaorle.com\/de\/?s={search_term_string}\"},\"query-input\":{\"@type\":\"PropertyValueSpecification\",\"valueRequired\":true,\"valueName\":\"search_term_string\"}}],\"inLanguage\":\"de\"},{\"@type\":\"Organization\",\"@id\":\"https:\/\/www.hotelserenacaorle.com\/de\/#organization\",\"name\":\"Hotel Serena\",\"url\":\"https:\/\/www.hotelserenacaorle.com\/de\/\",\"logo\":{\"@type\":\"ImageObject\",\"inLanguage\":\"de\",\"@id\":\"https:\/\/www.hotelserenacaorle.com\/de\/#\/schema\/logo\/image\/\",\"url\":\"https:\/\/www.hotelserenacaorle.com\/wp-content\/uploads\/2020\/04\/Logo-orizz-original-white-1-1.png\",\"contentUrl\":\"https:\/\/www.hotelserenacaorle.com\/wp-content\/uploads\/2020\/04\/Logo-orizz-original-white-1-1.png\",\"width\":800,\"height\":150,\"caption\":\"Hotel Serena\"},\"image\":{\"@id\":\"https:\/\/www.hotelserenacaorle.com\/de\/#\/schema\/logo\/image\/\"}}]}<\/script>\n<!-- \/ Yoast SEO plugin. -->","yoast_head_json":{"title":"Kunst und St\u00e4dte - Hotel Serena - Meeresfront in Caorle","description":"Entdecken Sie die Kunstst\u00e4dte in der N\u00e4he von Caorle.Venice, Treviso, Padua, ein Erbe italienischer Sch\u00f6nheit und Kunst","robots":{"index":"index","follow":"follow","max-snippet":"max-snippet:-1","max-image-preview":"max-image-preview:large","max-video-preview":"max-video-preview:-1"},"canonical":"https:\/\/www.hotelserenacaorle.com\/de\/kunst-und-stadte\/","og_locale":"de_DE","og_type":"article","og_title":"Kunst und St\u00e4dte - Hotel Serena - Meeresfront in Caorle","og_description":"Entdecken Sie die Kunstst\u00e4dte in der N\u00e4he von Caorle.Venice, Treviso, Padua, ein Erbe italienischer Sch\u00f6nheit und Kunst","og_url":"https:\/\/www.hotelserenacaorle.com\/de\/kunst-und-stadte\/","og_site_name":"Hotel Serena","article_modified_time":"2020-05-22T10:22:38+00:00","og_image":[{"width":2000,"height":400,"url":"https:\/\/www.hotelserenacaorle.com\/wp-content\/uploads\/2020\/05\/Hotel_Serena_Caorle_Banner_Dintorni.jpg","type":"image\/jpeg"}],"twitter_card":"summary_large_image","twitter_misc":{"Gesch\u00e4tzte Lesezeit":"3\u00a0Minuten"},"schema":{"@context":"https:\/\/schema.org","@graph":[{"@type":"WebPage","@id":"https:\/\/www.hotelserenacaorle.com\/de\/kunst-und-stadte\/","url":"https:\/\/www.hotelserenacaorle.com\/de\/kunst-und-stadte\/","name":"Kunst und St\u00e4dte - Hotel Serena - Meeresfront in Caorle","isPartOf":{"@id":"https:\/\/www.hotelserenacaorle.com\/de\/#website"},"primaryImageOfPage":{"@id":"https:\/\/www.hotelserenacaorle.com\/de\/kunst-und-stadte\/#primaryimage"},"image":{"@id":"https:\/\/www.hotelserenacaorle.com\/de\/kunst-und-stadte\/#primaryimage"},"thumbnailUrl":"https:\/\/www.hotelserenacaorle.com\/wp-content\/uploads\/2020\/05\/Hotel_Serena_Caorle_Banner_Dintorni.jpg","datePublished":"2020-04-29T14:37:24+00:00","dateModified":"2020-05-22T10:22:38+00:00","description":"Entdecken Sie die Kunstst\u00e4dte in der N\u00e4he von Caorle.Venice, Treviso, Padua, ein Erbe italienischer Sch\u00f6nheit und Kunst","breadcrumb":{"@id":"https:\/\/www.hotelserenacaorle.com\/de\/kunst-und-stadte\/#breadcrumb"},"inLanguage":"de","potentialAction":[{"@type":"ReadAction","target":["https:\/\/www.hotelserenacaorle.com\/de\/kunst-und-stadte\/"]}]},{"@type":"ImageObject","inLanguage":"de","@id":"https:\/\/www.hotelserenacaorle.com\/de\/kunst-und-stadte\/#primaryimage","url":"https:\/\/www.hotelserenacaorle.com\/wp-content\/uploads\/2020\/05\/Hotel_Serena_Caorle_Banner_Dintorni.jpg","contentUrl":"https:\/\/www.hotelserenacaorle.com\/wp-content\/uploads\/2020\/05\/Hotel_Serena_Caorle_Banner_Dintorni.jpg","width":2000,"height":400},{"@type":"BreadcrumbList","@id":"https:\/\/www.hotelserenacaorle.com\/de\/kunst-und-stadte\/#breadcrumb","itemListElement":[{"@type":"ListItem","position":1,"name":"Home","item":"https:\/\/www.hotelserenacaorle.com\/de\/"},{"@type":"ListItem","position":2,"name":"Kunst und St\u00e4dte"}]},{"@type":"WebSite","@id":"https:\/\/www.hotelserenacaorle.com\/de\/#website","url":"https:\/\/www.hotelserenacaorle.com\/de\/","name":"Hotel Serena","description":"Meeresfront in Caorle","publisher":{"@id":"https:\/\/www.hotelserenacaorle.com\/de\/#organization"},"potentialAction":[{"@type":"SearchAction","target":{"@type":"EntryPoint","urlTemplate":"https:\/\/www.hotelserenacaorle.com\/de\/?s={search_term_string}"},"query-input":{"@type":"PropertyValueSpecification","valueRequired":true,"valueName":"search_term_string"}}],"inLanguage":"de"},{"@type":"Organization","@id":"https:\/\/www.hotelserenacaorle.com\/de\/#organization","name":"Hotel Serena","url":"https:\/\/www.hotelserenacaorle.com\/de\/","logo":{"@type":"ImageObject","inLanguage":"de","@id":"https:\/\/www.hotelserenacaorle.com\/de\/#\/schema\/logo\/image\/","url":"https:\/\/www.hotelserenacaorle.com\/wp-content\/uploads\/2020\/04\/Logo-orizz-original-white-1-1.png","contentUrl":"https:\/\/www.hotelserenacaorle.com\/wp-content\/uploads\/2020\/04\/Logo-orizz-original-white-1-1.png","width":800,"height":150,"caption":"Hotel Serena"},"image":{"@id":"https:\/\/www.hotelserenacaorle.com\/de\/#\/schema\/logo\/image\/"}}]}},"uagb_featured_image_src":{"full":["https:\/\/www.hotelserenacaorle.com\/wp-content\/uploads\/2020\/05\/Hotel_Serena_Caorle_Banner_Dintorni.jpg",2000,400,false],"thumbnail":["https:\/\/www.hotelserenacaorle.com\/wp-content\/uploads\/2020\/05\/Hotel_Serena_Caorle_Banner_Dintorni-150x150.jpg",150,150,true],"medium":["https:\/\/www.hotelserenacaorle.com\/wp-content\/uploads\/2020\/05\/Hotel_Serena_Caorle_Banner_Dintorni-300x60.jpg",300,60,true],"medium_large":["https:\/\/www.hotelserenacaorle.com\/wp-content\/uploads\/2020\/05\/Hotel_Serena_Caorle_Banner_Dintorni-768x154.jpg",580,116,true],"large":["https:\/\/www.hotelserenacaorle.com\/wp-content\/uploads\/2020\/05\/Hotel_Serena_Caorle_Banner_Dintorni-1024x205.jpg",580,116,true],"1536x1536":["https:\/\/www.hotelserenacaorle.com\/wp-content\/uploads\/2020\/05\/Hotel_Serena_Caorle_Banner_Dintorni-1536x307.jpg",1536,307,true],"2048x2048":["https:\/\/www.hotelserenacaorle.com\/wp-content\/uploads\/2020\/05\/Hotel_Serena_Caorle_Banner_Dintorni.jpg",2000,400,false],"post-thumbnail":["https:\/\/www.hotelserenacaorle.com\/wp-content\/uploads\/2020\/05\/Hotel_Serena_Caorle_Banner_Dintorni-1200x240.jpg",1200,240,true],"twentytwenty-fullscreen":["https:\/\/www.hotelserenacaorle.com\/wp-content\/uploads\/2020\/05\/Hotel_Serena_Caorle_Banner_Dintorni-1980x396.jpg",1980,396,true]},"uagb_author_info":{"display_name":"3r4cl3-p4l4","author_link":"https:\/\/www.hotelserenacaorle.com\/de\/author\/3r4cl3-p4l4\/"},"uagb_comment_info":0,"uagb_excerpt":"K\u00f6nigin von Caorle Venezia Venedig ist besonders reich an museen und historischen geb\u00e4uden von gro\u00dfem k\u00fcnstlerischen und kulturellen bedeutung. Erreich Venedig Treviso ist zu jeder Jahreszeit einen Besuch wert Treviso Treviso&nbsp;ist zu jeder jahreszeit einen besuch wert, und sein beschauliches flair ist ideal f\u00fcr alle, die alle winkel erkunden, originelle einblicke gewinnen und das ruhige&hellip;","coauthors":[],"author_meta":{"author_link":"https:\/\/www.hotelserenacaorle.com\/de\/author\/3r4cl3-p4l4\/","display_name":"3r4cl3-p4l4"},"relative_dates":{"created":"Posted 6\u00a0Jahren ago","modified":"Updated 6\u00a0Jahren ago"},"absolute_dates":{"created":"Posted on 29 April 2020","modified":"Updated on 22 Mai 2020"},"absolute_dates_time":{"created":"Posted on 29 April 2020 16:37","modified":"Updated on 22 Mai 2020 12:22"},"featured_img_caption":"","featured_img":"https:\/\/www.hotelserenacaorle.com\/wp-content\/uploads\/2020\/05\/Hotel_Serena_Caorle_Banner_Dintorni-1200x240.jpg","series_order":"","_links":{"self":[{"href":"https:\/\/www.hotelserenacaorle.com\/de\/wp-json\/wp\/v2\/pages\/2626","targetHints":{"allow":["GET"]}}],"collection":[{"href":"https:\/\/www.hotelserenacaorle.com\/de\/wp-json\/wp\/v2\/pages"}],"about":[{"href":"https:\/\/www.hotelserenacaorle.com\/de\/wp-json\/wp\/v2\/types\/page"}],"author":[{"embeddable":true,"href":"https:\/\/www.hotelserenacaorle.com\/de\/wp-json\/wp\/v2\/users\/1"}],"replies":[{"embeddable":true,"href":"https:\/\/www.hotelserenacaorle.com\/de\/wp-json\/wp\/v2\/comments?post=2626"}],"version-history":[{"count":0,"href":"https:\/\/www.hotelserenacaorle.com\/de\/wp-json\/wp\/v2\/pages\/2626\/revisions"}],"wp:featuredmedia":[{"embeddable":true,"href":"https:\/\/www.hotelserenacaorle.com\/de\/wp-json\/wp\/v2\/media\/4037"}],"wp:attachment":[{"href":"https:\/\/www.hotelserenacaorle.com\/de\/wp-json\/wp\/v2\/media?parent=2626"}],"curies":[{"name":"wp","href":"https:\/\/api.w.org\/{rel}","templated":true}]}}