{"id":2596,"date":"2020-04-29T17:09:26","date_gmt":"2020-04-29T15:09:26","guid":{"rendered":"https:\/\/serena.promoservicebeta.com\/?page_id=2596"},"modified":"2020-04-29T17:09:54","modified_gmt":"2020-04-29T15:09:54","slug":"i-casoni-di-caorle","status":"publish","type":"page","link":"https:\/\/www.hotelserenacaorle.com\/de\/i-casoni-di-caorle\/","title":{"rendered":"Caorle und Umgebung"},"content":{"rendered":"\n<div class=\"wp-block-group promo-int-1\"><div class=\"wp-block-group__inner-container is-layout-flow wp-block-group-is-layout-flow\">\n<h3 class=\"wp-block-heading\">Die Lagune Von Caorle<\/h3>\n\n\n\n<p>Der&nbsp;\u201c<strong>cas\u00f3n<\/strong>\u201d&nbsp;diente als schutzh\u00fctte, behausung, lagerraum f\u00fcr fischernetze und zubeh\u00f6r und wurde wegen der \u00fcberflutungen stets auf einer h\u00f6heren ebene gebaut.<br>Man sieht heute noch viele dieser h\u00e4user in der lagune von Caorle. Oft liegen sie isoliert, um besser die fischgr\u00fcnde zu kontrollieren, aber auch in gruppen, wie in falconeria oder auf der fischerinsel, am sogenannten canalon, wo palangon und nicesolo zusammenflie\u00dfen. Die ersten zeugnisse dieser strukturen gehen auf das zweite jahrhundert vor christus zur\u00fcck. Heute ist es m\u00f6glich, einige dieser rustikalen behausungen, die struktur und einzelne objekte fr\u00fcherer zeiten beibehalten haben, zu besichtigen. Der cason hatte zwei fenster, eine eingangst\u00fcre, einen&nbsp;\u201c<strong>fogh\u00e8r<\/strong>\u201d&nbsp;(feuerstelle) und einen boden aus einfachen backsteinen oder lehm. F\u00fcr die konstruktion wurden leicht zug\u00e4ngliche materialen genutzt, insbesondere das schilfrohr zur abdeckung.&nbsp;<\/p>\n<\/div><\/div>\n\n\n\n<div class=\"wp-block-group promo-int-2\"><div class=\"wp-block-group__inner-container is-layout-flow wp-block-group-is-layout-flow\">\n<figure class=\"wp-block-image size-large\"><img loading=\"lazy\" decoding=\"async\" width=\"1000\" height=\"670\" src=\"https:\/\/hotelserenacaorle.com\/wp-content\/uploads\/2020\/04\/Hotel_Serena_casoni_02.jpg\" alt=\"\" class=\"wp-image-2600\" srcset=\"https:\/\/www.hotelserenacaorle.com\/wp-content\/uploads\/2020\/04\/Hotel_Serena_casoni_02.jpg 1000w, https:\/\/www.hotelserenacaorle.com\/wp-content\/uploads\/2020\/04\/Hotel_Serena_casoni_02-300x201.jpg 300w, https:\/\/www.hotelserenacaorle.com\/wp-content\/uploads\/2020\/04\/Hotel_Serena_casoni_02-768x515.jpg 768w\" sizes=\"auto, (max-width: 1000px) 100vw, 1000px\" \/><\/figure>\n<\/div><\/div>\n\n\n\n<div class=\"wp-block-group promo-item-gallery\"><div class=\"wp-block-group__inner-container is-layout-flow wp-block-group-is-layout-flow\">\n<figure class=\"wp-block-gallery columns-2 is-cropped wp-block-gallery-2\"><ul class=\"blocks-gallery-grid\"><li class=\"blocks-gallery-item\"><figure><img loading=\"lazy\" decoding=\"async\" width=\"1000\" height=\"670\" src=\"https:\/\/hotelserenacaorle.com\/wp-content\/uploads\/2020\/04\/Hotel_Serena_casoni_01.jpg\" alt=\"\" data-id=\"2606\" data-full-url=\"https:\/\/hotelserenacaorle.com\/wp-content\/uploads\/2020\/04\/Hotel_Serena_casoni_01.jpg\" data-link=\"https:\/\/hotelserenacaorle.com\/it\/?attachment_id=2606\" class=\"wp-image-2606\" srcset=\"https:\/\/www.hotelserenacaorle.com\/wp-content\/uploads\/2020\/04\/Hotel_Serena_casoni_01.jpg 1000w, https:\/\/www.hotelserenacaorle.com\/wp-content\/uploads\/2020\/04\/Hotel_Serena_casoni_01-300x201.jpg 300w, https:\/\/www.hotelserenacaorle.com\/wp-content\/uploads\/2020\/04\/Hotel_Serena_casoni_01-768x515.jpg 768w\" sizes=\"auto, (max-width: 1000px) 100vw, 1000px\" \/><\/figure><\/li><li class=\"blocks-gallery-item\"><figure><img loading=\"lazy\" decoding=\"async\" width=\"1000\" height=\"670\" src=\"https:\/\/hotelserenacaorle.com\/wp-content\/uploads\/2020\/04\/Hotel_Serena_casoni_02.jpg\" alt=\"\" data-id=\"2600\" data-full-url=\"https:\/\/hotelserenacaorle.com\/wp-content\/uploads\/2020\/04\/Hotel_Serena_casoni_02.jpg\" data-link=\"https:\/\/hotelserenacaorle.com\/it\/?attachment_id=2600\" class=\"wp-image-2600 is-layout-flex wp-block-gallery-is-layout-flex\" srcset=\"https:\/\/www.hotelserenacaorle.com\/wp-content\/uploads\/2020\/04\/Hotel_Serena_casoni_02.jpg 1000w, https:\/\/www.hotelserenacaorle.com\/wp-content\/uploads\/2020\/04\/Hotel_Serena_casoni_02-300x201.jpg 300w, https:\/\/www.hotelserenacaorle.com\/wp-content\/uploads\/2020\/04\/Hotel_Serena_casoni_02-768x515.jpg 768w\" sizes=\"auto, (max-width: 1000px) 100vw, 1000px\" \/><\/figure><\/li><\/ul><\/figure>\n<\/div><\/div>\n","protected":false},"excerpt":{"rendered":"<p>Die Lagune Von Caorle Der&nbsp;\u201ccas\u00f3n\u201d&nbsp;diente als schutzh\u00fctte, behausung, lagerraum f\u00fcr fischernetze und zubeh\u00f6r und wurde wegen der \u00fcberflutungen stets auf einer h\u00f6heren ebene gebaut.Man sieht heute noch viele dieser h\u00e4user in der lagune von Caorle. Oft liegen sie isoliert, um besser die fischgr\u00fcnde zu kontrollieren, aber auch in gruppen, wie in falconeria oder auf der [&hellip;]<\/p>\n","protected":false},"author":1,"featured_media":4073,"parent":0,"menu_order":0,"comment_status":"closed","ping_status":"closed","template":"","meta":{"_acf_changed":false,"_uag_custom_page_level_css":"","advgb_blocks_editor_width":"","advgb_blocks_columns_visual_guide":"","footnotes":""},"class_list":["post-2596","page","type-page","status-publish","has-post-thumbnail","hentry"],"acf":[],"yoast_head":"<!-- This site is optimized with the Yoast SEO plugin v25.7 - https:\/\/yoast.com\/wordpress\/plugins\/seo\/ -->\n<title>Caorle und Umgebung - Hotel Serena - Fronte Stute ein Caorle<\/title>\n<meta name=\"description\" content=\"Der \u201ccas\u00f3n\u201d diente als schutzh\u00fctte, behausung, lagerraum f\u00fcr fischernetze und zubeh\u00f6r und wurde wegen der \u00fcberflutungen stets auf einer h\u00f6heren ebene gebaut.\" \/>\n<meta name=\"robots\" content=\"index, follow, max-snippet:-1, max-image-preview:large, max-video-preview:-1\" \/>\n<link rel=\"canonical\" href=\"https:\/\/www.hotelserenacaorle.com\/de\/i-casoni-di-caorle\/\" \/>\n<meta property=\"og:locale\" content=\"de_DE\" \/>\n<meta property=\"og:type\" content=\"article\" \/>\n<meta property=\"og:title\" content=\"Caorle und Umgebung - Hotel Serena - Fronte Stute ein Caorle\" \/>\n<meta property=\"og:description\" content=\"Der \u201ccas\u00f3n\u201d diente als schutzh\u00fctte, behausung, lagerraum f\u00fcr fischernetze und zubeh\u00f6r und wurde wegen der \u00fcberflutungen stets auf einer h\u00f6heren ebene gebaut.\" \/>\n<meta property=\"og:url\" content=\"https:\/\/www.hotelserenacaorle.com\/de\/i-casoni-di-caorle\/\" \/>\n<meta property=\"og:site_name\" content=\"Hotel Serena\" \/>\n<meta property=\"article:modified_time\" content=\"2020-04-29T15:09:54+00:00\" \/>\n<meta property=\"og:image\" content=\"https:\/\/www.hotelserenacaorle.com\/wp-content\/uploads\/2020\/05\/Hotel_Serena_Caorle_Banner_Casoni.jpg\" \/>\n\t<meta property=\"og:image:width\" content=\"2000\" \/>\n\t<meta property=\"og:image:height\" content=\"400\" \/>\n\t<meta property=\"og:image:type\" content=\"image\/jpeg\" \/>\n<meta name=\"twitter:card\" content=\"summary_large_image\" \/>\n<meta name=\"twitter:label1\" content=\"Gesch\u00e4tzte Lesezeit\" \/>\n\t<meta name=\"twitter:data1\" content=\"1\u00a0Minute\" \/>\n<script type=\"application\/ld+json\" class=\"yoast-schema-graph\">{\"@context\":\"https:\/\/schema.org\",\"@graph\":[{\"@type\":\"WebPage\",\"@id\":\"https:\/\/www.hotelserenacaorle.com\/de\/i-casoni-di-caorle\/\",\"url\":\"https:\/\/www.hotelserenacaorle.com\/de\/i-casoni-di-caorle\/\",\"name\":\"Caorle und Umgebung - Hotel Serena - Fronte Stute ein Caorle\",\"isPartOf\":{\"@id\":\"https:\/\/www.hotelserenacaorle.com\/de\/#website\"},\"primaryImageOfPage\":{\"@id\":\"https:\/\/www.hotelserenacaorle.com\/de\/i-casoni-di-caorle\/#primaryimage\"},\"image\":{\"@id\":\"https:\/\/www.hotelserenacaorle.com\/de\/i-casoni-di-caorle\/#primaryimage\"},\"thumbnailUrl\":\"https:\/\/www.hotelserenacaorle.com\/wp-content\/uploads\/2020\/05\/Hotel_Serena_Caorle_Banner_Casoni.jpg\",\"datePublished\":\"2020-04-29T15:09:26+00:00\",\"dateModified\":\"2020-04-29T15:09:54+00:00\",\"description\":\"Der \u201ccas\u00f3n\u201d diente als schutzh\u00fctte, behausung, lagerraum f\u00fcr fischernetze und zubeh\u00f6r und wurde wegen der \u00fcberflutungen stets auf einer h\u00f6heren ebene gebaut.\",\"breadcrumb\":{\"@id\":\"https:\/\/www.hotelserenacaorle.com\/de\/i-casoni-di-caorle\/#breadcrumb\"},\"inLanguage\":\"de\",\"potentialAction\":[{\"@type\":\"ReadAction\",\"target\":[\"https:\/\/www.hotelserenacaorle.com\/de\/i-casoni-di-caorle\/\"]}]},{\"@type\":\"ImageObject\",\"inLanguage\":\"de\",\"@id\":\"https:\/\/www.hotelserenacaorle.com\/de\/i-casoni-di-caorle\/#primaryimage\",\"url\":\"https:\/\/www.hotelserenacaorle.com\/wp-content\/uploads\/2020\/05\/Hotel_Serena_Caorle_Banner_Casoni.jpg\",\"contentUrl\":\"https:\/\/www.hotelserenacaorle.com\/wp-content\/uploads\/2020\/05\/Hotel_Serena_Caorle_Banner_Casoni.jpg\",\"width\":2000,\"height\":400},{\"@type\":\"BreadcrumbList\",\"@id\":\"https:\/\/www.hotelserenacaorle.com\/de\/i-casoni-di-caorle\/#breadcrumb\",\"itemListElement\":[{\"@type\":\"ListItem\",\"position\":1,\"name\":\"Home\",\"item\":\"https:\/\/www.hotelserenacaorle.com\/de\/\"},{\"@type\":\"ListItem\",\"position\":2,\"name\":\"Caorle und Umgebung\"}]},{\"@type\":\"WebSite\",\"@id\":\"https:\/\/www.hotelserenacaorle.com\/de\/#website\",\"url\":\"https:\/\/www.hotelserenacaorle.com\/de\/\",\"name\":\"Hotel Serena\",\"description\":\"Meeresfront in Caorle\",\"publisher\":{\"@id\":\"https:\/\/www.hotelserenacaorle.com\/de\/#organization\"},\"potentialAction\":[{\"@type\":\"SearchAction\",\"target\":{\"@type\":\"EntryPoint\",\"urlTemplate\":\"https:\/\/www.hotelserenacaorle.com\/de\/?s={search_term_string}\"},\"query-input\":{\"@type\":\"PropertyValueSpecification\",\"valueRequired\":true,\"valueName\":\"search_term_string\"}}],\"inLanguage\":\"de\"},{\"@type\":\"Organization\",\"@id\":\"https:\/\/www.hotelserenacaorle.com\/de\/#organization\",\"name\":\"Hotel Serena\",\"url\":\"https:\/\/www.hotelserenacaorle.com\/de\/\",\"logo\":{\"@type\":\"ImageObject\",\"inLanguage\":\"de\",\"@id\":\"https:\/\/www.hotelserenacaorle.com\/de\/#\/schema\/logo\/image\/\",\"url\":\"https:\/\/www.hotelserenacaorle.com\/wp-content\/uploads\/2020\/04\/Logo-orizz-original-white-1-1.png\",\"contentUrl\":\"https:\/\/www.hotelserenacaorle.com\/wp-content\/uploads\/2020\/04\/Logo-orizz-original-white-1-1.png\",\"width\":800,\"height\":150,\"caption\":\"Hotel Serena\"},\"image\":{\"@id\":\"https:\/\/www.hotelserenacaorle.com\/de\/#\/schema\/logo\/image\/\"}}]}<\/script>\n<!-- \/ Yoast SEO plugin. -->","yoast_head_json":{"title":"Caorle und Umgebung - Hotel Serena - Fronte Stute ein Caorle","description":"Der \u201ccas\u00f3n\u201d diente als schutzh\u00fctte, behausung, lagerraum f\u00fcr fischernetze und zubeh\u00f6r und wurde wegen der \u00fcberflutungen stets auf einer h\u00f6heren ebene gebaut.","robots":{"index":"index","follow":"follow","max-snippet":"max-snippet:-1","max-image-preview":"max-image-preview:large","max-video-preview":"max-video-preview:-1"},"canonical":"https:\/\/www.hotelserenacaorle.com\/de\/i-casoni-di-caorle\/","og_locale":"de_DE","og_type":"article","og_title":"Caorle und Umgebung - Hotel Serena - Fronte Stute ein Caorle","og_description":"Der \u201ccas\u00f3n\u201d diente als schutzh\u00fctte, behausung, lagerraum f\u00fcr fischernetze und zubeh\u00f6r und wurde wegen der \u00fcberflutungen stets auf einer h\u00f6heren ebene gebaut.","og_url":"https:\/\/www.hotelserenacaorle.com\/de\/i-casoni-di-caorle\/","og_site_name":"Hotel Serena","article_modified_time":"2020-04-29T15:09:54+00:00","og_image":[{"width":2000,"height":400,"url":"https:\/\/www.hotelserenacaorle.com\/wp-content\/uploads\/2020\/05\/Hotel_Serena_Caorle_Banner_Casoni.jpg","type":"image\/jpeg"}],"twitter_card":"summary_large_image","twitter_misc":{"Gesch\u00e4tzte Lesezeit":"1\u00a0Minute"},"schema":{"@context":"https:\/\/schema.org","@graph":[{"@type":"WebPage","@id":"https:\/\/www.hotelserenacaorle.com\/de\/i-casoni-di-caorle\/","url":"https:\/\/www.hotelserenacaorle.com\/de\/i-casoni-di-caorle\/","name":"Caorle und Umgebung - Hotel Serena - Fronte Stute ein Caorle","isPartOf":{"@id":"https:\/\/www.hotelserenacaorle.com\/de\/#website"},"primaryImageOfPage":{"@id":"https:\/\/www.hotelserenacaorle.com\/de\/i-casoni-di-caorle\/#primaryimage"},"image":{"@id":"https:\/\/www.hotelserenacaorle.com\/de\/i-casoni-di-caorle\/#primaryimage"},"thumbnailUrl":"https:\/\/www.hotelserenacaorle.com\/wp-content\/uploads\/2020\/05\/Hotel_Serena_Caorle_Banner_Casoni.jpg","datePublished":"2020-04-29T15:09:26+00:00","dateModified":"2020-04-29T15:09:54+00:00","description":"Der \u201ccas\u00f3n\u201d diente als schutzh\u00fctte, behausung, lagerraum f\u00fcr fischernetze und zubeh\u00f6r und wurde wegen der \u00fcberflutungen stets auf einer h\u00f6heren ebene gebaut.","breadcrumb":{"@id":"https:\/\/www.hotelserenacaorle.com\/de\/i-casoni-di-caorle\/#breadcrumb"},"inLanguage":"de","potentialAction":[{"@type":"ReadAction","target":["https:\/\/www.hotelserenacaorle.com\/de\/i-casoni-di-caorle\/"]}]},{"@type":"ImageObject","inLanguage":"de","@id":"https:\/\/www.hotelserenacaorle.com\/de\/i-casoni-di-caorle\/#primaryimage","url":"https:\/\/www.hotelserenacaorle.com\/wp-content\/uploads\/2020\/05\/Hotel_Serena_Caorle_Banner_Casoni.jpg","contentUrl":"https:\/\/www.hotelserenacaorle.com\/wp-content\/uploads\/2020\/05\/Hotel_Serena_Caorle_Banner_Casoni.jpg","width":2000,"height":400},{"@type":"BreadcrumbList","@id":"https:\/\/www.hotelserenacaorle.com\/de\/i-casoni-di-caorle\/#breadcrumb","itemListElement":[{"@type":"ListItem","position":1,"name":"Home","item":"https:\/\/www.hotelserenacaorle.com\/de\/"},{"@type":"ListItem","position":2,"name":"Caorle und Umgebung"}]},{"@type":"WebSite","@id":"https:\/\/www.hotelserenacaorle.com\/de\/#website","url":"https:\/\/www.hotelserenacaorle.com\/de\/","name":"Hotel Serena","description":"Meeresfront in Caorle","publisher":{"@id":"https:\/\/www.hotelserenacaorle.com\/de\/#organization"},"potentialAction":[{"@type":"SearchAction","target":{"@type":"EntryPoint","urlTemplate":"https:\/\/www.hotelserenacaorle.com\/de\/?s={search_term_string}"},"query-input":{"@type":"PropertyValueSpecification","valueRequired":true,"valueName":"search_term_string"}}],"inLanguage":"de"},{"@type":"Organization","@id":"https:\/\/www.hotelserenacaorle.com\/de\/#organization","name":"Hotel Serena","url":"https:\/\/www.hotelserenacaorle.com\/de\/","logo":{"@type":"ImageObject","inLanguage":"de","@id":"https:\/\/www.hotelserenacaorle.com\/de\/#\/schema\/logo\/image\/","url":"https:\/\/www.hotelserenacaorle.com\/wp-content\/uploads\/2020\/04\/Logo-orizz-original-white-1-1.png","contentUrl":"https:\/\/www.hotelserenacaorle.com\/wp-content\/uploads\/2020\/04\/Logo-orizz-original-white-1-1.png","width":800,"height":150,"caption":"Hotel Serena"},"image":{"@id":"https:\/\/www.hotelserenacaorle.com\/de\/#\/schema\/logo\/image\/"}}]}},"uagb_featured_image_src":{"full":["https:\/\/www.hotelserenacaorle.com\/wp-content\/uploads\/2020\/05\/Hotel_Serena_Caorle_Banner_Casoni.jpg",2000,400,false],"thumbnail":["https:\/\/www.hotelserenacaorle.com\/wp-content\/uploads\/2020\/05\/Hotel_Serena_Caorle_Banner_Casoni-150x150.jpg",150,150,true],"medium":["https:\/\/www.hotelserenacaorle.com\/wp-content\/uploads\/2020\/05\/Hotel_Serena_Caorle_Banner_Casoni-300x60.jpg",300,60,true],"medium_large":["https:\/\/www.hotelserenacaorle.com\/wp-content\/uploads\/2020\/05\/Hotel_Serena_Caorle_Banner_Casoni-768x154.jpg",580,116,true],"large":["https:\/\/www.hotelserenacaorle.com\/wp-content\/uploads\/2020\/05\/Hotel_Serena_Caorle_Banner_Casoni-1024x205.jpg",580,116,true],"1536x1536":["https:\/\/www.hotelserenacaorle.com\/wp-content\/uploads\/2020\/05\/Hotel_Serena_Caorle_Banner_Casoni-1536x307.jpg",1536,307,true],"2048x2048":["https:\/\/www.hotelserenacaorle.com\/wp-content\/uploads\/2020\/05\/Hotel_Serena_Caorle_Banner_Casoni.jpg",2000,400,false],"post-thumbnail":["https:\/\/www.hotelserenacaorle.com\/wp-content\/uploads\/2020\/05\/Hotel_Serena_Caorle_Banner_Casoni-1200x240.jpg",1200,240,true],"twentytwenty-fullscreen":["https:\/\/www.hotelserenacaorle.com\/wp-content\/uploads\/2020\/05\/Hotel_Serena_Caorle_Banner_Casoni-1980x396.jpg",1980,396,true]},"uagb_author_info":{"display_name":"3r4cl3-p4l4","author_link":"https:\/\/www.hotelserenacaorle.com\/de\/author\/3r4cl3-p4l4\/"},"uagb_comment_info":0,"uagb_excerpt":"Die Lagune Von Caorle Der&nbsp;\u201ccas\u00f3n\u201d&nbsp;diente als schutzh\u00fctte, behausung, lagerraum f\u00fcr fischernetze und zubeh\u00f6r und wurde wegen der \u00fcberflutungen stets auf einer h\u00f6heren ebene gebaut.Man sieht heute noch viele dieser h\u00e4user in der lagune von Caorle. Oft liegen sie isoliert, um besser die fischgr\u00fcnde zu kontrollieren, aber auch in gruppen, wie in falconeria oder auf der&hellip;","coauthors":[],"author_meta":{"author_link":"https:\/\/www.hotelserenacaorle.com\/de\/author\/3r4cl3-p4l4\/","display_name":"3r4cl3-p4l4"},"relative_dates":{"created":"Posted 6\u00a0Jahren ago","modified":"Updated 6\u00a0Jahren ago"},"absolute_dates":{"created":"Posted on 29 April 2020","modified":"Updated on 29 April 2020"},"absolute_dates_time":{"created":"Posted on 29 April 2020 17:09","modified":"Updated on 29 April 2020 17:09"},"featured_img_caption":"","featured_img":"https:\/\/www.hotelserenacaorle.com\/wp-content\/uploads\/2020\/05\/Hotel_Serena_Caorle_Banner_Casoni-1200x240.jpg","series_order":"","_links":{"self":[{"href":"https:\/\/www.hotelserenacaorle.com\/de\/wp-json\/wp\/v2\/pages\/2596","targetHints":{"allow":["GET"]}}],"collection":[{"href":"https:\/\/www.hotelserenacaorle.com\/de\/wp-json\/wp\/v2\/pages"}],"about":[{"href":"https:\/\/www.hotelserenacaorle.com\/de\/wp-json\/wp\/v2\/types\/page"}],"author":[{"embeddable":true,"href":"https:\/\/www.hotelserenacaorle.com\/de\/wp-json\/wp\/v2\/users\/1"}],"replies":[{"embeddable":true,"href":"https:\/\/www.hotelserenacaorle.com\/de\/wp-json\/wp\/v2\/comments?post=2596"}],"version-history":[{"count":0,"href":"https:\/\/www.hotelserenacaorle.com\/de\/wp-json\/wp\/v2\/pages\/2596\/revisions"}],"wp:featuredmedia":[{"embeddable":true,"href":"https:\/\/www.hotelserenacaorle.com\/de\/wp-json\/wp\/v2\/media\/4073"}],"wp:attachment":[{"href":"https:\/\/www.hotelserenacaorle.com\/de\/wp-json\/wp\/v2\/media?parent=2596"}],"curies":[{"name":"wp","href":"https:\/\/api.w.org\/{rel}","templated":true}]}}