{"id":2563,"date":"2020-04-29T17:41:32","date_gmt":"2020-04-29T15:41:32","guid":{"rendered":"https:\/\/serena.promoservicebeta.com\/?page_id=2563"},"modified":"2020-05-04T11:41:34","modified_gmt":"2020-05-04T09:41:34","slug":"le-spiagge-di-caorle","status":"publish","type":"page","link":"https:\/\/www.hotelserenacaorle.com\/de\/le-spiagge-di-caorle\/","title":{"rendered":"Str\u00e4nde"},"content":{"rendered":"\n<div class=\"wp-block-group promo-int-1\"><div class=\"wp-block-group__inner-container is-layout-flow wp-block-group-is-layout-flow\">\n<p>Die k\u00fcste von Caorle hat eine fl\u00e4che von \u00fcber 15 km wicklung in verschiedenen umgebungen des landes, wie zum Beispiel\u00a0<strong>Porto Santa Margherita<\/strong>\u00a0und\u00a0<strong>Duna Verde<\/strong>\u00a0<strong>Altanea Lido.<\/strong><br>Diese langen strand ist von einer feinen, goldenen sand und einem meer mit kristallklarem wasser aus tieferen schichten und schrittweise aus.<br>Fast die gesamte K\u00fcste mit Badeeinrichtungen, die besten <strong>Dienstleistungen f\u00fcr Touristen<\/strong> im Urlaub ausgestattet ist, k\u00f6nnen sie es finden: Sonnenschirme, Liegen, Duschen, Kabinen, Spielbereich f\u00fcr Kinder, Unterhaltungs-dienst, Rettungsdienst, Snack-bar mieten tretboote und Kanus.<br>Ein langer Strand, der Parallel zum Strand verl\u00e4uft ist ideal f\u00fcr <strong>liebhaber des Laufens<\/strong> und erfrischende Spazierg\u00e4nge bei Sonnenaufgang oder Sonnenuntergang.<br>An einigen stellen finden sie Strandabschnitten, wo sie ihren eigenen Sonnenschirm oder Kits bringen kann, um einen erholsamen Tag am Strand in totaler autonomie genie\u00dfen.<\/p>\n<\/div><\/div>\n\n\n\n<div class=\"wp-block-group promo-int-2\"><div class=\"wp-block-group__inner-container is-layout-flow wp-block-group-is-layout-flow\">\n<figure class=\"wp-block-image size-large\"><img loading=\"lazy\" decoding=\"async\" width=\"1000\" height=\"670\" src=\"https:\/\/hotelserenacaorle.com\/wp-content\/uploads\/2020\/04\/Hotel_Serena_caorle_011.jpg\" alt=\"\" class=\"wp-image-2580\" srcset=\"https:\/\/www.hotelserenacaorle.com\/wp-content\/uploads\/2020\/04\/Hotel_Serena_caorle_011.jpg 1000w, https:\/\/www.hotelserenacaorle.com\/wp-content\/uploads\/2020\/04\/Hotel_Serena_caorle_011-300x201.jpg 300w, https:\/\/www.hotelserenacaorle.com\/wp-content\/uploads\/2020\/04\/Hotel_Serena_caorle_011-768x515.jpg 768w\" sizes=\"auto, (max-width: 1000px) 100vw, 1000px\" \/><\/figure>\n<\/div><\/div>\n\n\n\n<div class=\"wp-block-group promo-int-3\"><div class=\"wp-block-group__inner-container is-layout-flow wp-block-group-is-layout-flow\">\n<figure class=\"wp-block-image size-large\"><img loading=\"lazy\" decoding=\"async\" width=\"1000\" height=\"670\" src=\"https:\/\/hotelserenacaorle.com\/wp-content\/uploads\/2020\/04\/Hotel_Serena_caorle_02.jpg\" alt=\"\" class=\"wp-image-2586\" srcset=\"https:\/\/www.hotelserenacaorle.com\/wp-content\/uploads\/2020\/04\/Hotel_Serena_caorle_02.jpg 1000w, https:\/\/www.hotelserenacaorle.com\/wp-content\/uploads\/2020\/04\/Hotel_Serena_caorle_02-300x201.jpg 300w, https:\/\/www.hotelserenacaorle.com\/wp-content\/uploads\/2020\/04\/Hotel_Serena_caorle_02-768x515.jpg 768w\" sizes=\"auto, (max-width: 1000px) 100vw, 1000px\" \/><\/figure>\n<\/div><\/div>\n\n\n\n<div class=\"wp-block-group promo-int-4\"><div class=\"wp-block-group__inner-container is-layout-flow wp-block-group-is-layout-flow\">\n<h3 class=\"wp-block-heading\">Geschichte und Details<\/h3>\n\n\n\n<p>Nach der zeit des zweiten Weltkriegs, in denen die Wirtschaft des Landes st\u00fctzt sich auf die Fischerei war ein <strong>gro\u00dfer Verhaftung<\/strong>, wurde Aufgrund der Strand von Caorle unlock gelungen, eine erhebliche Zunahme des Tourismus und der daraus resultierenden gro\u00dfen W\u00e4hrungseingabe. Die <strong>Badebereich<\/strong> ist erstreckt sich \u00fcber <strong>15 km entlang<\/strong> der Adriak\u00fcste und bietet Touristen, dank der verschiedenen Einrichtungen und Hotels, Ferien, einschlie\u00dflich der Unterhaltung, Komfort und die intensive und abwechslungsreiche Unterhaltung.<\/p>\n\n\n\n<p>Diese Metamorphose fand etwa im jahre 1911 mit der Einweihung der ersten Hotel-und setzte sich bis Heute, die im venezianischen K\u00fcste etwa 200 Hotels, viele Campingpl\u00e4tze, Feriend\u00f6rfer, Residenzen von hohem niveau und vielen anderen touristischen Einrichtungen.<br>Um eine Arbeit, die Bereits herrlichen see bietet eine sehr angenehme und einladende, die viele gesagt w\u00e4re das sch\u00f6nste Meer und in der gesamten warmen Veneto. Caorle kann daher hat eine gro\u00dfe Erbe, das sich an jedem Ort und in jeder Struktur seines Territoriums und tr\u00e4gt dazu bei, dass dieser Ort eine besondere Begegnung zwischen <strong>Kultur, Charme und Spa\u00df<\/strong>.<\/p>\n\n\n\n<p>Es ist somit eine wertvolle und selten zu finden, damit zu einem der ersten Pl\u00e4tze in der Nord-Osten zu besuchen, wenn sie wieder zu entdecken, die subtilen vergn\u00fcgen der Kunst.<\/p>\n<\/div><\/div>\n","protected":false},"excerpt":{"rendered":"<p>Die k\u00fcste von Caorle hat eine fl\u00e4che von \u00fcber 15 km wicklung in verschiedenen umgebungen des landes, wie zum Beispiel\u00a0Porto Santa Margherita\u00a0und\u00a0Duna Verde\u00a0Altanea Lido.Diese langen strand ist von einer feinen, goldenen sand und einem meer mit kristallklarem wasser aus tieferen schichten und schrittweise aus.Fast die gesamte K\u00fcste mit Badeeinrichtungen, die besten Dienstleistungen f\u00fcr Touristen im [&hellip;]<\/p>\n","protected":false},"author":1,"featured_media":4088,"parent":0,"menu_order":0,"comment_status":"closed","ping_status":"closed","template":"","meta":{"_acf_changed":false,"_uag_custom_page_level_css":"","advgb_blocks_editor_width":"","advgb_blocks_columns_visual_guide":"","footnotes":""},"class_list":["post-2563","page","type-page","status-publish","has-post-thumbnail","hentry"],"acf":[],"yoast_head":"<!-- This site is optimized with the Yoast SEO plugin v25.7 - https:\/\/yoast.com\/wordpress\/plugins\/seo\/ -->\n<title>Str\u00e4nde - Hotel Serena - Fronte mare a Caorle<\/title>\n<meta name=\"description\" content=\"Die k\u00fcste von Caorle hat eine fl\u00e4che von \u00fcber 15 km wicklung in verschiedenen umgebungen des landes, wie zum Beispiel Porto Santa Margherita und Duna Verde Altanea Lido.\" \/>\n<meta name=\"robots\" content=\"index, follow, max-snippet:-1, max-image-preview:large, max-video-preview:-1\" \/>\n<link rel=\"canonical\" href=\"https:\/\/www.hotelserenacaorle.com\/de\/le-spiagge-di-caorle\/\" \/>\n<meta property=\"og:locale\" content=\"de_DE\" \/>\n<meta property=\"og:type\" content=\"article\" \/>\n<meta property=\"og:title\" content=\"Str\u00e4nde - Hotel Serena - Fronte mare a Caorle\" \/>\n<meta property=\"og:description\" content=\"Die k\u00fcste von Caorle hat eine fl\u00e4che von \u00fcber 15 km wicklung in verschiedenen umgebungen des landes, wie zum Beispiel Porto Santa Margherita und Duna Verde Altanea Lido.\" \/>\n<meta property=\"og:url\" content=\"https:\/\/www.hotelserenacaorle.com\/de\/le-spiagge-di-caorle\/\" \/>\n<meta property=\"og:site_name\" content=\"Hotel Serena\" \/>\n<meta property=\"article:modified_time\" content=\"2020-05-04T09:41:34+00:00\" \/>\n<meta property=\"og:image\" content=\"https:\/\/www.hotelserenacaorle.com\/wp-content\/uploads\/2020\/05\/Hotel_Serena_Caorle_Banner_Spiaggia.jpg\" \/>\n\t<meta property=\"og:image:width\" content=\"2000\" \/>\n\t<meta property=\"og:image:height\" content=\"400\" \/>\n\t<meta property=\"og:image:type\" content=\"image\/jpeg\" \/>\n<meta name=\"twitter:card\" content=\"summary_large_image\" \/>\n<meta name=\"twitter:label1\" content=\"Gesch\u00e4tzte Lesezeit\" \/>\n\t<meta name=\"twitter:data1\" content=\"2\u00a0Minuten\" \/>\n<script type=\"application\/ld+json\" class=\"yoast-schema-graph\">{\"@context\":\"https:\/\/schema.org\",\"@graph\":[{\"@type\":\"WebPage\",\"@id\":\"https:\/\/www.hotelserenacaorle.com\/de\/le-spiagge-di-caorle\/\",\"url\":\"https:\/\/www.hotelserenacaorle.com\/de\/le-spiagge-di-caorle\/\",\"name\":\"Str\u00e4nde - Hotel Serena - Fronte mare a Caorle\",\"isPartOf\":{\"@id\":\"https:\/\/www.hotelserenacaorle.com\/de\/#website\"},\"primaryImageOfPage\":{\"@id\":\"https:\/\/www.hotelserenacaorle.com\/de\/le-spiagge-di-caorle\/#primaryimage\"},\"image\":{\"@id\":\"https:\/\/www.hotelserenacaorle.com\/de\/le-spiagge-di-caorle\/#primaryimage\"},\"thumbnailUrl\":\"https:\/\/www.hotelserenacaorle.com\/wp-content\/uploads\/2020\/05\/Hotel_Serena_Caorle_Banner_Spiaggia.jpg\",\"datePublished\":\"2020-04-29T15:41:32+00:00\",\"dateModified\":\"2020-05-04T09:41:34+00:00\",\"description\":\"Die k\u00fcste von Caorle hat eine fl\u00e4che von \u00fcber 15 km wicklung in verschiedenen umgebungen des landes, wie zum Beispiel Porto Santa Margherita und Duna Verde Altanea Lido.\",\"breadcrumb\":{\"@id\":\"https:\/\/www.hotelserenacaorle.com\/de\/le-spiagge-di-caorle\/#breadcrumb\"},\"inLanguage\":\"de\",\"potentialAction\":[{\"@type\":\"ReadAction\",\"target\":[\"https:\/\/www.hotelserenacaorle.com\/de\/le-spiagge-di-caorle\/\"]}]},{\"@type\":\"ImageObject\",\"inLanguage\":\"de\",\"@id\":\"https:\/\/www.hotelserenacaorle.com\/de\/le-spiagge-di-caorle\/#primaryimage\",\"url\":\"https:\/\/www.hotelserenacaorle.com\/wp-content\/uploads\/2020\/05\/Hotel_Serena_Caorle_Banner_Spiaggia.jpg\",\"contentUrl\":\"https:\/\/www.hotelserenacaorle.com\/wp-content\/uploads\/2020\/05\/Hotel_Serena_Caorle_Banner_Spiaggia.jpg\",\"width\":2000,\"height\":400},{\"@type\":\"BreadcrumbList\",\"@id\":\"https:\/\/www.hotelserenacaorle.com\/de\/le-spiagge-di-caorle\/#breadcrumb\",\"itemListElement\":[{\"@type\":\"ListItem\",\"position\":1,\"name\":\"Home\",\"item\":\"https:\/\/www.hotelserenacaorle.com\/de\/\"},{\"@type\":\"ListItem\",\"position\":2,\"name\":\"Str\u00e4nde\"}]},{\"@type\":\"WebSite\",\"@id\":\"https:\/\/www.hotelserenacaorle.com\/de\/#website\",\"url\":\"https:\/\/www.hotelserenacaorle.com\/de\/\",\"name\":\"Hotel Serena\",\"description\":\"Meeresfront in Caorle\",\"publisher\":{\"@id\":\"https:\/\/www.hotelserenacaorle.com\/de\/#organization\"},\"potentialAction\":[{\"@type\":\"SearchAction\",\"target\":{\"@type\":\"EntryPoint\",\"urlTemplate\":\"https:\/\/www.hotelserenacaorle.com\/de\/?s={search_term_string}\"},\"query-input\":{\"@type\":\"PropertyValueSpecification\",\"valueRequired\":true,\"valueName\":\"search_term_string\"}}],\"inLanguage\":\"de\"},{\"@type\":\"Organization\",\"@id\":\"https:\/\/www.hotelserenacaorle.com\/de\/#organization\",\"name\":\"Hotel Serena\",\"url\":\"https:\/\/www.hotelserenacaorle.com\/de\/\",\"logo\":{\"@type\":\"ImageObject\",\"inLanguage\":\"de\",\"@id\":\"https:\/\/www.hotelserenacaorle.com\/de\/#\/schema\/logo\/image\/\",\"url\":\"https:\/\/www.hotelserenacaorle.com\/wp-content\/uploads\/2020\/04\/Logo-orizz-original-white-1-1.png\",\"contentUrl\":\"https:\/\/www.hotelserenacaorle.com\/wp-content\/uploads\/2020\/04\/Logo-orizz-original-white-1-1.png\",\"width\":800,\"height\":150,\"caption\":\"Hotel Serena\"},\"image\":{\"@id\":\"https:\/\/www.hotelserenacaorle.com\/de\/#\/schema\/logo\/image\/\"}}]}<\/script>\n<!-- \/ Yoast SEO plugin. -->","yoast_head_json":{"title":"Str\u00e4nde - Hotel Serena - Fronte mare a Caorle","description":"Die k\u00fcste von Caorle hat eine fl\u00e4che von \u00fcber 15 km wicklung in verschiedenen umgebungen des landes, wie zum Beispiel Porto Santa Margherita und Duna Verde Altanea Lido.","robots":{"index":"index","follow":"follow","max-snippet":"max-snippet:-1","max-image-preview":"max-image-preview:large","max-video-preview":"max-video-preview:-1"},"canonical":"https:\/\/www.hotelserenacaorle.com\/de\/le-spiagge-di-caorle\/","og_locale":"de_DE","og_type":"article","og_title":"Str\u00e4nde - Hotel Serena - Fronte mare a Caorle","og_description":"Die k\u00fcste von Caorle hat eine fl\u00e4che von \u00fcber 15 km wicklung in verschiedenen umgebungen des landes, wie zum Beispiel Porto Santa Margherita und Duna Verde Altanea Lido.","og_url":"https:\/\/www.hotelserenacaorle.com\/de\/le-spiagge-di-caorle\/","og_site_name":"Hotel Serena","article_modified_time":"2020-05-04T09:41:34+00:00","og_image":[{"width":2000,"height":400,"url":"https:\/\/www.hotelserenacaorle.com\/wp-content\/uploads\/2020\/05\/Hotel_Serena_Caorle_Banner_Spiaggia.jpg","type":"image\/jpeg"}],"twitter_card":"summary_large_image","twitter_misc":{"Gesch\u00e4tzte Lesezeit":"2\u00a0Minuten"},"schema":{"@context":"https:\/\/schema.org","@graph":[{"@type":"WebPage","@id":"https:\/\/www.hotelserenacaorle.com\/de\/le-spiagge-di-caorle\/","url":"https:\/\/www.hotelserenacaorle.com\/de\/le-spiagge-di-caorle\/","name":"Str\u00e4nde - Hotel Serena - Fronte mare a Caorle","isPartOf":{"@id":"https:\/\/www.hotelserenacaorle.com\/de\/#website"},"primaryImageOfPage":{"@id":"https:\/\/www.hotelserenacaorle.com\/de\/le-spiagge-di-caorle\/#primaryimage"},"image":{"@id":"https:\/\/www.hotelserenacaorle.com\/de\/le-spiagge-di-caorle\/#primaryimage"},"thumbnailUrl":"https:\/\/www.hotelserenacaorle.com\/wp-content\/uploads\/2020\/05\/Hotel_Serena_Caorle_Banner_Spiaggia.jpg","datePublished":"2020-04-29T15:41:32+00:00","dateModified":"2020-05-04T09:41:34+00:00","description":"Die k\u00fcste von Caorle hat eine fl\u00e4che von \u00fcber 15 km wicklung in verschiedenen umgebungen des landes, wie zum Beispiel Porto Santa Margherita und Duna Verde Altanea Lido.","breadcrumb":{"@id":"https:\/\/www.hotelserenacaorle.com\/de\/le-spiagge-di-caorle\/#breadcrumb"},"inLanguage":"de","potentialAction":[{"@type":"ReadAction","target":["https:\/\/www.hotelserenacaorle.com\/de\/le-spiagge-di-caorle\/"]}]},{"@type":"ImageObject","inLanguage":"de","@id":"https:\/\/www.hotelserenacaorle.com\/de\/le-spiagge-di-caorle\/#primaryimage","url":"https:\/\/www.hotelserenacaorle.com\/wp-content\/uploads\/2020\/05\/Hotel_Serena_Caorle_Banner_Spiaggia.jpg","contentUrl":"https:\/\/www.hotelserenacaorle.com\/wp-content\/uploads\/2020\/05\/Hotel_Serena_Caorle_Banner_Spiaggia.jpg","width":2000,"height":400},{"@type":"BreadcrumbList","@id":"https:\/\/www.hotelserenacaorle.com\/de\/le-spiagge-di-caorle\/#breadcrumb","itemListElement":[{"@type":"ListItem","position":1,"name":"Home","item":"https:\/\/www.hotelserenacaorle.com\/de\/"},{"@type":"ListItem","position":2,"name":"Str\u00e4nde"}]},{"@type":"WebSite","@id":"https:\/\/www.hotelserenacaorle.com\/de\/#website","url":"https:\/\/www.hotelserenacaorle.com\/de\/","name":"Hotel Serena","description":"Meeresfront in Caorle","publisher":{"@id":"https:\/\/www.hotelserenacaorle.com\/de\/#organization"},"potentialAction":[{"@type":"SearchAction","target":{"@type":"EntryPoint","urlTemplate":"https:\/\/www.hotelserenacaorle.com\/de\/?s={search_term_string}"},"query-input":{"@type":"PropertyValueSpecification","valueRequired":true,"valueName":"search_term_string"}}],"inLanguage":"de"},{"@type":"Organization","@id":"https:\/\/www.hotelserenacaorle.com\/de\/#organization","name":"Hotel Serena","url":"https:\/\/www.hotelserenacaorle.com\/de\/","logo":{"@type":"ImageObject","inLanguage":"de","@id":"https:\/\/www.hotelserenacaorle.com\/de\/#\/schema\/logo\/image\/","url":"https:\/\/www.hotelserenacaorle.com\/wp-content\/uploads\/2020\/04\/Logo-orizz-original-white-1-1.png","contentUrl":"https:\/\/www.hotelserenacaorle.com\/wp-content\/uploads\/2020\/04\/Logo-orizz-original-white-1-1.png","width":800,"height":150,"caption":"Hotel Serena"},"image":{"@id":"https:\/\/www.hotelserenacaorle.com\/de\/#\/schema\/logo\/image\/"}}]}},"uagb_featured_image_src":{"full":["https:\/\/www.hotelserenacaorle.com\/wp-content\/uploads\/2020\/05\/Hotel_Serena_Caorle_Banner_Spiaggia.jpg",2000,400,false],"thumbnail":["https:\/\/www.hotelserenacaorle.com\/wp-content\/uploads\/2020\/05\/Hotel_Serena_Caorle_Banner_Spiaggia-150x150.jpg",150,150,true],"medium":["https:\/\/www.hotelserenacaorle.com\/wp-content\/uploads\/2020\/05\/Hotel_Serena_Caorle_Banner_Spiaggia-300x60.jpg",300,60,true],"medium_large":["https:\/\/www.hotelserenacaorle.com\/wp-content\/uploads\/2020\/05\/Hotel_Serena_Caorle_Banner_Spiaggia-768x154.jpg",580,116,true],"large":["https:\/\/www.hotelserenacaorle.com\/wp-content\/uploads\/2020\/05\/Hotel_Serena_Caorle_Banner_Spiaggia-1024x205.jpg",580,116,true],"1536x1536":["https:\/\/www.hotelserenacaorle.com\/wp-content\/uploads\/2020\/05\/Hotel_Serena_Caorle_Banner_Spiaggia-1536x307.jpg",1536,307,true],"2048x2048":["https:\/\/www.hotelserenacaorle.com\/wp-content\/uploads\/2020\/05\/Hotel_Serena_Caorle_Banner_Spiaggia.jpg",2000,400,false],"post-thumbnail":["https:\/\/www.hotelserenacaorle.com\/wp-content\/uploads\/2020\/05\/Hotel_Serena_Caorle_Banner_Spiaggia-1200x240.jpg",1200,240,true],"twentytwenty-fullscreen":["https:\/\/www.hotelserenacaorle.com\/wp-content\/uploads\/2020\/05\/Hotel_Serena_Caorle_Banner_Spiaggia-1980x396.jpg",1980,396,true]},"uagb_author_info":{"display_name":"3r4cl3-p4l4","author_link":"https:\/\/www.hotelserenacaorle.com\/de\/author\/3r4cl3-p4l4\/"},"uagb_comment_info":0,"uagb_excerpt":"Die k\u00fcste von Caorle hat eine fl\u00e4che von \u00fcber 15 km wicklung in verschiedenen umgebungen des landes, wie zum Beispiel\u00a0Porto Santa Margherita\u00a0und\u00a0Duna Verde\u00a0Altanea Lido.Diese langen strand ist von einer feinen, goldenen sand und einem meer mit kristallklarem wasser aus tieferen schichten und schrittweise aus.Fast die gesamte K\u00fcste mit Badeeinrichtungen, die besten Dienstleistungen f\u00fcr Touristen im&hellip;","coauthors":[],"author_meta":{"author_link":"https:\/\/www.hotelserenacaorle.com\/de\/author\/3r4cl3-p4l4\/","display_name":"3r4cl3-p4l4"},"relative_dates":{"created":"Posted 6\u00a0Jahren ago","modified":"Updated 6\u00a0Jahren ago"},"absolute_dates":{"created":"Posted on 29 April 2020","modified":"Updated on 4 Mai 2020"},"absolute_dates_time":{"created":"Posted on 29 April 2020 17:41","modified":"Updated on 4 Mai 2020 11:41"},"featured_img_caption":"","featured_img":"https:\/\/www.hotelserenacaorle.com\/wp-content\/uploads\/2020\/05\/Hotel_Serena_Caorle_Banner_Spiaggia-1200x240.jpg","series_order":"","_links":{"self":[{"href":"https:\/\/www.hotelserenacaorle.com\/de\/wp-json\/wp\/v2\/pages\/2563","targetHints":{"allow":["GET"]}}],"collection":[{"href":"https:\/\/www.hotelserenacaorle.com\/de\/wp-json\/wp\/v2\/pages"}],"about":[{"href":"https:\/\/www.hotelserenacaorle.com\/de\/wp-json\/wp\/v2\/types\/page"}],"author":[{"embeddable":true,"href":"https:\/\/www.hotelserenacaorle.com\/de\/wp-json\/wp\/v2\/users\/1"}],"replies":[{"embeddable":true,"href":"https:\/\/www.hotelserenacaorle.com\/de\/wp-json\/wp\/v2\/comments?post=2563"}],"version-history":[{"count":0,"href":"https:\/\/www.hotelserenacaorle.com\/de\/wp-json\/wp\/v2\/pages\/2563\/revisions"}],"wp:featuredmedia":[{"embeddable":true,"href":"https:\/\/www.hotelserenacaorle.com\/de\/wp-json\/wp\/v2\/media\/4088"}],"wp:attachment":[{"href":"https:\/\/www.hotelserenacaorle.com\/de\/wp-json\/wp\/v2\/media?parent=2563"}],"curies":[{"name":"wp","href":"https:\/\/api.w.org\/{rel}","templated":true}]}}