{"id":2472,"date":"2020-04-29T16:04:09","date_gmt":"2020-04-29T14:04:09","guid":{"rendered":"https:\/\/serena.promoservicebeta.com\/?page_id=2472"},"modified":"2020-05-11T18:48:19","modified_gmt":"2020-05-11T16:48:19","slug":"caorle-und-umgebung","status":"publish","type":"page","link":"https:\/\/www.hotelserenacaorle.com\/de\/caorle-und-umgebung\/","title":{"rendered":"Aktivit\u00e4ten in Caorle und Umgebung"},"content":{"rendered":"\n<div class=\"wp-block-group promo-int-1\"><div class=\"wp-block-group__inner-container is-layout-flow wp-block-group-is-layout-flow\">\n<h3 class=\"wp-block-heading\"><strong>Der lebende Riff<\/strong><\/h3>\n\n\n\n<p>Das wichtigste Merkmal von&nbsp;<strong>Caorle<\/strong>&nbsp;ist der&nbsp;<strong>\u201clebende Riff\u201d<\/strong>&nbsp;in die Felsen, komponieren, sind geschnitzt und verziert sehr sorgf\u00e4ltig von K\u00fcnstlern aus der ganzen Welt, die gro\u00dfen Meister, die sich im Juli, um Leben zu Ihrem wunderbaren Werke. Diese Kunst \u201cnat\u00fcrlichen\u201d entlang der Promenade zu schaffen eine wunderbare Wirkung auf die klar auf das Meer hinaus.<\/p>\n\n\n\n<p class=\"detail-distance\"><span class=\"material-icons\">directions_walk<\/span>&nbsp;&nbsp;13 Min. zu Fu\u00df<\/p>\n\n\n\n<h3 class=\"wp-block-heading\"><strong>Kirche Unserer Lieben Frau dell\u2019Angelo<\/strong><\/h3>\n\n\n\n<p>All dies wird gekr\u00f6nt von der herrlichen&nbsp;<strong>kirche unserer lieben frau dell\u2019Angelo,<\/strong>&nbsp;eine kleine kirche, die seit jahrhunderten dominiert die landschaft auf dieser kleinen riff kultur. La hat sich so lebendige symbol der&nbsp;<strong>Caorle<\/strong>&nbsp;und ziel der meisten touristen besuchen das land besonders zu bewundern diese zeigt, dass wirklich verlassen sie atemlos.<\/p>\n\n\n\n<p class=\"detail-distance\"><span class=\"material-icons\">directions_walk<\/span>&nbsp;&nbsp;11 Min. zu Fu\u00df<\/p>\n<\/div><\/div>\n\n\n\n<div class=\"wp-block-group promo-int-2\"><div class=\"wp-block-group__inner-container is-layout-flow wp-block-group-is-layout-flow\">\n<figure class=\"wp-block-gallery columns-0 is-cropped wp-block-gallery-2\"><ul class=\"blocks-gallery-grid\"><li class=\"blocks-gallery-item\"><figure><img loading=\"lazy\" decoding=\"async\" width=\"1000\" height=\"670\" src=\"https:\/\/hotelserenacaorle.com\/wp-content\/uploads\/2020\/04\/Hotel_Serena_caorle_09.jpg\" alt=\"\" data-id=\"2496\" data-full-url=\"https:\/\/hotelserenacaorle.com\/wp-content\/uploads\/2020\/04\/Hotel_Serena_caorle_09.jpg\" data-link=\"https:\/\/hotelserenacaorle.com\/it\/caorle-e-dintorni\/hotel_serena_caorle_09\/\" class=\"wp-image-2496 is-layout-flex wp-block-gallery-is-layout-flex\" srcset=\"https:\/\/www.hotelserenacaorle.com\/wp-content\/uploads\/2020\/04\/Hotel_Serena_caorle_09.jpg 1000w, https:\/\/www.hotelserenacaorle.com\/wp-content\/uploads\/2020\/04\/Hotel_Serena_caorle_09-300x201.jpg 300w, https:\/\/www.hotelserenacaorle.com\/wp-content\/uploads\/2020\/04\/Hotel_Serena_caorle_09-768x515.jpg 768w\" sizes=\"auto, (max-width: 1000px) 100vw, 1000px\" \/><\/figure><\/li><\/ul><\/figure>\n<\/div><\/div>\n\n\n\n<div class=\"wp-block-group promo-int-3\"><div class=\"wp-block-group__inner-container is-layout-flow wp-block-group-is-layout-flow\">\n<figure class=\"wp-block-image size-large\"><img loading=\"lazy\" decoding=\"async\" width=\"1000\" height=\"670\" src=\"https:\/\/hotelserenacaorle.com\/wp-content\/uploads\/2020\/04\/Hotel_Serena_caorle_04.jpg\" alt=\"\" class=\"wp-image-2524\" srcset=\"https:\/\/www.hotelserenacaorle.com\/wp-content\/uploads\/2020\/04\/Hotel_Serena_caorle_04.jpg 1000w, https:\/\/www.hotelserenacaorle.com\/wp-content\/uploads\/2020\/04\/Hotel_Serena_caorle_04-300x201.jpg 300w, https:\/\/www.hotelserenacaorle.com\/wp-content\/uploads\/2020\/04\/Hotel_Serena_caorle_04-768x515.jpg 768w\" sizes=\"auto, (max-width: 1000px) 100vw, 1000px\" \/><\/figure>\n<\/div><\/div>\n\n\n\n<div class=\"wp-block-group promo-int-4\"><div class=\"wp-block-group__inner-container is-layout-flow wp-block-group-is-layout-flow\">\n<h3 class=\"wp-block-heading\"><strong>Kathedrale von Santo Stefano<\/strong><\/h3>\n\n\n\n<p>Ein weiteres symbol von&nbsp;<strong>Caorle<\/strong>&nbsp;ist der&nbsp;<strong>kathedrale von Santo Stefano.<\/strong>Anfang der kathedrale kann man sofort die raffinierte byzantinischen stil, mit dem es ist, diese besondere kunst spiegelt sich in jeder spalte und jeder s\u00e4ule gehen, um die alte zeit und die gro\u00dfe marmoraltar.<\/p>\n\n\n\n<p>Zus\u00e4tzlich zu den bildern der h\u00f6chsten rechnung finden sie weitere wertvolle werke, wie die&nbsp;<strong>Pala d\u2019Oro,<\/strong>&nbsp;ein frontalangriff platten von sechs gold weg von&nbsp;<strong>zypern.<\/strong><\/p>\n\n\n\n<h3 class=\"wp-block-heading\"><strong>Glockenturm<\/strong><\/h3>\n\n\n\n<p>Neben der kathedrale steht die einf\u00fchrung majest\u00e4tischen&nbsp;<strong>glockenturm<\/strong>gebaut in 1070 und anfang 48 m. Es wurde mit dem gleichen stil, zeigt, wie wichtig war der einfluss der r\u00f6mer, auch der&nbsp;<strong>glockenturm<\/strong>&nbsp;ist ein ort zum anderen, in der saison sommer-unterhaltung auf der grundlage pyrotechnischen feuerwerk.<\/p>\n\n\n\n<p class=\"detail-distance\"><span class=\"material-icons\">directions_walk<\/span>&nbsp;&nbsp;12 Min. zu Fu\u00dfi<\/p>\n<\/div><\/div>\n\n\n\n<div class=\"wp-block-group promo-int-5\"><div class=\"wp-block-group__inner-container is-layout-flow wp-block-group-is-layout-flow\">\n<h3 class=\"wp-block-heading\"><strong>Stadt Caorle<\/strong><\/h3>\n\n\n\n<p>Verbleibende am venezianischen sch\u00f6nheiten wie nicht zu erw\u00e4hnen, das netz von stra\u00dfen, erstreckt sich in der mitte des landes. In rio terr\u00e0 stra\u00dfen und pl\u00e4tze scheinen sich die gesch\u00e4fte, die sich genau dort, wo einmal gab es nur kan\u00e4le.&nbsp;<strong>Caorle<\/strong>&nbsp;tatsache, zu den urspr\u00fcngen war wie eine kleine insel, die durch die kan\u00e4le, die im laufe der zeit begraben wurden (daher der name f\u00fcr rio terr\u00e0 dh rio keller), die den notwendigen raum f\u00fcr den hausbau, strukturen und einer breiteren historischen und modernen zeiten.<\/p>\n\n\n\n<p class=\"detail-distance\"><span class=\"material-icons\">directions_walk<\/span>&nbsp;&nbsp;9 Min. zu Fu\u00df<\/p>\n\n\n\n<h3 class=\"wp-block-heading\">Die Geschichte von Caorle: <strong>Insel bewohnt von Ziegen<\/strong><\/h3>\n\n\n\n<p>Von den verschiedenen antiken st\u00e4dte des Veneto,&nbsp;<strong>Caorle,<\/strong>&nbsp;mit wasser und landschaft, es ist sicherlich die klare. Di r\u00f6mischen ursprungs, das Land hat seinen namen aus der vergangenheit,&nbsp;<strong>Caprulae<\/strong>&nbsp;tats\u00e4chlich der alte name von&nbsp;<strong>Caorle,<\/strong>&nbsp;bedeutet&nbsp;grob&nbsp;<strong>Insel bewohnt von ziegen,<\/strong>&nbsp;die m\u00f6glichkeit nicht ausschlie\u00dfen, dass es die anbetung der heidnischen g\u00f6ttin&nbsp;<strong>capris,<\/strong>&nbsp;in kraft, wenn das land gegr\u00fcndet wurde, zu zahlen f\u00fcr diesen namen, der sich noch viele erinnern.<\/p>\n<\/div><\/div>\n\n\n\n<div class=\"wp-block-group promo-int-6\"><div class=\"wp-block-group__inner-container is-layout-flow wp-block-group-is-layout-flow\">\n<figure class=\"wp-block-image size-large\"><img loading=\"lazy\" decoding=\"async\" width=\"1000\" height=\"670\" src=\"https:\/\/hotelserenacaorle.com\/wp-content\/uploads\/2020\/04\/Hotel_Serena_caorle_03.jpg\" alt=\"\" class=\"wp-image-2484\" srcset=\"https:\/\/www.hotelserenacaorle.com\/wp-content\/uploads\/2020\/04\/Hotel_Serena_caorle_03.jpg 1000w, https:\/\/www.hotelserenacaorle.com\/wp-content\/uploads\/2020\/04\/Hotel_Serena_caorle_03-300x201.jpg 300w, https:\/\/www.hotelserenacaorle.com\/wp-content\/uploads\/2020\/04\/Hotel_Serena_caorle_03-768x515.jpg 768w\" sizes=\"auto, (max-width: 1000px) 100vw, 1000px\" \/><\/figure>\n<\/div><\/div>\n\n\n\n<div class=\"wp-block-group promo-item-gallery\"><div class=\"wp-block-group__inner-container is-layout-flow wp-block-group-is-layout-flow\">\n<figure class=\"wp-block-gallery columns-3 is-cropped wp-block-gallery-3\"><ul class=\"blocks-gallery-grid\"><li class=\"blocks-gallery-item\"><figure><img loading=\"lazy\" decoding=\"async\" width=\"1000\" height=\"670\" src=\"https:\/\/hotelserenacaorle.com\/wp-content\/uploads\/2020\/04\/Hotel_Serena_caorle_04.jpg\" alt=\"\" data-id=\"2524\" data-full-url=\"https:\/\/hotelserenacaorle.com\/wp-content\/uploads\/2020\/04\/Hotel_Serena_caorle_04.jpg\" data-link=\"https:\/\/hotelserenacaorle.com\/it\/caorle-e-dintorni\/hotel_serena_caorle_04\/\" class=\"wp-image-2524\" srcset=\"https:\/\/www.hotelserenacaorle.com\/wp-content\/uploads\/2020\/04\/Hotel_Serena_caorle_04.jpg 1000w, https:\/\/www.hotelserenacaorle.com\/wp-content\/uploads\/2020\/04\/Hotel_Serena_caorle_04-300x201.jpg 300w, https:\/\/www.hotelserenacaorle.com\/wp-content\/uploads\/2020\/04\/Hotel_Serena_caorle_04-768x515.jpg 768w\" sizes=\"auto, (max-width: 1000px) 100vw, 1000px\" \/><\/figure><\/li><li class=\"blocks-gallery-item\"><figure><img loading=\"lazy\" decoding=\"async\" width=\"1000\" height=\"670\" src=\"https:\/\/hotelserenacaorle.com\/wp-content\/uploads\/2020\/04\/Hotel_Serena_caorle_07.jpg\" alt=\"\" data-id=\"2514\" data-full-url=\"https:\/\/hotelserenacaorle.com\/wp-content\/uploads\/2020\/04\/Hotel_Serena_caorle_07.jpg\" data-link=\"https:\/\/hotelserenacaorle.com\/it\/caorle-e-dintorni\/hotel_serena_caorle_07\/\" class=\"wp-image-2514\" srcset=\"https:\/\/www.hotelserenacaorle.com\/wp-content\/uploads\/2020\/04\/Hotel_Serena_caorle_07.jpg 1000w, https:\/\/www.hotelserenacaorle.com\/wp-content\/uploads\/2020\/04\/Hotel_Serena_caorle_07-300x201.jpg 300w, https:\/\/www.hotelserenacaorle.com\/wp-content\/uploads\/2020\/04\/Hotel_Serena_caorle_07-768x515.jpg 768w\" sizes=\"auto, (max-width: 1000px) 100vw, 1000px\" \/><\/figure><\/li><li class=\"blocks-gallery-item\"><figure><img loading=\"lazy\" decoding=\"async\" width=\"1000\" height=\"670\" src=\"https:\/\/hotelserenacaorle.com\/wp-content\/uploads\/2020\/04\/Hotel_Serena_caorle_09.jpg\" alt=\"\" data-id=\"2496\" data-full-url=\"https:\/\/hotelserenacaorle.com\/wp-content\/uploads\/2020\/04\/Hotel_Serena_caorle_09.jpg\" data-link=\"https:\/\/hotelserenacaorle.com\/it\/caorle-e-dintorni\/hotel_serena_caorle_09\/\" class=\"wp-image-2496\" srcset=\"https:\/\/www.hotelserenacaorle.com\/wp-content\/uploads\/2020\/04\/Hotel_Serena_caorle_09.jpg 1000w, https:\/\/www.hotelserenacaorle.com\/wp-content\/uploads\/2020\/04\/Hotel_Serena_caorle_09-300x201.jpg 300w, https:\/\/www.hotelserenacaorle.com\/wp-content\/uploads\/2020\/04\/Hotel_Serena_caorle_09-768x515.jpg 768w\" sizes=\"auto, (max-width: 1000px) 100vw, 1000px\" \/><\/figure><\/li><li class=\"blocks-gallery-item\"><figure><img loading=\"lazy\" decoding=\"async\" width=\"1000\" height=\"670\" src=\"https:\/\/hotelserenacaorle.com\/wp-content\/uploads\/2020\/04\/Hotel_Serena_caorle_08.jpg\" alt=\"\" data-id=\"2490\" data-full-url=\"https:\/\/hotelserenacaorle.com\/wp-content\/uploads\/2020\/04\/Hotel_Serena_caorle_08.jpg\" data-link=\"https:\/\/hotelserenacaorle.com\/it\/caorle-e-dintorni\/hotel_serena_caorle_08\/\" class=\"wp-image-2490\" srcset=\"https:\/\/www.hotelserenacaorle.com\/wp-content\/uploads\/2020\/04\/Hotel_Serena_caorle_08.jpg 1000w, https:\/\/www.hotelserenacaorle.com\/wp-content\/uploads\/2020\/04\/Hotel_Serena_caorle_08-300x201.jpg 300w, https:\/\/www.hotelserenacaorle.com\/wp-content\/uploads\/2020\/04\/Hotel_Serena_caorle_08-768x515.jpg 768w\" sizes=\"auto, (max-width: 1000px) 100vw, 1000px\" \/><\/figure><\/li><li class=\"blocks-gallery-item\"><figure><img loading=\"lazy\" decoding=\"async\" width=\"1000\" height=\"670\" src=\"https:\/\/hotelserenacaorle.com\/wp-content\/uploads\/2020\/04\/Hotel_Serena_caorle_03.jpg\" alt=\"\" data-id=\"2484\" data-full-url=\"https:\/\/hotelserenacaorle.com\/wp-content\/uploads\/2020\/04\/Hotel_Serena_caorle_03.jpg\" data-link=\"https:\/\/hotelserenacaorle.com\/it\/caorle-e-dintorni\/hotel_serena_caorle_03\/\" class=\"wp-image-2484 is-layout-flex wp-block-gallery-is-layout-flex\" srcset=\"https:\/\/www.hotelserenacaorle.com\/wp-content\/uploads\/2020\/04\/Hotel_Serena_caorle_03.jpg 1000w, https:\/\/www.hotelserenacaorle.com\/wp-content\/uploads\/2020\/04\/Hotel_Serena_caorle_03-300x201.jpg 300w, https:\/\/www.hotelserenacaorle.com\/wp-content\/uploads\/2020\/04\/Hotel_Serena_caorle_03-768x515.jpg 768w\" sizes=\"auto, (max-width: 1000px) 100vw, 1000px\" \/><\/figure><\/li><\/ul><\/figure>\n<\/div><\/div>\n","protected":false},"excerpt":{"rendered":"<p>Der lebende Riff Das wichtigste Merkmal von&nbsp;Caorle&nbsp;ist der&nbsp;\u201clebende Riff\u201d&nbsp;in die Felsen, komponieren, sind geschnitzt und verziert sehr sorgf\u00e4ltig von K\u00fcnstlern aus der ganzen Welt, die gro\u00dfen Meister, die sich im Juli, um Leben zu Ihrem wunderbaren Werke. Diese Kunst \u201cnat\u00fcrlichen\u201d entlang der Promenade zu schaffen eine wunderbare Wirkung auf die klar auf das Meer hinaus. [&hellip;]<\/p>\n","protected":false},"author":1,"featured_media":4030,"parent":0,"menu_order":0,"comment_status":"closed","ping_status":"closed","template":"","meta":{"_acf_changed":false,"_uag_custom_page_level_css":"","advgb_blocks_editor_width":"","advgb_blocks_columns_visual_guide":"","footnotes":""},"class_list":["post-2472","page","type-page","status-publish","has-post-thumbnail","hentry"],"acf":[],"yoast_head":"<!-- This site is optimized with the Yoast SEO plugin v25.7 - https:\/\/yoast.com\/wordpress\/plugins\/seo\/ -->\n<title>Aktivit\u00e4ten in Caorle und Umgebung - Hotel Serena - Fronte mare a Caorle<\/title>\n<meta name=\"description\" content=\"Das wichtigste Merkmal von Caorle ist der \u201clebende Riff\u201d in die Felsen, komponieren, sind geschnitzt und verziert sehr sorgf\u00e4ltig von K\u00fcnstlern aus der ganzen Welt.\" \/>\n<meta name=\"robots\" content=\"index, follow, max-snippet:-1, max-image-preview:large, max-video-preview:-1\" \/>\n<link rel=\"canonical\" href=\"https:\/\/www.hotelserenacaorle.com\/de\/caorle-und-umgebung\/\" \/>\n<meta property=\"og:locale\" content=\"de_DE\" \/>\n<meta property=\"og:type\" content=\"article\" \/>\n<meta property=\"og:title\" content=\"Aktivit\u00e4ten in Caorle und Umgebung - Hotel Serena - Fronte mare a Caorle\" \/>\n<meta property=\"og:description\" content=\"Das wichtigste Merkmal von Caorle ist der \u201clebende Riff\u201d in die Felsen, komponieren, sind geschnitzt und verziert sehr sorgf\u00e4ltig von K\u00fcnstlern aus der ganzen Welt.\" \/>\n<meta property=\"og:url\" content=\"https:\/\/www.hotelserenacaorle.com\/de\/caorle-und-umgebung\/\" \/>\n<meta property=\"og:site_name\" content=\"Hotel Serena\" \/>\n<meta property=\"article:modified_time\" content=\"2020-05-11T16:48:19+00:00\" \/>\n<meta property=\"og:image\" content=\"https:\/\/www.hotelserenacaorle.com\/wp-content\/uploads\/2020\/05\/Hotel_Serena_Caorle_Banner_Caorle.jpg\" \/>\n\t<meta property=\"og:image:width\" content=\"2000\" \/>\n\t<meta property=\"og:image:height\" content=\"400\" \/>\n\t<meta property=\"og:image:type\" content=\"image\/jpeg\" \/>\n<meta name=\"twitter:card\" content=\"summary_large_image\" \/>\n<meta name=\"twitter:label1\" content=\"Gesch\u00e4tzte Lesezeit\" \/>\n\t<meta name=\"twitter:data1\" content=\"2\u00a0Minuten\" \/>\n<script type=\"application\/ld+json\" class=\"yoast-schema-graph\">{\"@context\":\"https:\/\/schema.org\",\"@graph\":[{\"@type\":\"WebPage\",\"@id\":\"https:\/\/www.hotelserenacaorle.com\/de\/caorle-und-umgebung\/\",\"url\":\"https:\/\/www.hotelserenacaorle.com\/de\/caorle-und-umgebung\/\",\"name\":\"Aktivit\u00e4ten in Caorle und Umgebung - Hotel Serena - Fronte mare a Caorle\",\"isPartOf\":{\"@id\":\"https:\/\/www.hotelserenacaorle.com\/de\/#website\"},\"primaryImageOfPage\":{\"@id\":\"https:\/\/www.hotelserenacaorle.com\/de\/caorle-und-umgebung\/#primaryimage\"},\"image\":{\"@id\":\"https:\/\/www.hotelserenacaorle.com\/de\/caorle-und-umgebung\/#primaryimage\"},\"thumbnailUrl\":\"https:\/\/www.hotelserenacaorle.com\/wp-content\/uploads\/2020\/05\/Hotel_Serena_Caorle_Banner_Caorle.jpg\",\"datePublished\":\"2020-04-29T14:04:09+00:00\",\"dateModified\":\"2020-05-11T16:48:19+00:00\",\"description\":\"Das wichtigste Merkmal von Caorle ist der \u201clebende Riff\u201d in die Felsen, komponieren, sind geschnitzt und verziert sehr sorgf\u00e4ltig von K\u00fcnstlern aus der ganzen Welt.\",\"breadcrumb\":{\"@id\":\"https:\/\/www.hotelserenacaorle.com\/de\/caorle-und-umgebung\/#breadcrumb\"},\"inLanguage\":\"de\",\"potentialAction\":[{\"@type\":\"ReadAction\",\"target\":[\"https:\/\/www.hotelserenacaorle.com\/de\/caorle-und-umgebung\/\"]}]},{\"@type\":\"ImageObject\",\"inLanguage\":\"de\",\"@id\":\"https:\/\/www.hotelserenacaorle.com\/de\/caorle-und-umgebung\/#primaryimage\",\"url\":\"https:\/\/www.hotelserenacaorle.com\/wp-content\/uploads\/2020\/05\/Hotel_Serena_Caorle_Banner_Caorle.jpg\",\"contentUrl\":\"https:\/\/www.hotelserenacaorle.com\/wp-content\/uploads\/2020\/05\/Hotel_Serena_Caorle_Banner_Caorle.jpg\",\"width\":2000,\"height\":400},{\"@type\":\"BreadcrumbList\",\"@id\":\"https:\/\/www.hotelserenacaorle.com\/de\/caorle-und-umgebung\/#breadcrumb\",\"itemListElement\":[{\"@type\":\"ListItem\",\"position\":1,\"name\":\"Home\",\"item\":\"https:\/\/www.hotelserenacaorle.com\/de\/\"},{\"@type\":\"ListItem\",\"position\":2,\"name\":\"Aktivit\u00e4ten in Caorle und Umgebung\"}]},{\"@type\":\"WebSite\",\"@id\":\"https:\/\/www.hotelserenacaorle.com\/de\/#website\",\"url\":\"https:\/\/www.hotelserenacaorle.com\/de\/\",\"name\":\"Hotel Serena\",\"description\":\"Meeresfront in Caorle\",\"publisher\":{\"@id\":\"https:\/\/www.hotelserenacaorle.com\/de\/#organization\"},\"potentialAction\":[{\"@type\":\"SearchAction\",\"target\":{\"@type\":\"EntryPoint\",\"urlTemplate\":\"https:\/\/www.hotelserenacaorle.com\/de\/?s={search_term_string}\"},\"query-input\":{\"@type\":\"PropertyValueSpecification\",\"valueRequired\":true,\"valueName\":\"search_term_string\"}}],\"inLanguage\":\"de\"},{\"@type\":\"Organization\",\"@id\":\"https:\/\/www.hotelserenacaorle.com\/de\/#organization\",\"name\":\"Hotel Serena\",\"url\":\"https:\/\/www.hotelserenacaorle.com\/de\/\",\"logo\":{\"@type\":\"ImageObject\",\"inLanguage\":\"de\",\"@id\":\"https:\/\/www.hotelserenacaorle.com\/de\/#\/schema\/logo\/image\/\",\"url\":\"https:\/\/www.hotelserenacaorle.com\/wp-content\/uploads\/2020\/04\/Logo-orizz-original-white-1-1.png\",\"contentUrl\":\"https:\/\/www.hotelserenacaorle.com\/wp-content\/uploads\/2020\/04\/Logo-orizz-original-white-1-1.png\",\"width\":800,\"height\":150,\"caption\":\"Hotel Serena\"},\"image\":{\"@id\":\"https:\/\/www.hotelserenacaorle.com\/de\/#\/schema\/logo\/image\/\"}}]}<\/script>\n<!-- \/ Yoast SEO plugin. -->","yoast_head_json":{"title":"Aktivit\u00e4ten in Caorle und Umgebung - Hotel Serena - Fronte mare a Caorle","description":"Das wichtigste Merkmal von Caorle ist der \u201clebende Riff\u201d in die Felsen, komponieren, sind geschnitzt und verziert sehr sorgf\u00e4ltig von K\u00fcnstlern aus der ganzen Welt.","robots":{"index":"index","follow":"follow","max-snippet":"max-snippet:-1","max-image-preview":"max-image-preview:large","max-video-preview":"max-video-preview:-1"},"canonical":"https:\/\/www.hotelserenacaorle.com\/de\/caorle-und-umgebung\/","og_locale":"de_DE","og_type":"article","og_title":"Aktivit\u00e4ten in Caorle und Umgebung - Hotel Serena - Fronte mare a Caorle","og_description":"Das wichtigste Merkmal von Caorle ist der \u201clebende Riff\u201d in die Felsen, komponieren, sind geschnitzt und verziert sehr sorgf\u00e4ltig von K\u00fcnstlern aus der ganzen Welt.","og_url":"https:\/\/www.hotelserenacaorle.com\/de\/caorle-und-umgebung\/","og_site_name":"Hotel Serena","article_modified_time":"2020-05-11T16:48:19+00:00","og_image":[{"width":2000,"height":400,"url":"https:\/\/www.hotelserenacaorle.com\/wp-content\/uploads\/2020\/05\/Hotel_Serena_Caorle_Banner_Caorle.jpg","type":"image\/jpeg"}],"twitter_card":"summary_large_image","twitter_misc":{"Gesch\u00e4tzte Lesezeit":"2\u00a0Minuten"},"schema":{"@context":"https:\/\/schema.org","@graph":[{"@type":"WebPage","@id":"https:\/\/www.hotelserenacaorle.com\/de\/caorle-und-umgebung\/","url":"https:\/\/www.hotelserenacaorle.com\/de\/caorle-und-umgebung\/","name":"Aktivit\u00e4ten in Caorle und Umgebung - Hotel Serena - Fronte mare a Caorle","isPartOf":{"@id":"https:\/\/www.hotelserenacaorle.com\/de\/#website"},"primaryImageOfPage":{"@id":"https:\/\/www.hotelserenacaorle.com\/de\/caorle-und-umgebung\/#primaryimage"},"image":{"@id":"https:\/\/www.hotelserenacaorle.com\/de\/caorle-und-umgebung\/#primaryimage"},"thumbnailUrl":"https:\/\/www.hotelserenacaorle.com\/wp-content\/uploads\/2020\/05\/Hotel_Serena_Caorle_Banner_Caorle.jpg","datePublished":"2020-04-29T14:04:09+00:00","dateModified":"2020-05-11T16:48:19+00:00","description":"Das wichtigste Merkmal von Caorle ist der \u201clebende Riff\u201d in die Felsen, komponieren, sind geschnitzt und verziert sehr sorgf\u00e4ltig von K\u00fcnstlern aus der ganzen Welt.","breadcrumb":{"@id":"https:\/\/www.hotelserenacaorle.com\/de\/caorle-und-umgebung\/#breadcrumb"},"inLanguage":"de","potentialAction":[{"@type":"ReadAction","target":["https:\/\/www.hotelserenacaorle.com\/de\/caorle-und-umgebung\/"]}]},{"@type":"ImageObject","inLanguage":"de","@id":"https:\/\/www.hotelserenacaorle.com\/de\/caorle-und-umgebung\/#primaryimage","url":"https:\/\/www.hotelserenacaorle.com\/wp-content\/uploads\/2020\/05\/Hotel_Serena_Caorle_Banner_Caorle.jpg","contentUrl":"https:\/\/www.hotelserenacaorle.com\/wp-content\/uploads\/2020\/05\/Hotel_Serena_Caorle_Banner_Caorle.jpg","width":2000,"height":400},{"@type":"BreadcrumbList","@id":"https:\/\/www.hotelserenacaorle.com\/de\/caorle-und-umgebung\/#breadcrumb","itemListElement":[{"@type":"ListItem","position":1,"name":"Home","item":"https:\/\/www.hotelserenacaorle.com\/de\/"},{"@type":"ListItem","position":2,"name":"Aktivit\u00e4ten in Caorle und Umgebung"}]},{"@type":"WebSite","@id":"https:\/\/www.hotelserenacaorle.com\/de\/#website","url":"https:\/\/www.hotelserenacaorle.com\/de\/","name":"Hotel Serena","description":"Meeresfront in Caorle","publisher":{"@id":"https:\/\/www.hotelserenacaorle.com\/de\/#organization"},"potentialAction":[{"@type":"SearchAction","target":{"@type":"EntryPoint","urlTemplate":"https:\/\/www.hotelserenacaorle.com\/de\/?s={search_term_string}"},"query-input":{"@type":"PropertyValueSpecification","valueRequired":true,"valueName":"search_term_string"}}],"inLanguage":"de"},{"@type":"Organization","@id":"https:\/\/www.hotelserenacaorle.com\/de\/#organization","name":"Hotel Serena","url":"https:\/\/www.hotelserenacaorle.com\/de\/","logo":{"@type":"ImageObject","inLanguage":"de","@id":"https:\/\/www.hotelserenacaorle.com\/de\/#\/schema\/logo\/image\/","url":"https:\/\/www.hotelserenacaorle.com\/wp-content\/uploads\/2020\/04\/Logo-orizz-original-white-1-1.png","contentUrl":"https:\/\/www.hotelserenacaorle.com\/wp-content\/uploads\/2020\/04\/Logo-orizz-original-white-1-1.png","width":800,"height":150,"caption":"Hotel Serena"},"image":{"@id":"https:\/\/www.hotelserenacaorle.com\/de\/#\/schema\/logo\/image\/"}}]}},"uagb_featured_image_src":{"full":["https:\/\/www.hotelserenacaorle.com\/wp-content\/uploads\/2020\/05\/Hotel_Serena_Caorle_Banner_Caorle.jpg",2000,400,false],"thumbnail":["https:\/\/www.hotelserenacaorle.com\/wp-content\/uploads\/2020\/05\/Hotel_Serena_Caorle_Banner_Caorle-150x150.jpg",150,150,true],"medium":["https:\/\/www.hotelserenacaorle.com\/wp-content\/uploads\/2020\/05\/Hotel_Serena_Caorle_Banner_Caorle-300x60.jpg",300,60,true],"medium_large":["https:\/\/www.hotelserenacaorle.com\/wp-content\/uploads\/2020\/05\/Hotel_Serena_Caorle_Banner_Caorle-768x154.jpg",580,116,true],"large":["https:\/\/www.hotelserenacaorle.com\/wp-content\/uploads\/2020\/05\/Hotel_Serena_Caorle_Banner_Caorle-1024x205.jpg",580,116,true],"1536x1536":["https:\/\/www.hotelserenacaorle.com\/wp-content\/uploads\/2020\/05\/Hotel_Serena_Caorle_Banner_Caorle-1536x307.jpg",1536,307,true],"2048x2048":["https:\/\/www.hotelserenacaorle.com\/wp-content\/uploads\/2020\/05\/Hotel_Serena_Caorle_Banner_Caorle.jpg",2000,400,false],"post-thumbnail":["https:\/\/www.hotelserenacaorle.com\/wp-content\/uploads\/2020\/05\/Hotel_Serena_Caorle_Banner_Caorle-1200x240.jpg",1200,240,true],"twentytwenty-fullscreen":["https:\/\/www.hotelserenacaorle.com\/wp-content\/uploads\/2020\/05\/Hotel_Serena_Caorle_Banner_Caorle-1980x396.jpg",1980,396,true]},"uagb_author_info":{"display_name":"3r4cl3-p4l4","author_link":"https:\/\/www.hotelserenacaorle.com\/de\/author\/3r4cl3-p4l4\/"},"uagb_comment_info":0,"uagb_excerpt":"Der lebende Riff Das wichtigste Merkmal von&nbsp;Caorle&nbsp;ist der&nbsp;\u201clebende Riff\u201d&nbsp;in die Felsen, komponieren, sind geschnitzt und verziert sehr sorgf\u00e4ltig von K\u00fcnstlern aus der ganzen Welt, die gro\u00dfen Meister, die sich im Juli, um Leben zu Ihrem wunderbaren Werke. Diese Kunst \u201cnat\u00fcrlichen\u201d entlang der Promenade zu schaffen eine wunderbare Wirkung auf die klar auf das Meer hinaus.&hellip;","coauthors":[],"author_meta":{"author_link":"https:\/\/www.hotelserenacaorle.com\/de\/author\/3r4cl3-p4l4\/","display_name":"3r4cl3-p4l4"},"relative_dates":{"created":"Posted 6\u00a0Jahren ago","modified":"Updated 6\u00a0Jahren ago"},"absolute_dates":{"created":"Posted on 29 April 2020","modified":"Updated on 11 Mai 2020"},"absolute_dates_time":{"created":"Posted on 29 April 2020 16:04","modified":"Updated on 11 Mai 2020 18:48"},"featured_img_caption":"","featured_img":"https:\/\/www.hotelserenacaorle.com\/wp-content\/uploads\/2020\/05\/Hotel_Serena_Caorle_Banner_Caorle-1200x240.jpg","series_order":"","_links":{"self":[{"href":"https:\/\/www.hotelserenacaorle.com\/de\/wp-json\/wp\/v2\/pages\/2472","targetHints":{"allow":["GET"]}}],"collection":[{"href":"https:\/\/www.hotelserenacaorle.com\/de\/wp-json\/wp\/v2\/pages"}],"about":[{"href":"https:\/\/www.hotelserenacaorle.com\/de\/wp-json\/wp\/v2\/types\/page"}],"author":[{"embeddable":true,"href":"https:\/\/www.hotelserenacaorle.com\/de\/wp-json\/wp\/v2\/users\/1"}],"replies":[{"embeddable":true,"href":"https:\/\/www.hotelserenacaorle.com\/de\/wp-json\/wp\/v2\/comments?post=2472"}],"version-history":[{"count":0,"href":"https:\/\/www.hotelserenacaorle.com\/de\/wp-json\/wp\/v2\/pages\/2472\/revisions"}],"wp:featuredmedia":[{"embeddable":true,"href":"https:\/\/www.hotelserenacaorle.com\/de\/wp-json\/wp\/v2\/media\/4030"}],"wp:attachment":[{"href":"https:\/\/www.hotelserenacaorle.com\/de\/wp-json\/wp\/v2\/media?parent=2472"}],"curies":[{"name":"wp","href":"https:\/\/api.w.org\/{rel}","templated":true}]}}