{"id":1992,"date":"2020-04-24T15:24:48","date_gmt":"2020-04-24T13:24:48","guid":{"rendered":"https:\/\/serena.promoservicebeta.com\/?page_id=1992"},"modified":"2024-04-24T16:43:11","modified_gmt":"2024-04-24T14:43:11","slug":"hotel-garni-serena","status":"publish","type":"page","link":"https:\/\/www.hotelserenacaorle.com\/de\/hotel-garni-serena\/","title":{"rendered":"Hotel Serena"},"content":{"rendered":"\n<div style=\"height:40px\" aria-hidden=\"true\" class=\"wp-block-spacer\"><\/div>\n\n\n\n<div class=\"wp-block-group promo-int-1\"><div class=\"wp-block-group__inner-container is-layout-flow wp-block-group-is-layout-flow\">\n<h3 class=\"wp-block-heading\">Wir freuen uns, sie bei uns begr\u00fc\u00dfen zu d\u00fcrfen<\/h3>\n\n\n\n<p style=\"font-size:30px\"><span style=\"color:#0071a1\" class=\"has-inline-color\">WIR ER\u00d6FFNEN AM 27.03.2021<\/span><\/p>\n\n\n\n<h2 class=\"wp-block-heading\">Alle komforts eines front-see-hotels in Caorle<\/h2>\n\n\n\n<p>Das Hotel Serena liegt direkt am Meer (<strong>Levante Strand<\/strong>), nur wenige Schritte vom Strand entfernt und ganz in der n\u00e4he des Zentrums, alle<strong> Zimmer<\/strong> verf\u00fcgen \u00fcber freien Internet W-LAN, privates Bad mit Dusche oder Badewanne, WC, satelliten Fernsehen, Safe und Telefon, au\u00dferdem ist das Hotel mit einer <strong>Bar <\/strong>und einer wundesch\u00f6nen <strong>Terrasse direkt am Meer<\/strong>, privatem Parkplatz (zirka 600 mt. entfernt), privatem Strand mit Liegest\u00fchlen und Sonnenschirmen, Fernsehraum \u201cSala cubana\u201d ausgestattet.<\/p>\n<\/div><\/div>\n\n\n\n<div class=\"wp-block-group promo-int-2\"><div class=\"wp-block-group__inner-container is-layout-flow wp-block-group-is-layout-flow\">\n<figure class=\"wp-block-image size-large\"><img loading=\"lazy\" decoding=\"async\" width=\"1024\" height=\"683\" src=\"https:\/\/www.hotelserenacaorle.com\/wp-content\/uploads\/2020\/04\/0068_hotel-serena-1024x683-1.jpg\" alt=\"\" class=\"wp-image-1964\" srcset=\"https:\/\/www.hotelserenacaorle.com\/wp-content\/uploads\/2020\/04\/0068_hotel-serena-1024x683-1.jpg 1024w, https:\/\/www.hotelserenacaorle.com\/wp-content\/uploads\/2020\/04\/0068_hotel-serena-1024x683-1-300x200.jpg 300w, https:\/\/www.hotelserenacaorle.com\/wp-content\/uploads\/2020\/04\/0068_hotel-serena-1024x683-1-768x512.jpg 768w\" sizes=\"auto, (max-width: 1024px) 100vw, 1024px\" \/><\/figure>\n<\/div><\/div>\n\n\n\n<div class=\"wp-block-group promo-int-3\"><div class=\"wp-block-group__inner-container is-layout-flow wp-block-group-is-layout-flow\">\n<figure class=\"wp-block-image size-large\"><img loading=\"lazy\" decoding=\"async\" width=\"1024\" height=\"683\" src=\"https:\/\/www.hotelserenacaorle.com\/wp-content\/uploads\/2020\/04\/0012-hotel-serena-reception-1024x683-1.jpg\" alt=\"\" class=\"wp-image-1978\" srcset=\"https:\/\/www.hotelserenacaorle.com\/wp-content\/uploads\/2020\/04\/0012-hotel-serena-reception-1024x683-1.jpg 1024w, https:\/\/www.hotelserenacaorle.com\/wp-content\/uploads\/2020\/04\/0012-hotel-serena-reception-1024x683-1-300x200.jpg 300w, https:\/\/www.hotelserenacaorle.com\/wp-content\/uploads\/2020\/04\/0012-hotel-serena-reception-1024x683-1-768x512.jpg 768w\" sizes=\"auto, (max-width: 1024px) 100vw, 1024px\" \/><\/figure>\n<\/div><\/div>\n\n\n\n<div class=\"wp-block-group promo-int-4\"><div class=\"wp-block-group__inner-container is-layout-flow wp-block-group-is-layout-flow\">\n<p>Unsere Bar bietet eine Auswahl an <strong>besonderen Weinen<\/strong>, Cocktail und ausgemachten Speisen, die nur f\u00fcr unsere G\u00e4ste gemacht sind. \u00dcf gibt euch die M\u00f6glichkeit den Urlaub mit freiheit zu organisieren.<\/p>\n<\/div><\/div>\n\n\n\n<div class=\"wp-block-group promo-int-services\"><div class=\"wp-block-group__inner-container is-layout-flow wp-block-group-is-layout-flow\">\n<h3 class=\"wp-block-heading\">Dienstleistungen inklusive<\/h3>\n\n\n\n<div style=\"height:20px\" aria-hidden=\"true\" class=\"wp-block-spacer\"><\/div>\n\n\n\n<ul class=\"wp-block-list\">\n<li><span class=\"material-icons\">free_breakfast<\/span>\u00a0\u00a0Fr\u00fchst\u00fcck (im Marina Palace Hotel zirka 50 mt.)<\/li>\n\n\n\n<li><span class=\"material-icons\">wifi<\/span>\u00a0\u00a0Kostenfreies WLAN<\/li>\n\n\n\n<li><span class=\"material-icons\">local_parking<\/span>\u00a0\u00a0Parkplazt (in der Gegend zirka 600 mt.)<\/li>\n\n\n\n<li><span class=\"material-icons\">beach_access<\/span>\u00a0\u00a0Am Strand 2 Liegest\u00fchlen und 1 Sonnenschirm<\/li>\n\n\n\n<li><span class=\"material-icons\">directions_bike<\/span>\u00a0\u00a0Leihfahrr\u00e4der verf\u00fcgbar <\/li>\n\n\n\n<li><span class=\"material-icons\">pool<\/span>\u00a0\u00a0Pool<\/li>\n\n\n\n<li><span class=\"material-icons\">spa<\/span>\u00a0\u00a0Spa &amp; Wellnesscenter<\/li>\n\n\n\n<li><span class=\"material-icons\">pets<\/span>\u00a0\u00a0Haustiere erlaubt (gegen einen Aufpreis)<\/li>\n\n\n\n<li><span class=\"material-icons\">restaurant<\/span>\u00a0\u00a0Restaurant<\/li>\n\n\n\n<li><span class=\"material-icons\">local_bar<\/span>\u00a0\u00a0Bar<\/li>\n\n\n\n<li><span class=\"material-icons\">accessible<\/span>\u00a0\u00a0Lift<\/li>\n<\/ul>\n\n\n\n<div style=\"height:30px\" aria-hidden=\"true\" class=\"wp-block-spacer\"><\/div>\n\n\n\n<p><strong>Beliebteste Ausstattungen<\/strong><\/p>\n\n\n\n<div style=\"height:20px\" aria-hidden=\"true\" class=\"wp-block-spacer\"><\/div>\n\n\n\n<ul class=\"wp-block-list\">\n<li><span class=\"material-icons\">pool<\/span>\u00a0\u00a0Pool<\/li>\n\n\n\n<li><span class=\"material-icons\">beach_access<\/span>\u00a0\u00a0Privatstrand<\/li>\n\n\n\n<li><span class=\"material-icons\"> pets <\/span>\u00a0\u00a0Haustiere erlaubt<\/li>\n<\/ul>\n<\/div><\/div>\n","protected":false},"excerpt":{"rendered":"<p>Wir freuen uns, sie bei uns begr\u00fc\u00dfen zu d\u00fcrfen WIR ER\u00d6FFNEN AM 27.03.2021 Alle komforts eines front-see-hotels in Caorle Das Hotel Serena liegt direkt am Meer (Levante Strand), nur wenige Schritte vom Strand entfernt und ganz in der n\u00e4he des Zentrums, alle Zimmer verf\u00fcgen \u00fcber freien Internet W-LAN, privates Bad mit Dusche oder Badewanne, WC, [&hellip;]<\/p>\n","protected":false},"author":1,"featured_media":3585,"parent":0,"menu_order":0,"comment_status":"closed","ping_status":"closed","template":"","meta":{"_acf_changed":false,"_uag_custom_page_level_css":"","advgb_blocks_editor_width":"","advgb_blocks_columns_visual_guide":"","footnotes":""},"class_list":["post-1992","page","type-page","status-publish","has-post-thumbnail","hentry"],"acf":[],"yoast_head":"<!-- This site is optimized with the Yoast SEO plugin v25.7 - https:\/\/yoast.com\/wordpress\/plugins\/seo\/ -->\n<title>Hotel Serena - Hotel Serena<\/title>\n<meta name=\"description\" content=\"Das Hotel Serena liegt direkt am meer (Levante Strand), nur wenige schritte zum strand und ganz in der n\u00e4he des zentrums\" \/>\n<meta name=\"robots\" content=\"index, follow, max-snippet:-1, max-image-preview:large, max-video-preview:-1\" \/>\n<link rel=\"canonical\" href=\"https:\/\/www.hotelserenacaorle.com\/de\/hotel-garni-serena\/\" \/>\n<meta property=\"og:locale\" content=\"de_DE\" \/>\n<meta property=\"og:type\" content=\"article\" \/>\n<meta property=\"og:title\" content=\"Hotel Serena - Hotel Serena\" \/>\n<meta property=\"og:description\" content=\"Das Hotel Serena liegt direkt am meer (Levante Strand), nur wenige schritte zum strand und ganz in der n\u00e4he des zentrums\" \/>\n<meta property=\"og:url\" content=\"https:\/\/www.hotelserenacaorle.com\/de\/hotel-garni-serena\/\" \/>\n<meta property=\"og:site_name\" content=\"Hotel Serena\" \/>\n<meta property=\"article:modified_time\" content=\"2024-04-24T14:43:11+00:00\" \/>\n<meta property=\"og:image\" content=\"https:\/\/www.hotelserenacaorle.com\/wp-content\/uploads\/2020\/05\/hotel-serena-caorle-banner.jpg\" \/>\n\t<meta property=\"og:image:width\" content=\"2000\" \/>\n\t<meta property=\"og:image:height\" content=\"400\" \/>\n\t<meta property=\"og:image:type\" content=\"image\/jpeg\" \/>\n<meta name=\"twitter:card\" content=\"summary_large_image\" \/>\n<meta name=\"twitter:label1\" content=\"Gesch\u00e4tzte Lesezeit\" \/>\n\t<meta name=\"twitter:data1\" content=\"2\u00a0Minuten\" \/>\n<script type=\"application\/ld+json\" class=\"yoast-schema-graph\">{\"@context\":\"https:\/\/schema.org\",\"@graph\":[{\"@type\":\"WebPage\",\"@id\":\"https:\/\/www.hotelserenacaorle.com\/de\/hotel-garni-serena\/\",\"url\":\"https:\/\/www.hotelserenacaorle.com\/de\/hotel-garni-serena\/\",\"name\":\"Hotel Serena - Hotel Serena\",\"isPartOf\":{\"@id\":\"https:\/\/www.hotelserenacaorle.com\/de\/#website\"},\"primaryImageOfPage\":{\"@id\":\"https:\/\/www.hotelserenacaorle.com\/de\/hotel-garni-serena\/#primaryimage\"},\"image\":{\"@id\":\"https:\/\/www.hotelserenacaorle.com\/de\/hotel-garni-serena\/#primaryimage\"},\"thumbnailUrl\":\"https:\/\/www.hotelserenacaorle.com\/wp-content\/uploads\/2020\/05\/hotel-serena-caorle-banner.jpg\",\"datePublished\":\"2020-04-24T13:24:48+00:00\",\"dateModified\":\"2024-04-24T14:43:11+00:00\",\"description\":\"Das Hotel Serena liegt direkt am meer (Levante Strand), nur wenige schritte zum strand und ganz in der n\u00e4he des zentrums\",\"breadcrumb\":{\"@id\":\"https:\/\/www.hotelserenacaorle.com\/de\/hotel-garni-serena\/#breadcrumb\"},\"inLanguage\":\"de\",\"potentialAction\":[{\"@type\":\"ReadAction\",\"target\":[\"https:\/\/www.hotelserenacaorle.com\/de\/hotel-garni-serena\/\"]}]},{\"@type\":\"ImageObject\",\"inLanguage\":\"de\",\"@id\":\"https:\/\/www.hotelserenacaorle.com\/de\/hotel-garni-serena\/#primaryimage\",\"url\":\"https:\/\/www.hotelserenacaorle.com\/wp-content\/uploads\/2020\/05\/hotel-serena-caorle-banner.jpg\",\"contentUrl\":\"https:\/\/www.hotelserenacaorle.com\/wp-content\/uploads\/2020\/05\/hotel-serena-caorle-banner.jpg\",\"width\":2000,\"height\":400,\"caption\":\"Optimized by JPEGmini 3.14.11.71554471 0x01ee8039\"},{\"@type\":\"BreadcrumbList\",\"@id\":\"https:\/\/www.hotelserenacaorle.com\/de\/hotel-garni-serena\/#breadcrumb\",\"itemListElement\":[{\"@type\":\"ListItem\",\"position\":1,\"name\":\"Home\",\"item\":\"https:\/\/www.hotelserenacaorle.com\/de\/\"},{\"@type\":\"ListItem\",\"position\":2,\"name\":\"Hotel Serena\"}]},{\"@type\":\"WebSite\",\"@id\":\"https:\/\/www.hotelserenacaorle.com\/de\/#website\",\"url\":\"https:\/\/www.hotelserenacaorle.com\/de\/\",\"name\":\"Hotel Serena\",\"description\":\"Meeresfront in Caorle\",\"publisher\":{\"@id\":\"https:\/\/www.hotelserenacaorle.com\/de\/#organization\"},\"potentialAction\":[{\"@type\":\"SearchAction\",\"target\":{\"@type\":\"EntryPoint\",\"urlTemplate\":\"https:\/\/www.hotelserenacaorle.com\/de\/?s={search_term_string}\"},\"query-input\":{\"@type\":\"PropertyValueSpecification\",\"valueRequired\":true,\"valueName\":\"search_term_string\"}}],\"inLanguage\":\"de\"},{\"@type\":\"Organization\",\"@id\":\"https:\/\/www.hotelserenacaorle.com\/de\/#organization\",\"name\":\"Hotel Serena\",\"url\":\"https:\/\/www.hotelserenacaorle.com\/de\/\",\"logo\":{\"@type\":\"ImageObject\",\"inLanguage\":\"de\",\"@id\":\"https:\/\/www.hotelserenacaorle.com\/de\/#\/schema\/logo\/image\/\",\"url\":\"https:\/\/www.hotelserenacaorle.com\/wp-content\/uploads\/2020\/04\/Logo-orizz-original-white-1-1.png\",\"contentUrl\":\"https:\/\/www.hotelserenacaorle.com\/wp-content\/uploads\/2020\/04\/Logo-orizz-original-white-1-1.png\",\"width\":800,\"height\":150,\"caption\":\"Hotel Serena\"},\"image\":{\"@id\":\"https:\/\/www.hotelserenacaorle.com\/de\/#\/schema\/logo\/image\/\"}}]}<\/script>\n<!-- \/ Yoast SEO plugin. -->","yoast_head_json":{"title":"Hotel Serena - Hotel Serena","description":"Das Hotel Serena liegt direkt am meer (Levante Strand), nur wenige schritte zum strand und ganz in der n\u00e4he des zentrums","robots":{"index":"index","follow":"follow","max-snippet":"max-snippet:-1","max-image-preview":"max-image-preview:large","max-video-preview":"max-video-preview:-1"},"canonical":"https:\/\/www.hotelserenacaorle.com\/de\/hotel-garni-serena\/","og_locale":"de_DE","og_type":"article","og_title":"Hotel Serena - Hotel Serena","og_description":"Das Hotel Serena liegt direkt am meer (Levante Strand), nur wenige schritte zum strand und ganz in der n\u00e4he des zentrums","og_url":"https:\/\/www.hotelserenacaorle.com\/de\/hotel-garni-serena\/","og_site_name":"Hotel Serena","article_modified_time":"2024-04-24T14:43:11+00:00","og_image":[{"width":2000,"height":400,"url":"https:\/\/www.hotelserenacaorle.com\/wp-content\/uploads\/2020\/05\/hotel-serena-caorle-banner.jpg","type":"image\/jpeg"}],"twitter_card":"summary_large_image","twitter_misc":{"Gesch\u00e4tzte Lesezeit":"2\u00a0Minuten"},"schema":{"@context":"https:\/\/schema.org","@graph":[{"@type":"WebPage","@id":"https:\/\/www.hotelserenacaorle.com\/de\/hotel-garni-serena\/","url":"https:\/\/www.hotelserenacaorle.com\/de\/hotel-garni-serena\/","name":"Hotel Serena - Hotel Serena","isPartOf":{"@id":"https:\/\/www.hotelserenacaorle.com\/de\/#website"},"primaryImageOfPage":{"@id":"https:\/\/www.hotelserenacaorle.com\/de\/hotel-garni-serena\/#primaryimage"},"image":{"@id":"https:\/\/www.hotelserenacaorle.com\/de\/hotel-garni-serena\/#primaryimage"},"thumbnailUrl":"https:\/\/www.hotelserenacaorle.com\/wp-content\/uploads\/2020\/05\/hotel-serena-caorle-banner.jpg","datePublished":"2020-04-24T13:24:48+00:00","dateModified":"2024-04-24T14:43:11+00:00","description":"Das Hotel Serena liegt direkt am meer (Levante Strand), nur wenige schritte zum strand und ganz in der n\u00e4he des zentrums","breadcrumb":{"@id":"https:\/\/www.hotelserenacaorle.com\/de\/hotel-garni-serena\/#breadcrumb"},"inLanguage":"de","potentialAction":[{"@type":"ReadAction","target":["https:\/\/www.hotelserenacaorle.com\/de\/hotel-garni-serena\/"]}]},{"@type":"ImageObject","inLanguage":"de","@id":"https:\/\/www.hotelserenacaorle.com\/de\/hotel-garni-serena\/#primaryimage","url":"https:\/\/www.hotelserenacaorle.com\/wp-content\/uploads\/2020\/05\/hotel-serena-caorle-banner.jpg","contentUrl":"https:\/\/www.hotelserenacaorle.com\/wp-content\/uploads\/2020\/05\/hotel-serena-caorle-banner.jpg","width":2000,"height":400,"caption":"Optimized by JPEGmini 3.14.11.71554471 0x01ee8039"},{"@type":"BreadcrumbList","@id":"https:\/\/www.hotelserenacaorle.com\/de\/hotel-garni-serena\/#breadcrumb","itemListElement":[{"@type":"ListItem","position":1,"name":"Home","item":"https:\/\/www.hotelserenacaorle.com\/de\/"},{"@type":"ListItem","position":2,"name":"Hotel Serena"}]},{"@type":"WebSite","@id":"https:\/\/www.hotelserenacaorle.com\/de\/#website","url":"https:\/\/www.hotelserenacaorle.com\/de\/","name":"Hotel Serena","description":"Meeresfront in Caorle","publisher":{"@id":"https:\/\/www.hotelserenacaorle.com\/de\/#organization"},"potentialAction":[{"@type":"SearchAction","target":{"@type":"EntryPoint","urlTemplate":"https:\/\/www.hotelserenacaorle.com\/de\/?s={search_term_string}"},"query-input":{"@type":"PropertyValueSpecification","valueRequired":true,"valueName":"search_term_string"}}],"inLanguage":"de"},{"@type":"Organization","@id":"https:\/\/www.hotelserenacaorle.com\/de\/#organization","name":"Hotel Serena","url":"https:\/\/www.hotelserenacaorle.com\/de\/","logo":{"@type":"ImageObject","inLanguage":"de","@id":"https:\/\/www.hotelserenacaorle.com\/de\/#\/schema\/logo\/image\/","url":"https:\/\/www.hotelserenacaorle.com\/wp-content\/uploads\/2020\/04\/Logo-orizz-original-white-1-1.png","contentUrl":"https:\/\/www.hotelserenacaorle.com\/wp-content\/uploads\/2020\/04\/Logo-orizz-original-white-1-1.png","width":800,"height":150,"caption":"Hotel Serena"},"image":{"@id":"https:\/\/www.hotelserenacaorle.com\/de\/#\/schema\/logo\/image\/"}}]}},"uagb_featured_image_src":{"full":["https:\/\/www.hotelserenacaorle.com\/wp-content\/uploads\/2020\/05\/hotel-serena-caorle-banner.jpg",2000,400,false],"thumbnail":["https:\/\/www.hotelserenacaorle.com\/wp-content\/uploads\/2020\/05\/hotel-serena-caorle-banner-150x150.jpg",150,150,true],"medium":["https:\/\/www.hotelserenacaorle.com\/wp-content\/uploads\/2020\/05\/hotel-serena-caorle-banner-300x60.jpg",300,60,true],"medium_large":["https:\/\/www.hotelserenacaorle.com\/wp-content\/uploads\/2020\/05\/hotel-serena-caorle-banner-768x154.jpg",580,116,true],"large":["https:\/\/www.hotelserenacaorle.com\/wp-content\/uploads\/2020\/05\/hotel-serena-caorle-banner-1024x205.jpg",580,116,true],"1536x1536":["https:\/\/www.hotelserenacaorle.com\/wp-content\/uploads\/2020\/05\/hotel-serena-caorle-banner-1536x307.jpg",1536,307,true],"2048x2048":["https:\/\/www.hotelserenacaorle.com\/wp-content\/uploads\/2020\/05\/hotel-serena-caorle-banner.jpg",2000,400,false],"post-thumbnail":["https:\/\/www.hotelserenacaorle.com\/wp-content\/uploads\/2020\/05\/hotel-serena-caorle-banner-1200x240.jpg",1200,240,true],"twentytwenty-fullscreen":["https:\/\/www.hotelserenacaorle.com\/wp-content\/uploads\/2020\/05\/hotel-serena-caorle-banner-1980x396.jpg",1980,396,true]},"uagb_author_info":{"display_name":"3r4cl3-p4l4","author_link":"https:\/\/www.hotelserenacaorle.com\/de\/author\/3r4cl3-p4l4\/"},"uagb_comment_info":0,"uagb_excerpt":"Wir freuen uns, sie bei uns begr\u00fc\u00dfen zu d\u00fcrfen WIR ER\u00d6FFNEN AM 27.03.2021 Alle komforts eines front-see-hotels in Caorle Das Hotel Serena liegt direkt am Meer (Levante Strand), nur wenige Schritte vom Strand entfernt und ganz in der n\u00e4he des Zentrums, alle Zimmer verf\u00fcgen \u00fcber freien Internet W-LAN, privates Bad mit Dusche oder Badewanne, WC,&hellip;","coauthors":[],"author_meta":{"author_link":"https:\/\/www.hotelserenacaorle.com\/de\/author\/3r4cl3-p4l4\/","display_name":"3r4cl3-p4l4"},"relative_dates":{"created":"Posted 6\u00a0Jahren ago","modified":"Updated 2\u00a0Jahren ago"},"absolute_dates":{"created":"Posted on 24 April 2020","modified":"Updated on 24 April 2024"},"absolute_dates_time":{"created":"Posted on 24 April 2020 15:24","modified":"Updated on 24 April 2024 16:43"},"featured_img_caption":"Optimized by JPEGmini 3.14.11.71554471 0x01ee8039","featured_img":"https:\/\/www.hotelserenacaorle.com\/wp-content\/uploads\/2020\/05\/hotel-serena-caorle-banner-1200x240.jpg","series_order":"","_links":{"self":[{"href":"https:\/\/www.hotelserenacaorle.com\/de\/wp-json\/wp\/v2\/pages\/1992","targetHints":{"allow":["GET"]}}],"collection":[{"href":"https:\/\/www.hotelserenacaorle.com\/de\/wp-json\/wp\/v2\/pages"}],"about":[{"href":"https:\/\/www.hotelserenacaorle.com\/de\/wp-json\/wp\/v2\/types\/page"}],"author":[{"embeddable":true,"href":"https:\/\/www.hotelserenacaorle.com\/de\/wp-json\/wp\/v2\/users\/1"}],"replies":[{"embeddable":true,"href":"https:\/\/www.hotelserenacaorle.com\/de\/wp-json\/wp\/v2\/comments?post=1992"}],"version-history":[{"count":2,"href":"https:\/\/www.hotelserenacaorle.com\/de\/wp-json\/wp\/v2\/pages\/1992\/revisions"}],"predecessor-version":[{"id":4659,"href":"https:\/\/www.hotelserenacaorle.com\/de\/wp-json\/wp\/v2\/pages\/1992\/revisions\/4659"}],"wp:featuredmedia":[{"embeddable":true,"href":"https:\/\/www.hotelserenacaorle.com\/de\/wp-json\/wp\/v2\/media\/3585"}],"wp:attachment":[{"href":"https:\/\/www.hotelserenacaorle.com\/de\/wp-json\/wp\/v2\/media?parent=1992"}],"curies":[{"name":"wp","href":"https:\/\/api.w.org\/{rel}","templated":true}]}}