{"id":4111,"date":"2020-05-26T14:22:49","date_gmt":"2020-05-26T12:22:49","guid":{"rendered":"https:\/\/serena.promoservicebeta.com\/?page_id=4111"},"modified":"2020-05-26T14:22:50","modified_gmt":"2020-05-26T12:22:50","slug":"por","status":"publish","type":"page","link":"https:\/\/www.hotelserenacaorle.com\/cs\/por\/","title":{"rendered":"Por"},"content":{"rendered":"\n<div class=\"wp-block-group promo-text-full-page\"><div class=\"wp-block-group__inner-container is-layout-flow wp-block-group-is-layout-flow\">\n<h2 class=\"wp-block-heading\">N\u00e1zev projektu Hotel SErena, butikov\u00fd hotel v Caorle<\/h2>\n\n\n\n<p>Intervence prov\u00e1d\u011bn\u00e1 pomoc\u00ed financov\u00e1n\u00ed POR &#8211; Specifick\u00fd c\u00edl \u201c Konsolidace, modernizace a diverzifikace syst\u00e9m\u016f \u00fazemn\u00ed produkce\u201d &#8211; \u010d\u00e1st EFRR Evropsk\u00fd fond pro region\u00e1ln\u00ed rozvoj 2014-2020 AXIS 3 \u201cKonkurenceschopnost v\u00fdrobn\u00edch syst\u00e9m\u016f\u201d Akce 3.3.4 \u201cPodpora konkurenceschopnosti podnik\u016f v turistick\u00fdch destinac\u00edch prost\u0159ednictv\u00edm akc\u00ed za \u00fa\u010delem kvalifikace nab\u00eddky a inovace produkt\u016f\/slu\u017eeb, strategick\u00fdch i organiza\u010dn\u00edch\u201d &#8211; Akce C \u201cInova\u010dn\u00ed investice v turistick\u00e9m ubytov\u00e1n\u00ed\u201d&nbsp;<\/p>\n\n\n\n<p><strong>Popis<\/strong>:<\/p>\n\n\n\n<p>Hotel Serena se \u00fasp\u011b\u0161n\u011b z\u00fa\u010dastnil region\u00e1ln\u00ed v\u00fdzvy 3.3.4 sub C, v\u011bnovan\u00e9 inovativn\u00edm investic\u00edm do turistick\u00e9ho ubytov\u00e1n\u00ed a p\u0159em\u011b\u0148uje se v tzv. Butikov\u00fd nebo romantick\u00fd hotel pro studium podrobnost\u00ed, kvality a rozmanitosti slu\u017eeb a mnohem v\u011bt\u0161\u00ed prostory pokoj\u016f. Konkr\u00e9tn\u011b bylo SPA vytvo\u0159eno od nuly, venkovn\u00ed baz\u00e9n s kneippovou l\u00e1zn\u00ed, saunou, emocion\u00e1ln\u00ed sprchou a tureckou l\u00e1zn\u00ed, vytvo\u0159en\u00e9 byly nov\u00e9 pokoje v n\u011bkter\u00fdch ji\u017e existuj\u00edc\u00edch prostorech, aby co nejl\u00e9pe vyhovovaly pot\u0159eb\u00e1m rodin.&nbsp;<\/p>\n\n\n\n<p>Kuchyn\u011b byla kompletn\u011b zrekonstuovan\u00e1 a sn\u00edda\u0148ov\u00e1 m\u00edstnost byla roz\u0161\u00ed\u0159ena tak, aby slou\u017eila i jako restaurace, \u010d\u00edm\u017e z\u00e1kazn\u00edk\u016fm nab\u00edz\u00ed dal\u0161\u00ed slu\u017eby. Veden\u00ed, zvl\u00e1\u0161t\u011b ohledupln\u00e9 k environment\u00e1ln\u00ed udr\u017eitelnosti, nechalo instalovat fotovoltaick\u00fd a sol\u00e1rn\u00ed tepeln\u00fd syst\u00e9m pro vlastn\u00ed v\u00fdrobu energie a nahradil klimatiza\u010dn\u00ed syst\u00e9m \u00fa\u010dinn\u011bj\u0161\u00edm a se sn\u00ed\u017eenou spot\u0159ebou energie.&nbsp;<\/p>\n\n\n\n<p>Struktura se d\u00edky instalaci dvou nov\u00fdch v\u00fdtah\u016f stala p\u0159\u00edjemn\u011bj\u0161\u00ed a p\u0159\u00edstupn\u011bj\u0161\u00ed. Z\u00e1sahy za \u00fa\u010delem zlep\u0161en\u00ed st\u00e1vaj\u00edc\u00edch slu\u017eeb a p\u0159em\u00edst\u011bn\u00ed struktury umo\u017enily hotelu Serena l\u00e9pe reagovat na v\u00fdvoj popt\u00e1vky v cestovn\u00edm ruchu, st\u00e1le n\u00e1ro\u010dn\u011bj\u0161\u00ed a z\u00e1jem o odli\u0161n\u00e9 produkty, kter\u00e9 zvy\u0161uj\u00ed z\u00e1\u017eitkovou slo\u017eku. <\/p>\n\n\n\n<p>Podpora 192 000,00 euro z celkov\u00e9ho projektu 1 245 038,74 euro.<\/p>\n<\/div><\/div>\n\n\n\n<div class=\"wp-block-group promo-item-gallery\"><div class=\"wp-block-group__inner-container is-layout-flow wp-block-group-is-layout-flow\">\n<h2 class=\"wp-block-heading\">Jak jsme byli<\/h2>\n\n\n\n<figure class=\"wp-block-gallery columns-3 is-cropped wp-block-gallery-2\"><ul class=\"blocks-gallery-grid\"><li class=\"blocks-gallery-item\"><figure><img loading=\"lazy\" decoding=\"async\" width=\"1024\" height=\"683\" src=\"https:\/\/hotelserenacaorle.com\/wp-content\/uploads\/2020\/04\/Hotel_Serena_come_eravamo_004-1024x683-1.jpg\" alt=\"\" data-id=\"2430\" data-full-url=\"https:\/\/hotelserenacaorle.com\/wp-content\/uploads\/2020\/04\/Hotel_Serena_come_eravamo_004-1024x683-1.jpg\" data-link=\"https:\/\/hotelserenacaorle.com\/it\/por\/hotel_serena_come_eravamo_004-1024x683\/\" class=\"wp-image-2430\" srcset=\"https:\/\/www.hotelserenacaorle.com\/wp-content\/uploads\/2020\/04\/Hotel_Serena_come_eravamo_004-1024x683-1.jpg 1024w, https:\/\/www.hotelserenacaorle.com\/wp-content\/uploads\/2020\/04\/Hotel_Serena_come_eravamo_004-1024x683-1-300x200.jpg 300w, https:\/\/www.hotelserenacaorle.com\/wp-content\/uploads\/2020\/04\/Hotel_Serena_come_eravamo_004-1024x683-1-768x512.jpg 768w\" sizes=\"auto, (max-width: 1024px) 100vw, 1024px\" \/><\/figure><\/li><li class=\"blocks-gallery-item\"><figure><img loading=\"lazy\" decoding=\"async\" width=\"1024\" height=\"683\" src=\"https:\/\/hotelserenacaorle.com\/wp-content\/uploads\/2020\/04\/Hotel_Serena_come_eravamo_001-1-1024x683-1.jpg\" alt=\"\" data-id=\"2442\" data-full-url=\"https:\/\/hotelserenacaorle.com\/wp-content\/uploads\/2020\/04\/Hotel_Serena_come_eravamo_001-1-1024x683-1.jpg\" data-link=\"https:\/\/hotelserenacaorle.com\/it\/por\/hotel_serena_come_eravamo_001-1-1024x683\/\" class=\"wp-image-2442\" srcset=\"https:\/\/www.hotelserenacaorle.com\/wp-content\/uploads\/2020\/04\/Hotel_Serena_come_eravamo_001-1-1024x683-1.jpg 1024w, https:\/\/www.hotelserenacaorle.com\/wp-content\/uploads\/2020\/04\/Hotel_Serena_come_eravamo_001-1-1024x683-1-300x200.jpg 300w, https:\/\/www.hotelserenacaorle.com\/wp-content\/uploads\/2020\/04\/Hotel_Serena_come_eravamo_001-1-1024x683-1-768x512.jpg 768w\" sizes=\"auto, (max-width: 1024px) 100vw, 1024px\" \/><\/figure><\/li><li class=\"blocks-gallery-item\"><figure><img loading=\"lazy\" decoding=\"async\" width=\"1024\" height=\"683\" src=\"https:\/\/hotelserenacaorle.com\/wp-content\/uploads\/2020\/04\/Hotel_Serena_come_eravamo_022-1024x683-1.jpg\" alt=\"\" data-id=\"2418\" data-full-url=\"https:\/\/hotelserenacaorle.com\/wp-content\/uploads\/2020\/04\/Hotel_Serena_come_eravamo_022-1024x683-1.jpg\" data-link=\"https:\/\/hotelserenacaorle.com\/it\/por\/hotel_serena_come_eravamo_022-1024x683\/\" class=\"wp-image-2418\" srcset=\"https:\/\/www.hotelserenacaorle.com\/wp-content\/uploads\/2020\/04\/Hotel_Serena_come_eravamo_022-1024x683-1.jpg 1024w, https:\/\/www.hotelserenacaorle.com\/wp-content\/uploads\/2020\/04\/Hotel_Serena_come_eravamo_022-1024x683-1-300x200.jpg 300w, https:\/\/www.hotelserenacaorle.com\/wp-content\/uploads\/2020\/04\/Hotel_Serena_come_eravamo_022-1024x683-1-768x512.jpg 768w\" sizes=\"auto, (max-width: 1024px) 100vw, 1024px\" \/><\/figure><\/li><li class=\"blocks-gallery-item\"><figure><img loading=\"lazy\" decoding=\"async\" width=\"1024\" height=\"683\" src=\"https:\/\/hotelserenacaorle.com\/wp-content\/uploads\/2020\/04\/Hotel_Serena_come_eravamo_003-1024x683-1.jpg\" alt=\"\" data-id=\"2436\" data-full-url=\"https:\/\/hotelserenacaorle.com\/wp-content\/uploads\/2020\/04\/Hotel_Serena_come_eravamo_003-1024x683-1.jpg\" data-link=\"https:\/\/hotelserenacaorle.com\/it\/por\/hotel_serena_come_eravamo_003-1024x683\/\" class=\"wp-image-2436\" srcset=\"https:\/\/www.hotelserenacaorle.com\/wp-content\/uploads\/2020\/04\/Hotel_Serena_come_eravamo_003-1024x683-1.jpg 1024w, https:\/\/www.hotelserenacaorle.com\/wp-content\/uploads\/2020\/04\/Hotel_Serena_come_eravamo_003-1024x683-1-300x200.jpg 300w, https:\/\/www.hotelserenacaorle.com\/wp-content\/uploads\/2020\/04\/Hotel_Serena_come_eravamo_003-1024x683-1-768x512.jpg 768w\" sizes=\"auto, (max-width: 1024px) 100vw, 1024px\" \/><\/figure><\/li><li class=\"blocks-gallery-item\"><figure><img loading=\"lazy\" decoding=\"async\" width=\"1024\" height=\"683\" src=\"https:\/\/hotelserenacaorle.com\/wp-content\/uploads\/2020\/04\/Hotel_Serena_come_eravamo_016-1024x683-1.jpg\" alt=\"\" data-id=\"2424\" data-full-url=\"https:\/\/hotelserenacaorle.com\/wp-content\/uploads\/2020\/04\/Hotel_Serena_come_eravamo_016-1024x683-1.jpg\" data-link=\"https:\/\/hotelserenacaorle.com\/it\/por\/hotel_serena_come_eravamo_016-1024x683\/\" class=\"wp-image-2424 is-layout-flex wp-block-gallery-is-layout-flex\" srcset=\"https:\/\/www.hotelserenacaorle.com\/wp-content\/uploads\/2020\/04\/Hotel_Serena_come_eravamo_016-1024x683-1.jpg 1024w, https:\/\/www.hotelserenacaorle.com\/wp-content\/uploads\/2020\/04\/Hotel_Serena_come_eravamo_016-1024x683-1-300x200.jpg 300w, https:\/\/www.hotelserenacaorle.com\/wp-content\/uploads\/2020\/04\/Hotel_Serena_come_eravamo_016-1024x683-1-768x512.jpg 768w\" sizes=\"auto, (max-width: 1024px) 100vw, 1024px\" \/><\/figure><\/li><\/ul><\/figure>\n<\/div><\/div>\n","protected":false},"excerpt":{"rendered":"<p>N\u00e1zev projektu Hotel SErena, butikov\u00fd hotel v Caorle Intervence prov\u00e1d\u011bn\u00e1 pomoc\u00ed financov\u00e1n\u00ed POR &#8211; Specifick\u00fd c\u00edl \u201c Konsolidace, modernizace a diverzifikace syst\u00e9m\u016f \u00fazemn\u00ed produkce\u201d &#8211; \u010d\u00e1st EFRR Evropsk\u00fd fond pro region\u00e1ln\u00ed rozvoj 2014-2020 AXIS 3 \u201cKonkurenceschopnost v\u00fdrobn\u00edch syst\u00e9m\u016f\u201d Akce 3.3.4 \u201cPodpora konkurenceschopnosti podnik\u016f v turistick\u00fdch destinac\u00edch prost\u0159ednictv\u00edm akc\u00ed za \u00fa\u010delem kvalifikace nab\u00eddky a inovace produkt\u016f\/slu\u017eeb, [&hellip;]<\/p>\n","protected":false},"author":1,"featured_media":2451,"parent":0,"menu_order":0,"comment_status":"closed","ping_status":"closed","template":"","meta":{"_acf_changed":false,"_uag_custom_page_level_css":"","advgb_blocks_editor_width":"","advgb_blocks_columns_visual_guide":"","footnotes":""},"class_list":["post-4111","page","type-page","status-publish","has-post-thumbnail","hentry"],"acf":[],"yoast_head":"<!-- This site is optimized with the Yoast SEO plugin v25.7 - https:\/\/yoast.com\/wordpress\/plugins\/seo\/ -->\n<title>Por - Hotel Serena<\/title>\n<meta name=\"robots\" content=\"index, follow, max-snippet:-1, max-image-preview:large, max-video-preview:-1\" \/>\n<link rel=\"canonical\" href=\"https:\/\/www.hotelserenacaorle.com\/cs\/por\/\" \/>\n<meta property=\"og:locale\" content=\"cs_CZ\" \/>\n<meta property=\"og:type\" content=\"article\" \/>\n<meta property=\"og:title\" content=\"Por - Hotel Serena\" \/>\n<meta property=\"og:description\" content=\"N\u00e1zev projektu Hotel SErena, butikov\u00fd hotel v Caorle Intervence prov\u00e1d\u011bn\u00e1 pomoc\u00ed financov\u00e1n\u00ed POR &#8211; Specifick\u00fd c\u00edl \u201c Konsolidace, modernizace a diverzifikace syst\u00e9m\u016f \u00fazemn\u00ed produkce\u201d &#8211; \u010d\u00e1st EFRR Evropsk\u00fd fond pro region\u00e1ln\u00ed rozvoj 2014-2020 AXIS 3 \u201cKonkurenceschopnost v\u00fdrobn\u00edch syst\u00e9m\u016f\u201d Akce 3.3.4 \u201cPodpora konkurenceschopnosti podnik\u016f v turistick\u00fdch destinac\u00edch prost\u0159ednictv\u00edm akc\u00ed za \u00fa\u010delem kvalifikace nab\u00eddky a inovace produkt\u016f\/slu\u017eeb, [&hellip;]\" \/>\n<meta property=\"og:url\" content=\"https:\/\/www.hotelserenacaorle.com\/cs\/por\/\" \/>\n<meta property=\"og:site_name\" content=\"Hotel Serena\" \/>\n<meta property=\"article:modified_time\" content=\"2020-05-26T12:22:50+00:00\" \/>\n<meta property=\"og:image\" content=\"https:\/\/www.hotelserenacaorle.com\/wp-content\/uploads\/2020\/04\/Banner_Por.jpg\" \/>\n\t<meta property=\"og:image:width\" content=\"2000\" \/>\n\t<meta property=\"og:image:height\" content=\"400\" \/>\n\t<meta property=\"og:image:type\" content=\"image\/jpeg\" \/>\n<meta name=\"twitter:card\" content=\"summary_large_image\" \/>\n<meta name=\"twitter:label1\" content=\"Odhadovan\u00e1 doba \u010dten\u00ed\" \/>\n\t<meta name=\"twitter:data1\" content=\"2 minuty\" \/>\n<script type=\"application\/ld+json\" class=\"yoast-schema-graph\">{\"@context\":\"https:\/\/schema.org\",\"@graph\":[{\"@type\":\"WebPage\",\"@id\":\"https:\/\/www.hotelserenacaorle.com\/cs\/por\/\",\"url\":\"https:\/\/www.hotelserenacaorle.com\/cs\/por\/\",\"name\":\"Por - Hotel Serena\",\"isPartOf\":{\"@id\":\"https:\/\/www.hotelserenacaorle.com\/cs\/#website\"},\"primaryImageOfPage\":{\"@id\":\"https:\/\/www.hotelserenacaorle.com\/cs\/por\/#primaryimage\"},\"image\":{\"@id\":\"https:\/\/www.hotelserenacaorle.com\/cs\/por\/#primaryimage\"},\"thumbnailUrl\":\"https:\/\/www.hotelserenacaorle.com\/wp-content\/uploads\/2020\/04\/Banner_Por.jpg\",\"datePublished\":\"2020-05-26T12:22:49+00:00\",\"dateModified\":\"2020-05-26T12:22:50+00:00\",\"breadcrumb\":{\"@id\":\"https:\/\/www.hotelserenacaorle.com\/cs\/por\/#breadcrumb\"},\"inLanguage\":\"cs\",\"potentialAction\":[{\"@type\":\"ReadAction\",\"target\":[\"https:\/\/www.hotelserenacaorle.com\/cs\/por\/\"]}]},{\"@type\":\"ImageObject\",\"inLanguage\":\"cs\",\"@id\":\"https:\/\/www.hotelserenacaorle.com\/cs\/por\/#primaryimage\",\"url\":\"https:\/\/www.hotelserenacaorle.com\/wp-content\/uploads\/2020\/04\/Banner_Por.jpg\",\"contentUrl\":\"https:\/\/www.hotelserenacaorle.com\/wp-content\/uploads\/2020\/04\/Banner_Por.jpg\",\"width\":2000,\"height\":400},{\"@type\":\"BreadcrumbList\",\"@id\":\"https:\/\/www.hotelserenacaorle.com\/cs\/por\/#breadcrumb\",\"itemListElement\":[{\"@type\":\"ListItem\",\"position\":1,\"name\":\"Home\",\"item\":\"https:\/\/www.hotelserenacaorle.com\/cs\/\"},{\"@type\":\"ListItem\",\"position\":2,\"name\":\"Por\"}]},{\"@type\":\"WebSite\",\"@id\":\"https:\/\/www.hotelserenacaorle.com\/cs\/#website\",\"url\":\"https:\/\/www.hotelserenacaorle.com\/cs\/\",\"name\":\"Hotel Serena\",\"description\":\"Mo\u0159sk\u00e1 fronta v Caorle\",\"publisher\":{\"@id\":\"https:\/\/www.hotelserenacaorle.com\/cs\/#organization\"},\"potentialAction\":[{\"@type\":\"SearchAction\",\"target\":{\"@type\":\"EntryPoint\",\"urlTemplate\":\"https:\/\/www.hotelserenacaorle.com\/cs\/?s={search_term_string}\"},\"query-input\":{\"@type\":\"PropertyValueSpecification\",\"valueRequired\":true,\"valueName\":\"search_term_string\"}}],\"inLanguage\":\"cs\"},{\"@type\":\"Organization\",\"@id\":\"https:\/\/www.hotelserenacaorle.com\/cs\/#organization\",\"name\":\"Hotel Serena\",\"url\":\"https:\/\/www.hotelserenacaorle.com\/cs\/\",\"logo\":{\"@type\":\"ImageObject\",\"inLanguage\":\"cs\",\"@id\":\"https:\/\/www.hotelserenacaorle.com\/cs\/#\/schema\/logo\/image\/\",\"url\":\"https:\/\/www.hotelserenacaorle.com\/wp-content\/uploads\/2020\/04\/Logo-orizz-original-white-1-1.png\",\"contentUrl\":\"https:\/\/www.hotelserenacaorle.com\/wp-content\/uploads\/2020\/04\/Logo-orizz-original-white-1-1.png\",\"width\":800,\"height\":150,\"caption\":\"Hotel Serena\"},\"image\":{\"@id\":\"https:\/\/www.hotelserenacaorle.com\/cs\/#\/schema\/logo\/image\/\"}}]}<\/script>\n<!-- \/ Yoast SEO plugin. -->","yoast_head_json":{"title":"Por - Hotel Serena","robots":{"index":"index","follow":"follow","max-snippet":"max-snippet:-1","max-image-preview":"max-image-preview:large","max-video-preview":"max-video-preview:-1"},"canonical":"https:\/\/www.hotelserenacaorle.com\/cs\/por\/","og_locale":"cs_CZ","og_type":"article","og_title":"Por - Hotel Serena","og_description":"N\u00e1zev projektu Hotel SErena, butikov\u00fd hotel v Caorle Intervence prov\u00e1d\u011bn\u00e1 pomoc\u00ed financov\u00e1n\u00ed POR &#8211; Specifick\u00fd c\u00edl \u201c Konsolidace, modernizace a diverzifikace syst\u00e9m\u016f \u00fazemn\u00ed produkce\u201d &#8211; \u010d\u00e1st EFRR Evropsk\u00fd fond pro region\u00e1ln\u00ed rozvoj 2014-2020 AXIS 3 \u201cKonkurenceschopnost v\u00fdrobn\u00edch syst\u00e9m\u016f\u201d Akce 3.3.4 \u201cPodpora konkurenceschopnosti podnik\u016f v turistick\u00fdch destinac\u00edch prost\u0159ednictv\u00edm akc\u00ed za \u00fa\u010delem kvalifikace nab\u00eddky a inovace produkt\u016f\/slu\u017eeb, [&hellip;]","og_url":"https:\/\/www.hotelserenacaorle.com\/cs\/por\/","og_site_name":"Hotel Serena","article_modified_time":"2020-05-26T12:22:50+00:00","og_image":[{"width":2000,"height":400,"url":"https:\/\/www.hotelserenacaorle.com\/wp-content\/uploads\/2020\/04\/Banner_Por.jpg","type":"image\/jpeg"}],"twitter_card":"summary_large_image","twitter_misc":{"Odhadovan\u00e1 doba \u010dten\u00ed":"2 minuty"},"schema":{"@context":"https:\/\/schema.org","@graph":[{"@type":"WebPage","@id":"https:\/\/www.hotelserenacaorle.com\/cs\/por\/","url":"https:\/\/www.hotelserenacaorle.com\/cs\/por\/","name":"Por - Hotel Serena","isPartOf":{"@id":"https:\/\/www.hotelserenacaorle.com\/cs\/#website"},"primaryImageOfPage":{"@id":"https:\/\/www.hotelserenacaorle.com\/cs\/por\/#primaryimage"},"image":{"@id":"https:\/\/www.hotelserenacaorle.com\/cs\/por\/#primaryimage"},"thumbnailUrl":"https:\/\/www.hotelserenacaorle.com\/wp-content\/uploads\/2020\/04\/Banner_Por.jpg","datePublished":"2020-05-26T12:22:49+00:00","dateModified":"2020-05-26T12:22:50+00:00","breadcrumb":{"@id":"https:\/\/www.hotelserenacaorle.com\/cs\/por\/#breadcrumb"},"inLanguage":"cs","potentialAction":[{"@type":"ReadAction","target":["https:\/\/www.hotelserenacaorle.com\/cs\/por\/"]}]},{"@type":"ImageObject","inLanguage":"cs","@id":"https:\/\/www.hotelserenacaorle.com\/cs\/por\/#primaryimage","url":"https:\/\/www.hotelserenacaorle.com\/wp-content\/uploads\/2020\/04\/Banner_Por.jpg","contentUrl":"https:\/\/www.hotelserenacaorle.com\/wp-content\/uploads\/2020\/04\/Banner_Por.jpg","width":2000,"height":400},{"@type":"BreadcrumbList","@id":"https:\/\/www.hotelserenacaorle.com\/cs\/por\/#breadcrumb","itemListElement":[{"@type":"ListItem","position":1,"name":"Home","item":"https:\/\/www.hotelserenacaorle.com\/cs\/"},{"@type":"ListItem","position":2,"name":"Por"}]},{"@type":"WebSite","@id":"https:\/\/www.hotelserenacaorle.com\/cs\/#website","url":"https:\/\/www.hotelserenacaorle.com\/cs\/","name":"Hotel Serena","description":"Mo\u0159sk\u00e1 fronta v Caorle","publisher":{"@id":"https:\/\/www.hotelserenacaorle.com\/cs\/#organization"},"potentialAction":[{"@type":"SearchAction","target":{"@type":"EntryPoint","urlTemplate":"https:\/\/www.hotelserenacaorle.com\/cs\/?s={search_term_string}"},"query-input":{"@type":"PropertyValueSpecification","valueRequired":true,"valueName":"search_term_string"}}],"inLanguage":"cs"},{"@type":"Organization","@id":"https:\/\/www.hotelserenacaorle.com\/cs\/#organization","name":"Hotel Serena","url":"https:\/\/www.hotelserenacaorle.com\/cs\/","logo":{"@type":"ImageObject","inLanguage":"cs","@id":"https:\/\/www.hotelserenacaorle.com\/cs\/#\/schema\/logo\/image\/","url":"https:\/\/www.hotelserenacaorle.com\/wp-content\/uploads\/2020\/04\/Logo-orizz-original-white-1-1.png","contentUrl":"https:\/\/www.hotelserenacaorle.com\/wp-content\/uploads\/2020\/04\/Logo-orizz-original-white-1-1.png","width":800,"height":150,"caption":"Hotel Serena"},"image":{"@id":"https:\/\/www.hotelserenacaorle.com\/cs\/#\/schema\/logo\/image\/"}}]}},"uagb_featured_image_src":{"full":["https:\/\/www.hotelserenacaorle.com\/wp-content\/uploads\/2020\/04\/Banner_Por.jpg",2000,400,false],"thumbnail":["https:\/\/www.hotelserenacaorle.com\/wp-content\/uploads\/2020\/04\/Banner_Por-150x150.jpg",150,150,true],"medium":["https:\/\/www.hotelserenacaorle.com\/wp-content\/uploads\/2020\/04\/Banner_Por-300x60.jpg",300,60,true],"medium_large":["https:\/\/www.hotelserenacaorle.com\/wp-content\/uploads\/2020\/04\/Banner_Por-768x154.jpg",580,116,true],"large":["https:\/\/www.hotelserenacaorle.com\/wp-content\/uploads\/2020\/04\/Banner_Por-1024x205.jpg",580,116,true],"1536x1536":["https:\/\/www.hotelserenacaorle.com\/wp-content\/uploads\/2020\/04\/Banner_Por-1536x307.jpg",1536,307,true],"2048x2048":["https:\/\/www.hotelserenacaorle.com\/wp-content\/uploads\/2020\/04\/Banner_Por.jpg",2000,400,false],"post-thumbnail":["https:\/\/www.hotelserenacaorle.com\/wp-content\/uploads\/2020\/04\/Banner_Por-1200x240.jpg",1200,240,true],"twentytwenty-fullscreen":["https:\/\/www.hotelserenacaorle.com\/wp-content\/uploads\/2020\/04\/Banner_Por-1980x396.jpg",1980,396,true]},"uagb_author_info":{"display_name":"3r4cl3-p4l4","author_link":"https:\/\/www.hotelserenacaorle.com\/cs\/author\/3r4cl3-p4l4\/"},"uagb_comment_info":0,"uagb_excerpt":"N\u00e1zev projektu Hotel SErena, butikov\u00fd hotel v Caorle Intervence prov\u00e1d\u011bn\u00e1 pomoc\u00ed financov\u00e1n\u00ed POR &#8211; Specifick\u00fd c\u00edl \u201c Konsolidace, modernizace a diverzifikace syst\u00e9m\u016f \u00fazemn\u00ed produkce\u201d &#8211; \u010d\u00e1st EFRR Evropsk\u00fd fond pro region\u00e1ln\u00ed rozvoj 2014-2020 AXIS 3 \u201cKonkurenceschopnost v\u00fdrobn\u00edch syst\u00e9m\u016f\u201d Akce 3.3.4 \u201cPodpora konkurenceschopnosti podnik\u016f v turistick\u00fdch destinac\u00edch prost\u0159ednictv\u00edm akc\u00ed za \u00fa\u010delem kvalifikace nab\u00eddky a inovace produkt\u016f\/slu\u017eeb,&hellip;","coauthors":[],"author_meta":{"author_link":"https:\/\/www.hotelserenacaorle.com\/cs\/author\/3r4cl3-p4l4\/","display_name":"3r4cl3-p4l4"},"relative_dates":{"created":"Posted 6 roky ago","modified":"Updated 6 roky ago"},"absolute_dates":{"created":"Posted on 26 kv\u011btna 2020","modified":"Updated on 26 kv\u011btna 2020"},"absolute_dates_time":{"created":"Posted on 26 kv\u011btna 2020 14:22","modified":"Updated on 26 kv\u011btna 2020 14:22"},"featured_img_caption":"","featured_img":"https:\/\/www.hotelserenacaorle.com\/wp-content\/uploads\/2020\/04\/Banner_Por-1200x240.jpg","series_order":"","_links":{"self":[{"href":"https:\/\/www.hotelserenacaorle.com\/cs\/wp-json\/wp\/v2\/pages\/4111","targetHints":{"allow":["GET"]}}],"collection":[{"href":"https:\/\/www.hotelserenacaorle.com\/cs\/wp-json\/wp\/v2\/pages"}],"about":[{"href":"https:\/\/www.hotelserenacaorle.com\/cs\/wp-json\/wp\/v2\/types\/page"}],"author":[{"embeddable":true,"href":"https:\/\/www.hotelserenacaorle.com\/cs\/wp-json\/wp\/v2\/users\/1"}],"replies":[{"embeddable":true,"href":"https:\/\/www.hotelserenacaorle.com\/cs\/wp-json\/wp\/v2\/comments?post=4111"}],"version-history":[{"count":0,"href":"https:\/\/www.hotelserenacaorle.com\/cs\/wp-json\/wp\/v2\/pages\/4111\/revisions"}],"wp:featuredmedia":[{"embeddable":true,"href":"https:\/\/www.hotelserenacaorle.com\/cs\/wp-json\/wp\/v2\/media\/2451"}],"wp:attachment":[{"href":"https:\/\/www.hotelserenacaorle.com\/cs\/wp-json\/wp\/v2\/media?parent=4111"}],"curies":[{"name":"wp","href":"https:\/\/api.w.org\/{rel}","templated":true}]}}