{"id":4020,"date":"2020-05-22T12:03:19","date_gmt":"2020-05-22T10:03:19","guid":{"rendered":"https:\/\/serena.promoservicebeta.com\/?page_id=4020"},"modified":"2020-05-26T14:35:22","modified_gmt":"2020-05-26T12:35:22","slug":"umeni-a-mesta","status":"publish","type":"page","link":"https:\/\/www.hotelserenacaorle.com\/cs\/umeni-a-mesta\/","title":{"rendered":"Um\u011bn\u00ed a m\u011bsta"},"content":{"rendered":"\n<div class=\"wp-block-group promo-int-1\"><div class=\"wp-block-group__inner-container is-layout-flow wp-block-group-is-layout-flow\">\n<h3 class=\"wp-block-heading\">Kr\u00e1lovna Jadranu<\/h3>\n\n\n\n<h2 class=\"wp-block-heading\"><strong>Ben\u00e1tky<\/strong><\/h2>\n\n\n\n<p>Ben\u00e1tky jsou obzvl\u00e1\u0161t\u011b bohat\u00e9 na muzea a historick\u00e9 budovy s velkou um\u011bleckou a kulturn\u00ed hodnotou.<\/p>\n\n\n\n<h4 class=\"wp-block-heading\">Jak se dostat do Ben\u00e1tek<\/h4>\n\n\n\n<div class=\"wp-block-advgb-accordions advgb-accordion-wrapper\" data-collapsed=\"true\">\n<div class=\"wp-block-advgb-accordion-item advgb-accordion-item\" style=\"margin-bottom:0\"><div class=\"advgb-accordion-header\" style=\"background-color:#ffffff;color:#5c89a3;border-style:solid\"><span class=\"advgb-accordion-header-icon\"><svg fill=\"#5c89a3\" xmlns=\"http:\/\/www.w3.org\/2000\/svg\" width=\"24\" height=\"24\" viewbox=\"0 0 24 24\"><path fill=\"none\" d=\"M0,0h24v24H0V0z\"><\/path><path d=\"M19,13h-6v6h-2v-6H5v-2h6V5h2v6h6V13z\"><\/path><\/svg><\/span><h4 class=\"advgb-accordion-header-title\" style=\"color:inherit\">Autem<\/h4><\/div><div class=\"advgb-accordion-body\" style=\"border-style:solid !important;border-color:undefined !important;border-top:none !important\">\n<p>Jedna z variant je vydat se autem do jednoho z nedalek\u00fdch m\u011bst jako je <strong>Punta Sabbioni<\/strong> nebo <strong>Treporti<\/strong>, kde m\u016f\u017eete vyu\u017e\u00edt vaporetto\/motorovou lo\u010f, kter\u00e1 v\u00e1s doveze p\u0159\u00edmo do Ben\u00e1tek. Zde si m\u016f\u017eete zvolit nejkrat\u0161\u00ed cestu do Lida z Punta Sabbioni nebo Treporti (m\u00edjet budete mohutnou pevnost S. Andrea, mistrovsk\u00e9 d\u00edlo renesan\u010dn\u00ed architektury postavenou Sammicheli v roce 1543, stejn\u011b jako starobyl\u00fd kostel S. Nicol\u00f2, kter\u00fd se stal rodinn\u00fdm podle obraz\u016f Canaletto a Guardi) a kone\u010dn\u011b dojedete k zast\u00e1vce S. Zaccaria, co\u017e je p\u00e1r krok\u016f od n\u00e1m\u011bst\u00ed <strong>Piazza San Marco<\/strong>. Dal\u0161\u00ed varianta m\u016f\u017ee b\u00fdt ta, \u017ee se vyd\u00e1te z Treporti do Ben\u00e1tek p\u0159es slavn\u00e9 ostrovy S. Francesco del Deserto, Burano, Torcello a Murano. Tam pak m\u016f\u017eete p\u0159esednout na jin\u00e9 vaporetto a rychle se p\u0159em\u00edstit na <strong>Piazza San Marco<\/strong>.&nbsp;<\/p>\n<\/div><\/div>\n\n\n\n<div class=\"wp-block-advgb-accordion-item advgb-accordion-item\" style=\"margin-bottom:0\"><div class=\"advgb-accordion-header\" style=\"background-color:#ffffff;color:#5c89a3;border-style:solid\"><span class=\"advgb-accordion-header-icon\"><svg fill=\"#5c89a3\" xmlns=\"http:\/\/www.w3.org\/2000\/svg\" width=\"24\" height=\"24\" viewbox=\"0 0 24 24\"><path fill=\"none\" d=\"M0,0h24v24H0V0z\"><\/path><path d=\"M19,13h-6v6h-2v-6H5v-2h6V5h2v6h6V13z\"><\/path><\/svg><\/span><h4 class=\"advgb-accordion-header-title\" style=\"color:inherit\">Autobusem<\/h4><\/div><div class=\"advgb-accordion-body\" style=\"border-style:solid !important;border-color:undefined !important;border-top:none !important\">\n<p>Kyvadlov\u00fdm autobusem <strong><a href=\"http:\/\/www.atvo.it\/\">ATVO<\/a><\/strong> p\u0159\u00edmo z Caorle do Ben\u00e1tek (Piazzale Roma). Odtud se na slavn\u00e9 n\u00e1m\u011bst\u00ed Piazza San Marco m\u016f\u017eete dostat vaporettem, na v\u00fdb\u011br m\u00e1te r\u016fzn\u00e9 trasy. Informace o autobusech naleznete na webov\u00fdch str\u00e1nk\u00e1ch <strong><a href=\"http:\/\/www.atvo.it\/\">ATVO<\/a><\/strong>, zat\u00edmco pro vaporetta na webov\u00fdch str\u00e1nk\u00e1ch <strong><a href=\"http:\/\/www.actv.it\/\">ACTV<\/a><\/strong>.<\/p>\n<\/div><\/div>\n\n\n\n<div class=\"wp-block-advgb-accordion-item advgb-accordion-item\" style=\"margin-bottom:0\"><div class=\"advgb-accordion-header\" style=\"background-color:#ffffff;color:#5c89a3;border-style:solid\"><span class=\"advgb-accordion-header-icon\"><svg fill=\"#5c89a3\" xmlns=\"http:\/\/www.w3.org\/2000\/svg\" width=\"24\" height=\"24\" viewbox=\"0 0 24 24\"><path fill=\"none\" d=\"M0,0h24v24H0V0z\"><\/path><path d=\"M19,13h-6v6h-2v-6H5v-2h6V5h2v6h6V13z\"><\/path><\/svg><\/span><h4 class=\"advgb-accordion-header-title\" style=\"color:inherit\">Motorov\u00e1 lo\u010f Caorle<\/h4><\/div><div class=\"advgb-accordion-body\" style=\"border-style:solid !important;border-color:undefined !important;border-top:none !important\">\n<p>Ben\u00e1tky je mo\u017en\u00e9 nav\u0161t\u00edvit p\u0159\u00edmo z Caorle d\u00edky <a href=\"http:\/\/www.motonavecaorle.com\/\">motorov\u00e9<\/a> lodi Caorle, vyplouv\u00e1 od pond\u011bl\u00ed do p\u00e1tku od 8:00 do 16:00, pluje pod\u00e9l pob\u0159e\u017e\u00ed Jadranu ( <strong>Eraclea, Jesolo<\/strong> a <strong>Cavallino<\/strong>)<\/p>\n<\/div><\/div>\n<\/div>\n<\/div><\/div>\n\n\n\n<div class=\"wp-block-group promo-int-2\"><div class=\"wp-block-group__inner-container is-layout-flow wp-block-group-is-layout-flow\">\n<figure class=\"wp-block-image size-large\"><img loading=\"lazy\" decoding=\"async\" width=\"1000\" height=\"670\" src=\"https:\/\/hotelserenacaorle.com\/wp-content\/uploads\/2020\/05\/Hotel_Serena_Dintorni_Caorle_Venezia.jpg\" alt=\"\" class=\"wp-image-4042\" srcset=\"https:\/\/www.hotelserenacaorle.com\/wp-content\/uploads\/2020\/05\/Hotel_Serena_Dintorni_Caorle_Venezia.jpg 1000w, https:\/\/www.hotelserenacaorle.com\/wp-content\/uploads\/2020\/05\/Hotel_Serena_Dintorni_Caorle_Venezia-300x201.jpg 300w, https:\/\/www.hotelserenacaorle.com\/wp-content\/uploads\/2020\/05\/Hotel_Serena_Dintorni_Caorle_Venezia-768x515.jpg 768w\" sizes=\"auto, (max-width: 1000px) 100vw, 1000px\" \/><\/figure>\n<\/div><\/div>\n\n\n\n<div class=\"wp-block-group promo-int-4\"><div class=\"wp-block-group__inner-container is-layout-flow wp-block-group-is-layout-flow\">\n<h3 class=\"wp-block-heading\">Treviso je m\u011bsto, kter\u00e9 m\u016f\u017eete nav\u0161t\u00edvit v jak\u00e9koliv ro\u010dn\u00ed obdob\u00ed<\/h3>\n\n\n\n<h2 class=\"wp-block-heading\">Treviso<\/h2>\n\n\n\n<p><strong>Treviso<\/strong> je m\u011bsto, kter\u00e9 m\u016f\u017eete nav\u0161t\u00edvit v jak\u00e9koliv ro\u010dn\u00ed obdob\u00ed a v klidu si vychutnat ka\u017ed\u00fd kout, objevovat origin\u00e1ln\u00ed v\u00fdhledy a d\u00fdchat atmosf\u00e9ru tich\u00e9ho \u017eivota m\u011bsta. Srdcem m\u011bsta a m\u00edstem setk\u00e1n\u00ed se bezesporu st\u00e1v\u00e1 Piazza dei Signori s Palazzo dei Trecento a elegantn\u00ed Loggia Dei Cavalieri. Dv\u011b \u0159eky, Sile a Cagnan, proplouvaj\u00ed mezi ulicemi a d\u00e1vaj\u00ed jedine\u010dn\u00e9 kouzlo historick\u00e9mu centru obklopen\u00e9mu star\u00fdmi hradbami. Ark\u00e1dov\u00e9 domy s kr\u00e1sn\u00fdmi fas\u00e1dami a freskami, kter\u00e9 se odr\u00e1\u017eej\u00ed na kan\u00e1lu Buranelli a na ostrov\u011b Pescheria, vytvo\u0159en\u00e9 v \u0159ece Cagnan za \u00fa\u010delem hostov\u00e1n\u00ed ryb\u00edho trhu, zde vznik\u00e1 p\u0159\u00edb\u011bh \u00fazk\u00e9ho spojen\u00ed Trevisa s jeho vodami. P\u0159ekvapiv\u00e9 um\u011bleck\u00e9 a kulturn\u00ed d\u011bdictv\u00ed<\/p>\n<\/div><\/div>\n\n\n\n<div class=\"wp-block-group promo-int-3\"><div class=\"wp-block-group__inner-container is-layout-flow wp-block-group-is-layout-flow\">\n<figure class=\"wp-block-image size-large\"><img loading=\"lazy\" decoding=\"async\" width=\"1000\" height=\"670\" src=\"https:\/\/hotelserenacaorle.com\/wp-content\/uploads\/2020\/05\/Hotel_Serena_Dintorni_Caorle_Treviso.jpg\" alt=\"\" class=\"wp-image-4048\" srcset=\"https:\/\/www.hotelserenacaorle.com\/wp-content\/uploads\/2020\/05\/Hotel_Serena_Dintorni_Caorle_Treviso.jpg 1000w, https:\/\/www.hotelserenacaorle.com\/wp-content\/uploads\/2020\/05\/Hotel_Serena_Dintorni_Caorle_Treviso-300x201.jpg 300w, https:\/\/www.hotelserenacaorle.com\/wp-content\/uploads\/2020\/05\/Hotel_Serena_Dintorni_Caorle_Treviso-768x515.jpg 768w\" sizes=\"auto, (max-width: 1000px) 100vw, 1000px\" \/><\/figure>\n<\/div><\/div>\n\n\n\n<div class=\"wp-block-group promo-int-5\"><div class=\"wp-block-group__inner-container is-layout-flow wp-block-group-is-layout-flow\">\n<h3 class=\"wp-block-heading\"><strong>Patrimonio artistico e culturale sorprendente<\/strong><\/h3>\n\n\n\n<h2 class=\"wp-block-heading\">Padova<\/h2>\n\n\n\n<p>P\u0159ekvapiv\u00e9 um\u011bleck\u00e9 a kulturn\u00ed d\u011bdictv\u00ed, kter\u00e9 se v\u00e1m otev\u00edr\u00e1 na ka\u017ed\u00e9m rohu, provincie Padova. \u00darodn\u00e1,vit\u00e1ln\u00ed a dynamick\u00e1 zem\u011b zasazen\u00e1 do st\u0159edu Ben\u00e1tska, jej\u00ed\u017e hlavn\u00ed m\u011bsto je Padova, kter\u00e1 v\u00e1s ohrom\u00ed a okouzl\u00ed. M\u011bsto Sant\u00b4Angonia, Giotta a Galilea: zde je oddanost, um\u011bn\u00ed a v\u011bda neodd\u011blitelnou uni\u00ed. Nenechte si uj\u00edt n\u00e1v\u0161t\u011bvu kaple Scrovegni, univerzity v Padov\u011b (anatomick\u00e9 divadlo a botanickou zahradu) a Basilica del Santo. Kouzlo je obohaceno proch\u00e1zkou v historick\u00e9m centru, mezi n\u00e1m\u011bst\u00edmi ve st\u00ednu mohutn\u00e9ho <strong>Palazzo della Ragione<\/strong> a zast\u00e1vkou u <strong>Caff\u00e9 Pedrocchi<\/strong>.\u00a0<\/p>\n\n\n\n<p>Provincie Padova sah\u00e1 do Eugensk\u00fdch kopc\u016f k Ben\u00e1tsk\u00e9 Lagun\u011b a nab\u00edz\u00ed \u00fachvatn\u00e9 krajiny, od jemn\u00e9ho profilu kopc\u016f po zelenaj\u00edc\u00ed se planinu. \u00dazem\u00ed je zdobeno opevn\u011bn\u00fdmi m\u011bsty a nad\u010dasov\u00fdmi m\u011bste\u010dky (Cittadella, Monselice, Este, Montagnana, Arqu\u00e0 Petrarca), kter\u00e9 chr\u00e1n\u00ed um\u011bleck\u00e9 perly t\u00e9 nejvy\u0161\u0161\u00ed \u00farovn\u011b. Mocn\u00e9 hrady, hradby a trvze odhaluj\u00ed slavnou st\u0159edov\u011bkou minulost, zat\u00edmco elegantn\u00ed vily, sv\u011b\u017e\u00ed zahrady a historick\u00e9 parky proch\u00e1zej\u00ed ben\u00e1t\u0161t\u00ed \u0161lechtici.\u00a0<\/p>\n<\/div><\/div>\n\n\n\n<div class=\"wp-block-group promo-int-6\"><div class=\"wp-block-group__inner-container is-layout-flow wp-block-group-is-layout-flow\">\n<figure class=\"wp-block-image size-large\"><img loading=\"lazy\" decoding=\"async\" width=\"1000\" height=\"670\" src=\"https:\/\/hotelserenacaorle.com\/wp-content\/uploads\/2020\/04\/padova_011.jpg\" alt=\"\" class=\"wp-image-2655\" srcset=\"https:\/\/www.hotelserenacaorle.com\/wp-content\/uploads\/2020\/04\/padova_011.jpg 1000w, https:\/\/www.hotelserenacaorle.com\/wp-content\/uploads\/2020\/04\/padova_011-300x201.jpg 300w, https:\/\/www.hotelserenacaorle.com\/wp-content\/uploads\/2020\/04\/padova_011-768x515.jpg 768w\" sizes=\"auto, (max-width: 1000px) 100vw, 1000px\" \/><\/figure>\n<\/div><\/div>\n","protected":false},"excerpt":{"rendered":"<p>Kr\u00e1lovna Jadranu Ben\u00e1tky Ben\u00e1tky jsou obzvl\u00e1\u0161t\u011b bohat\u00e9 na muzea a historick\u00e9 budovy s velkou um\u011bleckou a kulturn\u00ed hodnotou. Jak se dostat do Ben\u00e1tek Treviso je m\u011bsto, kter\u00e9 m\u016f\u017eete nav\u0161t\u00edvit v jak\u00e9koliv ro\u010dn\u00ed obdob\u00ed Treviso Treviso je m\u011bsto, kter\u00e9 m\u016f\u017eete nav\u0161t\u00edvit v jak\u00e9koliv ro\u010dn\u00ed obdob\u00ed a v klidu si vychutnat ka\u017ed\u00fd kout, objevovat origin\u00e1ln\u00ed v\u00fdhledy a [&hellip;]<\/p>\n","protected":false},"author":1,"featured_media":4035,"parent":0,"menu_order":0,"comment_status":"closed","ping_status":"closed","template":"","meta":{"_acf_changed":false,"_uag_custom_page_level_css":"","advgb_blocks_editor_width":"","advgb_blocks_columns_visual_guide":"","footnotes":""},"class_list":["post-4020","page","type-page","status-publish","has-post-thumbnail","hentry"],"acf":[],"yoast_head":"<!-- This site is optimized with the Yoast SEO plugin v25.7 - https:\/\/yoast.com\/wordpress\/plugins\/seo\/ -->\n<title>Um\u011bn\u00ed a m\u011bsta - Hotel Serena<\/title>\n<meta name=\"robots\" content=\"index, follow, max-snippet:-1, max-image-preview:large, max-video-preview:-1\" \/>\n<link rel=\"canonical\" href=\"https:\/\/www.hotelserenacaorle.com\/cs\/umeni-a-mesta\/\" \/>\n<meta property=\"og:locale\" content=\"cs_CZ\" \/>\n<meta property=\"og:type\" content=\"article\" \/>\n<meta property=\"og:title\" content=\"Um\u011bn\u00ed a m\u011bsta - Hotel Serena\" \/>\n<meta property=\"og:description\" content=\"Kr\u00e1lovna Jadranu Ben\u00e1tky Ben\u00e1tky jsou obzvl\u00e1\u0161t\u011b bohat\u00e9 na muzea a historick\u00e9 budovy s velkou um\u011bleckou a kulturn\u00ed hodnotou. Jak se dostat do Ben\u00e1tek Treviso je m\u011bsto, kter\u00e9 m\u016f\u017eete nav\u0161t\u00edvit v jak\u00e9koliv ro\u010dn\u00ed obdob\u00ed Treviso Treviso je m\u011bsto, kter\u00e9 m\u016f\u017eete nav\u0161t\u00edvit v jak\u00e9koliv ro\u010dn\u00ed obdob\u00ed a v klidu si vychutnat ka\u017ed\u00fd kout, objevovat origin\u00e1ln\u00ed v\u00fdhledy a [&hellip;]\" \/>\n<meta property=\"og:url\" content=\"https:\/\/www.hotelserenacaorle.com\/cs\/umeni-a-mesta\/\" \/>\n<meta property=\"og:site_name\" content=\"Hotel Serena\" \/>\n<meta property=\"article:modified_time\" content=\"2020-05-26T12:35:22+00:00\" \/>\n<meta property=\"og:image\" content=\"https:\/\/www.hotelserenacaorle.com\/wp-content\/uploads\/2020\/05\/Hotel_Serena_Caorle_Banner_Dintorni.jpg\" \/>\n\t<meta property=\"og:image:width\" content=\"2000\" \/>\n\t<meta property=\"og:image:height\" content=\"400\" \/>\n\t<meta property=\"og:image:type\" content=\"image\/jpeg\" \/>\n<meta name=\"twitter:card\" content=\"summary_large_image\" \/>\n<meta name=\"twitter:label1\" content=\"Odhadovan\u00e1 doba \u010dten\u00ed\" \/>\n\t<meta name=\"twitter:data1\" content=\"3 minuty\" \/>\n<script type=\"application\/ld+json\" class=\"yoast-schema-graph\">{\"@context\":\"https:\/\/schema.org\",\"@graph\":[{\"@type\":\"WebPage\",\"@id\":\"https:\/\/www.hotelserenacaorle.com\/cs\/umeni-a-mesta\/\",\"url\":\"https:\/\/www.hotelserenacaorle.com\/cs\/umeni-a-mesta\/\",\"name\":\"Um\u011bn\u00ed a m\u011bsta - Hotel Serena\",\"isPartOf\":{\"@id\":\"https:\/\/www.hotelserenacaorle.com\/cs\/#website\"},\"primaryImageOfPage\":{\"@id\":\"https:\/\/www.hotelserenacaorle.com\/cs\/umeni-a-mesta\/#primaryimage\"},\"image\":{\"@id\":\"https:\/\/www.hotelserenacaorle.com\/cs\/umeni-a-mesta\/#primaryimage\"},\"thumbnailUrl\":\"https:\/\/www.hotelserenacaorle.com\/wp-content\/uploads\/2020\/05\/Hotel_Serena_Caorle_Banner_Dintorni.jpg\",\"datePublished\":\"2020-05-22T10:03:19+00:00\",\"dateModified\":\"2020-05-26T12:35:22+00:00\",\"breadcrumb\":{\"@id\":\"https:\/\/www.hotelserenacaorle.com\/cs\/umeni-a-mesta\/#breadcrumb\"},\"inLanguage\":\"cs\",\"potentialAction\":[{\"@type\":\"ReadAction\",\"target\":[\"https:\/\/www.hotelserenacaorle.com\/cs\/umeni-a-mesta\/\"]}]},{\"@type\":\"ImageObject\",\"inLanguage\":\"cs\",\"@id\":\"https:\/\/www.hotelserenacaorle.com\/cs\/umeni-a-mesta\/#primaryimage\",\"url\":\"https:\/\/www.hotelserenacaorle.com\/wp-content\/uploads\/2020\/05\/Hotel_Serena_Caorle_Banner_Dintorni.jpg\",\"contentUrl\":\"https:\/\/www.hotelserenacaorle.com\/wp-content\/uploads\/2020\/05\/Hotel_Serena_Caorle_Banner_Dintorni.jpg\",\"width\":2000,\"height\":400},{\"@type\":\"BreadcrumbList\",\"@id\":\"https:\/\/www.hotelserenacaorle.com\/cs\/umeni-a-mesta\/#breadcrumb\",\"itemListElement\":[{\"@type\":\"ListItem\",\"position\":1,\"name\":\"Home\",\"item\":\"https:\/\/www.hotelserenacaorle.com\/cs\/\"},{\"@type\":\"ListItem\",\"position\":2,\"name\":\"Um\u011bn\u00ed a m\u011bsta\"}]},{\"@type\":\"WebSite\",\"@id\":\"https:\/\/www.hotelserenacaorle.com\/cs\/#website\",\"url\":\"https:\/\/www.hotelserenacaorle.com\/cs\/\",\"name\":\"Hotel Serena\",\"description\":\"Mo\u0159sk\u00e1 fronta v Caorle\",\"publisher\":{\"@id\":\"https:\/\/www.hotelserenacaorle.com\/cs\/#organization\"},\"potentialAction\":[{\"@type\":\"SearchAction\",\"target\":{\"@type\":\"EntryPoint\",\"urlTemplate\":\"https:\/\/www.hotelserenacaorle.com\/cs\/?s={search_term_string}\"},\"query-input\":{\"@type\":\"PropertyValueSpecification\",\"valueRequired\":true,\"valueName\":\"search_term_string\"}}],\"inLanguage\":\"cs\"},{\"@type\":\"Organization\",\"@id\":\"https:\/\/www.hotelserenacaorle.com\/cs\/#organization\",\"name\":\"Hotel Serena\",\"url\":\"https:\/\/www.hotelserenacaorle.com\/cs\/\",\"logo\":{\"@type\":\"ImageObject\",\"inLanguage\":\"cs\",\"@id\":\"https:\/\/www.hotelserenacaorle.com\/cs\/#\/schema\/logo\/image\/\",\"url\":\"https:\/\/www.hotelserenacaorle.com\/wp-content\/uploads\/2020\/04\/Logo-orizz-original-white-1-1.png\",\"contentUrl\":\"https:\/\/www.hotelserenacaorle.com\/wp-content\/uploads\/2020\/04\/Logo-orizz-original-white-1-1.png\",\"width\":800,\"height\":150,\"caption\":\"Hotel Serena\"},\"image\":{\"@id\":\"https:\/\/www.hotelserenacaorle.com\/cs\/#\/schema\/logo\/image\/\"}}]}<\/script>\n<!-- \/ Yoast SEO plugin. -->","yoast_head_json":{"title":"Um\u011bn\u00ed a m\u011bsta - Hotel Serena","robots":{"index":"index","follow":"follow","max-snippet":"max-snippet:-1","max-image-preview":"max-image-preview:large","max-video-preview":"max-video-preview:-1"},"canonical":"https:\/\/www.hotelserenacaorle.com\/cs\/umeni-a-mesta\/","og_locale":"cs_CZ","og_type":"article","og_title":"Um\u011bn\u00ed a m\u011bsta - Hotel Serena","og_description":"Kr\u00e1lovna Jadranu Ben\u00e1tky Ben\u00e1tky jsou obzvl\u00e1\u0161t\u011b bohat\u00e9 na muzea a historick\u00e9 budovy s velkou um\u011bleckou a kulturn\u00ed hodnotou. Jak se dostat do Ben\u00e1tek Treviso je m\u011bsto, kter\u00e9 m\u016f\u017eete nav\u0161t\u00edvit v jak\u00e9koliv ro\u010dn\u00ed obdob\u00ed Treviso Treviso je m\u011bsto, kter\u00e9 m\u016f\u017eete nav\u0161t\u00edvit v jak\u00e9koliv ro\u010dn\u00ed obdob\u00ed a v klidu si vychutnat ka\u017ed\u00fd kout, objevovat origin\u00e1ln\u00ed v\u00fdhledy a [&hellip;]","og_url":"https:\/\/www.hotelserenacaorle.com\/cs\/umeni-a-mesta\/","og_site_name":"Hotel Serena","article_modified_time":"2020-05-26T12:35:22+00:00","og_image":[{"width":2000,"height":400,"url":"https:\/\/www.hotelserenacaorle.com\/wp-content\/uploads\/2020\/05\/Hotel_Serena_Caorle_Banner_Dintorni.jpg","type":"image\/jpeg"}],"twitter_card":"summary_large_image","twitter_misc":{"Odhadovan\u00e1 doba \u010dten\u00ed":"3 minuty"},"schema":{"@context":"https:\/\/schema.org","@graph":[{"@type":"WebPage","@id":"https:\/\/www.hotelserenacaorle.com\/cs\/umeni-a-mesta\/","url":"https:\/\/www.hotelserenacaorle.com\/cs\/umeni-a-mesta\/","name":"Um\u011bn\u00ed a m\u011bsta - Hotel Serena","isPartOf":{"@id":"https:\/\/www.hotelserenacaorle.com\/cs\/#website"},"primaryImageOfPage":{"@id":"https:\/\/www.hotelserenacaorle.com\/cs\/umeni-a-mesta\/#primaryimage"},"image":{"@id":"https:\/\/www.hotelserenacaorle.com\/cs\/umeni-a-mesta\/#primaryimage"},"thumbnailUrl":"https:\/\/www.hotelserenacaorle.com\/wp-content\/uploads\/2020\/05\/Hotel_Serena_Caorle_Banner_Dintorni.jpg","datePublished":"2020-05-22T10:03:19+00:00","dateModified":"2020-05-26T12:35:22+00:00","breadcrumb":{"@id":"https:\/\/www.hotelserenacaorle.com\/cs\/umeni-a-mesta\/#breadcrumb"},"inLanguage":"cs","potentialAction":[{"@type":"ReadAction","target":["https:\/\/www.hotelserenacaorle.com\/cs\/umeni-a-mesta\/"]}]},{"@type":"ImageObject","inLanguage":"cs","@id":"https:\/\/www.hotelserenacaorle.com\/cs\/umeni-a-mesta\/#primaryimage","url":"https:\/\/www.hotelserenacaorle.com\/wp-content\/uploads\/2020\/05\/Hotel_Serena_Caorle_Banner_Dintorni.jpg","contentUrl":"https:\/\/www.hotelserenacaorle.com\/wp-content\/uploads\/2020\/05\/Hotel_Serena_Caorle_Banner_Dintorni.jpg","width":2000,"height":400},{"@type":"BreadcrumbList","@id":"https:\/\/www.hotelserenacaorle.com\/cs\/umeni-a-mesta\/#breadcrumb","itemListElement":[{"@type":"ListItem","position":1,"name":"Home","item":"https:\/\/www.hotelserenacaorle.com\/cs\/"},{"@type":"ListItem","position":2,"name":"Um\u011bn\u00ed a m\u011bsta"}]},{"@type":"WebSite","@id":"https:\/\/www.hotelserenacaorle.com\/cs\/#website","url":"https:\/\/www.hotelserenacaorle.com\/cs\/","name":"Hotel Serena","description":"Mo\u0159sk\u00e1 fronta v Caorle","publisher":{"@id":"https:\/\/www.hotelserenacaorle.com\/cs\/#organization"},"potentialAction":[{"@type":"SearchAction","target":{"@type":"EntryPoint","urlTemplate":"https:\/\/www.hotelserenacaorle.com\/cs\/?s={search_term_string}"},"query-input":{"@type":"PropertyValueSpecification","valueRequired":true,"valueName":"search_term_string"}}],"inLanguage":"cs"},{"@type":"Organization","@id":"https:\/\/www.hotelserenacaorle.com\/cs\/#organization","name":"Hotel Serena","url":"https:\/\/www.hotelserenacaorle.com\/cs\/","logo":{"@type":"ImageObject","inLanguage":"cs","@id":"https:\/\/www.hotelserenacaorle.com\/cs\/#\/schema\/logo\/image\/","url":"https:\/\/www.hotelserenacaorle.com\/wp-content\/uploads\/2020\/04\/Logo-orizz-original-white-1-1.png","contentUrl":"https:\/\/www.hotelserenacaorle.com\/wp-content\/uploads\/2020\/04\/Logo-orizz-original-white-1-1.png","width":800,"height":150,"caption":"Hotel Serena"},"image":{"@id":"https:\/\/www.hotelserenacaorle.com\/cs\/#\/schema\/logo\/image\/"}}]}},"uagb_featured_image_src":{"full":["https:\/\/www.hotelserenacaorle.com\/wp-content\/uploads\/2020\/05\/Hotel_Serena_Caorle_Banner_Dintorni.jpg",2000,400,false],"thumbnail":["https:\/\/www.hotelserenacaorle.com\/wp-content\/uploads\/2020\/05\/Hotel_Serena_Caorle_Banner_Dintorni-150x150.jpg",150,150,true],"medium":["https:\/\/www.hotelserenacaorle.com\/wp-content\/uploads\/2020\/05\/Hotel_Serena_Caorle_Banner_Dintorni-300x60.jpg",300,60,true],"medium_large":["https:\/\/www.hotelserenacaorle.com\/wp-content\/uploads\/2020\/05\/Hotel_Serena_Caorle_Banner_Dintorni-768x154.jpg",580,116,true],"large":["https:\/\/www.hotelserenacaorle.com\/wp-content\/uploads\/2020\/05\/Hotel_Serena_Caorle_Banner_Dintorni-1024x205.jpg",580,116,true],"1536x1536":["https:\/\/www.hotelserenacaorle.com\/wp-content\/uploads\/2020\/05\/Hotel_Serena_Caorle_Banner_Dintorni-1536x307.jpg",1536,307,true],"2048x2048":["https:\/\/www.hotelserenacaorle.com\/wp-content\/uploads\/2020\/05\/Hotel_Serena_Caorle_Banner_Dintorni.jpg",2000,400,false],"post-thumbnail":["https:\/\/www.hotelserenacaorle.com\/wp-content\/uploads\/2020\/05\/Hotel_Serena_Caorle_Banner_Dintorni-1200x240.jpg",1200,240,true],"twentytwenty-fullscreen":["https:\/\/www.hotelserenacaorle.com\/wp-content\/uploads\/2020\/05\/Hotel_Serena_Caorle_Banner_Dintorni-1980x396.jpg",1980,396,true]},"uagb_author_info":{"display_name":"3r4cl3-p4l4","author_link":"https:\/\/www.hotelserenacaorle.com\/cs\/author\/3r4cl3-p4l4\/"},"uagb_comment_info":0,"uagb_excerpt":"Kr\u00e1lovna Jadranu Ben\u00e1tky Ben\u00e1tky jsou obzvl\u00e1\u0161t\u011b bohat\u00e9 na muzea a historick\u00e9 budovy s velkou um\u011bleckou a kulturn\u00ed hodnotou. Jak se dostat do Ben\u00e1tek Treviso je m\u011bsto, kter\u00e9 m\u016f\u017eete nav\u0161t\u00edvit v jak\u00e9koliv ro\u010dn\u00ed obdob\u00ed Treviso Treviso je m\u011bsto, kter\u00e9 m\u016f\u017eete nav\u0161t\u00edvit v jak\u00e9koliv ro\u010dn\u00ed obdob\u00ed a v klidu si vychutnat ka\u017ed\u00fd kout, objevovat origin\u00e1ln\u00ed v\u00fdhledy a&hellip;","coauthors":[],"author_meta":{"author_link":"https:\/\/www.hotelserenacaorle.com\/cs\/author\/3r4cl3-p4l4\/","display_name":"3r4cl3-p4l4"},"relative_dates":{"created":"Posted 6 roky ago","modified":"Updated 6 roky ago"},"absolute_dates":{"created":"Posted on 22 kv\u011btna 2020","modified":"Updated on 26 kv\u011btna 2020"},"absolute_dates_time":{"created":"Posted on 22 kv\u011btna 2020 12:03","modified":"Updated on 26 kv\u011btna 2020 14:35"},"featured_img_caption":"","featured_img":"https:\/\/www.hotelserenacaorle.com\/wp-content\/uploads\/2020\/05\/Hotel_Serena_Caorle_Banner_Dintorni-1200x240.jpg","series_order":"","_links":{"self":[{"href":"https:\/\/www.hotelserenacaorle.com\/cs\/wp-json\/wp\/v2\/pages\/4020","targetHints":{"allow":["GET"]}}],"collection":[{"href":"https:\/\/www.hotelserenacaorle.com\/cs\/wp-json\/wp\/v2\/pages"}],"about":[{"href":"https:\/\/www.hotelserenacaorle.com\/cs\/wp-json\/wp\/v2\/types\/page"}],"author":[{"embeddable":true,"href":"https:\/\/www.hotelserenacaorle.com\/cs\/wp-json\/wp\/v2\/users\/1"}],"replies":[{"embeddable":true,"href":"https:\/\/www.hotelserenacaorle.com\/cs\/wp-json\/wp\/v2\/comments?post=4020"}],"version-history":[{"count":0,"href":"https:\/\/www.hotelserenacaorle.com\/cs\/wp-json\/wp\/v2\/pages\/4020\/revisions"}],"wp:featuredmedia":[{"embeddable":true,"href":"https:\/\/www.hotelserenacaorle.com\/cs\/wp-json\/wp\/v2\/media\/4035"}],"wp:attachment":[{"href":"https:\/\/www.hotelserenacaorle.com\/cs\/wp-json\/wp\/v2\/media?parent=4020"}],"curies":[{"name":"wp","href":"https:\/\/api.w.org\/{rel}","templated":true}]}}