{"id":3880,"date":"2020-02-27T08:35:41","date_gmt":"2020-02-27T07:35:41","guid":{"rendered":"https:\/\/serena.promoservicebeta.com\/dati-societari\/"},"modified":"2024-09-04T00:50:11","modified_gmt":"2024-09-03T22:50:11","slug":"company-data","status":"publish","type":"page","link":"https:\/\/www.hotelserenacaorle.com\/cs\/company-data\/","title":{"rendered":"Company Data"},"content":{"rendered":"<div class=\"promo-item-banner\">\n<p><strong>Hotel Serena<\/strong><\/p>\n<p>Lungomare Trieste, 39 &#8211; 30021<br \/>\nCaorle (VE)<\/p>\n<p>Phone: <a href=\"tel:\">+39 0421 811 33<\/a><br \/>\nFax: +39 0421 811 33<br \/>\nE-mail: <a href=\"\" class=\"broken_link\">info@hotelserenacaorle.com<\/a><\/p>\n<p>CIN IT027005A1DDF47ZKL<\/p>\n<p>VAT: 02013730276<br \/>\nPEC: info@pec.hotelserenacaorle.it<br \/>\nRea: VE-191012<br \/>\nShare Capital: <\/p>\n<\/div>\n","protected":false},"excerpt":{"rendered":"<p>&#8211; () Phone: Fax: E-mail: CIN IT027005A1DDF47ZKL VAT: PEC: Rea: Share Capital:<\/p>\n","protected":false},"author":1,"featured_media":3424,"parent":0,"menu_order":0,"comment_status":"closed","ping_status":"closed","template":"","meta":{"_acf_changed":false,"_uag_custom_page_level_css":"","advgb_blocks_editor_width":"","advgb_blocks_columns_visual_guide":"","footnotes":""},"class_list":["post-3880","page","type-page","status-publish","has-post-thumbnail","hentry"],"acf":[],"yoast_head":"<!-- This site is optimized with the Yoast SEO plugin v25.7 - https:\/\/yoast.com\/wordpress\/plugins\/seo\/ -->\n<title>Company Data - Hotel Serena<\/title>\n<meta name=\"robots\" content=\"index, follow, max-snippet:-1, max-image-preview:large, max-video-preview:-1\" \/>\n<link rel=\"canonical\" href=\"https:\/\/www.hotelserenacaorle.com\/cs\/company-data\/\" \/>\n<meta property=\"og:locale\" content=\"cs_CZ\" \/>\n<meta property=\"og:type\" content=\"article\" \/>\n<meta property=\"og:title\" content=\"Company Data - Hotel Serena\" \/>\n<meta property=\"og:description\" content=\"&#8211; () Phone: Fax: E-mail: CIN IT027005A1DDF47ZKL VAT: PEC: Rea: Share Capital:\" \/>\n<meta property=\"og:url\" content=\"https:\/\/www.hotelserenacaorle.com\/cs\/company-data\/\" \/>\n<meta property=\"og:site_name\" content=\"Hotel Serena\" \/>\n<meta property=\"article:modified_time\" content=\"2024-09-03T22:50:11+00:00\" \/>\n<meta property=\"og:image\" content=\"https:\/\/www.hotelserenacaorle.com\/wp-content\/uploads\/2020\/04\/spiaggia-di-levante-hotel-serena-caorle-banner.jpg\" \/>\n\t<meta property=\"og:image:width\" content=\"2000\" \/>\n\t<meta property=\"og:image:height\" content=\"400\" \/>\n\t<meta property=\"og:image:type\" content=\"image\/jpeg\" \/>\n<meta name=\"twitter:card\" content=\"summary_large_image\" \/>\n<meta name=\"twitter:label1\" content=\"Odhadovan\u00e1 doba \u010dten\u00ed\" \/>\n\t<meta name=\"twitter:data1\" content=\"1 minuta\" \/>\n<script type=\"application\/ld+json\" class=\"yoast-schema-graph\">{\"@context\":\"https:\/\/schema.org\",\"@graph\":[{\"@type\":\"WebPage\",\"@id\":\"https:\/\/www.hotelserenacaorle.com\/cs\/company-data\/\",\"url\":\"https:\/\/www.hotelserenacaorle.com\/cs\/company-data\/\",\"name\":\"Company Data - Hotel Serena\",\"isPartOf\":{\"@id\":\"https:\/\/www.hotelserenacaorle.com\/cs\/#website\"},\"primaryImageOfPage\":{\"@id\":\"https:\/\/www.hotelserenacaorle.com\/cs\/company-data\/#primaryimage\"},\"image\":{\"@id\":\"https:\/\/www.hotelserenacaorle.com\/cs\/company-data\/#primaryimage\"},\"thumbnailUrl\":\"https:\/\/www.hotelserenacaorle.com\/wp-content\/uploads\/2020\/04\/spiaggia-di-levante-hotel-serena-caorle-banner.jpg\",\"datePublished\":\"2020-02-27T07:35:41+00:00\",\"dateModified\":\"2024-09-03T22:50:11+00:00\",\"breadcrumb\":{\"@id\":\"https:\/\/www.hotelserenacaorle.com\/cs\/company-data\/#breadcrumb\"},\"inLanguage\":\"cs\",\"potentialAction\":[{\"@type\":\"ReadAction\",\"target\":[\"https:\/\/www.hotelserenacaorle.com\/cs\/company-data\/\"]}]},{\"@type\":\"ImageObject\",\"inLanguage\":\"cs\",\"@id\":\"https:\/\/www.hotelserenacaorle.com\/cs\/company-data\/#primaryimage\",\"url\":\"https:\/\/www.hotelserenacaorle.com\/wp-content\/uploads\/2020\/04\/spiaggia-di-levante-hotel-serena-caorle-banner.jpg\",\"contentUrl\":\"https:\/\/www.hotelserenacaorle.com\/wp-content\/uploads\/2020\/04\/spiaggia-di-levante-hotel-serena-caorle-banner.jpg\",\"width\":2000,\"height\":400},{\"@type\":\"BreadcrumbList\",\"@id\":\"https:\/\/www.hotelserenacaorle.com\/cs\/company-data\/#breadcrumb\",\"itemListElement\":[{\"@type\":\"ListItem\",\"position\":1,\"name\":\"Home\",\"item\":\"https:\/\/www.hotelserenacaorle.com\/cs\/\"},{\"@type\":\"ListItem\",\"position\":2,\"name\":\"Company Data\"}]},{\"@type\":\"WebSite\",\"@id\":\"https:\/\/www.hotelserenacaorle.com\/cs\/#website\",\"url\":\"https:\/\/www.hotelserenacaorle.com\/cs\/\",\"name\":\"Hotel Serena\",\"description\":\"Mo\u0159sk\u00e1 fronta v Caorle\",\"publisher\":{\"@id\":\"https:\/\/www.hotelserenacaorle.com\/cs\/#organization\"},\"potentialAction\":[{\"@type\":\"SearchAction\",\"target\":{\"@type\":\"EntryPoint\",\"urlTemplate\":\"https:\/\/www.hotelserenacaorle.com\/cs\/?s={search_term_string}\"},\"query-input\":{\"@type\":\"PropertyValueSpecification\",\"valueRequired\":true,\"valueName\":\"search_term_string\"}}],\"inLanguage\":\"cs\"},{\"@type\":\"Organization\",\"@id\":\"https:\/\/www.hotelserenacaorle.com\/cs\/#organization\",\"name\":\"Hotel Serena\",\"url\":\"https:\/\/www.hotelserenacaorle.com\/cs\/\",\"logo\":{\"@type\":\"ImageObject\",\"inLanguage\":\"cs\",\"@id\":\"https:\/\/www.hotelserenacaorle.com\/cs\/#\/schema\/logo\/image\/\",\"url\":\"https:\/\/www.hotelserenacaorle.com\/wp-content\/uploads\/2020\/04\/Logo-orizz-original-white-1-1.png\",\"contentUrl\":\"https:\/\/www.hotelserenacaorle.com\/wp-content\/uploads\/2020\/04\/Logo-orizz-original-white-1-1.png\",\"width\":800,\"height\":150,\"caption\":\"Hotel Serena\"},\"image\":{\"@id\":\"https:\/\/www.hotelserenacaorle.com\/cs\/#\/schema\/logo\/image\/\"}}]}<\/script>\n<!-- \/ Yoast SEO plugin. -->","yoast_head_json":{"title":"Company Data - Hotel Serena","robots":{"index":"index","follow":"follow","max-snippet":"max-snippet:-1","max-image-preview":"max-image-preview:large","max-video-preview":"max-video-preview:-1"},"canonical":"https:\/\/www.hotelserenacaorle.com\/cs\/company-data\/","og_locale":"cs_CZ","og_type":"article","og_title":"Company Data - Hotel Serena","og_description":"&#8211; () Phone: Fax: E-mail: CIN IT027005A1DDF47ZKL VAT: PEC: Rea: Share Capital:","og_url":"https:\/\/www.hotelserenacaorle.com\/cs\/company-data\/","og_site_name":"Hotel Serena","article_modified_time":"2024-09-03T22:50:11+00:00","og_image":[{"width":2000,"height":400,"url":"https:\/\/www.hotelserenacaorle.com\/wp-content\/uploads\/2020\/04\/spiaggia-di-levante-hotel-serena-caorle-banner.jpg","type":"image\/jpeg"}],"twitter_card":"summary_large_image","twitter_misc":{"Odhadovan\u00e1 doba \u010dten\u00ed":"1 minuta"},"schema":{"@context":"https:\/\/schema.org","@graph":[{"@type":"WebPage","@id":"https:\/\/www.hotelserenacaorle.com\/cs\/company-data\/","url":"https:\/\/www.hotelserenacaorle.com\/cs\/company-data\/","name":"Company Data - Hotel Serena","isPartOf":{"@id":"https:\/\/www.hotelserenacaorle.com\/cs\/#website"},"primaryImageOfPage":{"@id":"https:\/\/www.hotelserenacaorle.com\/cs\/company-data\/#primaryimage"},"image":{"@id":"https:\/\/www.hotelserenacaorle.com\/cs\/company-data\/#primaryimage"},"thumbnailUrl":"https:\/\/www.hotelserenacaorle.com\/wp-content\/uploads\/2020\/04\/spiaggia-di-levante-hotel-serena-caorle-banner.jpg","datePublished":"2020-02-27T07:35:41+00:00","dateModified":"2024-09-03T22:50:11+00:00","breadcrumb":{"@id":"https:\/\/www.hotelserenacaorle.com\/cs\/company-data\/#breadcrumb"},"inLanguage":"cs","potentialAction":[{"@type":"ReadAction","target":["https:\/\/www.hotelserenacaorle.com\/cs\/company-data\/"]}]},{"@type":"ImageObject","inLanguage":"cs","@id":"https:\/\/www.hotelserenacaorle.com\/cs\/company-data\/#primaryimage","url":"https:\/\/www.hotelserenacaorle.com\/wp-content\/uploads\/2020\/04\/spiaggia-di-levante-hotel-serena-caorle-banner.jpg","contentUrl":"https:\/\/www.hotelserenacaorle.com\/wp-content\/uploads\/2020\/04\/spiaggia-di-levante-hotel-serena-caorle-banner.jpg","width":2000,"height":400},{"@type":"BreadcrumbList","@id":"https:\/\/www.hotelserenacaorle.com\/cs\/company-data\/#breadcrumb","itemListElement":[{"@type":"ListItem","position":1,"name":"Home","item":"https:\/\/www.hotelserenacaorle.com\/cs\/"},{"@type":"ListItem","position":2,"name":"Company Data"}]},{"@type":"WebSite","@id":"https:\/\/www.hotelserenacaorle.com\/cs\/#website","url":"https:\/\/www.hotelserenacaorle.com\/cs\/","name":"Hotel Serena","description":"Mo\u0159sk\u00e1 fronta v Caorle","publisher":{"@id":"https:\/\/www.hotelserenacaorle.com\/cs\/#organization"},"potentialAction":[{"@type":"SearchAction","target":{"@type":"EntryPoint","urlTemplate":"https:\/\/www.hotelserenacaorle.com\/cs\/?s={search_term_string}"},"query-input":{"@type":"PropertyValueSpecification","valueRequired":true,"valueName":"search_term_string"}}],"inLanguage":"cs"},{"@type":"Organization","@id":"https:\/\/www.hotelserenacaorle.com\/cs\/#organization","name":"Hotel Serena","url":"https:\/\/www.hotelserenacaorle.com\/cs\/","logo":{"@type":"ImageObject","inLanguage":"cs","@id":"https:\/\/www.hotelserenacaorle.com\/cs\/#\/schema\/logo\/image\/","url":"https:\/\/www.hotelserenacaorle.com\/wp-content\/uploads\/2020\/04\/Logo-orizz-original-white-1-1.png","contentUrl":"https:\/\/www.hotelserenacaorle.com\/wp-content\/uploads\/2020\/04\/Logo-orizz-original-white-1-1.png","width":800,"height":150,"caption":"Hotel Serena"},"image":{"@id":"https:\/\/www.hotelserenacaorle.com\/cs\/#\/schema\/logo\/image\/"}}]}},"uagb_featured_image_src":{"full":["https:\/\/www.hotelserenacaorle.com\/wp-content\/uploads\/2020\/04\/spiaggia-di-levante-hotel-serena-caorle-banner.jpg",2000,400,false],"thumbnail":["https:\/\/www.hotelserenacaorle.com\/wp-content\/uploads\/2020\/04\/spiaggia-di-levante-hotel-serena-caorle-banner-150x150.jpg",150,150,true],"medium":["https:\/\/www.hotelserenacaorle.com\/wp-content\/uploads\/2020\/04\/spiaggia-di-levante-hotel-serena-caorle-banner-300x60.jpg",300,60,true],"medium_large":["https:\/\/www.hotelserenacaorle.com\/wp-content\/uploads\/2020\/04\/spiaggia-di-levante-hotel-serena-caorle-banner-768x154.jpg",580,116,true],"large":["https:\/\/www.hotelserenacaorle.com\/wp-content\/uploads\/2020\/04\/spiaggia-di-levante-hotel-serena-caorle-banner-1024x205.jpg",580,116,true],"1536x1536":["https:\/\/www.hotelserenacaorle.com\/wp-content\/uploads\/2020\/04\/spiaggia-di-levante-hotel-serena-caorle-banner-1536x307.jpg",1536,307,true],"2048x2048":["https:\/\/www.hotelserenacaorle.com\/wp-content\/uploads\/2020\/04\/spiaggia-di-levante-hotel-serena-caorle-banner.jpg",2000,400,false],"post-thumbnail":["https:\/\/www.hotelserenacaorle.com\/wp-content\/uploads\/2020\/04\/spiaggia-di-levante-hotel-serena-caorle-banner-1200x240.jpg",1200,240,true],"twentytwenty-fullscreen":["https:\/\/www.hotelserenacaorle.com\/wp-content\/uploads\/2020\/04\/spiaggia-di-levante-hotel-serena-caorle-banner-1980x396.jpg",1980,396,true]},"uagb_author_info":{"display_name":"3r4cl3-p4l4","author_link":"https:\/\/www.hotelserenacaorle.com\/cs\/author\/3r4cl3-p4l4\/"},"uagb_comment_info":0,"uagb_excerpt":"&#8211; () Phone: Fax: E-mail: CIN IT027005A1DDF47ZKL VAT: PEC: Rea: Share Capital:","coauthors":[],"author_meta":{"author_link":"https:\/\/www.hotelserenacaorle.com\/cs\/author\/3r4cl3-p4l4\/","display_name":"3r4cl3-p4l4"},"relative_dates":{"created":"Posted 6 roky ago","modified":"Updated 2 roky ago"},"absolute_dates":{"created":"Posted on 27 \u00fanora 2020","modified":"Updated on 4 z\u00e1\u0159\u00ed 2024"},"absolute_dates_time":{"created":"Posted on 27 \u00fanora 2020 08:35","modified":"Updated on 4 z\u00e1\u0159\u00ed 2024 00:50"},"featured_img_caption":"","featured_img":"https:\/\/www.hotelserenacaorle.com\/wp-content\/uploads\/2020\/04\/spiaggia-di-levante-hotel-serena-caorle-banner-1200x240.jpg","series_order":"","_links":{"self":[{"href":"https:\/\/www.hotelserenacaorle.com\/cs\/wp-json\/wp\/v2\/pages\/3880","targetHints":{"allow":["GET"]}}],"collection":[{"href":"https:\/\/www.hotelserenacaorle.com\/cs\/wp-json\/wp\/v2\/pages"}],"about":[{"href":"https:\/\/www.hotelserenacaorle.com\/cs\/wp-json\/wp\/v2\/types\/page"}],"author":[{"embeddable":true,"href":"https:\/\/www.hotelserenacaorle.com\/cs\/wp-json\/wp\/v2\/users\/1"}],"replies":[{"embeddable":true,"href":"https:\/\/www.hotelserenacaorle.com\/cs\/wp-json\/wp\/v2\/comments?post=3880"}],"version-history":[{"count":1,"href":"https:\/\/www.hotelserenacaorle.com\/cs\/wp-json\/wp\/v2\/pages\/3880\/revisions"}],"predecessor-version":[{"id":4771,"href":"https:\/\/www.hotelserenacaorle.com\/cs\/wp-json\/wp\/v2\/pages\/3880\/revisions\/4771"}],"wp:featuredmedia":[{"embeddable":true,"href":"https:\/\/www.hotelserenacaorle.com\/cs\/wp-json\/wp\/v2\/media\/3424"}],"wp:attachment":[{"href":"https:\/\/www.hotelserenacaorle.com\/cs\/wp-json\/wp\/v2\/media?parent=3880"}],"curies":[{"name":"wp","href":"https:\/\/api.w.org\/{rel}","templated":true}]}}