{"id":3841,"date":"2020-04-28T11:32:21","date_gmt":"2020-04-28T09:32:21","guid":{"rendered":"https:\/\/serena.promoservicebeta.com\/i-casoni-di-caorle\/"},"modified":"2020-05-26T14:07:11","modified_gmt":"2020-05-26T12:07:11","slug":"casoni","status":"publish","type":"page","link":"https:\/\/www.hotelserenacaorle.com\/cs\/casoni\/","title":{"rendered":"Casoni &#8211; ryb\u00e1\u0159sk\u00e9 ch\u00fd\u0161e Caorle"},"content":{"rendered":"\n<div class=\"wp-block-group promo-int-1\"><div class=\"wp-block-group__inner-container is-layout-flow wp-block-group-is-layout-flow\">\n<h3 class=\"wp-block-heading\">Laguna Caorle<\/h3>\n\n\n\n<p>Laguna Caorle \u201cCas\u00f3n\u201d, kter\u00fd se nach\u00e1z\u00ed v bezpe\u010dn\u00e9m m\u00edst\u011b m\u00edrn\u011b zv\u00fd\u0161en\u00e9m v d\u016fsledku p\u0159\u00edlivu a odlivu, slou\u017eil jako \u00fato\u010di\u0161t\u011b, domov, skladov\u00e1n\u00ed s\u00edt\u00ed a lovn\u00fdch za\u0159\u00edzen\u00ed. St\u00e1le existuje mnoho ryb\u00e1\u0159sk\u00fdch ch\u00fd\u0161\u00ed v r\u016fzn\u00fdch oblastech Caorlotsk\u00e9 laguny,\u010dasto izolovan\u00e9, aby l\u00e9pe ovl\u00e1dly \u00faseky laguny, kde se lovilo, ale tak\u00e9 seskupeny jako v Falconerii nebo na ryb\u00e1\u0159sk\u00e9m ostrov\u011b, na soutoku Palangonu a Nicesolu, tak\u00e9 naz\u00fdvan\u00e9ho Canalon. Prvn\u00ed zpr\u00e1vy o p\u0159\u00edtomnosti t\u011bchto ch\u00fd\u0161\u00ed poch\u00e1z\u00ed z 2.stolet\u00ed na\u0161eho letopo\u010dtu. Dnes st\u00e1le mo\u017en\u00e9 nav\u0161t\u00edvit n\u011bkter\u00e9 z t\u011bchto venkovsk\u00fdch ryb\u00e1\u0159sk\u00fdch ch\u00fd\u0161\u00ed, kter\u00e9 chr\u00e1n\u00ed stukturu a objekty minulosti. Vybaven\u00fd dv\u011bma okny a vstupn\u00edmi dve\u0159mi, cason m\u00e1 v centr\u00e1ln\u00ed oblasti \u201cfogh\u00e9r\u201d a podlaha je z chud\u00fdch cihel nebo hl\u00edny. K jeho konstrukci byly pou\u017eity materi\u00e1ly, kter\u00e9 jsou v t\u00e9to oblasti snadno dostupn\u00e9, zejm\u00e9na r\u00e1kosov\u00e1 pokr\u00fdvka.\u00a0<\/p>\n<\/div><\/div>\n\n\n\n<div class=\"wp-block-group promo-int-2\"><div class=\"wp-block-group__inner-container is-layout-flow wp-block-group-is-layout-flow\">\n<figure class=\"wp-block-image size-large\"><img loading=\"lazy\" decoding=\"async\" width=\"1000\" height=\"670\" src=\"https:\/\/hotelserenacaorle.com\/wp-content\/uploads\/2020\/04\/Hotel_Serena_casoni_02.jpg\" alt=\"\" class=\"wp-image-2600\" srcset=\"https:\/\/www.hotelserenacaorle.com\/wp-content\/uploads\/2020\/04\/Hotel_Serena_casoni_02.jpg 1000w, https:\/\/www.hotelserenacaorle.com\/wp-content\/uploads\/2020\/04\/Hotel_Serena_casoni_02-300x201.jpg 300w, https:\/\/www.hotelserenacaorle.com\/wp-content\/uploads\/2020\/04\/Hotel_Serena_casoni_02-768x515.jpg 768w\" sizes=\"auto, (max-width: 1000px) 100vw, 1000px\" \/><\/figure>\n<\/div><\/div>\n\n\n\n<div class=\"wp-block-group promo-item-gallery\"><div class=\"wp-block-group__inner-container is-layout-flow wp-block-group-is-layout-flow\">\n<figure class=\"wp-block-gallery columns-3 is-cropped wp-block-gallery-2\"><ul class=\"blocks-gallery-grid\"><li class=\"blocks-gallery-item\"><figure><img loading=\"lazy\" decoding=\"async\" width=\"1000\" height=\"670\" src=\"https:\/\/hotelserenacaorle.com\/wp-content\/uploads\/2020\/04\/Hotel_Serena_casoni_01.jpg\" alt=\"\" data-id=\"2606\" data-full-url=\"https:\/\/hotelserenacaorle.com\/wp-content\/uploads\/2020\/04\/Hotel_Serena_casoni_01.jpg\" data-link=\"https:\/\/hotelserenacaorle.com\/it\/i-casoni-di-caorle\/hotel_serena_casoni_01\/\" class=\"wp-image-2606\" srcset=\"https:\/\/www.hotelserenacaorle.com\/wp-content\/uploads\/2020\/04\/Hotel_Serena_casoni_01.jpg 1000w, https:\/\/www.hotelserenacaorle.com\/wp-content\/uploads\/2020\/04\/Hotel_Serena_casoni_01-300x201.jpg 300w, https:\/\/www.hotelserenacaorle.com\/wp-content\/uploads\/2020\/04\/Hotel_Serena_casoni_01-768x515.jpg 768w\" sizes=\"auto, (max-width: 1000px) 100vw, 1000px\" \/><\/figure><\/li><li class=\"blocks-gallery-item\"><figure><img loading=\"lazy\" decoding=\"async\" width=\"1000\" height=\"670\" src=\"https:\/\/hotelserenacaorle.com\/wp-content\/uploads\/2020\/04\/Hotel_Serena_casoni_02.jpg\" alt=\"\" data-id=\"2600\" data-full-url=\"https:\/\/hotelserenacaorle.com\/wp-content\/uploads\/2020\/04\/Hotel_Serena_casoni_02.jpg\" data-link=\"https:\/\/hotelserenacaorle.com\/it\/i-casoni-di-caorle\/hotel_serena_casoni_02\/\" class=\"wp-image-2600\" srcset=\"https:\/\/www.hotelserenacaorle.com\/wp-content\/uploads\/2020\/04\/Hotel_Serena_casoni_02.jpg 1000w, https:\/\/www.hotelserenacaorle.com\/wp-content\/uploads\/2020\/04\/Hotel_Serena_casoni_02-300x201.jpg 300w, https:\/\/www.hotelserenacaorle.com\/wp-content\/uploads\/2020\/04\/Hotel_Serena_casoni_02-768x515.jpg 768w\" sizes=\"auto, (max-width: 1000px) 100vw, 1000px\" \/><\/figure><\/li><li class=\"blocks-gallery-item\"><figure><img loading=\"lazy\" decoding=\"async\" width=\"1024\" height=\"576\" src=\"https:\/\/hotelserenacaorle.com\/wp-content\/uploads\/2020\/05\/cosa-fare-nei-dintorni-del-nostro-hotel-1-1024x576.jpg\" alt=\"\" data-id=\"4076\" data-full-url=\"https:\/\/hotelserenacaorle.com\/wp-content\/uploads\/2020\/05\/cosa-fare-nei-dintorni-del-nostro-hotel-1.jpg\" data-link=\"https:\/\/hotelserenacaorle.com\/it\/i-casoni-di-caorle\/cosa-fare-nei-dintorni-del-nostro-hotel-2\/\" class=\"wp-image-4076 is-layout-flex wp-block-gallery-is-layout-flex\" srcset=\"https:\/\/www.hotelserenacaorle.com\/wp-content\/uploads\/2020\/05\/cosa-fare-nei-dintorni-del-nostro-hotel-1-1024x576.jpg 1024w, https:\/\/www.hotelserenacaorle.com\/wp-content\/uploads\/2020\/05\/cosa-fare-nei-dintorni-del-nostro-hotel-1-300x169.jpg 300w, https:\/\/www.hotelserenacaorle.com\/wp-content\/uploads\/2020\/05\/cosa-fare-nei-dintorni-del-nostro-hotel-1-768x432.jpg 768w, https:\/\/www.hotelserenacaorle.com\/wp-content\/uploads\/2020\/05\/cosa-fare-nei-dintorni-del-nostro-hotel-1-1536x864.jpg 1536w, https:\/\/www.hotelserenacaorle.com\/wp-content\/uploads\/2020\/05\/cosa-fare-nei-dintorni-del-nostro-hotel-1-1200x675.jpg 1200w, https:\/\/www.hotelserenacaorle.com\/wp-content\/uploads\/2020\/05\/cosa-fare-nei-dintorni-del-nostro-hotel-1.jpg 1920w\" sizes=\"auto, (max-width: 1024px) 100vw, 1024px\" \/><\/figure><\/li><\/ul><\/figure>\n<\/div><\/div>\n","protected":false},"excerpt":{"rendered":"<p>Laguna Caorle Laguna Caorle \u201cCas\u00f3n\u201d, kter\u00fd se nach\u00e1z\u00ed v bezpe\u010dn\u00e9m m\u00edst\u011b m\u00edrn\u011b zv\u00fd\u0161en\u00e9m v d\u016fsledku p\u0159\u00edlivu a odlivu, slou\u017eil jako \u00fato\u010di\u0161t\u011b, domov, skladov\u00e1n\u00ed s\u00edt\u00ed a lovn\u00fdch za\u0159\u00edzen\u00ed. St\u00e1le existuje mnoho ryb\u00e1\u0159sk\u00fdch ch\u00fd\u0161\u00ed v r\u016fzn\u00fdch oblastech Caorlotsk\u00e9 laguny,\u010dasto izolovan\u00e9, aby l\u00e9pe ovl\u00e1dly \u00faseky laguny, kde se lovilo, ale tak\u00e9 seskupeny jako v Falconerii nebo na ryb\u00e1\u0159sk\u00e9m [&hellip;]<\/p>\n","protected":false},"author":1,"featured_media":4071,"parent":0,"menu_order":0,"comment_status":"closed","ping_status":"closed","template":"","meta":{"_acf_changed":false,"_uag_custom_page_level_css":"","advgb_blocks_editor_width":"","advgb_blocks_columns_visual_guide":"","footnotes":""},"class_list":["post-3841","page","type-page","status-publish","has-post-thumbnail","hentry"],"acf":[],"yoast_head":"<!-- This site is optimized with the Yoast SEO plugin v25.7 - https:\/\/yoast.com\/wordpress\/plugins\/seo\/ -->\n<title>Casoni - ryb\u00e1\u0159sk\u00e9 ch\u00fd\u0161e Caorle - Hotel Serena - Fronte mare a Caorle<\/title>\n<meta name=\"description\" content=\"Il \u201ccas\u00f3n\u201d, posto in un luogo sicuro leggermente sopraelevato per via delle maree, serviva da rifugio, abitazione, deposito di reti e attrezzi da pesca.\" \/>\n<meta name=\"robots\" content=\"index, follow, max-snippet:-1, max-image-preview:large, max-video-preview:-1\" \/>\n<link rel=\"canonical\" href=\"https:\/\/www.hotelserenacaorle.com\/cs\/casoni\/\" \/>\n<meta property=\"og:locale\" content=\"cs_CZ\" \/>\n<meta property=\"og:type\" content=\"article\" \/>\n<meta property=\"og:title\" content=\"Casoni - ryb\u00e1\u0159sk\u00e9 ch\u00fd\u0161e Caorle - Hotel Serena - Fronte mare a Caorle\" \/>\n<meta property=\"og:description\" content=\"Il \u201ccas\u00f3n\u201d, posto in un luogo sicuro leggermente sopraelevato per via delle maree, serviva da rifugio, abitazione, deposito di reti e attrezzi da pesca.\" \/>\n<meta property=\"og:url\" content=\"https:\/\/www.hotelserenacaorle.com\/cs\/casoni\/\" \/>\n<meta property=\"og:site_name\" content=\"Hotel Serena\" \/>\n<meta property=\"article:modified_time\" content=\"2020-05-26T12:07:11+00:00\" \/>\n<meta property=\"og:image\" content=\"https:\/\/www.hotelserenacaorle.com\/wp-content\/uploads\/2020\/05\/Hotel_Serena_Caorle_Banner_Casoni.jpg\" \/>\n\t<meta property=\"og:image:width\" content=\"2000\" \/>\n\t<meta property=\"og:image:height\" content=\"400\" \/>\n\t<meta property=\"og:image:type\" content=\"image\/jpeg\" \/>\n<meta name=\"twitter:card\" content=\"summary_large_image\" \/>\n<meta name=\"twitter:label1\" content=\"Odhadovan\u00e1 doba \u010dten\u00ed\" \/>\n\t<meta name=\"twitter:data1\" content=\"1 minuta\" \/>\n<script type=\"application\/ld+json\" class=\"yoast-schema-graph\">{\"@context\":\"https:\/\/schema.org\",\"@graph\":[{\"@type\":\"WebPage\",\"@id\":\"https:\/\/www.hotelserenacaorle.com\/cs\/casoni\/\",\"url\":\"https:\/\/www.hotelserenacaorle.com\/cs\/casoni\/\",\"name\":\"Casoni - ryb\u00e1\u0159sk\u00e9 ch\u00fd\u0161e Caorle - Hotel Serena - Fronte mare a Caorle\",\"isPartOf\":{\"@id\":\"https:\/\/www.hotelserenacaorle.com\/cs\/#website\"},\"primaryImageOfPage\":{\"@id\":\"https:\/\/www.hotelserenacaorle.com\/cs\/casoni\/#primaryimage\"},\"image\":{\"@id\":\"https:\/\/www.hotelserenacaorle.com\/cs\/casoni\/#primaryimage\"},\"thumbnailUrl\":\"https:\/\/www.hotelserenacaorle.com\/wp-content\/uploads\/2020\/05\/Hotel_Serena_Caorle_Banner_Casoni.jpg\",\"datePublished\":\"2020-04-28T09:32:21+00:00\",\"dateModified\":\"2020-05-26T12:07:11+00:00\",\"description\":\"Il \u201ccas\u00f3n\u201d, posto in un luogo sicuro leggermente sopraelevato per via delle maree, serviva da rifugio, abitazione, deposito di reti e attrezzi da pesca.\",\"breadcrumb\":{\"@id\":\"https:\/\/www.hotelserenacaorle.com\/cs\/casoni\/#breadcrumb\"},\"inLanguage\":\"cs\",\"potentialAction\":[{\"@type\":\"ReadAction\",\"target\":[\"https:\/\/www.hotelserenacaorle.com\/cs\/casoni\/\"]}]},{\"@type\":\"ImageObject\",\"inLanguage\":\"cs\",\"@id\":\"https:\/\/www.hotelserenacaorle.com\/cs\/casoni\/#primaryimage\",\"url\":\"https:\/\/www.hotelserenacaorle.com\/wp-content\/uploads\/2020\/05\/Hotel_Serena_Caorle_Banner_Casoni.jpg\",\"contentUrl\":\"https:\/\/www.hotelserenacaorle.com\/wp-content\/uploads\/2020\/05\/Hotel_Serena_Caorle_Banner_Casoni.jpg\",\"width\":2000,\"height\":400},{\"@type\":\"BreadcrumbList\",\"@id\":\"https:\/\/www.hotelserenacaorle.com\/cs\/casoni\/#breadcrumb\",\"itemListElement\":[{\"@type\":\"ListItem\",\"position\":1,\"name\":\"Home\",\"item\":\"https:\/\/www.hotelserenacaorle.com\/cs\/\"},{\"@type\":\"ListItem\",\"position\":2,\"name\":\"Casoni &#8211; ryb\u00e1\u0159sk\u00e9 ch\u00fd\u0161e Caorle\"}]},{\"@type\":\"WebSite\",\"@id\":\"https:\/\/www.hotelserenacaorle.com\/cs\/#website\",\"url\":\"https:\/\/www.hotelserenacaorle.com\/cs\/\",\"name\":\"Hotel Serena\",\"description\":\"Mo\u0159sk\u00e1 fronta v Caorle\",\"publisher\":{\"@id\":\"https:\/\/www.hotelserenacaorle.com\/cs\/#organization\"},\"potentialAction\":[{\"@type\":\"SearchAction\",\"target\":{\"@type\":\"EntryPoint\",\"urlTemplate\":\"https:\/\/www.hotelserenacaorle.com\/cs\/?s={search_term_string}\"},\"query-input\":{\"@type\":\"PropertyValueSpecification\",\"valueRequired\":true,\"valueName\":\"search_term_string\"}}],\"inLanguage\":\"cs\"},{\"@type\":\"Organization\",\"@id\":\"https:\/\/www.hotelserenacaorle.com\/cs\/#organization\",\"name\":\"Hotel Serena\",\"url\":\"https:\/\/www.hotelserenacaorle.com\/cs\/\",\"logo\":{\"@type\":\"ImageObject\",\"inLanguage\":\"cs\",\"@id\":\"https:\/\/www.hotelserenacaorle.com\/cs\/#\/schema\/logo\/image\/\",\"url\":\"https:\/\/www.hotelserenacaorle.com\/wp-content\/uploads\/2020\/04\/Logo-orizz-original-white-1-1.png\",\"contentUrl\":\"https:\/\/www.hotelserenacaorle.com\/wp-content\/uploads\/2020\/04\/Logo-orizz-original-white-1-1.png\",\"width\":800,\"height\":150,\"caption\":\"Hotel Serena\"},\"image\":{\"@id\":\"https:\/\/www.hotelserenacaorle.com\/cs\/#\/schema\/logo\/image\/\"}}]}<\/script>\n<!-- \/ Yoast SEO plugin. -->","yoast_head_json":{"title":"Casoni - ryb\u00e1\u0159sk\u00e9 ch\u00fd\u0161e Caorle - Hotel Serena - Fronte mare a Caorle","description":"Il \u201ccas\u00f3n\u201d, posto in un luogo sicuro leggermente sopraelevato per via delle maree, serviva da rifugio, abitazione, deposito di reti e attrezzi da pesca.","robots":{"index":"index","follow":"follow","max-snippet":"max-snippet:-1","max-image-preview":"max-image-preview:large","max-video-preview":"max-video-preview:-1"},"canonical":"https:\/\/www.hotelserenacaorle.com\/cs\/casoni\/","og_locale":"cs_CZ","og_type":"article","og_title":"Casoni - ryb\u00e1\u0159sk\u00e9 ch\u00fd\u0161e Caorle - Hotel Serena - Fronte mare a Caorle","og_description":"Il \u201ccas\u00f3n\u201d, posto in un luogo sicuro leggermente sopraelevato per via delle maree, serviva da rifugio, abitazione, deposito di reti e attrezzi da pesca.","og_url":"https:\/\/www.hotelserenacaorle.com\/cs\/casoni\/","og_site_name":"Hotel Serena","article_modified_time":"2020-05-26T12:07:11+00:00","og_image":[{"width":2000,"height":400,"url":"https:\/\/www.hotelserenacaorle.com\/wp-content\/uploads\/2020\/05\/Hotel_Serena_Caorle_Banner_Casoni.jpg","type":"image\/jpeg"}],"twitter_card":"summary_large_image","twitter_misc":{"Odhadovan\u00e1 doba \u010dten\u00ed":"1 minuta"},"schema":{"@context":"https:\/\/schema.org","@graph":[{"@type":"WebPage","@id":"https:\/\/www.hotelserenacaorle.com\/cs\/casoni\/","url":"https:\/\/www.hotelserenacaorle.com\/cs\/casoni\/","name":"Casoni - ryb\u00e1\u0159sk\u00e9 ch\u00fd\u0161e Caorle - Hotel Serena - Fronte mare a Caorle","isPartOf":{"@id":"https:\/\/www.hotelserenacaorle.com\/cs\/#website"},"primaryImageOfPage":{"@id":"https:\/\/www.hotelserenacaorle.com\/cs\/casoni\/#primaryimage"},"image":{"@id":"https:\/\/www.hotelserenacaorle.com\/cs\/casoni\/#primaryimage"},"thumbnailUrl":"https:\/\/www.hotelserenacaorle.com\/wp-content\/uploads\/2020\/05\/Hotel_Serena_Caorle_Banner_Casoni.jpg","datePublished":"2020-04-28T09:32:21+00:00","dateModified":"2020-05-26T12:07:11+00:00","description":"Il \u201ccas\u00f3n\u201d, posto in un luogo sicuro leggermente sopraelevato per via delle maree, serviva da rifugio, abitazione, deposito di reti e attrezzi da pesca.","breadcrumb":{"@id":"https:\/\/www.hotelserenacaorle.com\/cs\/casoni\/#breadcrumb"},"inLanguage":"cs","potentialAction":[{"@type":"ReadAction","target":["https:\/\/www.hotelserenacaorle.com\/cs\/casoni\/"]}]},{"@type":"ImageObject","inLanguage":"cs","@id":"https:\/\/www.hotelserenacaorle.com\/cs\/casoni\/#primaryimage","url":"https:\/\/www.hotelserenacaorle.com\/wp-content\/uploads\/2020\/05\/Hotel_Serena_Caorle_Banner_Casoni.jpg","contentUrl":"https:\/\/www.hotelserenacaorle.com\/wp-content\/uploads\/2020\/05\/Hotel_Serena_Caorle_Banner_Casoni.jpg","width":2000,"height":400},{"@type":"BreadcrumbList","@id":"https:\/\/www.hotelserenacaorle.com\/cs\/casoni\/#breadcrumb","itemListElement":[{"@type":"ListItem","position":1,"name":"Home","item":"https:\/\/www.hotelserenacaorle.com\/cs\/"},{"@type":"ListItem","position":2,"name":"Casoni &#8211; ryb\u00e1\u0159sk\u00e9 ch\u00fd\u0161e Caorle"}]},{"@type":"WebSite","@id":"https:\/\/www.hotelserenacaorle.com\/cs\/#website","url":"https:\/\/www.hotelserenacaorle.com\/cs\/","name":"Hotel Serena","description":"Mo\u0159sk\u00e1 fronta v Caorle","publisher":{"@id":"https:\/\/www.hotelserenacaorle.com\/cs\/#organization"},"potentialAction":[{"@type":"SearchAction","target":{"@type":"EntryPoint","urlTemplate":"https:\/\/www.hotelserenacaorle.com\/cs\/?s={search_term_string}"},"query-input":{"@type":"PropertyValueSpecification","valueRequired":true,"valueName":"search_term_string"}}],"inLanguage":"cs"},{"@type":"Organization","@id":"https:\/\/www.hotelserenacaorle.com\/cs\/#organization","name":"Hotel Serena","url":"https:\/\/www.hotelserenacaorle.com\/cs\/","logo":{"@type":"ImageObject","inLanguage":"cs","@id":"https:\/\/www.hotelserenacaorle.com\/cs\/#\/schema\/logo\/image\/","url":"https:\/\/www.hotelserenacaorle.com\/wp-content\/uploads\/2020\/04\/Logo-orizz-original-white-1-1.png","contentUrl":"https:\/\/www.hotelserenacaorle.com\/wp-content\/uploads\/2020\/04\/Logo-orizz-original-white-1-1.png","width":800,"height":150,"caption":"Hotel Serena"},"image":{"@id":"https:\/\/www.hotelserenacaorle.com\/cs\/#\/schema\/logo\/image\/"}}]}},"uagb_featured_image_src":{"full":["https:\/\/www.hotelserenacaorle.com\/wp-content\/uploads\/2020\/05\/Hotel_Serena_Caorle_Banner_Casoni.jpg",2000,400,false],"thumbnail":["https:\/\/www.hotelserenacaorle.com\/wp-content\/uploads\/2020\/05\/Hotel_Serena_Caorle_Banner_Casoni-150x150.jpg",150,150,true],"medium":["https:\/\/www.hotelserenacaorle.com\/wp-content\/uploads\/2020\/05\/Hotel_Serena_Caorle_Banner_Casoni-300x60.jpg",300,60,true],"medium_large":["https:\/\/www.hotelserenacaorle.com\/wp-content\/uploads\/2020\/05\/Hotel_Serena_Caorle_Banner_Casoni-768x154.jpg",580,116,true],"large":["https:\/\/www.hotelserenacaorle.com\/wp-content\/uploads\/2020\/05\/Hotel_Serena_Caorle_Banner_Casoni-1024x205.jpg",580,116,true],"1536x1536":["https:\/\/www.hotelserenacaorle.com\/wp-content\/uploads\/2020\/05\/Hotel_Serena_Caorle_Banner_Casoni-1536x307.jpg",1536,307,true],"2048x2048":["https:\/\/www.hotelserenacaorle.com\/wp-content\/uploads\/2020\/05\/Hotel_Serena_Caorle_Banner_Casoni.jpg",2000,400,false],"post-thumbnail":["https:\/\/www.hotelserenacaorle.com\/wp-content\/uploads\/2020\/05\/Hotel_Serena_Caorle_Banner_Casoni-1200x240.jpg",1200,240,true],"twentytwenty-fullscreen":["https:\/\/www.hotelserenacaorle.com\/wp-content\/uploads\/2020\/05\/Hotel_Serena_Caorle_Banner_Casoni-1980x396.jpg",1980,396,true]},"uagb_author_info":{"display_name":"3r4cl3-p4l4","author_link":"https:\/\/www.hotelserenacaorle.com\/cs\/author\/3r4cl3-p4l4\/"},"uagb_comment_info":0,"uagb_excerpt":"Laguna Caorle Laguna Caorle \u201cCas\u00f3n\u201d, kter\u00fd se nach\u00e1z\u00ed v bezpe\u010dn\u00e9m m\u00edst\u011b m\u00edrn\u011b zv\u00fd\u0161en\u00e9m v d\u016fsledku p\u0159\u00edlivu a odlivu, slou\u017eil jako \u00fato\u010di\u0161t\u011b, domov, skladov\u00e1n\u00ed s\u00edt\u00ed a lovn\u00fdch za\u0159\u00edzen\u00ed. St\u00e1le existuje mnoho ryb\u00e1\u0159sk\u00fdch ch\u00fd\u0161\u00ed v r\u016fzn\u00fdch oblastech Caorlotsk\u00e9 laguny,\u010dasto izolovan\u00e9, aby l\u00e9pe ovl\u00e1dly \u00faseky laguny, kde se lovilo, ale tak\u00e9 seskupeny jako v Falconerii nebo na ryb\u00e1\u0159sk\u00e9m&hellip;","coauthors":[],"author_meta":{"author_link":"https:\/\/www.hotelserenacaorle.com\/cs\/author\/3r4cl3-p4l4\/","display_name":"3r4cl3-p4l4"},"relative_dates":{"created":"Posted 6 roky ago","modified":"Updated 6 roky ago"},"absolute_dates":{"created":"Posted on 28 dubna 2020","modified":"Updated on 26 kv\u011btna 2020"},"absolute_dates_time":{"created":"Posted on 28 dubna 2020 11:32","modified":"Updated on 26 kv\u011btna 2020 14:07"},"featured_img_caption":"","featured_img":"https:\/\/www.hotelserenacaorle.com\/wp-content\/uploads\/2020\/05\/Hotel_Serena_Caorle_Banner_Casoni-1200x240.jpg","series_order":"","_links":{"self":[{"href":"https:\/\/www.hotelserenacaorle.com\/cs\/wp-json\/wp\/v2\/pages\/3841","targetHints":{"allow":["GET"]}}],"collection":[{"href":"https:\/\/www.hotelserenacaorle.com\/cs\/wp-json\/wp\/v2\/pages"}],"about":[{"href":"https:\/\/www.hotelserenacaorle.com\/cs\/wp-json\/wp\/v2\/types\/page"}],"author":[{"embeddable":true,"href":"https:\/\/www.hotelserenacaorle.com\/cs\/wp-json\/wp\/v2\/users\/1"}],"replies":[{"embeddable":true,"href":"https:\/\/www.hotelserenacaorle.com\/cs\/wp-json\/wp\/v2\/comments?post=3841"}],"version-history":[{"count":0,"href":"https:\/\/www.hotelserenacaorle.com\/cs\/wp-json\/wp\/v2\/pages\/3841\/revisions"}],"wp:featuredmedia":[{"embeddable":true,"href":"https:\/\/www.hotelserenacaorle.com\/cs\/wp-json\/wp\/v2\/media\/4071"}],"wp:attachment":[{"href":"https:\/\/www.hotelserenacaorle.com\/cs\/wp-json\/wp\/v2\/media?parent=3841"}],"curies":[{"name":"wp","href":"https:\/\/api.w.org\/{rel}","templated":true}]}}