{"id":3826,"date":"2020-04-28T10:59:08","date_gmt":"2020-04-28T08:59:08","guid":{"rendered":"https:\/\/serena.promoservicebeta.com\/le-spiagge-di-caorle\/"},"modified":"2020-05-14T15:05:11","modified_gmt":"2020-05-14T13:05:11","slug":"plaze-caorle","status":"publish","type":"page","link":"https:\/\/www.hotelserenacaorle.com\/cs\/plaze-caorle\/","title":{"rendered":"Pl\u00e1\u017ee Caorle"},"content":{"rendered":"\n<div class=\"wp-block-group promo-int-1\"><div class=\"wp-block-group__inner-container is-layout-flow wp-block-group-is-layout-flow\">\n<p>Caorle se m\u016f\u017ee chlubit p\u0159es <strong>15 km<\/strong> dlouh\u00fdm pob\u0159e\u017e\u00edm, kter\u00e9 se vine p\u0159es p\u0159\u00edmo\u0159sk\u00e1 letoviska jako <strong>Porto Santa Margherita<\/strong>, <strong>Lido Altanea a Duna Verde<\/strong>. Tento dlouh\u00fd pruh pl\u00e1\u017ee se vyzna\u010duje zlat\u00fdm p\u00edskem a mo\u0159em s k\u0159i\u0161\u0165\u00e1lov\u011b \u010distou vodou s pozvoln\u00fdm vstupem do mo\u0159e.<\/p>\n\n\n\n<p>T\u00e9m\u011b\u0159 cel\u00e9 pob\u0159e\u017e\u00ed je vybaveno pl\u00e1\u017eov\u00fdmi slu\u017ebami, kter\u00e9 zaru\u010duj\u00ed nejlep\u0161\u00ed <strong>komfort pro turisty<\/strong> na dovolen\u00e9, ve skute\u010dnosti tady najdete: slune\u010dn\u00edky, leh\u00e1tka, sprchy, p\u0159evl\u00edkac\u00ed kabinky, d\u011btsk\u00e9 koutky, anima\u010dn\u00ed programy pro d\u011bti, z\u00e1chran\u00e1\u0159skou slu\u017ebu, slu\u017ebu prvn\u00ed pomoci, kiosky, p\u016fj\u010dovny \u0161lapadel a k\u00e1no\u00ed.<\/p>\n\n\n\n<p>Dlouh\u00e1 pl\u00e1\u017e, kter\u00e1 vede paraleln\u011b pod\u00e9l b\u0159ehu je ide\u00e1ln\u00edm \u0159e\u0161en\u00edm <strong>pro milovn\u00edky b\u011bhu a proch\u00e1zek<\/strong> za \u00fasvitu nebo z\u00e1padu slunce.<\/p>\n\n\n\n<p>V n\u011bkter\u00fdch bodech najdete i \u00faseky <strong>voln\u00e9 pl\u00e1\u017ee<\/strong>, kde si m\u016f\u017eete vlastn\u00ed slune\u010dn\u00edk a pl\u00e1\u017eovou soupravu, abyste si mohli u\u017e\u00edvat dne na pl\u00e1\u017ei v <strong>naprost\u00e9 autonomii<\/strong>.<\/p>\n<\/div><\/div>\n\n\n\n<div class=\"wp-block-group promo-int-2\"><div class=\"wp-block-group__inner-container is-layout-flow wp-block-group-is-layout-flow\">\n<figure class=\"wp-block-image size-large\"><img loading=\"lazy\" decoding=\"async\" width=\"1000\" height=\"670\" src=\"https:\/\/hotelserenacaorle.com\/wp-content\/uploads\/2020\/04\/Hotel_Serena_caorle_011.jpg\" alt=\"\" class=\"wp-image-2580\" srcset=\"https:\/\/www.hotelserenacaorle.com\/wp-content\/uploads\/2020\/04\/Hotel_Serena_caorle_011.jpg 1000w, https:\/\/www.hotelserenacaorle.com\/wp-content\/uploads\/2020\/04\/Hotel_Serena_caorle_011-300x201.jpg 300w, https:\/\/www.hotelserenacaorle.com\/wp-content\/uploads\/2020\/04\/Hotel_Serena_caorle_011-768x515.jpg 768w\" sizes=\"auto, (max-width: 1000px) 100vw, 1000px\" \/><\/figure>\n<\/div><\/div>\n\n\n\n<div class=\"wp-block-group promo-int-3\"><div class=\"wp-block-group__inner-container is-layout-flow wp-block-group-is-layout-flow\">\n<figure class=\"wp-block-image size-large\"><img loading=\"lazy\" decoding=\"async\" width=\"1000\" height=\"670\" src=\"https:\/\/hotelserenacaorle.com\/wp-content\/uploads\/2020\/04\/Hotel_Serena_caorle_02.jpg\" alt=\"\" class=\"wp-image-2586\" srcset=\"https:\/\/www.hotelserenacaorle.com\/wp-content\/uploads\/2020\/04\/Hotel_Serena_caorle_02.jpg 1000w, https:\/\/www.hotelserenacaorle.com\/wp-content\/uploads\/2020\/04\/Hotel_Serena_caorle_02-300x201.jpg 300w, https:\/\/www.hotelserenacaorle.com\/wp-content\/uploads\/2020\/04\/Hotel_Serena_caorle_02-768x515.jpg 768w\" sizes=\"auto, (max-width: 1000px) 100vw, 1000px\" \/><\/figure>\n<\/div><\/div>\n\n\n\n<div class=\"wp-block-group promo-int-4\"><div class=\"wp-block-group__inner-container is-layout-flow wp-block-group-is-layout-flow\">\n<h3 class=\"wp-block-heading\">Historie a podrobnosti<\/h3>\n\n\n\n<p>Po obdob\u00ed druh\u00e9 sv\u011btov\u00e9 v\u00e1lky, ve kter\u00e9m do\u0161lo k v\u00e1\u017en\u00e9mu zat\u010den\u00ed hospod\u00e1\u0159stv\u00ed zem\u011b zalo\u017een\u00e9 hlavn\u011b na rybolovu, se Caorle d\u00edky pl\u00e1\u017ei dok\u00e1zalo odemknout a dos\u00e1hnout v\u00fdznamn\u00e9ho <strong>zv\u00fd\u0161en\u00ed turist\u016f<\/strong> a n\u00e1sledn\u00e9ho obrovsk\u00e9ho pen\u011b\u017en\u00edho p\u0159\u00edjmu.<br>Rozkl\u00e1d\u00e1 se p\u0159es 15 km pod\u00e9l pob\u0159e\u017e\u00ed Jadersk\u00e9ho mo\u0159e a nab\u00edz\u00ed turist\u016fm d\u00edky r\u016fzn\u00fdm a vybaven\u00fdm hotel\u016fm nezapomenutelnou dovolenou, tr\u00e1ven\u00ed voln\u00e9ho \u010dasu, <strong>pohodl\u00ed a r\u016fzn\u00e1 z\u00e1bavn\u00e1 p\u0159edstaven\u00ed.<\/strong><\/p>\n\n\n\n<p>Tato prom\u011bna se uskute\u010dnila kolem roku <strong>1911<\/strong> se slavnostn\u00edm otev\u0159en\u00edm <strong>prvn\u00edho hotelu<\/strong> a pokra\u010dovala dodnes a p\u0159ivedla na pob\u0159e\u017e\u00ed Ben\u00e1tska asi 200 hotel\u016f, mnoho kemp\u016f, turistick\u00fdch st\u0159edisek, kr\u00e1sn\u00fdch rezidenc\u00ed a mnoho dal\u0161\u00edch turistick\u00fdch za\u0159\u00edzen\u00ed. K dokon\u010den\u00ed ji\u017e tak velkolep\u00e9 pr\u00e1ce je p\u0159id\u00e1no <strong>p\u0159\u00edjemn\u00e9 mo\u0159e<\/strong>, kter\u00e9 je podle mnoha <strong>t\u00edm nejkr\u00e1sn\u011bj\u0161\u00edm v cel\u00e9m Ben\u00e1tsku<\/strong>.<\/p>\n\n\n\n<p>Caorle se proto m\u016f\u017ee chlubit <strong>obrovsk\u00fdm d\u011bdictv\u00edm<\/strong>, kter\u00e9 se roz\u0161i\u0159uje na ka\u017ed\u00e9m m\u00edst\u011b a struktu\u0159e na jeho \u00fazem\u00ed a kter\u00e9 p\u0159isp\u00edv\u00e1 k tomu, aby se z tohoto m\u00edsta stalo unik\u00e1tn\u00ed <strong>setk\u00e1n\u00ed mezi kulturou, \u0161armem a z\u00e1bavou<\/strong>. P\u0159edstavuje tedy vz\u00e1cn\u00e9 a jedine\u010dn\u00e9 m\u00edsto, kter\u00e9 se st\u00e1v\u00e1 jedn\u00edm z prvn\u00edch m\u00edst na severov\u00fdchod\u011b, kter\u00e9 m\u016f\u017eete nav\u0161t\u00edvit, pokud chcete znovu objevit pot\u011b\u0161en\u00ed z um\u011bn\u00ed.<\/p>\n<\/div><\/div>\n","protected":false},"excerpt":{"rendered":"<p>Caorle se m\u016f\u017ee chlubit p\u0159es 15 km dlouh\u00fdm pob\u0159e\u017e\u00edm, kter\u00e9 se vine p\u0159es p\u0159\u00edmo\u0159sk\u00e1 letoviska jako Porto Santa Margherita, Lido Altanea a Duna Verde. Tento dlouh\u00fd pruh pl\u00e1\u017ee se vyzna\u010duje zlat\u00fdm p\u00edskem a mo\u0159em s k\u0159i\u0161\u0165\u00e1lov\u011b \u010distou vodou s pozvoln\u00fdm vstupem do mo\u0159e. T\u00e9m\u011b\u0159 cel\u00e9 pob\u0159e\u017e\u00ed je vybaveno pl\u00e1\u017eov\u00fdmi slu\u017ebami, kter\u00e9 zaru\u010duj\u00ed nejlep\u0161\u00ed komfort pro [&hellip;]<\/p>\n","protected":false},"author":1,"featured_media":4086,"parent":0,"menu_order":0,"comment_status":"closed","ping_status":"closed","template":"","meta":{"_acf_changed":false,"_uag_custom_page_level_css":"","advgb_blocks_editor_width":"","advgb_blocks_columns_visual_guide":"","footnotes":""},"class_list":["post-3826","page","type-page","status-publish","has-post-thumbnail","hentry"],"acf":[],"yoast_head":"<!-- This site is optimized with the Yoast SEO plugin v25.7 - https:\/\/yoast.com\/wordpress\/plugins\/seo\/ -->\n<title>Pl\u00e1\u017ee Caorle - Hotel Serena - Fronte mare a Caorle<\/title>\n<meta name=\"description\" content=\"Il litorale di Caorle vanta un\u2019estensione di oltre 15 km snodandosi nelle varie frazioni del paese quali Porto Santa Margherita, Lido Altanea e Duna Verde.\" \/>\n<meta name=\"robots\" content=\"index, follow, max-snippet:-1, max-image-preview:large, max-video-preview:-1\" \/>\n<link rel=\"canonical\" href=\"https:\/\/www.hotelserenacaorle.com\/cs\/plaze-caorle\/\" \/>\n<meta property=\"og:locale\" content=\"cs_CZ\" \/>\n<meta property=\"og:type\" content=\"article\" \/>\n<meta property=\"og:title\" content=\"Pl\u00e1\u017ee Caorle - Hotel Serena - Fronte mare a Caorle\" \/>\n<meta property=\"og:description\" content=\"Il litorale di Caorle vanta un\u2019estensione di oltre 15 km snodandosi nelle varie frazioni del paese quali Porto Santa Margherita, Lido Altanea e Duna Verde.\" \/>\n<meta property=\"og:url\" content=\"https:\/\/www.hotelserenacaorle.com\/cs\/plaze-caorle\/\" \/>\n<meta property=\"og:site_name\" content=\"Hotel Serena\" \/>\n<meta property=\"article:modified_time\" content=\"2020-05-14T13:05:11+00:00\" \/>\n<meta property=\"og:image\" content=\"https:\/\/www.hotelserenacaorle.com\/wp-content\/uploads\/2020\/05\/Hotel_Serena_Caorle_Banner_Spiaggia.jpg\" \/>\n\t<meta property=\"og:image:width\" content=\"2000\" \/>\n\t<meta property=\"og:image:height\" content=\"400\" \/>\n\t<meta property=\"og:image:type\" content=\"image\/jpeg\" \/>\n<meta name=\"twitter:card\" content=\"summary_large_image\" \/>\n<meta name=\"twitter:label1\" content=\"Odhadovan\u00e1 doba \u010dten\u00ed\" \/>\n\t<meta name=\"twitter:data1\" content=\"2 minuty\" \/>\n<script type=\"application\/ld+json\" class=\"yoast-schema-graph\">{\"@context\":\"https:\/\/schema.org\",\"@graph\":[{\"@type\":\"WebPage\",\"@id\":\"https:\/\/www.hotelserenacaorle.com\/cs\/plaze-caorle\/\",\"url\":\"https:\/\/www.hotelserenacaorle.com\/cs\/plaze-caorle\/\",\"name\":\"Pl\u00e1\u017ee Caorle - Hotel Serena - Fronte mare a Caorle\",\"isPartOf\":{\"@id\":\"https:\/\/www.hotelserenacaorle.com\/cs\/#website\"},\"primaryImageOfPage\":{\"@id\":\"https:\/\/www.hotelserenacaorle.com\/cs\/plaze-caorle\/#primaryimage\"},\"image\":{\"@id\":\"https:\/\/www.hotelserenacaorle.com\/cs\/plaze-caorle\/#primaryimage\"},\"thumbnailUrl\":\"https:\/\/www.hotelserenacaorle.com\/wp-content\/uploads\/2020\/05\/Hotel_Serena_Caorle_Banner_Spiaggia.jpg\",\"datePublished\":\"2020-04-28T08:59:08+00:00\",\"dateModified\":\"2020-05-14T13:05:11+00:00\",\"description\":\"Il litorale di Caorle vanta un\u2019estensione di oltre 15 km snodandosi nelle varie frazioni del paese quali Porto Santa Margherita, Lido Altanea e Duna Verde.\",\"breadcrumb\":{\"@id\":\"https:\/\/www.hotelserenacaorle.com\/cs\/plaze-caorle\/#breadcrumb\"},\"inLanguage\":\"cs\",\"potentialAction\":[{\"@type\":\"ReadAction\",\"target\":[\"https:\/\/www.hotelserenacaorle.com\/cs\/plaze-caorle\/\"]}]},{\"@type\":\"ImageObject\",\"inLanguage\":\"cs\",\"@id\":\"https:\/\/www.hotelserenacaorle.com\/cs\/plaze-caorle\/#primaryimage\",\"url\":\"https:\/\/www.hotelserenacaorle.com\/wp-content\/uploads\/2020\/05\/Hotel_Serena_Caorle_Banner_Spiaggia.jpg\",\"contentUrl\":\"https:\/\/www.hotelserenacaorle.com\/wp-content\/uploads\/2020\/05\/Hotel_Serena_Caorle_Banner_Spiaggia.jpg\",\"width\":2000,\"height\":400},{\"@type\":\"BreadcrumbList\",\"@id\":\"https:\/\/www.hotelserenacaorle.com\/cs\/plaze-caorle\/#breadcrumb\",\"itemListElement\":[{\"@type\":\"ListItem\",\"position\":1,\"name\":\"Home\",\"item\":\"https:\/\/www.hotelserenacaorle.com\/cs\/\"},{\"@type\":\"ListItem\",\"position\":2,\"name\":\"Pl\u00e1\u017ee Caorle\"}]},{\"@type\":\"WebSite\",\"@id\":\"https:\/\/www.hotelserenacaorle.com\/cs\/#website\",\"url\":\"https:\/\/www.hotelserenacaorle.com\/cs\/\",\"name\":\"Hotel Serena\",\"description\":\"Mo\u0159sk\u00e1 fronta v Caorle\",\"publisher\":{\"@id\":\"https:\/\/www.hotelserenacaorle.com\/cs\/#organization\"},\"potentialAction\":[{\"@type\":\"SearchAction\",\"target\":{\"@type\":\"EntryPoint\",\"urlTemplate\":\"https:\/\/www.hotelserenacaorle.com\/cs\/?s={search_term_string}\"},\"query-input\":{\"@type\":\"PropertyValueSpecification\",\"valueRequired\":true,\"valueName\":\"search_term_string\"}}],\"inLanguage\":\"cs\"},{\"@type\":\"Organization\",\"@id\":\"https:\/\/www.hotelserenacaorle.com\/cs\/#organization\",\"name\":\"Hotel Serena\",\"url\":\"https:\/\/www.hotelserenacaorle.com\/cs\/\",\"logo\":{\"@type\":\"ImageObject\",\"inLanguage\":\"cs\",\"@id\":\"https:\/\/www.hotelserenacaorle.com\/cs\/#\/schema\/logo\/image\/\",\"url\":\"https:\/\/www.hotelserenacaorle.com\/wp-content\/uploads\/2020\/04\/Logo-orizz-original-white-1-1.png\",\"contentUrl\":\"https:\/\/www.hotelserenacaorle.com\/wp-content\/uploads\/2020\/04\/Logo-orizz-original-white-1-1.png\",\"width\":800,\"height\":150,\"caption\":\"Hotel Serena\"},\"image\":{\"@id\":\"https:\/\/www.hotelserenacaorle.com\/cs\/#\/schema\/logo\/image\/\"}}]}<\/script>\n<!-- \/ Yoast SEO plugin. -->","yoast_head_json":{"title":"Pl\u00e1\u017ee Caorle - Hotel Serena - Fronte mare a Caorle","description":"Il litorale di Caorle vanta un\u2019estensione di oltre 15 km snodandosi nelle varie frazioni del paese quali Porto Santa Margherita, Lido Altanea e Duna Verde.","robots":{"index":"index","follow":"follow","max-snippet":"max-snippet:-1","max-image-preview":"max-image-preview:large","max-video-preview":"max-video-preview:-1"},"canonical":"https:\/\/www.hotelserenacaorle.com\/cs\/plaze-caorle\/","og_locale":"cs_CZ","og_type":"article","og_title":"Pl\u00e1\u017ee Caorle - Hotel Serena - Fronte mare a Caorle","og_description":"Il litorale di Caorle vanta un\u2019estensione di oltre 15 km snodandosi nelle varie frazioni del paese quali Porto Santa Margherita, Lido Altanea e Duna Verde.","og_url":"https:\/\/www.hotelserenacaorle.com\/cs\/plaze-caorle\/","og_site_name":"Hotel Serena","article_modified_time":"2020-05-14T13:05:11+00:00","og_image":[{"width":2000,"height":400,"url":"https:\/\/www.hotelserenacaorle.com\/wp-content\/uploads\/2020\/05\/Hotel_Serena_Caorle_Banner_Spiaggia.jpg","type":"image\/jpeg"}],"twitter_card":"summary_large_image","twitter_misc":{"Odhadovan\u00e1 doba \u010dten\u00ed":"2 minuty"},"schema":{"@context":"https:\/\/schema.org","@graph":[{"@type":"WebPage","@id":"https:\/\/www.hotelserenacaorle.com\/cs\/plaze-caorle\/","url":"https:\/\/www.hotelserenacaorle.com\/cs\/plaze-caorle\/","name":"Pl\u00e1\u017ee Caorle - Hotel Serena - Fronte mare a Caorle","isPartOf":{"@id":"https:\/\/www.hotelserenacaorle.com\/cs\/#website"},"primaryImageOfPage":{"@id":"https:\/\/www.hotelserenacaorle.com\/cs\/plaze-caorle\/#primaryimage"},"image":{"@id":"https:\/\/www.hotelserenacaorle.com\/cs\/plaze-caorle\/#primaryimage"},"thumbnailUrl":"https:\/\/www.hotelserenacaorle.com\/wp-content\/uploads\/2020\/05\/Hotel_Serena_Caorle_Banner_Spiaggia.jpg","datePublished":"2020-04-28T08:59:08+00:00","dateModified":"2020-05-14T13:05:11+00:00","description":"Il litorale di Caorle vanta un\u2019estensione di oltre 15 km snodandosi nelle varie frazioni del paese quali Porto Santa Margherita, Lido Altanea e Duna Verde.","breadcrumb":{"@id":"https:\/\/www.hotelserenacaorle.com\/cs\/plaze-caorle\/#breadcrumb"},"inLanguage":"cs","potentialAction":[{"@type":"ReadAction","target":["https:\/\/www.hotelserenacaorle.com\/cs\/plaze-caorle\/"]}]},{"@type":"ImageObject","inLanguage":"cs","@id":"https:\/\/www.hotelserenacaorle.com\/cs\/plaze-caorle\/#primaryimage","url":"https:\/\/www.hotelserenacaorle.com\/wp-content\/uploads\/2020\/05\/Hotel_Serena_Caorle_Banner_Spiaggia.jpg","contentUrl":"https:\/\/www.hotelserenacaorle.com\/wp-content\/uploads\/2020\/05\/Hotel_Serena_Caorle_Banner_Spiaggia.jpg","width":2000,"height":400},{"@type":"BreadcrumbList","@id":"https:\/\/www.hotelserenacaorle.com\/cs\/plaze-caorle\/#breadcrumb","itemListElement":[{"@type":"ListItem","position":1,"name":"Home","item":"https:\/\/www.hotelserenacaorle.com\/cs\/"},{"@type":"ListItem","position":2,"name":"Pl\u00e1\u017ee Caorle"}]},{"@type":"WebSite","@id":"https:\/\/www.hotelserenacaorle.com\/cs\/#website","url":"https:\/\/www.hotelserenacaorle.com\/cs\/","name":"Hotel Serena","description":"Mo\u0159sk\u00e1 fronta v Caorle","publisher":{"@id":"https:\/\/www.hotelserenacaorle.com\/cs\/#organization"},"potentialAction":[{"@type":"SearchAction","target":{"@type":"EntryPoint","urlTemplate":"https:\/\/www.hotelserenacaorle.com\/cs\/?s={search_term_string}"},"query-input":{"@type":"PropertyValueSpecification","valueRequired":true,"valueName":"search_term_string"}}],"inLanguage":"cs"},{"@type":"Organization","@id":"https:\/\/www.hotelserenacaorle.com\/cs\/#organization","name":"Hotel Serena","url":"https:\/\/www.hotelserenacaorle.com\/cs\/","logo":{"@type":"ImageObject","inLanguage":"cs","@id":"https:\/\/www.hotelserenacaorle.com\/cs\/#\/schema\/logo\/image\/","url":"https:\/\/www.hotelserenacaorle.com\/wp-content\/uploads\/2020\/04\/Logo-orizz-original-white-1-1.png","contentUrl":"https:\/\/www.hotelserenacaorle.com\/wp-content\/uploads\/2020\/04\/Logo-orizz-original-white-1-1.png","width":800,"height":150,"caption":"Hotel Serena"},"image":{"@id":"https:\/\/www.hotelserenacaorle.com\/cs\/#\/schema\/logo\/image\/"}}]}},"uagb_featured_image_src":{"full":["https:\/\/www.hotelserenacaorle.com\/wp-content\/uploads\/2020\/05\/Hotel_Serena_Caorle_Banner_Spiaggia.jpg",2000,400,false],"thumbnail":["https:\/\/www.hotelserenacaorle.com\/wp-content\/uploads\/2020\/05\/Hotel_Serena_Caorle_Banner_Spiaggia-150x150.jpg",150,150,true],"medium":["https:\/\/www.hotelserenacaorle.com\/wp-content\/uploads\/2020\/05\/Hotel_Serena_Caorle_Banner_Spiaggia-300x60.jpg",300,60,true],"medium_large":["https:\/\/www.hotelserenacaorle.com\/wp-content\/uploads\/2020\/05\/Hotel_Serena_Caorle_Banner_Spiaggia-768x154.jpg",580,116,true],"large":["https:\/\/www.hotelserenacaorle.com\/wp-content\/uploads\/2020\/05\/Hotel_Serena_Caorle_Banner_Spiaggia-1024x205.jpg",580,116,true],"1536x1536":["https:\/\/www.hotelserenacaorle.com\/wp-content\/uploads\/2020\/05\/Hotel_Serena_Caorle_Banner_Spiaggia-1536x307.jpg",1536,307,true],"2048x2048":["https:\/\/www.hotelserenacaorle.com\/wp-content\/uploads\/2020\/05\/Hotel_Serena_Caorle_Banner_Spiaggia.jpg",2000,400,false],"post-thumbnail":["https:\/\/www.hotelserenacaorle.com\/wp-content\/uploads\/2020\/05\/Hotel_Serena_Caorle_Banner_Spiaggia-1200x240.jpg",1200,240,true],"twentytwenty-fullscreen":["https:\/\/www.hotelserenacaorle.com\/wp-content\/uploads\/2020\/05\/Hotel_Serena_Caorle_Banner_Spiaggia-1980x396.jpg",1980,396,true]},"uagb_author_info":{"display_name":"3r4cl3-p4l4","author_link":"https:\/\/www.hotelserenacaorle.com\/cs\/author\/3r4cl3-p4l4\/"},"uagb_comment_info":0,"uagb_excerpt":"Caorle se m\u016f\u017ee chlubit p\u0159es 15 km dlouh\u00fdm pob\u0159e\u017e\u00edm, kter\u00e9 se vine p\u0159es p\u0159\u00edmo\u0159sk\u00e1 letoviska jako Porto Santa Margherita, Lido Altanea a Duna Verde. Tento dlouh\u00fd pruh pl\u00e1\u017ee se vyzna\u010duje zlat\u00fdm p\u00edskem a mo\u0159em s k\u0159i\u0161\u0165\u00e1lov\u011b \u010distou vodou s pozvoln\u00fdm vstupem do mo\u0159e. T\u00e9m\u011b\u0159 cel\u00e9 pob\u0159e\u017e\u00ed je vybaveno pl\u00e1\u017eov\u00fdmi slu\u017ebami, kter\u00e9 zaru\u010duj\u00ed nejlep\u0161\u00ed komfort pro&hellip;","coauthors":[],"author_meta":{"author_link":"https:\/\/www.hotelserenacaorle.com\/cs\/author\/3r4cl3-p4l4\/","display_name":"3r4cl3-p4l4"},"relative_dates":{"created":"Posted 6 roky ago","modified":"Updated 6 roky ago"},"absolute_dates":{"created":"Posted on 28 dubna 2020","modified":"Updated on 14 kv\u011btna 2020"},"absolute_dates_time":{"created":"Posted on 28 dubna 2020 10:59","modified":"Updated on 14 kv\u011btna 2020 15:05"},"featured_img_caption":"","featured_img":"https:\/\/www.hotelserenacaorle.com\/wp-content\/uploads\/2020\/05\/Hotel_Serena_Caorle_Banner_Spiaggia-1200x240.jpg","series_order":"","_links":{"self":[{"href":"https:\/\/www.hotelserenacaorle.com\/cs\/wp-json\/wp\/v2\/pages\/3826","targetHints":{"allow":["GET"]}}],"collection":[{"href":"https:\/\/www.hotelserenacaorle.com\/cs\/wp-json\/wp\/v2\/pages"}],"about":[{"href":"https:\/\/www.hotelserenacaorle.com\/cs\/wp-json\/wp\/v2\/types\/page"}],"author":[{"embeddable":true,"href":"https:\/\/www.hotelserenacaorle.com\/cs\/wp-json\/wp\/v2\/users\/1"}],"replies":[{"embeddable":true,"href":"https:\/\/www.hotelserenacaorle.com\/cs\/wp-json\/wp\/v2\/comments?post=3826"}],"version-history":[{"count":0,"href":"https:\/\/www.hotelserenacaorle.com\/cs\/wp-json\/wp\/v2\/pages\/3826\/revisions"}],"wp:featuredmedia":[{"embeddable":true,"href":"https:\/\/www.hotelserenacaorle.com\/cs\/wp-json\/wp\/v2\/media\/4086"}],"wp:attachment":[{"href":"https:\/\/www.hotelserenacaorle.com\/cs\/wp-json\/wp\/v2\/media?parent=3826"}],"curies":[{"name":"wp","href":"https:\/\/api.w.org\/{rel}","templated":true}]}}