{"id":3805,"date":"2020-04-27T15:26:12","date_gmt":"2020-04-27T13:26:12","guid":{"rendered":"https:\/\/serena.promoservicebeta.com\/hall\/"},"modified":"2020-05-14T14:41:12","modified_gmt":"2020-05-14T12:41:12","slug":"hala","status":"publish","type":"page","link":"https:\/\/www.hotelserenacaorle.com\/cs\/hala\/","title":{"rendered":"Kub\u00e1nsk\u00fd s\u00e1l"},"content":{"rendered":"\n<div class=\"wp-block-group promo-int-1\"><div class=\"wp-block-group__inner-container is-layout-flow wp-block-group-is-layout-flow\">\n<h3 class=\"wp-block-heading\">Kde si u\u017e\u00edt trochu odpo\u010dinku<\/h3>\n\n\n\n<h2 class=\"wp-block-heading\">Hala<\/h2>\n\n\n\n<p>Pro na\u0161e hosty je k dispozici \u201ckub\u00e1nsk\u00fd s\u00e1l\u201d, kde si m\u016f\u017eete odpo\u010dinout p\u0159i \u010dten\u00ed knihy nebo sledov\u00e1n\u00ed televize.<\/p>\n<\/div><\/div>\n\n\n\n<div class=\"wp-block-group promo-int-2\"><div class=\"wp-block-group__inner-container is-layout-flow wp-block-group-is-layout-flow\">\n<figure class=\"wp-block-image size-large\"><img loading=\"lazy\" decoding=\"async\" width=\"1024\" height=\"683\" src=\"https:\/\/hotelserenacaorle.com\/wp-content\/uploads\/2020\/04\/0012-hotel-serena-reception-1024x683-1.jpg\" alt=\"\" class=\"wp-image-1978\" srcset=\"https:\/\/www.hotelserenacaorle.com\/wp-content\/uploads\/2020\/04\/0012-hotel-serena-reception-1024x683-1.jpg 1024w, https:\/\/www.hotelserenacaorle.com\/wp-content\/uploads\/2020\/04\/0012-hotel-serena-reception-1024x683-1-300x200.jpg 300w, https:\/\/www.hotelserenacaorle.com\/wp-content\/uploads\/2020\/04\/0012-hotel-serena-reception-1024x683-1-768x512.jpg 768w\" sizes=\"auto, (max-width: 1024px) 100vw, 1024px\" \/><\/figure>\n<\/div><\/div>\n\n\n\n<div class=\"wp-block-group promo-item-gallery\"><div class=\"wp-block-group__inner-container is-layout-flow wp-block-group-is-layout-flow\">\n<figure class=\"wp-block-gallery columns-3 is-cropped wp-block-gallery-2\"><ul class=\"blocks-gallery-grid\"><li class=\"blocks-gallery-item\"><figure><img loading=\"lazy\" decoding=\"async\" width=\"1024\" height=\"683\" src=\"https:\/\/hotelserenacaorle.com\/wp-content\/uploads\/2020\/04\/0011-hotel-serena-reception-1024x683.jpg\" alt=\"\" data-id=\"2013\" data-full-url=\"https:\/\/hotelserenacaorle.com\/wp-content\/uploads\/2020\/04\/0011-hotel-serena-reception.jpg\" data-link=\"https:\/\/hotelserenacaorle.com\/it\/gallery\/0011-hotel-serena-reception\/\" class=\"wp-image-2013\" srcset=\"https:\/\/www.hotelserenacaorle.com\/wp-content\/uploads\/2020\/04\/0011-hotel-serena-reception-1024x683.jpg 1024w, https:\/\/www.hotelserenacaorle.com\/wp-content\/uploads\/2020\/04\/0011-hotel-serena-reception-300x200.jpg 300w, https:\/\/www.hotelserenacaorle.com\/wp-content\/uploads\/2020\/04\/0011-hotel-serena-reception-768x512.jpg 768w, https:\/\/www.hotelserenacaorle.com\/wp-content\/uploads\/2020\/04\/0011-hotel-serena-reception.jpg 1200w\" sizes=\"auto, (max-width: 1024px) 100vw, 1024px\" \/><\/figure><\/li><li class=\"blocks-gallery-item\"><figure><img loading=\"lazy\" decoding=\"async\" width=\"1024\" height=\"683\" src=\"https:\/\/hotelserenacaorle.com\/wp-content\/uploads\/2020\/04\/0012-hotel-serena-reception-1024x683-1.jpg\" alt=\"\" data-id=\"1978\" data-full-url=\"https:\/\/hotelserenacaorle.com\/wp-content\/uploads\/2020\/04\/0012-hotel-serena-reception-1024x683-1.jpg\" data-link=\"https:\/\/hotelserenacaorle.com\/it\/hotel\/0012-hotel-serena-reception-1024x683\/\" class=\"wp-image-1978\" srcset=\"https:\/\/www.hotelserenacaorle.com\/wp-content\/uploads\/2020\/04\/0012-hotel-serena-reception-1024x683-1.jpg 1024w, https:\/\/www.hotelserenacaorle.com\/wp-content\/uploads\/2020\/04\/0012-hotel-serena-reception-1024x683-1-300x200.jpg 300w, https:\/\/www.hotelserenacaorle.com\/wp-content\/uploads\/2020\/04\/0012-hotel-serena-reception-1024x683-1-768x512.jpg 768w\" sizes=\"auto, (max-width: 1024px) 100vw, 1024px\" \/><\/figure><\/li><li class=\"blocks-gallery-item\"><figure><img loading=\"lazy\" decoding=\"async\" width=\"1024\" height=\"683\" src=\"https:\/\/hotelserenacaorle.com\/wp-content\/uploads\/2020\/04\/0010-hotel-serena-reception-1024x683-1.jpg\" alt=\"\" data-id=\"2289\" data-full-url=\"https:\/\/hotelserenacaorle.com\/wp-content\/uploads\/2020\/04\/0010-hotel-serena-reception-1024x683-1.jpg\" data-link=\"https:\/\/hotelserenacaorle.com\/it\/?attachment_id=2289\" class=\"wp-image-2289 is-layout-flex wp-block-gallery-is-layout-flex\" srcset=\"https:\/\/www.hotelserenacaorle.com\/wp-content\/uploads\/2020\/04\/0010-hotel-serena-reception-1024x683-1.jpg 1024w, https:\/\/www.hotelserenacaorle.com\/wp-content\/uploads\/2020\/04\/0010-hotel-serena-reception-1024x683-1-300x200.jpg 300w, https:\/\/www.hotelserenacaorle.com\/wp-content\/uploads\/2020\/04\/0010-hotel-serena-reception-1024x683-1-768x512.jpg 768w\" sizes=\"auto, (max-width: 1024px) 100vw, 1024px\" \/><\/figure><\/li><\/ul><\/figure>\n<\/div><\/div>\n","protected":false},"excerpt":{"rendered":"<p>Kde si u\u017e\u00edt trochu odpo\u010dinku Hala Pro na\u0161e hosty je k dispozici \u201ckub\u00e1nsk\u00fd s\u00e1l\u201d, kde si m\u016f\u017eete odpo\u010dinout p\u0159i \u010dten\u00ed knihy nebo sledov\u00e1n\u00ed televize.<\/p>\n","protected":false},"author":1,"featured_media":2296,"parent":0,"menu_order":0,"comment_status":"closed","ping_status":"closed","template":"","meta":{"_acf_changed":false,"_uag_custom_page_level_css":"","advgb_blocks_editor_width":"","advgb_blocks_columns_visual_guide":"","footnotes":""},"class_list":["post-3805","page","type-page","status-publish","has-post-thumbnail","hentry"],"acf":[],"yoast_head":"<!-- This site is optimized with the Yoast SEO plugin v25.7 - https:\/\/yoast.com\/wordpress\/plugins\/seo\/ -->\n<title>Kub\u00e1nsk\u00fd s\u00e1l - Hotel Serena - Fronte mare a Caorle<\/title>\n<meta name=\"description\" content=\"A disposizione dei nostri ospiti c\u2019\u00e8 una \u201csala cubana\u201d dove potersi rilassare leggendo un libro o guardando la tv.\" \/>\n<meta name=\"robots\" content=\"index, follow, max-snippet:-1, max-image-preview:large, max-video-preview:-1\" \/>\n<link rel=\"canonical\" href=\"https:\/\/www.hotelserenacaorle.com\/cs\/hala\/\" \/>\n<meta property=\"og:locale\" content=\"cs_CZ\" \/>\n<meta property=\"og:type\" content=\"article\" \/>\n<meta property=\"og:title\" content=\"Kub\u00e1nsk\u00fd s\u00e1l - Hotel Serena - Fronte mare a Caorle\" \/>\n<meta property=\"og:description\" content=\"A disposizione dei nostri ospiti c\u2019\u00e8 una \u201csala cubana\u201d dove potersi rilassare leggendo un libro o guardando la tv.\" \/>\n<meta property=\"og:url\" content=\"https:\/\/www.hotelserenacaorle.com\/cs\/hala\/\" \/>\n<meta property=\"og:site_name\" content=\"Hotel Serena\" \/>\n<meta property=\"article:modified_time\" content=\"2020-05-14T12:41:12+00:00\" \/>\n<meta property=\"og:image\" content=\"https:\/\/www.hotelserenacaorle.com\/wp-content\/uploads\/2020\/04\/Banner_Hall.jpg\" \/>\n\t<meta property=\"og:image:width\" content=\"2000\" \/>\n\t<meta property=\"og:image:height\" content=\"400\" \/>\n\t<meta property=\"og:image:type\" content=\"image\/jpeg\" \/>\n<meta name=\"twitter:card\" content=\"summary_large_image\" \/>\n<script type=\"application\/ld+json\" class=\"yoast-schema-graph\">{\"@context\":\"https:\/\/schema.org\",\"@graph\":[{\"@type\":\"WebPage\",\"@id\":\"https:\/\/www.hotelserenacaorle.com\/cs\/hala\/\",\"url\":\"https:\/\/www.hotelserenacaorle.com\/cs\/hala\/\",\"name\":\"Kub\u00e1nsk\u00fd s\u00e1l - Hotel Serena - Fronte mare a Caorle\",\"isPartOf\":{\"@id\":\"https:\/\/www.hotelserenacaorle.com\/cs\/#website\"},\"primaryImageOfPage\":{\"@id\":\"https:\/\/www.hotelserenacaorle.com\/cs\/hala\/#primaryimage\"},\"image\":{\"@id\":\"https:\/\/www.hotelserenacaorle.com\/cs\/hala\/#primaryimage\"},\"thumbnailUrl\":\"https:\/\/www.hotelserenacaorle.com\/wp-content\/uploads\/2020\/04\/Banner_Hall.jpg\",\"datePublished\":\"2020-04-27T13:26:12+00:00\",\"dateModified\":\"2020-05-14T12:41:12+00:00\",\"description\":\"A disposizione dei nostri ospiti c\u2019\u00e8 una \u201csala cubana\u201d dove potersi rilassare leggendo un libro o guardando la tv.\",\"breadcrumb\":{\"@id\":\"https:\/\/www.hotelserenacaorle.com\/cs\/hala\/#breadcrumb\"},\"inLanguage\":\"cs\",\"potentialAction\":[{\"@type\":\"ReadAction\",\"target\":[\"https:\/\/www.hotelserenacaorle.com\/cs\/hala\/\"]}]},{\"@type\":\"ImageObject\",\"inLanguage\":\"cs\",\"@id\":\"https:\/\/www.hotelserenacaorle.com\/cs\/hala\/#primaryimage\",\"url\":\"https:\/\/www.hotelserenacaorle.com\/wp-content\/uploads\/2020\/04\/Banner_Hall.jpg\",\"contentUrl\":\"https:\/\/www.hotelserenacaorle.com\/wp-content\/uploads\/2020\/04\/Banner_Hall.jpg\",\"width\":2000,\"height\":400},{\"@type\":\"BreadcrumbList\",\"@id\":\"https:\/\/www.hotelserenacaorle.com\/cs\/hala\/#breadcrumb\",\"itemListElement\":[{\"@type\":\"ListItem\",\"position\":1,\"name\":\"Home\",\"item\":\"https:\/\/www.hotelserenacaorle.com\/cs\/\"},{\"@type\":\"ListItem\",\"position\":2,\"name\":\"Kub\u00e1nsk\u00fd s\u00e1l\"}]},{\"@type\":\"WebSite\",\"@id\":\"https:\/\/www.hotelserenacaorle.com\/cs\/#website\",\"url\":\"https:\/\/www.hotelserenacaorle.com\/cs\/\",\"name\":\"Hotel Serena\",\"description\":\"Mo\u0159sk\u00e1 fronta v Caorle\",\"publisher\":{\"@id\":\"https:\/\/www.hotelserenacaorle.com\/cs\/#organization\"},\"potentialAction\":[{\"@type\":\"SearchAction\",\"target\":{\"@type\":\"EntryPoint\",\"urlTemplate\":\"https:\/\/www.hotelserenacaorle.com\/cs\/?s={search_term_string}\"},\"query-input\":{\"@type\":\"PropertyValueSpecification\",\"valueRequired\":true,\"valueName\":\"search_term_string\"}}],\"inLanguage\":\"cs\"},{\"@type\":\"Organization\",\"@id\":\"https:\/\/www.hotelserenacaorle.com\/cs\/#organization\",\"name\":\"Hotel Serena\",\"url\":\"https:\/\/www.hotelserenacaorle.com\/cs\/\",\"logo\":{\"@type\":\"ImageObject\",\"inLanguage\":\"cs\",\"@id\":\"https:\/\/www.hotelserenacaorle.com\/cs\/#\/schema\/logo\/image\/\",\"url\":\"https:\/\/www.hotelserenacaorle.com\/wp-content\/uploads\/2020\/04\/Logo-orizz-original-white-1-1.png\",\"contentUrl\":\"https:\/\/www.hotelserenacaorle.com\/wp-content\/uploads\/2020\/04\/Logo-orizz-original-white-1-1.png\",\"width\":800,\"height\":150,\"caption\":\"Hotel Serena\"},\"image\":{\"@id\":\"https:\/\/www.hotelserenacaorle.com\/cs\/#\/schema\/logo\/image\/\"}}]}<\/script>\n<!-- \/ Yoast SEO plugin. -->","yoast_head_json":{"title":"Kub\u00e1nsk\u00fd s\u00e1l - Hotel Serena - Fronte mare a Caorle","description":"A disposizione dei nostri ospiti c\u2019\u00e8 una \u201csala cubana\u201d dove potersi rilassare leggendo un libro o guardando la tv.","robots":{"index":"index","follow":"follow","max-snippet":"max-snippet:-1","max-image-preview":"max-image-preview:large","max-video-preview":"max-video-preview:-1"},"canonical":"https:\/\/www.hotelserenacaorle.com\/cs\/hala\/","og_locale":"cs_CZ","og_type":"article","og_title":"Kub\u00e1nsk\u00fd s\u00e1l - Hotel Serena - Fronte mare a Caorle","og_description":"A disposizione dei nostri ospiti c\u2019\u00e8 una \u201csala cubana\u201d dove potersi rilassare leggendo un libro o guardando la tv.","og_url":"https:\/\/www.hotelserenacaorle.com\/cs\/hala\/","og_site_name":"Hotel Serena","article_modified_time":"2020-05-14T12:41:12+00:00","og_image":[{"width":2000,"height":400,"url":"https:\/\/www.hotelserenacaorle.com\/wp-content\/uploads\/2020\/04\/Banner_Hall.jpg","type":"image\/jpeg"}],"twitter_card":"summary_large_image","schema":{"@context":"https:\/\/schema.org","@graph":[{"@type":"WebPage","@id":"https:\/\/www.hotelserenacaorle.com\/cs\/hala\/","url":"https:\/\/www.hotelserenacaorle.com\/cs\/hala\/","name":"Kub\u00e1nsk\u00fd s\u00e1l - Hotel Serena - Fronte mare a Caorle","isPartOf":{"@id":"https:\/\/www.hotelserenacaorle.com\/cs\/#website"},"primaryImageOfPage":{"@id":"https:\/\/www.hotelserenacaorle.com\/cs\/hala\/#primaryimage"},"image":{"@id":"https:\/\/www.hotelserenacaorle.com\/cs\/hala\/#primaryimage"},"thumbnailUrl":"https:\/\/www.hotelserenacaorle.com\/wp-content\/uploads\/2020\/04\/Banner_Hall.jpg","datePublished":"2020-04-27T13:26:12+00:00","dateModified":"2020-05-14T12:41:12+00:00","description":"A disposizione dei nostri ospiti c\u2019\u00e8 una \u201csala cubana\u201d dove potersi rilassare leggendo un libro o guardando la tv.","breadcrumb":{"@id":"https:\/\/www.hotelserenacaorle.com\/cs\/hala\/#breadcrumb"},"inLanguage":"cs","potentialAction":[{"@type":"ReadAction","target":["https:\/\/www.hotelserenacaorle.com\/cs\/hala\/"]}]},{"@type":"ImageObject","inLanguage":"cs","@id":"https:\/\/www.hotelserenacaorle.com\/cs\/hala\/#primaryimage","url":"https:\/\/www.hotelserenacaorle.com\/wp-content\/uploads\/2020\/04\/Banner_Hall.jpg","contentUrl":"https:\/\/www.hotelserenacaorle.com\/wp-content\/uploads\/2020\/04\/Banner_Hall.jpg","width":2000,"height":400},{"@type":"BreadcrumbList","@id":"https:\/\/www.hotelserenacaorle.com\/cs\/hala\/#breadcrumb","itemListElement":[{"@type":"ListItem","position":1,"name":"Home","item":"https:\/\/www.hotelserenacaorle.com\/cs\/"},{"@type":"ListItem","position":2,"name":"Kub\u00e1nsk\u00fd s\u00e1l"}]},{"@type":"WebSite","@id":"https:\/\/www.hotelserenacaorle.com\/cs\/#website","url":"https:\/\/www.hotelserenacaorle.com\/cs\/","name":"Hotel Serena","description":"Mo\u0159sk\u00e1 fronta v Caorle","publisher":{"@id":"https:\/\/www.hotelserenacaorle.com\/cs\/#organization"},"potentialAction":[{"@type":"SearchAction","target":{"@type":"EntryPoint","urlTemplate":"https:\/\/www.hotelserenacaorle.com\/cs\/?s={search_term_string}"},"query-input":{"@type":"PropertyValueSpecification","valueRequired":true,"valueName":"search_term_string"}}],"inLanguage":"cs"},{"@type":"Organization","@id":"https:\/\/www.hotelserenacaorle.com\/cs\/#organization","name":"Hotel Serena","url":"https:\/\/www.hotelserenacaorle.com\/cs\/","logo":{"@type":"ImageObject","inLanguage":"cs","@id":"https:\/\/www.hotelserenacaorle.com\/cs\/#\/schema\/logo\/image\/","url":"https:\/\/www.hotelserenacaorle.com\/wp-content\/uploads\/2020\/04\/Logo-orizz-original-white-1-1.png","contentUrl":"https:\/\/www.hotelserenacaorle.com\/wp-content\/uploads\/2020\/04\/Logo-orizz-original-white-1-1.png","width":800,"height":150,"caption":"Hotel Serena"},"image":{"@id":"https:\/\/www.hotelserenacaorle.com\/cs\/#\/schema\/logo\/image\/"}}]}},"uagb_featured_image_src":{"full":["https:\/\/www.hotelserenacaorle.com\/wp-content\/uploads\/2020\/04\/Banner_Hall.jpg",2000,400,false],"thumbnail":["https:\/\/www.hotelserenacaorle.com\/wp-content\/uploads\/2020\/04\/Banner_Hall-150x150.jpg",150,150,true],"medium":["https:\/\/www.hotelserenacaorle.com\/wp-content\/uploads\/2020\/04\/Banner_Hall-300x60.jpg",300,60,true],"medium_large":["https:\/\/www.hotelserenacaorle.com\/wp-content\/uploads\/2020\/04\/Banner_Hall-768x154.jpg",580,116,true],"large":["https:\/\/www.hotelserenacaorle.com\/wp-content\/uploads\/2020\/04\/Banner_Hall-1024x205.jpg",580,116,true],"1536x1536":["https:\/\/www.hotelserenacaorle.com\/wp-content\/uploads\/2020\/04\/Banner_Hall-1536x307.jpg",1536,307,true],"2048x2048":["https:\/\/www.hotelserenacaorle.com\/wp-content\/uploads\/2020\/04\/Banner_Hall.jpg",2000,400,false],"post-thumbnail":["https:\/\/www.hotelserenacaorle.com\/wp-content\/uploads\/2020\/04\/Banner_Hall-1200x240.jpg",1200,240,true],"twentytwenty-fullscreen":["https:\/\/www.hotelserenacaorle.com\/wp-content\/uploads\/2020\/04\/Banner_Hall-1980x396.jpg",1980,396,true]},"uagb_author_info":{"display_name":"3r4cl3-p4l4","author_link":"https:\/\/www.hotelserenacaorle.com\/cs\/author\/3r4cl3-p4l4\/"},"uagb_comment_info":0,"uagb_excerpt":"Kde si u\u017e\u00edt trochu odpo\u010dinku Hala Pro na\u0161e hosty je k dispozici \u201ckub\u00e1nsk\u00fd s\u00e1l\u201d, kde si m\u016f\u017eete odpo\u010dinout p\u0159i \u010dten\u00ed knihy nebo sledov\u00e1n\u00ed televize.","coauthors":[],"author_meta":{"author_link":"https:\/\/www.hotelserenacaorle.com\/cs\/author\/3r4cl3-p4l4\/","display_name":"3r4cl3-p4l4"},"relative_dates":{"created":"Posted 6 roky ago","modified":"Updated 6 roky ago"},"absolute_dates":{"created":"Posted on 27 dubna 2020","modified":"Updated on 14 kv\u011btna 2020"},"absolute_dates_time":{"created":"Posted on 27 dubna 2020 15:26","modified":"Updated on 14 kv\u011btna 2020 14:41"},"featured_img_caption":"","featured_img":"https:\/\/www.hotelserenacaorle.com\/wp-content\/uploads\/2020\/04\/Banner_Hall-1200x240.jpg","series_order":"","_links":{"self":[{"href":"https:\/\/www.hotelserenacaorle.com\/cs\/wp-json\/wp\/v2\/pages\/3805","targetHints":{"allow":["GET"]}}],"collection":[{"href":"https:\/\/www.hotelserenacaorle.com\/cs\/wp-json\/wp\/v2\/pages"}],"about":[{"href":"https:\/\/www.hotelserenacaorle.com\/cs\/wp-json\/wp\/v2\/types\/page"}],"author":[{"embeddable":true,"href":"https:\/\/www.hotelserenacaorle.com\/cs\/wp-json\/wp\/v2\/users\/1"}],"replies":[{"embeddable":true,"href":"https:\/\/www.hotelserenacaorle.com\/cs\/wp-json\/wp\/v2\/comments?post=3805"}],"version-history":[{"count":0,"href":"https:\/\/www.hotelserenacaorle.com\/cs\/wp-json\/wp\/v2\/pages\/3805\/revisions"}],"wp:featuredmedia":[{"embeddable":true,"href":"https:\/\/www.hotelserenacaorle.com\/cs\/wp-json\/wp\/v2\/media\/2296"}],"wp:attachment":[{"href":"https:\/\/www.hotelserenacaorle.com\/cs\/wp-json\/wp\/v2\/media?parent=3805"}],"curies":[{"name":"wp","href":"https:\/\/api.w.org\/{rel}","templated":true}]}}