{"id":3791,"date":"2020-04-28T08:53:09","date_gmt":"2020-04-28T06:53:09","guid":{"rendered":"https:\/\/serena.promoservicebeta.com\/ristorante-e-pizzeria\/"},"modified":"2020-05-14T14:35:32","modified_gmt":"2020-05-14T12:35:32","slug":"restaurace-s-pizzerii","status":"publish","type":"page","link":"https:\/\/www.hotelserenacaorle.com\/cs\/restaurace-s-pizzerii\/","title":{"rendered":"Restaurace s pizzeri\u00ed"},"content":{"rendered":"\n<div class=\"wp-block-group promo-int-1\"><div class=\"wp-block-group__inner-container is-layout-flow wp-block-group-is-layout-flow\">\n<h3 class=\"wp-block-heading\">Na ob\u011bd a na ve\u010de\u0159i<\/h3>\n\n\n\n<h2 class=\"wp-block-heading\">Na\u0161e restaurace s pizzeri\u00ed<\/h2>\n\n\n\n<p>Restaurace, p\u0159\u00edmo u pl\u00e1\u017ee hotelu Serena, je otev\u0159en\u00e1 v dob\u011b <strong>ob\u011bd\u016f a ve\u010de\u0159\u00ed <\/strong>a nab\u00edz\u00ed vynikaj\u00edc\u00ed pokrmy zalo\u017eeny na ryb\u00e1ch, pizze a dal\u0161\u00edm.<\/p>\n\n\n\n<p>Je velmi prostorn\u00e1 a ned\u00e1vno kompletn\u011b zrekonstruovan\u00e1.<\/p>\n<\/div><\/div>\n\n\n\n<div class=\"wp-block-group promo-int-2\"><div class=\"wp-block-group__inner-container is-layout-flow wp-block-group-is-layout-flow\">\n<figure class=\"wp-block-image size-large\"><img loading=\"lazy\" decoding=\"async\" width=\"1024\" height=\"683\" src=\"https:\/\/hotelserenacaorle.com\/wp-content\/uploads\/2020\/04\/0030-hotel-serena-pranzo-1024x683-2.jpg\" alt=\"\" class=\"wp-image-2396\" srcset=\"https:\/\/www.hotelserenacaorle.com\/wp-content\/uploads\/2020\/04\/0030-hotel-serena-pranzo-1024x683-2.jpg 1024w, https:\/\/www.hotelserenacaorle.com\/wp-content\/uploads\/2020\/04\/0030-hotel-serena-pranzo-1024x683-2-300x200.jpg 300w, https:\/\/www.hotelserenacaorle.com\/wp-content\/uploads\/2020\/04\/0030-hotel-serena-pranzo-1024x683-2-768x512.jpg 768w\" sizes=\"auto, (max-width: 1024px) 100vw, 1024px\" \/><\/figure>\n<\/div><\/div>\n\n\n\n<div class=\"wp-block-group promo-item-gallery\"><div class=\"wp-block-group__inner-container is-layout-flow wp-block-group-is-layout-flow\">\n<figure class=\"wp-block-gallery columns-3 is-cropped wp-block-gallery-2\"><ul class=\"blocks-gallery-grid\"><li class=\"blocks-gallery-item\"><figure><img loading=\"lazy\" decoding=\"async\" width=\"1024\" height=\"683\" src=\"https:\/\/hotelserenacaorle.com\/wp-content\/uploads\/2020\/04\/0031-hotel-serena-pranzo-1024x683-2.jpg\" alt=\"\" data-id=\"2402\" data-full-url=\"https:\/\/hotelserenacaorle.com\/wp-content\/uploads\/2020\/04\/0031-hotel-serena-pranzo-1024x683-2.jpg\" data-link=\"https:\/\/hotelserenacaorle.com\/it\/?attachment_id=2402\" class=\"wp-image-2402\" srcset=\"https:\/\/www.hotelserenacaorle.com\/wp-content\/uploads\/2020\/04\/0031-hotel-serena-pranzo-1024x683-2.jpg 1024w, https:\/\/www.hotelserenacaorle.com\/wp-content\/uploads\/2020\/04\/0031-hotel-serena-pranzo-1024x683-2-300x200.jpg 300w, https:\/\/www.hotelserenacaorle.com\/wp-content\/uploads\/2020\/04\/0031-hotel-serena-pranzo-1024x683-2-768x512.jpg 768w\" sizes=\"auto, (max-width: 1024px) 100vw, 1024px\" \/><\/figure><\/li><li class=\"blocks-gallery-item\"><figure><img loading=\"lazy\" decoding=\"async\" width=\"1024\" height=\"683\" src=\"https:\/\/hotelserenacaorle.com\/wp-content\/uploads\/2020\/04\/0030-hotel-serena-pranzo-1024x683-2.jpg\" alt=\"\" data-id=\"2396\" data-full-url=\"https:\/\/hotelserenacaorle.com\/wp-content\/uploads\/2020\/04\/0030-hotel-serena-pranzo-1024x683-2.jpg\" data-link=\"https:\/\/hotelserenacaorle.com\/it\/?attachment_id=2396\" class=\"wp-image-2396\" srcset=\"https:\/\/www.hotelserenacaorle.com\/wp-content\/uploads\/2020\/04\/0030-hotel-serena-pranzo-1024x683-2.jpg 1024w, https:\/\/www.hotelserenacaorle.com\/wp-content\/uploads\/2020\/04\/0030-hotel-serena-pranzo-1024x683-2-300x200.jpg 300w, https:\/\/www.hotelserenacaorle.com\/wp-content\/uploads\/2020\/04\/0030-hotel-serena-pranzo-1024x683-2-768x512.jpg 768w\" sizes=\"auto, (max-width: 1024px) 100vw, 1024px\" \/><\/figure><\/li><li class=\"blocks-gallery-item\"><figure><img loading=\"lazy\" decoding=\"async\" width=\"1024\" height=\"683\" src=\"https:\/\/hotelserenacaorle.com\/wp-content\/uploads\/2020\/04\/0032-hotel-serena-pranzo-1024x683-2.jpg\" alt=\"\" data-id=\"2390\" data-full-url=\"https:\/\/hotelserenacaorle.com\/wp-content\/uploads\/2020\/04\/0032-hotel-serena-pranzo-1024x683-2.jpg\" data-link=\"https:\/\/hotelserenacaorle.com\/it\/?attachment_id=2390\" class=\"wp-image-2390\" srcset=\"https:\/\/www.hotelserenacaorle.com\/wp-content\/uploads\/2020\/04\/0032-hotel-serena-pranzo-1024x683-2.jpg 1024w, https:\/\/www.hotelserenacaorle.com\/wp-content\/uploads\/2020\/04\/0032-hotel-serena-pranzo-1024x683-2-300x200.jpg 300w, https:\/\/www.hotelserenacaorle.com\/wp-content\/uploads\/2020\/04\/0032-hotel-serena-pranzo-1024x683-2-768x512.jpg 768w\" sizes=\"auto, (max-width: 1024px) 100vw, 1024px\" \/><\/figure><\/li><li class=\"blocks-gallery-item\"><figure><img loading=\"lazy\" decoding=\"async\" width=\"1024\" height=\"683\" src=\"https:\/\/hotelserenacaorle.com\/wp-content\/uploads\/2020\/04\/pizza-1024x683-1.jpg\" alt=\"\" data-id=\"2384\" data-full-url=\"https:\/\/hotelserenacaorle.com\/wp-content\/uploads\/2020\/04\/pizza-1024x683-1.jpg\" data-link=\"https:\/\/hotelserenacaorle.com\/it\/?attachment_id=2384\" class=\"wp-image-2384\" srcset=\"https:\/\/www.hotelserenacaorle.com\/wp-content\/uploads\/2020\/04\/pizza-1024x683-1.jpg 1024w, https:\/\/www.hotelserenacaorle.com\/wp-content\/uploads\/2020\/04\/pizza-1024x683-1-300x200.jpg 300w, https:\/\/www.hotelserenacaorle.com\/wp-content\/uploads\/2020\/04\/pizza-1024x683-1-768x512.jpg 768w\" sizes=\"auto, (max-width: 1024px) 100vw, 1024px\" \/><\/figure><\/li><li class=\"blocks-gallery-item\"><figure><img loading=\"lazy\" decoding=\"async\" width=\"1024\" height=\"684\" src=\"https:\/\/hotelserenacaorle.com\/wp-content\/uploads\/2020\/04\/fritto-misto-1024x684-1.jpg\" alt=\"\" data-id=\"2378\" data-full-url=\"https:\/\/hotelserenacaorle.com\/wp-content\/uploads\/2020\/04\/fritto-misto-1024x684-1.jpg\" data-link=\"https:\/\/hotelserenacaorle.com\/it\/?attachment_id=2378\" class=\"wp-image-2378\" srcset=\"https:\/\/www.hotelserenacaorle.com\/wp-content\/uploads\/2020\/04\/fritto-misto-1024x684-1.jpg 1024w, https:\/\/www.hotelserenacaorle.com\/wp-content\/uploads\/2020\/04\/fritto-misto-1024x684-1-300x200.jpg 300w, https:\/\/www.hotelserenacaorle.com\/wp-content\/uploads\/2020\/04\/fritto-misto-1024x684-1-768x513.jpg 768w\" sizes=\"auto, (max-width: 1024px) 100vw, 1024px\" \/><\/figure><\/li><li class=\"blocks-gallery-item\"><figure><img loading=\"lazy\" decoding=\"async\" width=\"1024\" height=\"683\" src=\"https:\/\/hotelserenacaorle.com\/wp-content\/uploads\/2020\/04\/pasta-1024x683-1.jpg\" alt=\"\" data-id=\"2372\" data-full-url=\"https:\/\/hotelserenacaorle.com\/wp-content\/uploads\/2020\/04\/pasta-1024x683-1.jpg\" data-link=\"https:\/\/hotelserenacaorle.com\/it\/?attachment_id=2372\" class=\"wp-image-2372 is-layout-flex wp-block-gallery-is-layout-flex\" srcset=\"https:\/\/www.hotelserenacaorle.com\/wp-content\/uploads\/2020\/04\/pasta-1024x683-1.jpg 1024w, https:\/\/www.hotelserenacaorle.com\/wp-content\/uploads\/2020\/04\/pasta-1024x683-1-300x200.jpg 300w, https:\/\/www.hotelserenacaorle.com\/wp-content\/uploads\/2020\/04\/pasta-1024x683-1-768x512.jpg 768w\" sizes=\"auto, (max-width: 1024px) 100vw, 1024px\" \/><\/figure><\/li><\/ul><\/figure>\n<\/div><\/div>\n","protected":false},"excerpt":{"rendered":"<p>Na ob\u011bd a na ve\u010de\u0159i Na\u0161e restaurace s pizzeri\u00ed Restaurace, p\u0159\u00edmo u pl\u00e1\u017ee hotelu Serena, je otev\u0159en\u00e1 v dob\u011b ob\u011bd\u016f a ve\u010de\u0159\u00ed a nab\u00edz\u00ed vynikaj\u00edc\u00ed pokrmy zalo\u017eeny na ryb\u00e1ch, pizze a dal\u0161\u00edm. Je velmi prostorn\u00e1 a ned\u00e1vno kompletn\u011b zrekonstruovan\u00e1.<\/p>\n","protected":false},"author":1,"featured_media":4065,"parent":0,"menu_order":0,"comment_status":"closed","ping_status":"closed","template":"","meta":{"_acf_changed":false,"_uag_custom_page_level_css":"","advgb_blocks_editor_width":"","advgb_blocks_columns_visual_guide":"","footnotes":""},"class_list":["post-3791","page","type-page","status-publish","has-post-thumbnail","hentry"],"acf":[],"yoast_head":"<!-- This site is optimized with the Yoast SEO plugin v25.7 - https:\/\/yoast.com\/wordpress\/plugins\/seo\/ -->\n<title>Restaurace s pizzeri\u00ed - Hotel Serena<\/title>\n<meta name=\"description\" content=\"La spiaggia privata si trova di fronte l\u2019hotel con lettini ed ombrelloni inclusi nel prezzo.\" \/>\n<meta name=\"robots\" content=\"index, follow, max-snippet:-1, max-image-preview:large, max-video-preview:-1\" \/>\n<link rel=\"canonical\" href=\"https:\/\/www.hotelserenacaorle.com\/cs\/restaurace-s-pizzerii\/\" \/>\n<meta property=\"og:locale\" content=\"cs_CZ\" \/>\n<meta property=\"og:type\" content=\"article\" \/>\n<meta property=\"og:title\" content=\"Restaurace s pizzeri\u00ed - Hotel Serena\" \/>\n<meta property=\"og:description\" content=\"La spiaggia privata si trova di fronte l\u2019hotel con lettini ed ombrelloni inclusi nel prezzo.\" \/>\n<meta property=\"og:url\" content=\"https:\/\/www.hotelserenacaorle.com\/cs\/restaurace-s-pizzerii\/\" \/>\n<meta property=\"og:site_name\" content=\"Hotel Serena\" \/>\n<meta property=\"article:modified_time\" content=\"2020-05-14T12:35:32+00:00\" \/>\n<meta property=\"og:image\" content=\"https:\/\/www.hotelserenacaorle.com\/wp-content\/uploads\/2020\/05\/Hotel_Serena_Caorle_Banner_Bambina_Cibo.jpg\" \/>\n\t<meta property=\"og:image:width\" content=\"2000\" \/>\n\t<meta property=\"og:image:height\" content=\"400\" \/>\n\t<meta property=\"og:image:type\" content=\"image\/jpeg\" \/>\n<meta name=\"twitter:card\" content=\"summary_large_image\" \/>\n<script type=\"application\/ld+json\" class=\"yoast-schema-graph\">{\"@context\":\"https:\/\/schema.org\",\"@graph\":[{\"@type\":\"WebPage\",\"@id\":\"https:\/\/www.hotelserenacaorle.com\/cs\/restaurace-s-pizzerii\/\",\"url\":\"https:\/\/www.hotelserenacaorle.com\/cs\/restaurace-s-pizzerii\/\",\"name\":\"Restaurace s pizzeri\u00ed - Hotel Serena\",\"isPartOf\":{\"@id\":\"https:\/\/www.hotelserenacaorle.com\/cs\/#website\"},\"primaryImageOfPage\":{\"@id\":\"https:\/\/www.hotelserenacaorle.com\/cs\/restaurace-s-pizzerii\/#primaryimage\"},\"image\":{\"@id\":\"https:\/\/www.hotelserenacaorle.com\/cs\/restaurace-s-pizzerii\/#primaryimage\"},\"thumbnailUrl\":\"https:\/\/www.hotelserenacaorle.com\/wp-content\/uploads\/2020\/05\/Hotel_Serena_Caorle_Banner_Bambina_Cibo.jpg\",\"datePublished\":\"2020-04-28T06:53:09+00:00\",\"dateModified\":\"2020-05-14T12:35:32+00:00\",\"description\":\"La spiaggia privata si trova di fronte l\u2019hotel con lettini ed ombrelloni inclusi nel prezzo.\",\"breadcrumb\":{\"@id\":\"https:\/\/www.hotelserenacaorle.com\/cs\/restaurace-s-pizzerii\/#breadcrumb\"},\"inLanguage\":\"cs\",\"potentialAction\":[{\"@type\":\"ReadAction\",\"target\":[\"https:\/\/www.hotelserenacaorle.com\/cs\/restaurace-s-pizzerii\/\"]}]},{\"@type\":\"ImageObject\",\"inLanguage\":\"cs\",\"@id\":\"https:\/\/www.hotelserenacaorle.com\/cs\/restaurace-s-pizzerii\/#primaryimage\",\"url\":\"https:\/\/www.hotelserenacaorle.com\/wp-content\/uploads\/2020\/05\/Hotel_Serena_Caorle_Banner_Bambina_Cibo.jpg\",\"contentUrl\":\"https:\/\/www.hotelserenacaorle.com\/wp-content\/uploads\/2020\/05\/Hotel_Serena_Caorle_Banner_Bambina_Cibo.jpg\",\"width\":2000,\"height\":400},{\"@type\":\"BreadcrumbList\",\"@id\":\"https:\/\/www.hotelserenacaorle.com\/cs\/restaurace-s-pizzerii\/#breadcrumb\",\"itemListElement\":[{\"@type\":\"ListItem\",\"position\":1,\"name\":\"Home\",\"item\":\"https:\/\/www.hotelserenacaorle.com\/cs\/\"},{\"@type\":\"ListItem\",\"position\":2,\"name\":\"Restaurace s pizzeri\u00ed\"}]},{\"@type\":\"WebSite\",\"@id\":\"https:\/\/www.hotelserenacaorle.com\/cs\/#website\",\"url\":\"https:\/\/www.hotelserenacaorle.com\/cs\/\",\"name\":\"Hotel Serena\",\"description\":\"Mo\u0159sk\u00e1 fronta v Caorle\",\"publisher\":{\"@id\":\"https:\/\/www.hotelserenacaorle.com\/cs\/#organization\"},\"potentialAction\":[{\"@type\":\"SearchAction\",\"target\":{\"@type\":\"EntryPoint\",\"urlTemplate\":\"https:\/\/www.hotelserenacaorle.com\/cs\/?s={search_term_string}\"},\"query-input\":{\"@type\":\"PropertyValueSpecification\",\"valueRequired\":true,\"valueName\":\"search_term_string\"}}],\"inLanguage\":\"cs\"},{\"@type\":\"Organization\",\"@id\":\"https:\/\/www.hotelserenacaorle.com\/cs\/#organization\",\"name\":\"Hotel Serena\",\"url\":\"https:\/\/www.hotelserenacaorle.com\/cs\/\",\"logo\":{\"@type\":\"ImageObject\",\"inLanguage\":\"cs\",\"@id\":\"https:\/\/www.hotelserenacaorle.com\/cs\/#\/schema\/logo\/image\/\",\"url\":\"https:\/\/www.hotelserenacaorle.com\/wp-content\/uploads\/2020\/04\/Logo-orizz-original-white-1-1.png\",\"contentUrl\":\"https:\/\/www.hotelserenacaorle.com\/wp-content\/uploads\/2020\/04\/Logo-orizz-original-white-1-1.png\",\"width\":800,\"height\":150,\"caption\":\"Hotel Serena\"},\"image\":{\"@id\":\"https:\/\/www.hotelserenacaorle.com\/cs\/#\/schema\/logo\/image\/\"}}]}<\/script>\n<!-- \/ Yoast SEO plugin. -->","yoast_head_json":{"title":"Restaurace s pizzeri\u00ed - Hotel Serena","description":"La spiaggia privata si trova di fronte l\u2019hotel con lettini ed ombrelloni inclusi nel prezzo.","robots":{"index":"index","follow":"follow","max-snippet":"max-snippet:-1","max-image-preview":"max-image-preview:large","max-video-preview":"max-video-preview:-1"},"canonical":"https:\/\/www.hotelserenacaorle.com\/cs\/restaurace-s-pizzerii\/","og_locale":"cs_CZ","og_type":"article","og_title":"Restaurace s pizzeri\u00ed - Hotel Serena","og_description":"La spiaggia privata si trova di fronte l\u2019hotel con lettini ed ombrelloni inclusi nel prezzo.","og_url":"https:\/\/www.hotelserenacaorle.com\/cs\/restaurace-s-pizzerii\/","og_site_name":"Hotel Serena","article_modified_time":"2020-05-14T12:35:32+00:00","og_image":[{"width":2000,"height":400,"url":"https:\/\/www.hotelserenacaorle.com\/wp-content\/uploads\/2020\/05\/Hotel_Serena_Caorle_Banner_Bambina_Cibo.jpg","type":"image\/jpeg"}],"twitter_card":"summary_large_image","schema":{"@context":"https:\/\/schema.org","@graph":[{"@type":"WebPage","@id":"https:\/\/www.hotelserenacaorle.com\/cs\/restaurace-s-pizzerii\/","url":"https:\/\/www.hotelserenacaorle.com\/cs\/restaurace-s-pizzerii\/","name":"Restaurace s pizzeri\u00ed - Hotel Serena","isPartOf":{"@id":"https:\/\/www.hotelserenacaorle.com\/cs\/#website"},"primaryImageOfPage":{"@id":"https:\/\/www.hotelserenacaorle.com\/cs\/restaurace-s-pizzerii\/#primaryimage"},"image":{"@id":"https:\/\/www.hotelserenacaorle.com\/cs\/restaurace-s-pizzerii\/#primaryimage"},"thumbnailUrl":"https:\/\/www.hotelserenacaorle.com\/wp-content\/uploads\/2020\/05\/Hotel_Serena_Caorle_Banner_Bambina_Cibo.jpg","datePublished":"2020-04-28T06:53:09+00:00","dateModified":"2020-05-14T12:35:32+00:00","description":"La spiaggia privata si trova di fronte l\u2019hotel con lettini ed ombrelloni inclusi nel prezzo.","breadcrumb":{"@id":"https:\/\/www.hotelserenacaorle.com\/cs\/restaurace-s-pizzerii\/#breadcrumb"},"inLanguage":"cs","potentialAction":[{"@type":"ReadAction","target":["https:\/\/www.hotelserenacaorle.com\/cs\/restaurace-s-pizzerii\/"]}]},{"@type":"ImageObject","inLanguage":"cs","@id":"https:\/\/www.hotelserenacaorle.com\/cs\/restaurace-s-pizzerii\/#primaryimage","url":"https:\/\/www.hotelserenacaorle.com\/wp-content\/uploads\/2020\/05\/Hotel_Serena_Caorle_Banner_Bambina_Cibo.jpg","contentUrl":"https:\/\/www.hotelserenacaorle.com\/wp-content\/uploads\/2020\/05\/Hotel_Serena_Caorle_Banner_Bambina_Cibo.jpg","width":2000,"height":400},{"@type":"BreadcrumbList","@id":"https:\/\/www.hotelserenacaorle.com\/cs\/restaurace-s-pizzerii\/#breadcrumb","itemListElement":[{"@type":"ListItem","position":1,"name":"Home","item":"https:\/\/www.hotelserenacaorle.com\/cs\/"},{"@type":"ListItem","position":2,"name":"Restaurace s pizzeri\u00ed"}]},{"@type":"WebSite","@id":"https:\/\/www.hotelserenacaorle.com\/cs\/#website","url":"https:\/\/www.hotelserenacaorle.com\/cs\/","name":"Hotel Serena","description":"Mo\u0159sk\u00e1 fronta v Caorle","publisher":{"@id":"https:\/\/www.hotelserenacaorle.com\/cs\/#organization"},"potentialAction":[{"@type":"SearchAction","target":{"@type":"EntryPoint","urlTemplate":"https:\/\/www.hotelserenacaorle.com\/cs\/?s={search_term_string}"},"query-input":{"@type":"PropertyValueSpecification","valueRequired":true,"valueName":"search_term_string"}}],"inLanguage":"cs"},{"@type":"Organization","@id":"https:\/\/www.hotelserenacaorle.com\/cs\/#organization","name":"Hotel Serena","url":"https:\/\/www.hotelserenacaorle.com\/cs\/","logo":{"@type":"ImageObject","inLanguage":"cs","@id":"https:\/\/www.hotelserenacaorle.com\/cs\/#\/schema\/logo\/image\/","url":"https:\/\/www.hotelserenacaorle.com\/wp-content\/uploads\/2020\/04\/Logo-orizz-original-white-1-1.png","contentUrl":"https:\/\/www.hotelserenacaorle.com\/wp-content\/uploads\/2020\/04\/Logo-orizz-original-white-1-1.png","width":800,"height":150,"caption":"Hotel Serena"},"image":{"@id":"https:\/\/www.hotelserenacaorle.com\/cs\/#\/schema\/logo\/image\/"}}]}},"uagb_featured_image_src":{"full":["https:\/\/www.hotelserenacaorle.com\/wp-content\/uploads\/2020\/05\/Hotel_Serena_Caorle_Banner_Bambina_Cibo.jpg",2000,400,false],"thumbnail":["https:\/\/www.hotelserenacaorle.com\/wp-content\/uploads\/2020\/05\/Hotel_Serena_Caorle_Banner_Bambina_Cibo-150x150.jpg",150,150,true],"medium":["https:\/\/www.hotelserenacaorle.com\/wp-content\/uploads\/2020\/05\/Hotel_Serena_Caorle_Banner_Bambina_Cibo-300x60.jpg",300,60,true],"medium_large":["https:\/\/www.hotelserenacaorle.com\/wp-content\/uploads\/2020\/05\/Hotel_Serena_Caorle_Banner_Bambina_Cibo-768x154.jpg",580,116,true],"large":["https:\/\/www.hotelserenacaorle.com\/wp-content\/uploads\/2020\/05\/Hotel_Serena_Caorle_Banner_Bambina_Cibo-1024x205.jpg",580,116,true],"1536x1536":["https:\/\/www.hotelserenacaorle.com\/wp-content\/uploads\/2020\/05\/Hotel_Serena_Caorle_Banner_Bambina_Cibo-1536x307.jpg",1536,307,true],"2048x2048":["https:\/\/www.hotelserenacaorle.com\/wp-content\/uploads\/2020\/05\/Hotel_Serena_Caorle_Banner_Bambina_Cibo.jpg",2000,400,false],"post-thumbnail":["https:\/\/www.hotelserenacaorle.com\/wp-content\/uploads\/2020\/05\/Hotel_Serena_Caorle_Banner_Bambina_Cibo-1200x240.jpg",1200,240,true],"twentytwenty-fullscreen":["https:\/\/www.hotelserenacaorle.com\/wp-content\/uploads\/2020\/05\/Hotel_Serena_Caorle_Banner_Bambina_Cibo-1980x396.jpg",1980,396,true]},"uagb_author_info":{"display_name":"3r4cl3-p4l4","author_link":"https:\/\/www.hotelserenacaorle.com\/cs\/author\/3r4cl3-p4l4\/"},"uagb_comment_info":0,"uagb_excerpt":"Na ob\u011bd a na ve\u010de\u0159i Na\u0161e restaurace s pizzeri\u00ed Restaurace, p\u0159\u00edmo u pl\u00e1\u017ee hotelu Serena, je otev\u0159en\u00e1 v dob\u011b ob\u011bd\u016f a ve\u010de\u0159\u00ed a nab\u00edz\u00ed vynikaj\u00edc\u00ed pokrmy zalo\u017eeny na ryb\u00e1ch, pizze a dal\u0161\u00edm. Je velmi prostorn\u00e1 a ned\u00e1vno kompletn\u011b zrekonstruovan\u00e1.","coauthors":[],"author_meta":{"author_link":"https:\/\/www.hotelserenacaorle.com\/cs\/author\/3r4cl3-p4l4\/","display_name":"3r4cl3-p4l4"},"relative_dates":{"created":"Posted 6 roky ago","modified":"Updated 6 roky ago"},"absolute_dates":{"created":"Posted on 28 dubna 2020","modified":"Updated on 14 kv\u011btna 2020"},"absolute_dates_time":{"created":"Posted on 28 dubna 2020 08:53","modified":"Updated on 14 kv\u011btna 2020 14:35"},"featured_img_caption":"","featured_img":"https:\/\/www.hotelserenacaorle.com\/wp-content\/uploads\/2020\/05\/Hotel_Serena_Caorle_Banner_Bambina_Cibo-1200x240.jpg","series_order":"","_links":{"self":[{"href":"https:\/\/www.hotelserenacaorle.com\/cs\/wp-json\/wp\/v2\/pages\/3791","targetHints":{"allow":["GET"]}}],"collection":[{"href":"https:\/\/www.hotelserenacaorle.com\/cs\/wp-json\/wp\/v2\/pages"}],"about":[{"href":"https:\/\/www.hotelserenacaorle.com\/cs\/wp-json\/wp\/v2\/types\/page"}],"author":[{"embeddable":true,"href":"https:\/\/www.hotelserenacaorle.com\/cs\/wp-json\/wp\/v2\/users\/1"}],"replies":[{"embeddable":true,"href":"https:\/\/www.hotelserenacaorle.com\/cs\/wp-json\/wp\/v2\/comments?post=3791"}],"version-history":[{"count":0,"href":"https:\/\/www.hotelserenacaorle.com\/cs\/wp-json\/wp\/v2\/pages\/3791\/revisions"}],"wp:featuredmedia":[{"embeddable":true,"href":"https:\/\/www.hotelserenacaorle.com\/cs\/wp-json\/wp\/v2\/media\/4065"}],"wp:attachment":[{"href":"https:\/\/www.hotelserenacaorle.com\/cs\/wp-json\/wp\/v2\/media?parent=3791"}],"curies":[{"name":"wp","href":"https:\/\/api.w.org\/{rel}","templated":true}]}}