{"id":3762,"date":"2020-03-17T14:44:23","date_gmt":"2020-03-17T13:44:23","guid":{"rendered":"https:\/\/serena.promoservicebeta.com\/hotel\/"},"modified":"2020-06-08T11:25:45","modified_gmt":"2020-06-08T09:25:45","slug":"hotel","status":"publish","type":"page","link":"https:\/\/www.hotelserenacaorle.com\/cs\/hotel\/","title":{"rendered":"Hotel Serena"},"content":{"rendered":"\n<div style=\"height:40px\" aria-hidden=\"true\" class=\"wp-block-spacer\"><\/div>\n\n\n\n<div class=\"wp-block-group promo-int-1\"><div class=\"wp-block-group__inner-container is-layout-flow wp-block-group-is-layout-flow\">\n<h3 class=\"wp-block-heading\">Jsme r\u00e1di, \u017ee jste na\u0161\u00edm hostem<\/h3>\n\n\n\n<h2 class=\"wp-block-heading\">Hotel Serena p\u0159\u00edmo u pl\u00e1\u017ee v Caorle<\/h2>\n\n\n\n<p>Hotel Serena se nach\u00e1z\u00ed p\u0159\u00edmo u mo\u0159e v srdci kr\u00e1sn\u00e9 pl\u00e1\u017ee Levante a nab\u00edz\u00ed sv\u00fdm host\u016fm relaxa\u010dn\u00ed a z\u00e1bavnou dovolenou.\u00a0<\/p>\n\n\n\n<p>Jedn\u00e1 se o modern\u00ed a pohodlnou stavbu, kter\u00e1 m\u00e1 <strong>54 pokoj\u016f<\/strong> vybaven\u00fdch klimatizac\u00ed, koupelnou se sprchou a \/ nebo vanou, WC, bezplatn\u00e9 wi-fi p\u0159ipojen\u00ed k internetu, satelitn\u00ed TV, trezorem, minibarem. Spa, baz\u00e9nem a mnoha dal\u0161\u00edmi slu\u017ebami.<\/p>\n<\/div><\/div>\n\n\n\n<div class=\"wp-block-group promo-int-2\"><div class=\"wp-block-group__inner-container is-layout-flow wp-block-group-is-layout-flow\">\n<figure class=\"wp-block-image size-large\"><img loading=\"lazy\" decoding=\"async\" width=\"1024\" height=\"683\" src=\"https:\/\/www.hotelserenacaorle.com\/wp-content\/uploads\/2020\/04\/0068_hotel-serena-1024x683-1.jpg\" alt=\"\" class=\"wp-image-1964\" srcset=\"https:\/\/www.hotelserenacaorle.com\/wp-content\/uploads\/2020\/04\/0068_hotel-serena-1024x683-1.jpg 1024w, https:\/\/www.hotelserenacaorle.com\/wp-content\/uploads\/2020\/04\/0068_hotel-serena-1024x683-1-300x200.jpg 300w, https:\/\/www.hotelserenacaorle.com\/wp-content\/uploads\/2020\/04\/0068_hotel-serena-1024x683-1-768x512.jpg 768w\" sizes=\"auto, (max-width: 1024px) 100vw, 1024px\" \/><\/figure>\n<\/div><\/div>\n\n\n\n<div class=\"wp-block-group promo-int-3\"><div class=\"wp-block-group__inner-container is-layout-flow wp-block-group-is-layout-flow\">\n<figure class=\"wp-block-image size-large\"><img loading=\"lazy\" decoding=\"async\" width=\"1024\" height=\"683\" src=\"https:\/\/www.hotelserenacaorle.com\/wp-content\/uploads\/2020\/04\/0012-hotel-serena-reception-1024x683-1.jpg\" alt=\"\" class=\"wp-image-1978\" srcset=\"https:\/\/www.hotelserenacaorle.com\/wp-content\/uploads\/2020\/04\/0012-hotel-serena-reception-1024x683-1.jpg 1024w, https:\/\/www.hotelserenacaorle.com\/wp-content\/uploads\/2020\/04\/0012-hotel-serena-reception-1024x683-1-300x200.jpg 300w, https:\/\/www.hotelserenacaorle.com\/wp-content\/uploads\/2020\/04\/0012-hotel-serena-reception-1024x683-1-768x512.jpg 768w\" sizes=\"auto, (max-width: 1024px) 100vw, 1024px\" \/><\/figure>\n<\/div><\/div>\n\n\n\n<div class=\"wp-block-group promo-int-4\"><div class=\"wp-block-group__inner-container is-layout-flow wp-block-group-is-layout-flow\">\n<p>Vybran\u00e1 v\u00edna pro na\u0161e hosty, speci\u00e1ln\u00ed koktejly a denn\u00ed speciality dotv\u00e1\u0159\u00ed va\u0161\u00ed dovolenou ide\u00e1ln\u00ed volbou i <strong>formou B&amp;B<\/strong>.<\/p>\n\n\n\n<p><strong>Soukrom\u00e1 pl\u00e1\u017e<\/strong> se slune\u010dn\u00edky a leh\u00e1tky, <strong>soukrom\u00e9 parkovi\u0161t\u011b<\/strong>, bohat\u00e1 sn\u00eddan\u011b formou bufetu a\u017e do 11:00h jsou zahrnuty v cen\u011b. K dispozici na\u0161im host\u016fm je i &#8222;kub\u00e1nsk\u00fd s\u00e1l&#8220;, kde m\u016f\u017eete relaxovat p\u0159i \u010dten\u00ed knihy \u010di sledov\u00e1n\u00ed televize.<\/p>\n<\/div><\/div>\n\n\n\n<div class=\"wp-block-group promo-int-services\"><div class=\"wp-block-group__inner-container is-layout-flow wp-block-group-is-layout-flow\">\n<h3 class=\"wp-block-heading\">Slu\u017eby zahrnuty v cen\u011b<\/h3>\n\n\n\n<div style=\"height:20px\" aria-hidden=\"true\" class=\"wp-block-spacer\"><\/div>\n\n\n\n<ul class=\"wp-block-list\"><li><span class=\"material-icons\">free_breakfast<\/span>\u00a0\u00a0<strong>V\u00fdborn\u00e1 sn\u00eddan\u011b<\/strong><\/li><li><span class=\"material-icons\">wifi<\/span>\u00a0\u00a0Wi-fi<\/li><li><span class=\"material-icons\">local_parking<\/span>\u00a0\u00a0Soukrom\u00e9 parkovi\u0161t\u011b<\/li><li><span class=\"material-icons\">beach_access<\/span>\u00a0\u00a02 leh\u00e1tka a 1 slune\u010dn\u00edk<\/li><li><span class=\"material-icons\">directions_bike<\/span>\u00a0\u00a0P\u016fj\u010dovna kol<\/li><li><span class=\"material-icons\">pool<\/span>\u00a0\u00a0Baz\u00e9n<\/li><li><span class=\"material-icons\">spa<\/span>\u00a0\u00a0Wellness<br><\/li><\/ul>\n\n\n\n<div style=\"height:30px\" aria-hidden=\"true\" class=\"wp-block-spacer\"><\/div>\n\n\n\n<p><strong>Host\u00e9 jsou bl\u00e1zni do&#8230;<\/strong><\/p>\n\n\n\n<div style=\"height:20px\" aria-hidden=\"true\" class=\"wp-block-spacer\"><\/div>\n\n\n\n<ul class=\"wp-block-list\"><li><span class=\"material-icons\">pool<\/span>\u00a0\u00a0Baz\u00e9n<\/li><li><span class=\"material-icons\">beach_access<\/span>\u00a0\u00a0P\u0159\u00edmo u pl\u00e1\u017ee<\/li><li><span class=\"material-icons\"> pets <\/span>\u00a0\u00a0Dom\u00e1c\u00ed zv\u00ed\u0159ata povolena<\/li><\/ul>\n<\/div><\/div>\n","protected":false},"excerpt":{"rendered":"<p>Jsme r\u00e1di, \u017ee jste na\u0161\u00edm hostem Hotel Serena p\u0159\u00edmo u pl\u00e1\u017ee v Caorle Hotel Serena se nach\u00e1z\u00ed p\u0159\u00edmo u mo\u0159e v srdci kr\u00e1sn\u00e9 pl\u00e1\u017ee Levante a nab\u00edz\u00ed sv\u00fdm host\u016fm relaxa\u010dn\u00ed a z\u00e1bavnou dovolenou.\u00a0 Jedn\u00e1 se o modern\u00ed a pohodlnou stavbu, kter\u00e1 m\u00e1 54 pokoj\u016f vybaven\u00fdch klimatizac\u00ed, koupelnou se sprchou a \/ nebo vanou, WC, bezplatn\u00e9 [&hellip;]<\/p>\n","protected":false},"author":1,"featured_media":3583,"parent":0,"menu_order":0,"comment_status":"closed","ping_status":"closed","template":"","meta":{"_acf_changed":false,"_uag_custom_page_level_css":"","advgb_blocks_editor_width":"","advgb_blocks_columns_visual_guide":"","footnotes":""},"class_list":["post-3762","page","type-page","status-publish","has-post-thumbnail","hentry"],"acf":[],"yoast_head":"<!-- This site is optimized with the Yoast SEO plugin v25.7 - https:\/\/yoast.com\/wordpress\/plugins\/seo\/ -->\n<title>Hotel Serena - Hotel Serena - Fronte mare a Caorle<\/title>\n<meta name=\"description\" content=\"Il Serena sorge in riva al mare nel cuore della stupenda spiaggia di Levante ed offre ai propri ospiti una vacanza rilassante e divertente.\" \/>\n<meta name=\"robots\" content=\"index, follow, max-snippet:-1, max-image-preview:large, max-video-preview:-1\" \/>\n<link rel=\"canonical\" href=\"https:\/\/www.hotelserenacaorle.com\/cs\/hotel\/\" \/>\n<meta property=\"og:locale\" content=\"cs_CZ\" \/>\n<meta property=\"og:type\" content=\"article\" \/>\n<meta property=\"og:title\" content=\"Hotel Serena - Hotel Serena - Fronte mare a Caorle\" \/>\n<meta property=\"og:description\" content=\"Il Serena sorge in riva al mare nel cuore della stupenda spiaggia di Levante ed offre ai propri ospiti una vacanza rilassante e divertente.\" \/>\n<meta property=\"og:url\" content=\"https:\/\/www.hotelserenacaorle.com\/cs\/hotel\/\" \/>\n<meta property=\"og:site_name\" content=\"Hotel Serena\" \/>\n<meta property=\"article:modified_time\" content=\"2020-06-08T09:25:45+00:00\" \/>\n<meta property=\"og:image\" content=\"https:\/\/www.hotelserenacaorle.com\/wp-content\/uploads\/2020\/05\/hotel-serena-caorle-banner.jpg\" \/>\n\t<meta property=\"og:image:width\" content=\"2000\" \/>\n\t<meta property=\"og:image:height\" content=\"400\" \/>\n\t<meta property=\"og:image:type\" content=\"image\/jpeg\" \/>\n<meta name=\"twitter:card\" content=\"summary_large_image\" \/>\n<meta name=\"twitter:label1\" content=\"Odhadovan\u00e1 doba \u010dten\u00ed\" \/>\n\t<meta name=\"twitter:data1\" content=\"1 minuta\" \/>\n<script type=\"application\/ld+json\" class=\"yoast-schema-graph\">{\"@context\":\"https:\/\/schema.org\",\"@graph\":[{\"@type\":\"WebPage\",\"@id\":\"https:\/\/www.hotelserenacaorle.com\/cs\/hotel\/\",\"url\":\"https:\/\/www.hotelserenacaorle.com\/cs\/hotel\/\",\"name\":\"Hotel Serena - Hotel Serena - Fronte mare a Caorle\",\"isPartOf\":{\"@id\":\"https:\/\/www.hotelserenacaorle.com\/cs\/#website\"},\"primaryImageOfPage\":{\"@id\":\"https:\/\/www.hotelserenacaorle.com\/cs\/hotel\/#primaryimage\"},\"image\":{\"@id\":\"https:\/\/www.hotelserenacaorle.com\/cs\/hotel\/#primaryimage\"},\"thumbnailUrl\":\"https:\/\/www.hotelserenacaorle.com\/wp-content\/uploads\/2020\/05\/hotel-serena-caorle-banner.jpg\",\"datePublished\":\"2020-03-17T13:44:23+00:00\",\"dateModified\":\"2020-06-08T09:25:45+00:00\",\"description\":\"Il Serena sorge in riva al mare nel cuore della stupenda spiaggia di Levante ed offre ai propri ospiti una vacanza rilassante e divertente.\",\"breadcrumb\":{\"@id\":\"https:\/\/www.hotelserenacaorle.com\/cs\/hotel\/#breadcrumb\"},\"inLanguage\":\"cs\",\"potentialAction\":[{\"@type\":\"ReadAction\",\"target\":[\"https:\/\/www.hotelserenacaorle.com\/cs\/hotel\/\"]}]},{\"@type\":\"ImageObject\",\"inLanguage\":\"cs\",\"@id\":\"https:\/\/www.hotelserenacaorle.com\/cs\/hotel\/#primaryimage\",\"url\":\"https:\/\/www.hotelserenacaorle.com\/wp-content\/uploads\/2020\/05\/hotel-serena-caorle-banner.jpg\",\"contentUrl\":\"https:\/\/www.hotelserenacaorle.com\/wp-content\/uploads\/2020\/05\/hotel-serena-caorle-banner.jpg\",\"width\":2000,\"height\":400,\"caption\":\"Optimized by JPEGmini 3.14.11.71554471 0x01ee8039\"},{\"@type\":\"BreadcrumbList\",\"@id\":\"https:\/\/www.hotelserenacaorle.com\/cs\/hotel\/#breadcrumb\",\"itemListElement\":[{\"@type\":\"ListItem\",\"position\":1,\"name\":\"Home\",\"item\":\"https:\/\/www.hotelserenacaorle.com\/cs\/\"},{\"@type\":\"ListItem\",\"position\":2,\"name\":\"Hotel Serena\"}]},{\"@type\":\"WebSite\",\"@id\":\"https:\/\/www.hotelserenacaorle.com\/cs\/#website\",\"url\":\"https:\/\/www.hotelserenacaorle.com\/cs\/\",\"name\":\"Hotel Serena\",\"description\":\"Mo\u0159sk\u00e1 fronta v Caorle\",\"publisher\":{\"@id\":\"https:\/\/www.hotelserenacaorle.com\/cs\/#organization\"},\"potentialAction\":[{\"@type\":\"SearchAction\",\"target\":{\"@type\":\"EntryPoint\",\"urlTemplate\":\"https:\/\/www.hotelserenacaorle.com\/cs\/?s={search_term_string}\"},\"query-input\":{\"@type\":\"PropertyValueSpecification\",\"valueRequired\":true,\"valueName\":\"search_term_string\"}}],\"inLanguage\":\"cs\"},{\"@type\":\"Organization\",\"@id\":\"https:\/\/www.hotelserenacaorle.com\/cs\/#organization\",\"name\":\"Hotel Serena\",\"url\":\"https:\/\/www.hotelserenacaorle.com\/cs\/\",\"logo\":{\"@type\":\"ImageObject\",\"inLanguage\":\"cs\",\"@id\":\"https:\/\/www.hotelserenacaorle.com\/cs\/#\/schema\/logo\/image\/\",\"url\":\"https:\/\/www.hotelserenacaorle.com\/wp-content\/uploads\/2020\/04\/Logo-orizz-original-white-1-1.png\",\"contentUrl\":\"https:\/\/www.hotelserenacaorle.com\/wp-content\/uploads\/2020\/04\/Logo-orizz-original-white-1-1.png\",\"width\":800,\"height\":150,\"caption\":\"Hotel Serena\"},\"image\":{\"@id\":\"https:\/\/www.hotelserenacaorle.com\/cs\/#\/schema\/logo\/image\/\"}}]}<\/script>\n<!-- \/ Yoast SEO plugin. -->","yoast_head_json":{"title":"Hotel Serena - Hotel Serena - Fronte mare a Caorle","description":"Il Serena sorge in riva al mare nel cuore della stupenda spiaggia di Levante ed offre ai propri ospiti una vacanza rilassante e divertente.","robots":{"index":"index","follow":"follow","max-snippet":"max-snippet:-1","max-image-preview":"max-image-preview:large","max-video-preview":"max-video-preview:-1"},"canonical":"https:\/\/www.hotelserenacaorle.com\/cs\/hotel\/","og_locale":"cs_CZ","og_type":"article","og_title":"Hotel Serena - Hotel Serena - Fronte mare a Caorle","og_description":"Il Serena sorge in riva al mare nel cuore della stupenda spiaggia di Levante ed offre ai propri ospiti una vacanza rilassante e divertente.","og_url":"https:\/\/www.hotelserenacaorle.com\/cs\/hotel\/","og_site_name":"Hotel Serena","article_modified_time":"2020-06-08T09:25:45+00:00","og_image":[{"width":2000,"height":400,"url":"https:\/\/www.hotelserenacaorle.com\/wp-content\/uploads\/2020\/05\/hotel-serena-caorle-banner.jpg","type":"image\/jpeg"}],"twitter_card":"summary_large_image","twitter_misc":{"Odhadovan\u00e1 doba \u010dten\u00ed":"1 minuta"},"schema":{"@context":"https:\/\/schema.org","@graph":[{"@type":"WebPage","@id":"https:\/\/www.hotelserenacaorle.com\/cs\/hotel\/","url":"https:\/\/www.hotelserenacaorle.com\/cs\/hotel\/","name":"Hotel Serena - Hotel Serena - Fronte mare a Caorle","isPartOf":{"@id":"https:\/\/www.hotelserenacaorle.com\/cs\/#website"},"primaryImageOfPage":{"@id":"https:\/\/www.hotelserenacaorle.com\/cs\/hotel\/#primaryimage"},"image":{"@id":"https:\/\/www.hotelserenacaorle.com\/cs\/hotel\/#primaryimage"},"thumbnailUrl":"https:\/\/www.hotelserenacaorle.com\/wp-content\/uploads\/2020\/05\/hotel-serena-caorle-banner.jpg","datePublished":"2020-03-17T13:44:23+00:00","dateModified":"2020-06-08T09:25:45+00:00","description":"Il Serena sorge in riva al mare nel cuore della stupenda spiaggia di Levante ed offre ai propri ospiti una vacanza rilassante e divertente.","breadcrumb":{"@id":"https:\/\/www.hotelserenacaorle.com\/cs\/hotel\/#breadcrumb"},"inLanguage":"cs","potentialAction":[{"@type":"ReadAction","target":["https:\/\/www.hotelserenacaorle.com\/cs\/hotel\/"]}]},{"@type":"ImageObject","inLanguage":"cs","@id":"https:\/\/www.hotelserenacaorle.com\/cs\/hotel\/#primaryimage","url":"https:\/\/www.hotelserenacaorle.com\/wp-content\/uploads\/2020\/05\/hotel-serena-caorle-banner.jpg","contentUrl":"https:\/\/www.hotelserenacaorle.com\/wp-content\/uploads\/2020\/05\/hotel-serena-caorle-banner.jpg","width":2000,"height":400,"caption":"Optimized by JPEGmini 3.14.11.71554471 0x01ee8039"},{"@type":"BreadcrumbList","@id":"https:\/\/www.hotelserenacaorle.com\/cs\/hotel\/#breadcrumb","itemListElement":[{"@type":"ListItem","position":1,"name":"Home","item":"https:\/\/www.hotelserenacaorle.com\/cs\/"},{"@type":"ListItem","position":2,"name":"Hotel Serena"}]},{"@type":"WebSite","@id":"https:\/\/www.hotelserenacaorle.com\/cs\/#website","url":"https:\/\/www.hotelserenacaorle.com\/cs\/","name":"Hotel Serena","description":"Mo\u0159sk\u00e1 fronta v Caorle","publisher":{"@id":"https:\/\/www.hotelserenacaorle.com\/cs\/#organization"},"potentialAction":[{"@type":"SearchAction","target":{"@type":"EntryPoint","urlTemplate":"https:\/\/www.hotelserenacaorle.com\/cs\/?s={search_term_string}"},"query-input":{"@type":"PropertyValueSpecification","valueRequired":true,"valueName":"search_term_string"}}],"inLanguage":"cs"},{"@type":"Organization","@id":"https:\/\/www.hotelserenacaorle.com\/cs\/#organization","name":"Hotel Serena","url":"https:\/\/www.hotelserenacaorle.com\/cs\/","logo":{"@type":"ImageObject","inLanguage":"cs","@id":"https:\/\/www.hotelserenacaorle.com\/cs\/#\/schema\/logo\/image\/","url":"https:\/\/www.hotelserenacaorle.com\/wp-content\/uploads\/2020\/04\/Logo-orizz-original-white-1-1.png","contentUrl":"https:\/\/www.hotelserenacaorle.com\/wp-content\/uploads\/2020\/04\/Logo-orizz-original-white-1-1.png","width":800,"height":150,"caption":"Hotel Serena"},"image":{"@id":"https:\/\/www.hotelserenacaorle.com\/cs\/#\/schema\/logo\/image\/"}}]}},"uagb_featured_image_src":{"full":["https:\/\/www.hotelserenacaorle.com\/wp-content\/uploads\/2020\/05\/hotel-serena-caorle-banner.jpg",2000,400,false],"thumbnail":["https:\/\/www.hotelserenacaorle.com\/wp-content\/uploads\/2020\/05\/hotel-serena-caorle-banner-150x150.jpg",150,150,true],"medium":["https:\/\/www.hotelserenacaorle.com\/wp-content\/uploads\/2020\/05\/hotel-serena-caorle-banner-300x60.jpg",300,60,true],"medium_large":["https:\/\/www.hotelserenacaorle.com\/wp-content\/uploads\/2020\/05\/hotel-serena-caorle-banner-768x154.jpg",580,116,true],"large":["https:\/\/www.hotelserenacaorle.com\/wp-content\/uploads\/2020\/05\/hotel-serena-caorle-banner-1024x205.jpg",580,116,true],"1536x1536":["https:\/\/www.hotelserenacaorle.com\/wp-content\/uploads\/2020\/05\/hotel-serena-caorle-banner-1536x307.jpg",1536,307,true],"2048x2048":["https:\/\/www.hotelserenacaorle.com\/wp-content\/uploads\/2020\/05\/hotel-serena-caorle-banner.jpg",2000,400,false],"post-thumbnail":["https:\/\/www.hotelserenacaorle.com\/wp-content\/uploads\/2020\/05\/hotel-serena-caorle-banner-1200x240.jpg",1200,240,true],"twentytwenty-fullscreen":["https:\/\/www.hotelserenacaorle.com\/wp-content\/uploads\/2020\/05\/hotel-serena-caorle-banner-1980x396.jpg",1980,396,true]},"uagb_author_info":{"display_name":"3r4cl3-p4l4","author_link":"https:\/\/www.hotelserenacaorle.com\/cs\/author\/3r4cl3-p4l4\/"},"uagb_comment_info":0,"uagb_excerpt":"Jsme r\u00e1di, \u017ee jste na\u0161\u00edm hostem Hotel Serena p\u0159\u00edmo u pl\u00e1\u017ee v Caorle Hotel Serena se nach\u00e1z\u00ed p\u0159\u00edmo u mo\u0159e v srdci kr\u00e1sn\u00e9 pl\u00e1\u017ee Levante a nab\u00edz\u00ed sv\u00fdm host\u016fm relaxa\u010dn\u00ed a z\u00e1bavnou dovolenou.\u00a0 Jedn\u00e1 se o modern\u00ed a pohodlnou stavbu, kter\u00e1 m\u00e1 54 pokoj\u016f vybaven\u00fdch klimatizac\u00ed, koupelnou se sprchou a \/ nebo vanou, WC, bezplatn\u00e9&hellip;","coauthors":[],"author_meta":{"author_link":"https:\/\/www.hotelserenacaorle.com\/cs\/author\/3r4cl3-p4l4\/","display_name":"3r4cl3-p4l4"},"relative_dates":{"created":"Posted 6 roky ago","modified":"Updated 6 roky ago"},"absolute_dates":{"created":"Posted on 17 b\u0159ezna 2020","modified":"Updated on 8 \u010dervna 2020"},"absolute_dates_time":{"created":"Posted on 17 b\u0159ezna 2020 14:44","modified":"Updated on 8 \u010dervna 2020 11:25"},"featured_img_caption":"Optimized by JPEGmini 3.14.11.71554471 0x01ee8039","featured_img":"https:\/\/www.hotelserenacaorle.com\/wp-content\/uploads\/2020\/05\/hotel-serena-caorle-banner-1200x240.jpg","series_order":"","_links":{"self":[{"href":"https:\/\/www.hotelserenacaorle.com\/cs\/wp-json\/wp\/v2\/pages\/3762","targetHints":{"allow":["GET"]}}],"collection":[{"href":"https:\/\/www.hotelserenacaorle.com\/cs\/wp-json\/wp\/v2\/pages"}],"about":[{"href":"https:\/\/www.hotelserenacaorle.com\/cs\/wp-json\/wp\/v2\/types\/page"}],"author":[{"embeddable":true,"href":"https:\/\/www.hotelserenacaorle.com\/cs\/wp-json\/wp\/v2\/users\/1"}],"replies":[{"embeddable":true,"href":"https:\/\/www.hotelserenacaorle.com\/cs\/wp-json\/wp\/v2\/comments?post=3762"}],"version-history":[{"count":0,"href":"https:\/\/www.hotelserenacaorle.com\/cs\/wp-json\/wp\/v2\/pages\/3762\/revisions"}],"wp:featuredmedia":[{"embeddable":true,"href":"https:\/\/www.hotelserenacaorle.com\/cs\/wp-json\/wp\/v2\/media\/3583"}],"wp:attachment":[{"href":"https:\/\/www.hotelserenacaorle.com\/cs\/wp-json\/wp\/v2\/media?parent=3762"}],"curies":[{"name":"wp","href":"https:\/\/api.w.org\/{rel}","templated":true}]}}