{"id":3292,"date":"2020-04-30T13:00:40","date_gmt":"2020-04-30T11:00:40","guid":{"rendered":"https:\/\/serena.promoservicebeta.com\/?page_id=3292"},"modified":"2020-05-14T15:21:42","modified_gmt":"2020-05-14T13:21:42","slug":"kde-jsme","status":"publish","type":"page","link":"https:\/\/www.hotelserenacaorle.com\/cs\/kde-jsme\/","title":{"rendered":"Kde jsme"},"content":{"rendered":"\n<div class=\"wp-block-group promo-int-1\"><div class=\"wp-block-group__inner-container is-layout-flow wp-block-group-is-layout-flow\">\n<h3 class=\"wp-block-heading\">Vynikaj\u00edc\u00ed lokalita<\/h3>\n\n\n\n<h2 class=\"wp-block-heading\">P\u0159edn\u00ed pl\u00e1\u017e v Caorle<\/h2>\n\n\n\n<p>Hotel Serena se nach\u00e1z\u00ed p\u0159\u00edmo na promen\u00e1d\u011b Lungomare Trieste, pouh\u00fdch <strong>15 minut <\/strong>p\u011b\u0161ky od historick\u00e9ho centra Caorle.<\/p>\n\n\n\n<p>Host\u00e9, kte\u0159\u00ed miluj\u00ed proch\u00e1zky ocen\u00ed vynikaj\u00edc\u00ed polohu dostupnou pro v\u0161echny slu\u017eby, <strong>p\u0159\u00edmo u mo\u0159e<\/strong> a <strong>jen p\u00e1r krok\u016f od centra<\/strong>.<\/p>\n\n\n\n<p>Host\u016fm, kte\u0159\u00ed se zde ubytovali v p\u00e1ru se velmi l\u00edbila lokalita \u2013 dali j\u00ed hodnocen\u00ed&nbsp;<strong>9,3<\/strong> (Booking.com)<\/p>\n<\/div><\/div>\n\n\n\n<div class=\"wp-block-group promo-int-2\"><div class=\"wp-block-group__inner-container is-layout-flow wp-block-group-is-layout-flow\">\n<figure class=\"wp-block-image size-large\"><img loading=\"lazy\" decoding=\"async\" width=\"1024\" height=\"683\" src=\"https:\/\/hotelserenacaorle.com\/wp-content\/uploads\/2020\/04\/025-2-1024x683-1.jpg\" alt=\"\" class=\"wp-image-2233\" srcset=\"https:\/\/www.hotelserenacaorle.com\/wp-content\/uploads\/2020\/04\/025-2-1024x683-1.jpg 1024w, https:\/\/www.hotelserenacaorle.com\/wp-content\/uploads\/2020\/04\/025-2-1024x683-1-300x200.jpg 300w, https:\/\/www.hotelserenacaorle.com\/wp-content\/uploads\/2020\/04\/025-2-1024x683-1-768x512.jpg 768w\" sizes=\"auto, (max-width: 1024px) 100vw, 1024px\" \/><\/figure>\n<\/div><\/div>\n\n\n\n<div class=\"wp-block-group promo-int-info\"><div class=\"wp-block-group__inner-container is-layout-flow wp-block-group-is-layout-flow\">\n<h2 class=\"wp-block-heading\">Jak se k n\u00e1m dostanete<\/h2>\n\n\n\n<div class=\"wp-block-columns is-layout-flex wp-container-core-columns-is-layout-9d6595d7 wp-block-columns-is-layout-flex\">\n<div class=\"wp-block-column is-layout-flow wp-block-column-is-layout-flow\">\n<div class=\"wp-block-group\"><div class=\"wp-block-group__inner-container is-layout-flow wp-block-group-is-layout-flow\">\n<h4 class=\"wp-block-heading\">Autem<\/h4>\n\n\n\n<p>D\u00e1lnice \u201cA4\u201d Venezia-Trieste, sjezd S. Stino di Livenza. Caorle je vzd\u00e1leno cca 20 km od sjezdu z d\u00e1lnice.<\/p>\n<\/div><\/div>\n\n\n\n<div class=\"wp-block-group\"><div class=\"wp-block-group__inner-container is-layout-flow wp-block-group-is-layout-flow\">\n<h4 class=\"wp-block-heading\">Vlakem<\/h4>\n\n\n\n<p><strong><a href=\"http:\/\/trenitalia.it\/\">Ferrovie dello Stato<\/a>,<\/strong>\u00a0linka Venezia-Trieste, vlakov\u00e9 n\u00e1dra\u017e\u00ed San Don\u00e0 di Piave nebo Portogruaro s propojen\u00edm autobusov\u00fdch spoj\u016f\u00a0<strong><a href=\"http:\/\/www.atvo.it\/\">ATVO<\/a><\/strong> sm\u011br Caorle.<\/p>\n<\/div><\/div>\n<\/div>\n\n\n\n<div class=\"wp-block-column is-layout-flow wp-block-column-is-layout-flow\">\n<div class=\"wp-block-group\"><div class=\"wp-block-group__inner-container is-layout-flow wp-block-group-is-layout-flow\">\n<h4 class=\"wp-block-heading\">Autobusem<\/h4>\n\n\n\n<p>Autobusem spole\u010dnosti\u00a0<strong><a href=\"http:\/\/www.atvo.it\/\">ATVO<\/a><\/strong>\u00a0p\u0159\u00edmo do Caorle nebo s p\u0159estupem v Mestre-Venezia nebo v San Don\u00e0 di Piave nebo v Portogruaru, podle toho, odkud p\u0159ij\u00ed\u017ed\u00edte.<\/p>\n<\/div><\/div>\n\n\n\n<div class=\"wp-block-group\"><div class=\"wp-block-group__inner-container is-layout-flow wp-block-group-is-layout-flow\">\n<h4 class=\"wp-block-heading\">Letecky<\/h4>\n\n\n\n<p><strong><a href=\"http:\/\/www.veniceairport.it\/\">Aeroporto \u201cMarco Polo\u201d<\/a><\/strong>\u00a0Leti\u0161t\u011b Marco Polo v Ben\u00e1tk\u00e1ch a leti\u0161t\u011b v Trevisu\u00a0<strong><a href=\"http:\/\/www.trevisoairport.it\/\">aeroporto di Treviso<\/a><\/strong> s propojen\u00edm autobusov\u00fdch spoj\u016f\u00a0<strong><a href=\"http:\/\/www.atvo.it\/\">ATVO<\/a><\/strong>\u00a0sm\u011br Caorle.<\/p>\n<\/div><\/div>\n<\/div>\n<\/div>\n\n\n\n<p class=\"button-google\"><a href=\"https:\/\/maps.google.com\/maps?gl=it&amp;hl=it&amp;um=1&amp;ie=UTF-8&amp;fb=1&amp;sa=X&amp;geocode=KRckyx2W8XtHMaBAw2-Mzfic&amp;daddr=Hotel+Serena,+Lungomare+Trieste,+39,+30021+Caorle+VE\" target=\"_blank\" rel=\"noopener noreferrer\"><span class=\"material-icons button-google-icon\">directions<\/span>&nbsp;&nbsp;Pokyny<\/a><\/p>\n\n\n\n<iframe loading=\"lazy\" src=\"https:\/\/www.google.com\/maps\/embed?pb=!1m14!1m8!1m3!1d11164.83277707054!2d12.8933698!3d45.60646!3m2!1i1024!2i768!4f13.1!3m3!1m2!1s0x0%3A0x9cf8cd8c6fc340a0!2sHotel%20Serena!5e0!3m2!1sit!2sit!4v1588082519963!5m2!1sit!2sit\" width=\"100%\" height=\"450\" frameborder=\"0\" style=\"border:0;\" allowfullscreen=\"\" aria-hidden=\"false\" tabindex=\"0\"><\/iframe>\n<\/div><\/div>\n","protected":false},"excerpt":{"rendered":"<p>Vynikaj\u00edc\u00ed lokalita P\u0159edn\u00ed pl\u00e1\u017e v Caorle Hotel Serena se nach\u00e1z\u00ed p\u0159\u00edmo na promen\u00e1d\u011b Lungomare Trieste, pouh\u00fdch 15 minut p\u011b\u0161ky od historick\u00e9ho centra Caorle. Host\u00e9, kte\u0159\u00ed miluj\u00ed proch\u00e1zky ocen\u00ed vynikaj\u00edc\u00ed polohu dostupnou pro v\u0161echny slu\u017eby, p\u0159\u00edmo u mo\u0159e a jen p\u00e1r krok\u016f od centra. Host\u016fm, kte\u0159\u00ed se zde ubytovali v p\u00e1ru se velmi l\u00edbila lokalita \u2013 [&hellip;]<\/p>\n","protected":false},"author":1,"featured_media":4099,"parent":0,"menu_order":0,"comment_status":"closed","ping_status":"closed","template":"","meta":{"_acf_changed":false,"_uag_custom_page_level_css":"","advgb_blocks_editor_width":"","advgb_blocks_columns_visual_guide":"","footnotes":""},"class_list":["post-3292","page","type-page","status-publish","has-post-thumbnail","hentry"],"acf":[],"yoast_head":"<!-- This site is optimized with the Yoast SEO plugin v25.7 - https:\/\/yoast.com\/wordpress\/plugins\/seo\/ -->\n<title>Kde jsme - Hotel Serena<\/title>\n<meta name=\"description\" content=\"Hotel Serena se nach\u00e1z\u00ed p\u0159\u00edmo na promen\u00e1d\u011b Lungomare Trieste, pouh\u00fdch 15 minut p\u011b\u0161ky od historick\u00e9ho centra Caorle.\" \/>\n<meta name=\"robots\" content=\"index, follow, max-snippet:-1, max-image-preview:large, max-video-preview:-1\" \/>\n<link rel=\"canonical\" href=\"https:\/\/www.hotelserenacaorle.com\/cs\/kde-jsme\/\" \/>\n<meta property=\"og:locale\" content=\"cs_CZ\" \/>\n<meta property=\"og:type\" content=\"article\" \/>\n<meta property=\"og:title\" content=\"Kde jsme - Hotel Serena\" \/>\n<meta property=\"og:description\" content=\"Hotel Serena se nach\u00e1z\u00ed p\u0159\u00edmo na promen\u00e1d\u011b Lungomare Trieste, pouh\u00fdch 15 minut p\u011b\u0161ky od historick\u00e9ho centra Caorle.\" \/>\n<meta property=\"og:url\" content=\"https:\/\/www.hotelserenacaorle.com\/cs\/kde-jsme\/\" \/>\n<meta property=\"og:site_name\" content=\"Hotel Serena\" \/>\n<meta property=\"article:modified_time\" content=\"2020-05-14T13:21:42+00:00\" \/>\n<meta property=\"og:image\" content=\"https:\/\/www.hotelserenacaorle.com\/wp-content\/uploads\/2020\/05\/Hotel_Serena_Caorle_Banner_Famiglia.jpg\" \/>\n\t<meta property=\"og:image:width\" content=\"2000\" \/>\n\t<meta property=\"og:image:height\" content=\"400\" \/>\n\t<meta property=\"og:image:type\" content=\"image\/jpeg\" \/>\n<meta name=\"twitter:card\" content=\"summary_large_image\" \/>\n<meta name=\"twitter:label1\" content=\"Odhadovan\u00e1 doba \u010dten\u00ed\" \/>\n\t<meta name=\"twitter:data1\" content=\"1 minuta\" \/>\n<script type=\"application\/ld+json\" class=\"yoast-schema-graph\">{\"@context\":\"https:\/\/schema.org\",\"@graph\":[{\"@type\":\"WebPage\",\"@id\":\"https:\/\/www.hotelserenacaorle.com\/cs\/kde-jsme\/\",\"url\":\"https:\/\/www.hotelserenacaorle.com\/cs\/kde-jsme\/\",\"name\":\"Kde jsme - Hotel Serena\",\"isPartOf\":{\"@id\":\"https:\/\/www.hotelserenacaorle.com\/cs\/#website\"},\"primaryImageOfPage\":{\"@id\":\"https:\/\/www.hotelserenacaorle.com\/cs\/kde-jsme\/#primaryimage\"},\"image\":{\"@id\":\"https:\/\/www.hotelserenacaorle.com\/cs\/kde-jsme\/#primaryimage\"},\"thumbnailUrl\":\"https:\/\/www.hotelserenacaorle.com\/wp-content\/uploads\/2020\/05\/Hotel_Serena_Caorle_Banner_Famiglia.jpg\",\"datePublished\":\"2020-04-30T11:00:40+00:00\",\"dateModified\":\"2020-05-14T13:21:42+00:00\",\"description\":\"Hotel Serena se nach\u00e1z\u00ed p\u0159\u00edmo na promen\u00e1d\u011b Lungomare Trieste, pouh\u00fdch 15 minut p\u011b\u0161ky od historick\u00e9ho centra Caorle.\",\"breadcrumb\":{\"@id\":\"https:\/\/www.hotelserenacaorle.com\/cs\/kde-jsme\/#breadcrumb\"},\"inLanguage\":\"cs\",\"potentialAction\":[{\"@type\":\"ReadAction\",\"target\":[\"https:\/\/www.hotelserenacaorle.com\/cs\/kde-jsme\/\"]}]},{\"@type\":\"ImageObject\",\"inLanguage\":\"cs\",\"@id\":\"https:\/\/www.hotelserenacaorle.com\/cs\/kde-jsme\/#primaryimage\",\"url\":\"https:\/\/www.hotelserenacaorle.com\/wp-content\/uploads\/2020\/05\/Hotel_Serena_Caorle_Banner_Famiglia.jpg\",\"contentUrl\":\"https:\/\/www.hotelserenacaorle.com\/wp-content\/uploads\/2020\/05\/Hotel_Serena_Caorle_Banner_Famiglia.jpg\",\"width\":2000,\"height\":400},{\"@type\":\"BreadcrumbList\",\"@id\":\"https:\/\/www.hotelserenacaorle.com\/cs\/kde-jsme\/#breadcrumb\",\"itemListElement\":[{\"@type\":\"ListItem\",\"position\":1,\"name\":\"Home\",\"item\":\"https:\/\/www.hotelserenacaorle.com\/cs\/\"},{\"@type\":\"ListItem\",\"position\":2,\"name\":\"Kde jsme\"}]},{\"@type\":\"WebSite\",\"@id\":\"https:\/\/www.hotelserenacaorle.com\/cs\/#website\",\"url\":\"https:\/\/www.hotelserenacaorle.com\/cs\/\",\"name\":\"Hotel Serena\",\"description\":\"Mo\u0159sk\u00e1 fronta v Caorle\",\"publisher\":{\"@id\":\"https:\/\/www.hotelserenacaorle.com\/cs\/#organization\"},\"potentialAction\":[{\"@type\":\"SearchAction\",\"target\":{\"@type\":\"EntryPoint\",\"urlTemplate\":\"https:\/\/www.hotelserenacaorle.com\/cs\/?s={search_term_string}\"},\"query-input\":{\"@type\":\"PropertyValueSpecification\",\"valueRequired\":true,\"valueName\":\"search_term_string\"}}],\"inLanguage\":\"cs\"},{\"@type\":\"Organization\",\"@id\":\"https:\/\/www.hotelserenacaorle.com\/cs\/#organization\",\"name\":\"Hotel Serena\",\"url\":\"https:\/\/www.hotelserenacaorle.com\/cs\/\",\"logo\":{\"@type\":\"ImageObject\",\"inLanguage\":\"cs\",\"@id\":\"https:\/\/www.hotelserenacaorle.com\/cs\/#\/schema\/logo\/image\/\",\"url\":\"https:\/\/www.hotelserenacaorle.com\/wp-content\/uploads\/2020\/04\/Logo-orizz-original-white-1-1.png\",\"contentUrl\":\"https:\/\/www.hotelserenacaorle.com\/wp-content\/uploads\/2020\/04\/Logo-orizz-original-white-1-1.png\",\"width\":800,\"height\":150,\"caption\":\"Hotel Serena\"},\"image\":{\"@id\":\"https:\/\/www.hotelserenacaorle.com\/cs\/#\/schema\/logo\/image\/\"}}]}<\/script>\n<!-- \/ Yoast SEO plugin. -->","yoast_head_json":{"title":"Kde jsme - Hotel Serena","description":"Hotel Serena se nach\u00e1z\u00ed p\u0159\u00edmo na promen\u00e1d\u011b Lungomare Trieste, pouh\u00fdch 15 minut p\u011b\u0161ky od historick\u00e9ho centra Caorle.","robots":{"index":"index","follow":"follow","max-snippet":"max-snippet:-1","max-image-preview":"max-image-preview:large","max-video-preview":"max-video-preview:-1"},"canonical":"https:\/\/www.hotelserenacaorle.com\/cs\/kde-jsme\/","og_locale":"cs_CZ","og_type":"article","og_title":"Kde jsme - Hotel Serena","og_description":"Hotel Serena se nach\u00e1z\u00ed p\u0159\u00edmo na promen\u00e1d\u011b Lungomare Trieste, pouh\u00fdch 15 minut p\u011b\u0161ky od historick\u00e9ho centra Caorle.","og_url":"https:\/\/www.hotelserenacaorle.com\/cs\/kde-jsme\/","og_site_name":"Hotel Serena","article_modified_time":"2020-05-14T13:21:42+00:00","og_image":[{"width":2000,"height":400,"url":"https:\/\/www.hotelserenacaorle.com\/wp-content\/uploads\/2020\/05\/Hotel_Serena_Caorle_Banner_Famiglia.jpg","type":"image\/jpeg"}],"twitter_card":"summary_large_image","twitter_misc":{"Odhadovan\u00e1 doba \u010dten\u00ed":"1 minuta"},"schema":{"@context":"https:\/\/schema.org","@graph":[{"@type":"WebPage","@id":"https:\/\/www.hotelserenacaorle.com\/cs\/kde-jsme\/","url":"https:\/\/www.hotelserenacaorle.com\/cs\/kde-jsme\/","name":"Kde jsme - Hotel Serena","isPartOf":{"@id":"https:\/\/www.hotelserenacaorle.com\/cs\/#website"},"primaryImageOfPage":{"@id":"https:\/\/www.hotelserenacaorle.com\/cs\/kde-jsme\/#primaryimage"},"image":{"@id":"https:\/\/www.hotelserenacaorle.com\/cs\/kde-jsme\/#primaryimage"},"thumbnailUrl":"https:\/\/www.hotelserenacaorle.com\/wp-content\/uploads\/2020\/05\/Hotel_Serena_Caorle_Banner_Famiglia.jpg","datePublished":"2020-04-30T11:00:40+00:00","dateModified":"2020-05-14T13:21:42+00:00","description":"Hotel Serena se nach\u00e1z\u00ed p\u0159\u00edmo na promen\u00e1d\u011b Lungomare Trieste, pouh\u00fdch 15 minut p\u011b\u0161ky od historick\u00e9ho centra Caorle.","breadcrumb":{"@id":"https:\/\/www.hotelserenacaorle.com\/cs\/kde-jsme\/#breadcrumb"},"inLanguage":"cs","potentialAction":[{"@type":"ReadAction","target":["https:\/\/www.hotelserenacaorle.com\/cs\/kde-jsme\/"]}]},{"@type":"ImageObject","inLanguage":"cs","@id":"https:\/\/www.hotelserenacaorle.com\/cs\/kde-jsme\/#primaryimage","url":"https:\/\/www.hotelserenacaorle.com\/wp-content\/uploads\/2020\/05\/Hotel_Serena_Caorle_Banner_Famiglia.jpg","contentUrl":"https:\/\/www.hotelserenacaorle.com\/wp-content\/uploads\/2020\/05\/Hotel_Serena_Caorle_Banner_Famiglia.jpg","width":2000,"height":400},{"@type":"BreadcrumbList","@id":"https:\/\/www.hotelserenacaorle.com\/cs\/kde-jsme\/#breadcrumb","itemListElement":[{"@type":"ListItem","position":1,"name":"Home","item":"https:\/\/www.hotelserenacaorle.com\/cs\/"},{"@type":"ListItem","position":2,"name":"Kde jsme"}]},{"@type":"WebSite","@id":"https:\/\/www.hotelserenacaorle.com\/cs\/#website","url":"https:\/\/www.hotelserenacaorle.com\/cs\/","name":"Hotel Serena","description":"Mo\u0159sk\u00e1 fronta v Caorle","publisher":{"@id":"https:\/\/www.hotelserenacaorle.com\/cs\/#organization"},"potentialAction":[{"@type":"SearchAction","target":{"@type":"EntryPoint","urlTemplate":"https:\/\/www.hotelserenacaorle.com\/cs\/?s={search_term_string}"},"query-input":{"@type":"PropertyValueSpecification","valueRequired":true,"valueName":"search_term_string"}}],"inLanguage":"cs"},{"@type":"Organization","@id":"https:\/\/www.hotelserenacaorle.com\/cs\/#organization","name":"Hotel Serena","url":"https:\/\/www.hotelserenacaorle.com\/cs\/","logo":{"@type":"ImageObject","inLanguage":"cs","@id":"https:\/\/www.hotelserenacaorle.com\/cs\/#\/schema\/logo\/image\/","url":"https:\/\/www.hotelserenacaorle.com\/wp-content\/uploads\/2020\/04\/Logo-orizz-original-white-1-1.png","contentUrl":"https:\/\/www.hotelserenacaorle.com\/wp-content\/uploads\/2020\/04\/Logo-orizz-original-white-1-1.png","width":800,"height":150,"caption":"Hotel Serena"},"image":{"@id":"https:\/\/www.hotelserenacaorle.com\/cs\/#\/schema\/logo\/image\/"}}]}},"uagb_featured_image_src":{"full":["https:\/\/www.hotelserenacaorle.com\/wp-content\/uploads\/2020\/05\/Hotel_Serena_Caorle_Banner_Famiglia.jpg",2000,400,false],"thumbnail":["https:\/\/www.hotelserenacaorle.com\/wp-content\/uploads\/2020\/05\/Hotel_Serena_Caorle_Banner_Famiglia-150x150.jpg",150,150,true],"medium":["https:\/\/www.hotelserenacaorle.com\/wp-content\/uploads\/2020\/05\/Hotel_Serena_Caorle_Banner_Famiglia-300x60.jpg",300,60,true],"medium_large":["https:\/\/www.hotelserenacaorle.com\/wp-content\/uploads\/2020\/05\/Hotel_Serena_Caorle_Banner_Famiglia-768x154.jpg",580,116,true],"large":["https:\/\/www.hotelserenacaorle.com\/wp-content\/uploads\/2020\/05\/Hotel_Serena_Caorle_Banner_Famiglia-1024x205.jpg",580,116,true],"1536x1536":["https:\/\/www.hotelserenacaorle.com\/wp-content\/uploads\/2020\/05\/Hotel_Serena_Caorle_Banner_Famiglia-1536x307.jpg",1536,307,true],"2048x2048":["https:\/\/www.hotelserenacaorle.com\/wp-content\/uploads\/2020\/05\/Hotel_Serena_Caorle_Banner_Famiglia.jpg",2000,400,false],"post-thumbnail":["https:\/\/www.hotelserenacaorle.com\/wp-content\/uploads\/2020\/05\/Hotel_Serena_Caorle_Banner_Famiglia-1200x240.jpg",1200,240,true],"twentytwenty-fullscreen":["https:\/\/www.hotelserenacaorle.com\/wp-content\/uploads\/2020\/05\/Hotel_Serena_Caorle_Banner_Famiglia-1980x396.jpg",1980,396,true]},"uagb_author_info":{"display_name":"3r4cl3-p4l4","author_link":"https:\/\/www.hotelserenacaorle.com\/cs\/author\/3r4cl3-p4l4\/"},"uagb_comment_info":0,"uagb_excerpt":"Vynikaj\u00edc\u00ed lokalita P\u0159edn\u00ed pl\u00e1\u017e v Caorle Hotel Serena se nach\u00e1z\u00ed p\u0159\u00edmo na promen\u00e1d\u011b Lungomare Trieste, pouh\u00fdch 15 minut p\u011b\u0161ky od historick\u00e9ho centra Caorle. Host\u00e9, kte\u0159\u00ed miluj\u00ed proch\u00e1zky ocen\u00ed vynikaj\u00edc\u00ed polohu dostupnou pro v\u0161echny slu\u017eby, p\u0159\u00edmo u mo\u0159e a jen p\u00e1r krok\u016f od centra. Host\u016fm, kte\u0159\u00ed se zde ubytovali v p\u00e1ru se velmi l\u00edbila lokalita \u2013&hellip;","coauthors":[],"author_meta":{"author_link":"https:\/\/www.hotelserenacaorle.com\/cs\/author\/3r4cl3-p4l4\/","display_name":"3r4cl3-p4l4"},"relative_dates":{"created":"Posted 6 roky ago","modified":"Updated 6 roky ago"},"absolute_dates":{"created":"Posted on 30 dubna 2020","modified":"Updated on 14 kv\u011btna 2020"},"absolute_dates_time":{"created":"Posted on 30 dubna 2020 13:00","modified":"Updated on 14 kv\u011btna 2020 15:21"},"featured_img_caption":"","featured_img":"https:\/\/www.hotelserenacaorle.com\/wp-content\/uploads\/2020\/05\/Hotel_Serena_Caorle_Banner_Famiglia-1200x240.jpg","series_order":"","_links":{"self":[{"href":"https:\/\/www.hotelserenacaorle.com\/cs\/wp-json\/wp\/v2\/pages\/3292","targetHints":{"allow":["GET"]}}],"collection":[{"href":"https:\/\/www.hotelserenacaorle.com\/cs\/wp-json\/wp\/v2\/pages"}],"about":[{"href":"https:\/\/www.hotelserenacaorle.com\/cs\/wp-json\/wp\/v2\/types\/page"}],"author":[{"embeddable":true,"href":"https:\/\/www.hotelserenacaorle.com\/cs\/wp-json\/wp\/v2\/users\/1"}],"replies":[{"embeddable":true,"href":"https:\/\/www.hotelserenacaorle.com\/cs\/wp-json\/wp\/v2\/comments?post=3292"}],"version-history":[{"count":0,"href":"https:\/\/www.hotelserenacaorle.com\/cs\/wp-json\/wp\/v2\/pages\/3292\/revisions"}],"wp:featuredmedia":[{"embeddable":true,"href":"https:\/\/www.hotelserenacaorle.com\/cs\/wp-json\/wp\/v2\/media\/4099"}],"wp:attachment":[{"href":"https:\/\/www.hotelserenacaorle.com\/cs\/wp-json\/wp\/v2\/media?parent=3292"}],"curies":[{"name":"wp","href":"https:\/\/api.w.org\/{rel}","templated":true}]}}